{"id":28560,"date":"2023-02-08T13:05:46","date_gmt":"2023-02-08T19:05:46","guid":{"rendered":"https:\/\/www.nbutexas.com\/sistema-de-notificacion-por-texto\/"},"modified":"2025-03-25T09:47:51","modified_gmt":"2025-03-25T14:47:51","slug":"sistema-de-notificacion-por-texto","status":"publish","type":"page","link":"https:\/\/www.nbutexas.com\/es\/sistema-de-notificacion-por-texto\/","title":{"rendered":"Sistema de notificaci\u00f3n por texto"},"content":{"rendered":"\n<h2 class=\"wp-block-heading\">Comunicaci\u00f3n sencilla y eficaz<\/h2>\n\n<p>El Sistema de Notificaci\u00f3n por Texto de NBU es una c\u00f3moda herramienta que permite a los clientes de NBU informar de los cortes y recibir notificaciones por texto sobre los cortes actuales en nuestra \u00e1rea de servicio. Inscr\u00edbete hoy para recibir las \u00faltimas actualizaciones de los servicios p\u00fablicos. <\/p>\n\n<figure class=\"wp-block-table\"><table><tbody><tr><td><strong>Utilizar el Programa de Notificaci\u00f3n por Texto<\/strong><\/td><td><\/td><\/tr><tr><td><strong>Para informar de una interrupci\u00f3n:<\/strong><\/td><td>Env\u00eda el mensaje &#8220;OUT&#8221; al 830.629.4628<\/td><\/tr><tr><td><strong>Para actualizaciones de estado:<\/strong><\/td><td>Env\u00eda el mensaje &#8220;ESTADO&#8221; al 830.629.4628<\/td><\/tr><tr><td><strong>Para inscribirte<\/strong>:<\/td><td>Env\u00eda el mensaje &#8220;NBU&#8221; al 830.629.4628<\/td><\/tr><tr><td><strong>Para excluirte:<\/strong><\/td><td>Env\u00eda el mensaje &#8220;QUIT&#8221; al 830.629.4628<\/td><\/tr><\/tbody><\/table><\/figure>\n\n<hr class=\"wp-block-separator has-alpha-channel-opacity is-style-wide\"\/>\n<div class=\"callout-icon\">\n\t<i class=\"callout-icon__icon callout-icon__icon--naranja icon icon-el\u00e9ctrico\"><\/i>\n\t<div class=\"callout-icon__copy\">\n\t\t\t\t<div class=\"callout-icon__headline\"> Cortes el\u00e9ctricos actuales <\/div>\n\t\t\n\t\t\t\t<div class=\"callout-icon__text wysiwyg\"><p>Consulta los cortes el\u00e9ctricos actuales en nuestra \u00e1rea de servicio.<\/p>\n<\/div>\n\t\t\n\t\t\t\t\t<a title=\"Ver mapa de cortes\" target=\"_blank\" href=\"https:\/\/oms.nbutexas.com\/\" class=\"callout-icon__link btn btn--yellow btn--3d\">Ver mapa de cortes<\/a>\t\t\t<\/div>\n<\/div>\n<div class=\"callout-icon\">\n\t<i class=\"callout-icon__icon callout-icon__icon--azul icon icon-agua-1\"><\/i>\n\t<div class=\"callout-icon__copy\">\n\t\t\t\t<div class=\"callout-icon__headline\"> Cortes de agua actuales <\/div>\n\t\t\n\t\t\t\t<div class=\"callout-icon__text wysiwyg\"><p>Consulta los cortes de agua o avisos actuales en nuestra \u00e1rea de servicio.<\/p>\n<\/div>\n\t\t\n\t\t\t\t\t<a title=\"Ver mapa de cortes\" target=\"_blank\" href=\"https:\/\/nbutexas.maps.arcgis.com\/apps\/webappviewer\/index.html?id=5dce943b62504619b88d1240c56c3413\n \" class=\"callout-icon__link btn btn--yellow btn--3d\">Ver mapa de cortes<\/a>\t\t\t<\/div>\n<\/div>\n\n<h2 class=\"wp-block-heading\">Transici\u00f3n al C\u00f3digo Largo<\/h2>\n\n<p>El n\u00famero de tel\u00e9fono del Programa de Notificaci\u00f3n de Apagones por Texto de NBU ha cambiado del 85700 al 830.629.4628. Se trata del n\u00famero de tel\u00e9fono 24 horas al d\u00eda, 7 d\u00edas a la semana de NBU, <a href=\"tel:8306294628\">830.629.4(NBU)<\/a>, lo que garantiza que sea un n\u00famero reconocible y de confianza.   <\/p>\n\n<p>El 21 de febrero de 2023, los clientes de NBU con un n\u00famero de tel\u00e9fono m\u00f3vil v\u00e1lido en su cuenta fueron inscritos autom\u00e1ticamente para recibir notificaciones de apagones el\u00e9ctricos y emergencias por mensaje de texto. Despu\u00e9s de esa fecha, los clientes que deseen unirse al programa s\u00f3lo tienen que enviar un mensaje de texto con la palabra &#8220;NBU&#8221; al 830.629.4628. Este sistema s\u00f3lo se utilizar\u00e1 para transmitir informaci\u00f3n importante sobre problemas y emergencias relacionados con el servicio.  <\/p>\n\t<div class=\"accordion\">\n\t\t\t\t<div class=\"accordion__section\">\n\t\t<header class=\"accordion__section-header\">\n\t\t\t<button class=\"accordion__section-toggle\" data-close-toggle=\".accordion__section-toggle\" data-close-target=\".accordion__section-content\" data-toggle-active=\"#accordion-section-69e4b107ab883\" id=\"accordion-toggle-69e4b107ab882\" aria-expanded=\"false\" data-controller=\"regionToggle\" aria-controls=\"accordion-toggle-69e4b107ab882\">\n\t\t\t\t<div class=\"accordion__section-title\">\u00bfPor qu\u00e9 el cambio?<\/div>\n\t\t\t\t<div class=\"accordion__section-icon\"><span class=\"sr-only\"><\/span><i class=\"icon icon-\"><\/i><\/div>\n\t\t\t<\/button>\n\t\t<\/header>\n\t\t<div class=\"accordion__section-content inactive wysiwyg\" id=\"accordion-section-69e4b107ab883\" aria-labelledby=\"accordion-toggle-69e4b107ab882\" role=\"region\" hidden>\n\t\t\t<p>Este cambio es necesario, ya que los operadores de telefon\u00eda m\u00f3vil est\u00e1n eliminando progresivamente los n\u00fameros de c\u00f3digo corto compartidos, como el 85700, y est\u00e1n optando por los t\u00edpicos n\u00fameros de tel\u00e9fono de diez d\u00edgitos. Los n\u00fameros de c\u00f3digo largo est\u00e1n pensados para ayudar a proteger a quienes reciben mensajes de texto comerciales. Los clientes pueden verificar f\u00e1cilmente que est\u00e1n recibiendo un mensaje oficial de NBU reconociendo f\u00e1cilmente el n\u00famero, lo que limita la probabilidad de que se env\u00eden mensajes de spam.  <\/p>\n\t\t<\/div>\n\t<\/div>\n\t\t<div class=\"accordion__section\">\n\t\t<header class=\"accordion__section-header\">\n\t\t\t<button class=\"accordion__section-toggle\" data-close-toggle=\".accordion__section-toggle\" data-close-target=\".accordion__section-content\" data-toggle-active=\"#accordion-section-69e4b107aba3c\" id=\"accordion-toggle-69e4b107aba3b\" aria-expanded=\"false\" data-controller=\"regionToggle\" aria-controls=\"accordion-toggle-69e4b107aba3b\">\n\t\t\t\t<div class=\"accordion__section-title\">\u00bfPor qu\u00e9 no recibo notificaciones?<\/div>\n\t\t\t\t<div class=\"accordion__section-icon\"><span class=\"sr-only\"><\/span><i class=\"icon icon-\"><\/i><\/div>\n\t\t\t<\/button>\n\t\t<\/header>\n\t\t<div class=\"accordion__section-content inactive wysiwyg\" id=\"accordion-section-69e4b107aba3c\" aria-labelledby=\"accordion-toggle-69e4b107aba3b\" role=\"region\" hidden>\n\t\t\t<p>Para que funcione el sistema de notificaci\u00f3n de cortes, tu cuenta debe tener un n\u00famero de m\u00f3vil asociado en nuestra base de datos. Si tu n\u00famero ha cambiado, ll\u00e1manos al <a href=\"tel:8306298400\">830.629.8400<\/a> para actualizar la informaci\u00f3n de tu cuenta. Tambi\u00e9n puedes acceder a tu portal <a href=\"https:\/\/www.nbutexas.com\/es\/sistema-de-notificacion-por-texto\/\" data-rich-text-format-boundary=\"true\">Customer Connect<\/a> para a\u00f1adir o modificar tus n\u00fameros de tel\u00e9fono.  <\/p>\n\t\t<\/div>\n\t<\/div>\n\t\t<\/div>\n","protected":false},"excerpt":{"rendered":"<p>Comunicaci\u00f3n sencilla y eficaz El Sistema de Notificaci\u00f3n por Texto de NBU es una c\u00f3moda herramienta que permite a los\u2026<\/p>\n","protected":false},"author":30,"featured_media":0,"parent":0,"menu_order":0,"comment_status":"closed","ping_status":"closed","template":"","meta":{"_acf_changed":false,"footnotes":""},"class_list":["post-28560","page","type-page","status-publish","hentry"],"acf":[],"yoast_head":"<!-- This site is optimized with the Yoast SEO plugin v27.2 - https:\/\/yoast.com\/product\/yoast-seo-wordpress\/ -->\n<title>Sistema de notificaci\u00f3n por texto - New Braunfels Utilities Website<\/title>\n<meta name=\"robots\" content=\"index, follow, max-snippet:-1, max-image-preview:large, max-video-preview:-1\" \/>\n<link rel=\"canonical\" href=\"https:\/\/www.nbutexas.com\/es\/sistema-de-notificacion-por-texto\/\" \/>\n<meta property=\"og:locale\" content=\"es_ES\" \/>\n<meta property=\"og:type\" content=\"article\" \/>\n<meta property=\"og:title\" content=\"Sistema de notificaci\u00f3n por texto - New Braunfels Utilities Website\" \/>\n<meta property=\"og:description\" content=\"Comunicaci\u00f3n sencilla y eficaz El Sistema de Notificaci\u00f3n por Texto de NBU es una c\u00f3moda herramienta que permite a los\u2026\" \/>\n<meta property=\"og:url\" content=\"https:\/\/www.nbutexas.com\/es\/sistema-de-notificacion-por-texto\/\" \/>\n<meta property=\"og:site_name\" content=\"New Braunfels Utilities Website\" \/>\n<meta property=\"article:modified_time\" content=\"2025-03-25T14:47:51+00:00\" \/>\n<meta name=\"twitter:card\" content=\"summary_large_image\" \/>\n<meta name=\"twitter:label1\" content=\"Est. reading time\" \/>\n\t<meta name=\"twitter:data1\" content=\"1 minute\" \/>\n<script type=\"application\/ld+json\" class=\"yoast-schema-graph\">{\"@context\":\"https:\/\/schema.org\",\"@graph\":[{\"@type\":\"WebPage\",\"@id\":\"https:\/\/www.nbutexas.com\/es\/sistema-de-notificacion-por-texto\/\",\"url\":\"https:\/\/www.nbutexas.com\/es\/sistema-de-notificacion-por-texto\/\",\"name\":\"Sistema de notificaci\u00f3n por texto - New Braunfels Utilities Website\",\"isPartOf\":{\"@id\":\"https:\/\/www.nbutexas.com\/es\/#website\"},\"datePublished\":\"2023-02-08T19:05:46+00:00\",\"dateModified\":\"2025-03-25T14:47:51+00:00\",\"breadcrumb\":{\"@id\":\"https:\/\/www.nbutexas.com\/es\/sistema-de-notificacion-por-texto\/#breadcrumb\"},\"inLanguage\":\"es-ES\",\"potentialAction\":[{\"@type\":\"ReadAction\",\"target\":[\"https:\/\/www.nbutexas.com\/es\/sistema-de-notificacion-por-texto\/\"]}]},{\"@type\":\"BreadcrumbList\",\"@id\":\"https:\/\/www.nbutexas.com\/es\/sistema-de-notificacion-por-texto\/#breadcrumb\",\"itemListElement\":[{\"@type\":\"ListItem\",\"position\":1,\"name\":\"Home\",\"item\":\"https:\/\/www.nbutexas.com\/es\/servicio-residencial-y-comercial\/\"},{\"@type\":\"ListItem\",\"position\":2,\"name\":\"Sistema de notificaci\u00f3n por texto\"}]},{\"@type\":\"WebSite\",\"@id\":\"https:\/\/www.nbutexas.com\/es\/#website\",\"url\":\"https:\/\/www.nbutexas.com\/es\/\",\"name\":\"New Braunfels Utilities Website\",\"description\":\"Your Utility&#039;s Site\",\"potentialAction\":[{\"@type\":\"SearchAction\",\"target\":{\"@type\":\"EntryPoint\",\"urlTemplate\":\"https:\/\/www.nbutexas.com\/es\/?s={search_term_string}\"},\"query-input\":{\"@type\":\"PropertyValueSpecification\",\"valueRequired\":true,\"valueName\":\"search_term_string\"}}],\"inLanguage\":\"es-ES\"}]}<\/script>\n<!-- \/ Yoast SEO plugin. -->","yoast_head_json":{"title":"Sistema de notificaci\u00f3n por texto - New Braunfels Utilities Website","robots":{"index":"index","follow":"follow","max-snippet":"max-snippet:-1","max-image-preview":"max-image-preview:large","max-video-preview":"max-video-preview:-1"},"canonical":"https:\/\/www.nbutexas.com\/es\/sistema-de-notificacion-por-texto\/","og_locale":"es_ES","og_type":"article","og_title":"Sistema de notificaci\u00f3n por texto - New Braunfels Utilities Website","og_description":"Comunicaci\u00f3n sencilla y eficaz El Sistema de Notificaci\u00f3n por Texto de NBU es una c\u00f3moda herramienta que permite a los\u2026","og_url":"https:\/\/www.nbutexas.com\/es\/sistema-de-notificacion-por-texto\/","og_site_name":"New Braunfels Utilities Website","article_modified_time":"2025-03-25T14:47:51+00:00","twitter_card":"summary_large_image","twitter_misc":{"Est. reading time":"1 minute"},"schema":{"@context":"https:\/\/schema.org","@graph":[{"@type":"WebPage","@id":"https:\/\/www.nbutexas.com\/es\/sistema-de-notificacion-por-texto\/","url":"https:\/\/www.nbutexas.com\/es\/sistema-de-notificacion-por-texto\/","name":"Sistema de notificaci\u00f3n por texto - New Braunfels Utilities Website","isPartOf":{"@id":"https:\/\/www.nbutexas.com\/es\/#website"},"datePublished":"2023-02-08T19:05:46+00:00","dateModified":"2025-03-25T14:47:51+00:00","breadcrumb":{"@id":"https:\/\/www.nbutexas.com\/es\/sistema-de-notificacion-por-texto\/#breadcrumb"},"inLanguage":"es-ES","potentialAction":[{"@type":"ReadAction","target":["https:\/\/www.nbutexas.com\/es\/sistema-de-notificacion-por-texto\/"]}]},{"@type":"BreadcrumbList","@id":"https:\/\/www.nbutexas.com\/es\/sistema-de-notificacion-por-texto\/#breadcrumb","itemListElement":[{"@type":"ListItem","position":1,"name":"Home","item":"https:\/\/www.nbutexas.com\/es\/servicio-residencial-y-comercial\/"},{"@type":"ListItem","position":2,"name":"Sistema de notificaci\u00f3n por texto"}]},{"@type":"WebSite","@id":"https:\/\/www.nbutexas.com\/es\/#website","url":"https:\/\/www.nbutexas.com\/es\/","name":"New Braunfels Utilities Website","description":"Your Utility&#039;s Site","potentialAction":[{"@type":"SearchAction","target":{"@type":"EntryPoint","urlTemplate":"https:\/\/www.nbutexas.com\/es\/?s={search_term_string}"},"query-input":{"@type":"PropertyValueSpecification","valueRequired":true,"valueName":"search_term_string"}}],"inLanguage":"es-ES"}]}},"_links":{"self":[{"href":"https:\/\/www.nbutexas.com\/es\/wp-json\/wp\/v2\/pages\/28560","targetHints":{"allow":["GET"]}}],"collection":[{"href":"https:\/\/www.nbutexas.com\/es\/wp-json\/wp\/v2\/pages"}],"about":[{"href":"https:\/\/www.nbutexas.com\/es\/wp-json\/wp\/v2\/types\/page"}],"author":[{"embeddable":true,"href":"https:\/\/www.nbutexas.com\/es\/wp-json\/wp\/v2\/users\/30"}],"replies":[{"embeddable":true,"href":"https:\/\/www.nbutexas.com\/es\/wp-json\/wp\/v2\/comments?post=28560"}],"version-history":[{"count":1,"href":"https:\/\/www.nbutexas.com\/es\/wp-json\/wp\/v2\/pages\/28560\/revisions"}],"predecessor-version":[{"id":28563,"href":"https:\/\/www.nbutexas.com\/es\/wp-json\/wp\/v2\/pages\/28560\/revisions\/28563"}],"wp:attachment":[{"href":"https:\/\/www.nbutexas.com\/es\/wp-json\/wp\/v2\/media?parent=28560"}],"curies":[{"name":"wp","href":"https:\/\/api.w.org\/{rel}","templated":true}]}}