{"id":28575,"date":"2023-05-30T10:09:32","date_gmt":"2023-05-30T15:09:32","guid":{"rendered":"https:\/\/www.nbutexas.com\/fase-2\/"},"modified":"2025-03-25T09:48:17","modified_gmt":"2025-03-25T14:48:17","slug":"fase-2","status":"publish","type":"page","link":"https:\/\/www.nbutexas.com\/es\/fase-2\/","title":{"rendered":"Fase 2"},"content":{"rendered":"\n<h2 class=\"wp-block-heading\">Regar un d\u00eda a la semana con un aspersor o un sistema de riego<\/h2>\n\n<p>Durante la Etapa 2, se permite regar un d\u00eda a la semana con un aspersor o sistema de riego en el d\u00eda de riego designado, seg\u00fan el \u00faltimo d\u00edgito de tu direcci\u00f3n, como se indica a continuaci\u00f3n. Durante las Etapas 1, 2 \u00f3 3, no est\u00e1 permitido regar con aspersores o sistemas de riego los fines de semana. <\/p>\n\n<h2 class=\"wp-block-heading\">Restricciones de riego completas<\/h2>\n<div class=\"wp-block-image is-style-default\">\n<figure class=\"alignright size-large is-resized\"><img loading=\"lazy\" decoding=\"async\" src=\"http:\/\/live-nbu.pantheonsite.io\/wp-content\/uploads\/2023\/09\/23-19822-Stage2WateringRules1200x120001.jpg\" alt=\"\" class=\"wp-image-21040\" style=\"width:486px;height:371px\" width=\"486\" height=\"371\" \/><\/figure>\n<\/div>\n<ul class=\"wp-block-list\">\n<li>Se permite regar el jard\u00edn con un sistema de riego o un aspersor <strong>una vez a la semana<\/strong> <strong>antes de<\/strong> <strong>las 10.00 h<\/strong> <strong>o<\/strong> <strong>despu\u00e9s de<\/strong> <strong>las 20.00 h<\/strong> en el d\u00eda de riego designado, seg\u00fan determine tu direcci\u00f3n. Si no hay ninguna direcci\u00f3n de calle asociada a tu propiedad, como un parque, o si hay m\u00e1s de una direcci\u00f3n de calle asociada a una sola propiedad contigua, <strong>tu d\u00eda de riego es el mi\u00e9rcoles<\/strong>. <br\/><\/li>\n\n\n\n<li>Regar con una manguera de mano, un cubo, un sistema de riego por goteo o una manguera de remojo que no pulverice agua al aire est\u00e1 permitido cualquier d\u00eda, pero s\u00f3lo <strong>antes de las 10:00 h o despu\u00e9s de las 20:00 h.<\/strong><br\/><\/li>\n\n\n\n<li>Los cimientos pueden regarse hasta dos horas cualquier d\u00eda, durante las horas de riego, con una manguera de mano; o utilizando una manguera de remojo o un sistema de goteo colocado a menos de 24 pulgadas de los cimientos que no produzca un chorro de agua por encima del suelo.<\/li>\n\n\n\n<li>Queda prohibida toda est\u00e9tica acu\u00e1tica exterior (fuentes, cascadas, etc.).<br\/><\/li>\n\n\n\n<li>El lavado de coches residencial s\u00f3lo est\u00e1 permitido en tu d\u00eda de riego designado <strong>antes de las 10:00 a.m. o despu\u00e9s de las 8:00 p.m<\/strong>. El uso de instalaciones de lavado de veh\u00edculos comerciales est\u00e1 permitido cualquier d\u00eda.El lavado de coches residencial s\u00f3lo est\u00e1 permitido en tu d\u00eda de riego designado <strong>antes de las 10:00 a.m. o despu\u00e9s de las 8:00 p.m<\/strong>. El uso de instalaciones de lavado de veh\u00edculos comerciales est\u00e1 permitido cualquier d\u00eda.  <br\/><\/li>\n\n\n\n<li><a href=\"https:\/\/www.nbutexas.com\/request-for-variance\/\">Las solicitudes de variaci\u00f3n<\/a> deben aprobarse antes de la instalaci\u00f3n de un nuevo jard\u00edn. Una vez recibida la carta de desviaci\u00f3n, se permite el riego para mantener un crecimiento adecuado hasta que se establezca; generalmente tres semanas. <br\/><\/li>\n\n\n\n<li>Est\u00e1 prohibido lavar aceras, calzadas, entradas de veh\u00edculos, aparcamientos, calles, pistas de tenis y otras superficies impermeables, excepto en casos de emergencia para eliminar derrames de materiales peligrosos o para eliminar condiciones peligrosas que amenacen la salud, la seguridad o el bienestar p\u00fablicos. Est\u00e1 prohibido lavar edificios, casas o estructuras con una hidrolimpiadora o manguera de jard\u00edn con fines est\u00e9ticos, pero se permite para preparar la superficie de los trabajos de mantenimiento que se vayan a realizar. Debe obtenerse una <a href=\"https:\/\/www.nbutexas.com\/request-for-variance\/\">varianza de NBU<\/a> para cualquier lavado a presi\u00f3n realizado durante la etapa de sequ\u00eda.  <br\/><\/li>\n\n\n\n<li>Se permite la construcci\u00f3n, instalaci\u00f3n y llenado de piscinas nuevas.<br\/><\/li>\n\n\n\n<li>NBU recomienda encarecidamente que todas las piscinas, excepto las p\u00fablicas, est\u00e9n cubiertas con una cubierta o pantalla de evaporaci\u00f3n eficaz o con escudos de evaporaci\u00f3n que cubran al menos el 25% de la superficie de la piscina cuando \u00e9sta no est\u00e9 en uso activo. El uso activo incluye el mantenimiento necesario que requiera retirar la cubierta, la pantalla o los escudos.   <br\/><\/li>\n\n\n\n<li>Se proh\u00edbe el rellenado de lagos o estanques ornamentales; excepto en la medida necesaria para mantener la vida acu\u00e1tica, siempre que dichos animales tengan un valor significativo y hayan sido gestionados activamente dentro del elemento acu\u00e1tico antes de la declaraci\u00f3n de un nivel de respuesta a la sequ\u00eda en virtud de este art\u00edculo.<br\/><\/li>\n\n\n\n<li>Los hoteles, moteles y pensiones deben limitar los cambios de s\u00e1banas y toallas a una vez cada tres noches o durante toda la estancia, lo que sea m\u00e1s corto, excepto por motivos de salud y seguridad.<br\/><\/li>\n\n\n\n<li>Las fugas de agua deben repararse en un plazo de 24 horas a partir de la notificaci\u00f3n de NBU, a menos que se acuerde otra cosa con el coordinador de conservaci\u00f3n.<\/li>\n<\/ul>\n\n<div class=\"wp-block-buttons is-content-justification-center is-layout-flex wp-container-core-buttons-is-layout-16018d1d wp-block-buttons-is-layout-flex\">\n<div class=\"wp-block-button\"><a class=\"wp-block-button__link wp-element-button\" href=\"https:\/\/library.municode.com\/tx\/new_braunfels\/codes\/code_of_ordinances?nodeId=PTIICOOR_CH130UT_ARTIVWASE_DIV7DRMAPL\" target=\"_blank\" rel=\"noreferrer noopener\">C\u00f3digo de Ordenanzas de la Ciudad de New Braunfels<\/a><\/div>\n<\/div>\n\n<h2 class=\"wp-block-heading\">Normas para todo el a\u00f1o<\/h2>\n\n<ul class=\"wp-block-list\">\n<li>El derroche de agua est\u00e1 prohibido en todo momento. Esto incluye el exceso de riego del c\u00e9sped y las escorrent\u00edas. <\/li>\n\n\n\n<li>NBU anima a que los restaurantes sirvan agua s\u00f3lo si se solicita (para reducir el lavado de vajilla).<\/li>\n\n\n\n<li>Los lavados de coches ben\u00e9ficos s\u00f3lo se permiten en instalaciones de lavado de coches comerciales.<\/li>\n<\/ul>\n\n<hr class=\"wp-block-separator has-alpha-channel-opacity is-style-wide\"\/>\n<div class=\"callout-icon\">\n\t<i class=\"callout-icon__icon callout-icon__icon--azul icon icon-agua-1\"><\/i>\n\t<div class=\"callout-icon__copy\">\n\t\t\t\t<div class=\"callout-icon__headline\"> Ordenanza de Conservaci\u00f3n y Plan de Gesti\u00f3n de la Sequ\u00eda <\/div>\n\t\t\n\t\t\t\t<div class=\"callout-icon__text wysiwyg\"><p>Junto con la ciudad de New Braunfels, NBU cre\u00f3 el <a href=\"https:\/\/www.nbutexas.com\/wp-content\/uploads\/2020\/03\/Drought_Ordinance_02_28_2019-1.pdf\" target=\"_blank\" rel=\"noreferrer noopener\">Plan de Conservaci\u00f3n del Agua y Gesti\u00f3n de la Sequ\u00eda<\/a>. Esta ordenanza proporciona un plan para fomentar la conservaci\u00f3n y gestionar mejor nuestro suministro de agua durante los periodos de sequ\u00eda. <\/p>\n<\/div>\n\t\t\n\t\t\t<\/div>\n<\/div>\n","protected":false},"excerpt":{"rendered":"<p>Regar un d\u00eda a la semana con un aspersor o un sistema de riego Durante la Etapa 2, se permite\u2026<\/p>\n","protected":false},"author":30,"featured_media":0,"parent":0,"menu_order":0,"comment_status":"closed","ping_status":"closed","template":"","meta":{"_acf_changed":false,"footnotes":""},"class_list":["post-28575","page","type-page","status-publish","hentry"],"acf":[],"yoast_head":"<!-- This site is optimized with the Yoast SEO plugin v27.2 - https:\/\/yoast.com\/product\/yoast-seo-wordpress\/ -->\n<title>Fase 2 - New Braunfels Utilities Website<\/title>\n<meta name=\"robots\" content=\"index, follow, max-snippet:-1, max-image-preview:large, max-video-preview:-1\" \/>\n<link rel=\"canonical\" href=\"https:\/\/www.nbutexas.com\/es\/fase-2\/\" \/>\n<meta property=\"og:locale\" content=\"es_ES\" \/>\n<meta property=\"og:type\" content=\"article\" \/>\n<meta property=\"og:title\" content=\"Fase 2 - New Braunfels Utilities Website\" \/>\n<meta property=\"og:description\" content=\"Regar un d\u00eda a la semana con un aspersor o un sistema de riego Durante la Etapa 2, se permite\u2026\" \/>\n<meta property=\"og:url\" content=\"https:\/\/www.nbutexas.com\/es\/fase-2\/\" \/>\n<meta property=\"og:site_name\" content=\"New Braunfels Utilities Website\" \/>\n<meta property=\"article:modified_time\" content=\"2025-03-25T14:48:17+00:00\" \/>\n<meta property=\"og:image\" content=\"https:\/\/www.nbutexas.com\/wp-content\/uploads\/2023\/09\/23-19822-Stage2WateringRules1200x120001.jpg\" \/>\n<meta name=\"twitter:card\" content=\"summary_large_image\" \/>\n<meta name=\"twitter:label1\" content=\"Est. reading time\" \/>\n\t<meta name=\"twitter:data1\" content=\"4 minutes\" \/>\n<script type=\"application\/ld+json\" class=\"yoast-schema-graph\">{\"@context\":\"https:\/\/schema.org\",\"@graph\":[{\"@type\":\"WebPage\",\"@id\":\"https:\/\/www.nbutexas.com\/es\/fase-2\/\",\"url\":\"https:\/\/www.nbutexas.com\/es\/fase-2\/\",\"name\":\"Fase 2 - New Braunfels Utilities Website\",\"isPartOf\":{\"@id\":\"https:\/\/www.nbutexas.com\/es\/#website\"},\"primaryImageOfPage\":{\"@id\":\"https:\/\/www.nbutexas.com\/es\/fase-2\/#primaryimage\"},\"image\":{\"@id\":\"https:\/\/www.nbutexas.com\/es\/fase-2\/#primaryimage\"},\"thumbnailUrl\":\"http:\/\/live-nbu.pantheonsite.io\/wp-content\/uploads\/2023\/09\/23-19822-Stage2WateringRules1200x120001.jpg\",\"datePublished\":\"2023-05-30T15:09:32+00:00\",\"dateModified\":\"2025-03-25T14:48:17+00:00\",\"breadcrumb\":{\"@id\":\"https:\/\/www.nbutexas.com\/es\/fase-2\/#breadcrumb\"},\"inLanguage\":\"es-ES\",\"potentialAction\":[{\"@type\":\"ReadAction\",\"target\":[\"https:\/\/www.nbutexas.com\/es\/fase-2\/\"]}]},{\"@type\":\"ImageObject\",\"inLanguage\":\"es-ES\",\"@id\":\"https:\/\/www.nbutexas.com\/es\/fase-2\/#primaryimage\",\"url\":\"http:\/\/live-nbu.pantheonsite.io\/wp-content\/uploads\/2023\/09\/23-19822-Stage2WateringRules1200x120001.jpg\",\"contentUrl\":\"http:\/\/live-nbu.pantheonsite.io\/wp-content\/uploads\/2023\/09\/23-19822-Stage2WateringRules1200x120001.jpg\"},{\"@type\":\"BreadcrumbList\",\"@id\":\"https:\/\/www.nbutexas.com\/es\/fase-2\/#breadcrumb\",\"itemListElement\":[{\"@type\":\"ListItem\",\"position\":1,\"name\":\"Home\",\"item\":\"https:\/\/www.nbutexas.com\/es\/\"},{\"@type\":\"ListItem\",\"position\":2,\"name\":\"Fase 2\"}]},{\"@type\":\"WebSite\",\"@id\":\"https:\/\/www.nbutexas.com\/es\/#website\",\"url\":\"https:\/\/www.nbutexas.com\/es\/\",\"name\":\"New Braunfels Utilities Website\",\"description\":\"Your Utility&#039;s Site\",\"potentialAction\":[{\"@type\":\"SearchAction\",\"target\":{\"@type\":\"EntryPoint\",\"urlTemplate\":\"https:\/\/www.nbutexas.com\/es\/?s={search_term_string}\"},\"query-input\":{\"@type\":\"PropertyValueSpecification\",\"valueRequired\":true,\"valueName\":\"search_term_string\"}}],\"inLanguage\":\"es-ES\"}]}<\/script>\n<!-- \/ Yoast SEO plugin. -->","yoast_head_json":{"title":"Fase 2 - New Braunfels Utilities Website","robots":{"index":"index","follow":"follow","max-snippet":"max-snippet:-1","max-image-preview":"max-image-preview:large","max-video-preview":"max-video-preview:-1"},"canonical":"https:\/\/www.nbutexas.com\/es\/fase-2\/","og_locale":"es_ES","og_type":"article","og_title":"Fase 2 - New Braunfels Utilities Website","og_description":"Regar un d\u00eda a la semana con un aspersor o un sistema de riego Durante la Etapa 2, se permite\u2026","og_url":"https:\/\/www.nbutexas.com\/es\/fase-2\/","og_site_name":"New Braunfels Utilities Website","article_modified_time":"2025-03-25T14:48:17+00:00","og_image":[{"url":"https:\/\/www.nbutexas.com\/wp-content\/uploads\/2023\/09\/23-19822-Stage2WateringRules1200x120001.jpg","type":"","width":"","height":""}],"twitter_card":"summary_large_image","twitter_misc":{"Est. reading time":"4 minutes"},"schema":{"@context":"https:\/\/schema.org","@graph":[{"@type":"WebPage","@id":"https:\/\/www.nbutexas.com\/es\/fase-2\/","url":"https:\/\/www.nbutexas.com\/es\/fase-2\/","name":"Fase 2 - New Braunfels Utilities Website","isPartOf":{"@id":"https:\/\/www.nbutexas.com\/es\/#website"},"primaryImageOfPage":{"@id":"https:\/\/www.nbutexas.com\/es\/fase-2\/#primaryimage"},"image":{"@id":"https:\/\/www.nbutexas.com\/es\/fase-2\/#primaryimage"},"thumbnailUrl":"http:\/\/live-nbu.pantheonsite.io\/wp-content\/uploads\/2023\/09\/23-19822-Stage2WateringRules1200x120001.jpg","datePublished":"2023-05-30T15:09:32+00:00","dateModified":"2025-03-25T14:48:17+00:00","breadcrumb":{"@id":"https:\/\/www.nbutexas.com\/es\/fase-2\/#breadcrumb"},"inLanguage":"es-ES","potentialAction":[{"@type":"ReadAction","target":["https:\/\/www.nbutexas.com\/es\/fase-2\/"]}]},{"@type":"ImageObject","inLanguage":"es-ES","@id":"https:\/\/www.nbutexas.com\/es\/fase-2\/#primaryimage","url":"http:\/\/live-nbu.pantheonsite.io\/wp-content\/uploads\/2023\/09\/23-19822-Stage2WateringRules1200x120001.jpg","contentUrl":"http:\/\/live-nbu.pantheonsite.io\/wp-content\/uploads\/2023\/09\/23-19822-Stage2WateringRules1200x120001.jpg"},{"@type":"BreadcrumbList","@id":"https:\/\/www.nbutexas.com\/es\/fase-2\/#breadcrumb","itemListElement":[{"@type":"ListItem","position":1,"name":"Home","item":"https:\/\/www.nbutexas.com\/es\/"},{"@type":"ListItem","position":2,"name":"Fase 2"}]},{"@type":"WebSite","@id":"https:\/\/www.nbutexas.com\/es\/#website","url":"https:\/\/www.nbutexas.com\/es\/","name":"New Braunfels Utilities Website","description":"Your Utility&#039;s Site","potentialAction":[{"@type":"SearchAction","target":{"@type":"EntryPoint","urlTemplate":"https:\/\/www.nbutexas.com\/es\/?s={search_term_string}"},"query-input":{"@type":"PropertyValueSpecification","valueRequired":true,"valueName":"search_term_string"}}],"inLanguage":"es-ES"}]}},"_links":{"self":[{"href":"https:\/\/www.nbutexas.com\/es\/wp-json\/wp\/v2\/pages\/28575","targetHints":{"allow":["GET"]}}],"collection":[{"href":"https:\/\/www.nbutexas.com\/es\/wp-json\/wp\/v2\/pages"}],"about":[{"href":"https:\/\/www.nbutexas.com\/es\/wp-json\/wp\/v2\/types\/page"}],"author":[{"embeddable":true,"href":"https:\/\/www.nbutexas.com\/es\/wp-json\/wp\/v2\/users\/30"}],"replies":[{"embeddable":true,"href":"https:\/\/www.nbutexas.com\/es\/wp-json\/wp\/v2\/comments?post=28575"}],"version-history":[{"count":1,"href":"https:\/\/www.nbutexas.com\/es\/wp-json\/wp\/v2\/pages\/28575\/revisions"}],"predecessor-version":[{"id":28577,"href":"https:\/\/www.nbutexas.com\/es\/wp-json\/wp\/v2\/pages\/28575\/revisions\/28577"}],"wp:attachment":[{"href":"https:\/\/www.nbutexas.com\/es\/wp-json\/wp\/v2\/media?parent=28575"}],"curies":[{"name":"wp","href":"https:\/\/api.w.org\/{rel}","templated":true}]}}