{"id":28576,"date":"2023-08-24T16:17:39","date_gmt":"2023-08-24T21:17:39","guid":{"rendered":"https:\/\/www.nbutexas.com\/programa-de-carga-critica\/"},"modified":"2025-03-25T09:48:16","modified_gmt":"2025-03-25T14:48:16","slug":"programa-de-carga-critica","status":"publish","type":"page","link":"https:\/\/www.nbutexas.com\/es\/programa-de-carga-critica\/","title":{"rendered":"Programa de Carga Cr\u00edtica"},"content":{"rendered":"\n<h2 class=\"wp-block-heading\">Si tu empresa cumple los criterios, puedes inscribirte en nuestro Programa de Carga Cr\u00edtica y recibir avisos por adelantado y ser priorizado cuando se produzcan cortes programados.<\/h2>\n\n<hr class=\"wp-block-separator has-css-opacity is-style-wide\"\/>\n<div class=\"wp-block-image is-style-default\">\n<figure class=\"alignleft size-large is-resized\"><img loading=\"lazy\" decoding=\"async\" width=\"1200\" height=\"800\" src=\"http:\/\/live-nbu.pantheonsite.io\/wp-content\/uploads\/2023\/04\/2022-07-29_NBU_Hortontown-img0001-resize.jpg\" alt=\"\" class=\"wp-image-19227\" style=\"width:595px;height:397px\" \/><\/figure>\n<\/div>\n<h2 class=\"wp-block-heading\">Qu\u00e9 es<\/h2>\n\n<p>Nuestro Programa de Cargas Cr\u00edticas es un registro de ubicaciones de servicio no residenciales que pueden clasificarse como de seguridad p\u00fablica, industriales, de infraestructuras de gas natural o de comunicaciones, y que tienen una solicitud de Programa de Cargas Cr\u00edticas aprobada con NBU.  <br\/><br\/>Cuando se programen cortes planificados o se produzcan interrupciones del servicio por impago, intentaremos avisar con antelaci\u00f3n para que puedan hacerse los preparativos. En caso de cortes imprevistos, NBU dar\u00e1 prioridad a los participantes en el Programa de Carga Cr\u00edtica para su restablecimiento en la medida de lo posible. <\/p>\n\n<h2 class=\"wp-block-heading\">Informaci\u00f3n importante<\/h2>\n\n<p>No se puede garantizar un suministro el\u00e9ctrico ininterrumpido, regular o continuo a nuestras sedes del Programa de Carga Cr\u00edtica. Las ubicaciones inscritas en el programa no est\u00e1n exentas de interrupciones del servicio planificadas, ni los miembros inscritos est\u00e1n exentos de sus responsabilidades financieras o de la interrupci\u00f3n del servicio de acuerdo con las pol\u00edticas de NBU. <\/p>\n<div class=\"callout-icon\">\n\t<i class=\"callout-icon__icon callout-icon__icon--naranja icon icon-energ\u00eda\"><\/i>\n\t<div class=\"callout-icon__copy\">\n\t\t\n\t\t\t\t<div class=\"callout-icon__text wysiwyg\"><p>Haz clic aqu\u00ed para informarte sobre la desconexi\u00f3n de carga dirigida por ERCOT y el impacto de las emergencias energ\u00e9ticas en la red el\u00e9ctrica de Texas.<\/p>\n<\/div>\n\t\t\n\t\t\t\t\t<a title=\"Procedimiento de desconexi\u00f3n de la carga el\u00e9ctrica\" href=\"https:\/\/www.nbutexas.com\/wp-content\/uploads\/2022\/05\/2022-ERCOT-Mandated-Load-Shedding-Information.pdf\" class=\"callout-icon__link btn btn--yellow btn--3d\">Procedimiento de desconexi\u00f3n de la carga el\u00e9ctrica<\/a>\t\t\t<\/div>\n<\/div>\n<div class=\"callout-icon\">\n\t<i class=\"callout-icon__icon callout-icon__icon--naranja icon icon-bombilla\"><\/i>\n\t<div class=\"callout-icon__copy\">\n\t\t\n\t\t\t\t<div class=\"callout-icon__text wysiwyg\"><p>Haz clic aqu\u00ed para obtener informaci\u00f3n importante sobre el corte de carga el\u00e9ctrica y lo que podr\u00eda significar para ti.<\/p>\n<\/div>\n\t\t\n\t\t\t\t\t<a title=\"Requisitos del C\u00f3digo de Servicios P\u00fablicos de la Ley Reguladora de Servicios P\u00fablicos (PURA)\" href=\"https:\/\/www.nbutexas.com\/wp-content\/uploads\/2024\/10\/NBU-ERCOT-Mandated-Load-Shed-Information-Periodic-Notice-2024-October.pdf\" class=\"callout-icon__link btn btn--yellow btn--3d\">Requisitos del C\u00f3digo de Servicios P\u00fablicos de la Ley Reguladora de Servicios P\u00fablicos (PURA)<\/a>\t\t\t<\/div>\n<\/div>\n\n<h2 class=\"wp-block-heading\">\u00bfQui\u00e9n cumple los requisitos?<\/h2>\n\n<p>Para ser considerado para el registro de cargas cr\u00edticas de NBU, la ubicaci\u00f3n del servicio debe pertenecer a una de las siguientes categor\u00edas:<\/p>\n\t<div class=\"accordion\">\n\t\t\t\t<div class=\"accordion__section\">\n\t\t<header class=\"accordion__section-header\">\n\t\t\t<button class=\"accordion__section-toggle\" data-close-toggle=\".accordion__section-toggle\" data-close-target=\".accordion__section-content\" data-toggle-active=\"#accordion-section-69d3ae395e3af\" id=\"accordion-toggle-69d3ae395e3ae\" aria-expanded=\"false\" data-controller=\"regionToggle\" aria-controls=\"accordion-toggle-69d3ae395e3ae\">\n\t\t\t\t<div class=\"accordion__section-title\">Seguridad p\u00fablica<\/div>\n\t\t\t\t<div class=\"accordion__section-icon\"><span class=\"sr-only\"><\/span><i class=\"icon icon-\"><\/i><\/div>\n\t\t\t<\/button>\n\t\t<\/header>\n\t\t<div class=\"accordion__section-content inactive wysiwyg\" id=\"accordion-section-69d3ae395e3af\" aria-labelledby=\"accordion-toggle-69d3ae395e3ae\" role=\"region\" hidden>\n\t\t\t<p>Cliente para el que el servicio el\u00e9ctrico se considera crucial para la protecci\u00f3n o el mantenimiento de la seguridad p\u00fablica, incluidos, entre otros, hospitales, comisar\u00edas de polic\u00eda, parques de bomberos e instalaciones cr\u00edticas de agua y aguas residuales.<\/p>\n\t\t<\/div>\n\t<\/div>\n\t\t<div class=\"accordion__section\">\n\t\t<header class=\"accordion__section-header\">\n\t\t\t<button class=\"accordion__section-toggle\" data-close-toggle=\".accordion__section-toggle\" data-close-target=\".accordion__section-content\" data-toggle-active=\"#accordion-section-69d3ae395e55f\" id=\"accordion-toggle-69d3ae395e55e\" aria-expanded=\"false\" data-controller=\"regionToggle\" aria-controls=\"accordion-toggle-69d3ae395e55e\">\n\t\t\t\t<div class=\"accordion__section-title\">Infraestructuras cr\u00edticas<\/div>\n\t\t\t\t<div class=\"accordion__section-icon\"><span class=\"sr-only\"><\/span><i class=\"icon icon-\"><\/i><\/div>\n\t\t\t<\/button>\n\t\t<\/header>\n\t\t<div class=\"accordion__section-content inactive wysiwyg\" id=\"accordion-section-69d3ae395e55f\" aria-labelledby=\"accordion-toggle-69d3ae395e55e\" role=\"region\" hidden>\n\t\t\t<p>Un cliente que apoya la generaci\u00f3n con gas natural, incluido el centro de control de gas o la planta compresora de gas.<\/p>\n\t\t<\/div>\n\t<\/div>\n\t\t<\/div>\n\n<h2 class=\"wp-block-heading\">Informaci\u00f3n sobre la solicitud<\/h2>\n\n<ul class=\"wp-block-list\">\n<li>Se debe rellenar una solicitud para obtener la designaci\u00f3n del estado de carga cr\u00edtica con NBU.<\/li>\n\n\n\n<li>Las solicitudes deben presentarse anualmente; los sitios no se guardar\u00e1n para la siguiente fecha de vencimiento de la solicitud.<\/li>\n\n\n\n<li>El estado de carga cr\u00edtica incluye designaciones para la seguridad p\u00fablica y las infraestructuras cr\u00edticas.<\/li>\n\n\n\n<li>La designaci\u00f3n del estado de carga cr\u00edtica no exime de la necesidad de pagar el servicio el\u00e9ctrico, y el servicio puede desconectarse por falta de pago.<\/li>\n\n\n\n<li><strong>Esta solicitud no se tramitar\u00e1 ni aprobar\u00e1 si est\u00e1 incompleta o se presenta incorrectamente.  <\/strong>Toda la informaci\u00f3n es obligatoria a menos que se indique lo contrario.<\/li>\n\n\n\n<li><strong>La presentaci\u00f3n de esta solicitud no conlleva autom\u00e1ticamente el estatus de carga cr\u00edtica.  <\/strong>La notificaci\u00f3n del estado concedido se enviar\u00e1 al cliente a la direcci\u00f3n postal y de correo electr\u00f3nico facilitadas.<\/li>\n\n\n\n<li><strong>El estado de carga cr\u00edtica no puede garantizar un suministro el\u00e9ctrico ininterrumpido, regular o continuo. Si la electricidad es una necesidad, es responsabilidad del cliente disponer de capacidades de reserva in situ u otras alternativas en caso de p\u00e9rdida del servicio el\u00e9ctrico. <\/strong><\/li>\n<\/ul>\n\n<h2 class=\"wp-block-heading\">\u00bfC\u00f3mo puedo solicitarlo?<\/h2>\n\n<p>Descarga una solicitud haciendo clic en el siguiente enlace o solic\u00edtala llamando al <a href=\"tel:830.608.8925\">830.608.8925<\/a>.<\/p>\n\n<p>Las solicitudes cumplimentadas pueden enviarse por <a href=\"mailto:conservation@nbutexas.com\">correo electr\u00f3nico<\/a> o por correo postal a NBU, P.O. Box 310289, New Braunfels, TX 78131- 0289.<\/p>\n\n<div class=\"wp-block-buttons is-layout-flex wp-block-buttons-is-layout-flex\">\n<div class=\"wp-block-button\"><a class=\"wp-block-button__link wp-element-button\" href=\"https:\/\/www.nbutexas.com\/wp-content\/uploads\/2024\/12\/Critical-Load-Application-Form-2024.pdf\" target=\"_blank\" rel=\"noreferrer noopener\"><span style=\"text-decoration: underline;\">Solicitud del Programa de Cargas Cr\u00edticas<\/span><\/a><\/div>\n<\/div>\n","protected":false},"excerpt":{"rendered":"<p>Si tu empresa cumple los criterios, puedes inscribirte en nuestro Programa de Carga Cr\u00edtica y recibir avisos por adelantado y\u2026<\/p>\n","protected":false},"author":30,"featured_media":0,"parent":0,"menu_order":0,"comment_status":"closed","ping_status":"closed","template":"","meta":{"_acf_changed":false,"footnotes":""},"class_list":["post-28576","page","type-page","status-publish","hentry"],"acf":[],"yoast_head":"<!-- This site is optimized with the Yoast SEO plugin v27.2 - https:\/\/yoast.com\/product\/yoast-seo-wordpress\/ -->\n<title>Programa de Carga Cr\u00edtica - New Braunfels Utilities Website<\/title>\n<meta name=\"robots\" content=\"index, follow, max-snippet:-1, max-image-preview:large, max-video-preview:-1\" \/>\n<link rel=\"canonical\" href=\"https:\/\/www.nbutexas.com\/es\/programa-de-carga-critica\/\" \/>\n<meta property=\"og:locale\" content=\"es_ES\" \/>\n<meta property=\"og:type\" content=\"article\" \/>\n<meta property=\"og:title\" content=\"Programa de Carga Cr\u00edtica - New Braunfels Utilities Website\" \/>\n<meta property=\"og:description\" content=\"Si tu empresa cumple los criterios, puedes inscribirte en nuestro Programa de Carga Cr\u00edtica y recibir avisos por adelantado y\u2026\" \/>\n<meta property=\"og:url\" content=\"https:\/\/www.nbutexas.com\/es\/programa-de-carga-critica\/\" \/>\n<meta property=\"og:site_name\" content=\"New Braunfels Utilities Website\" \/>\n<meta property=\"article:modified_time\" content=\"2025-03-25T14:48:16+00:00\" \/>\n<meta property=\"og:image\" content=\"https:\/\/www.nbutexas.com\/wp-content\/uploads\/2023\/04\/2022-07-29_NBU_Hortontown-img0001-resize.jpg\" \/>\n<meta name=\"twitter:card\" content=\"summary_large_image\" \/>\n<meta name=\"twitter:label1\" content=\"Est. reading time\" \/>\n\t<meta name=\"twitter:data1\" content=\"2 minutes\" \/>\n<script type=\"application\/ld+json\" class=\"yoast-schema-graph\">{\"@context\":\"https:\/\/schema.org\",\"@graph\":[{\"@type\":\"WebPage\",\"@id\":\"https:\/\/www.nbutexas.com\/es\/programa-de-carga-critica\/\",\"url\":\"https:\/\/www.nbutexas.com\/es\/programa-de-carga-critica\/\",\"name\":\"Programa de Carga Cr\u00edtica - New Braunfels Utilities Website\",\"isPartOf\":{\"@id\":\"https:\/\/www.nbutexas.com\/es\/#website\"},\"primaryImageOfPage\":{\"@id\":\"https:\/\/www.nbutexas.com\/es\/programa-de-carga-critica\/#primaryimage\"},\"image\":{\"@id\":\"https:\/\/www.nbutexas.com\/es\/programa-de-carga-critica\/#primaryimage\"},\"thumbnailUrl\":\"http:\/\/live-nbu.pantheonsite.io\/wp-content\/uploads\/2023\/04\/2022-07-29_NBU_Hortontown-img0001-resize.jpg\",\"datePublished\":\"2023-08-24T21:17:39+00:00\",\"dateModified\":\"2025-03-25T14:48:16+00:00\",\"breadcrumb\":{\"@id\":\"https:\/\/www.nbutexas.com\/es\/programa-de-carga-critica\/#breadcrumb\"},\"inLanguage\":\"es-ES\",\"potentialAction\":[{\"@type\":\"ReadAction\",\"target\":[\"https:\/\/www.nbutexas.com\/es\/programa-de-carga-critica\/\"]}]},{\"@type\":\"ImageObject\",\"inLanguage\":\"es-ES\",\"@id\":\"https:\/\/www.nbutexas.com\/es\/programa-de-carga-critica\/#primaryimage\",\"url\":\"http:\/\/live-nbu.pantheonsite.io\/wp-content\/uploads\/2023\/04\/2022-07-29_NBU_Hortontown-img0001-resize.jpg\",\"contentUrl\":\"http:\/\/live-nbu.pantheonsite.io\/wp-content\/uploads\/2023\/04\/2022-07-29_NBU_Hortontown-img0001-resize.jpg\"},{\"@type\":\"BreadcrumbList\",\"@id\":\"https:\/\/www.nbutexas.com\/es\/programa-de-carga-critica\/#breadcrumb\",\"itemListElement\":[{\"@type\":\"ListItem\",\"position\":1,\"name\":\"Home\",\"item\":\"https:\/\/www.nbutexas.com\/es\/\"},{\"@type\":\"ListItem\",\"position\":2,\"name\":\"Programa de Carga Cr\u00edtica\"}]},{\"@type\":\"WebSite\",\"@id\":\"https:\/\/www.nbutexas.com\/es\/#website\",\"url\":\"https:\/\/www.nbutexas.com\/es\/\",\"name\":\"New Braunfels Utilities Website\",\"description\":\"Your Utility&#039;s Site\",\"potentialAction\":[{\"@type\":\"SearchAction\",\"target\":{\"@type\":\"EntryPoint\",\"urlTemplate\":\"https:\/\/www.nbutexas.com\/es\/?s={search_term_string}\"},\"query-input\":{\"@type\":\"PropertyValueSpecification\",\"valueRequired\":true,\"valueName\":\"search_term_string\"}}],\"inLanguage\":\"es-ES\"}]}<\/script>\n<!-- \/ Yoast SEO plugin. -->","yoast_head_json":{"title":"Programa de Carga Cr\u00edtica - New Braunfels Utilities Website","robots":{"index":"index","follow":"follow","max-snippet":"max-snippet:-1","max-image-preview":"max-image-preview:large","max-video-preview":"max-video-preview:-1"},"canonical":"https:\/\/www.nbutexas.com\/es\/programa-de-carga-critica\/","og_locale":"es_ES","og_type":"article","og_title":"Programa de Carga Cr\u00edtica - New Braunfels Utilities Website","og_description":"Si tu empresa cumple los criterios, puedes inscribirte en nuestro Programa de Carga Cr\u00edtica y recibir avisos por adelantado y\u2026","og_url":"https:\/\/www.nbutexas.com\/es\/programa-de-carga-critica\/","og_site_name":"New Braunfels Utilities Website","article_modified_time":"2025-03-25T14:48:16+00:00","og_image":[{"url":"https:\/\/www.nbutexas.com\/wp-content\/uploads\/2023\/04\/2022-07-29_NBU_Hortontown-img0001-resize.jpg","type":"","width":"","height":""}],"twitter_card":"summary_large_image","twitter_misc":{"Est. reading time":"2 minutes"},"schema":{"@context":"https:\/\/schema.org","@graph":[{"@type":"WebPage","@id":"https:\/\/www.nbutexas.com\/es\/programa-de-carga-critica\/","url":"https:\/\/www.nbutexas.com\/es\/programa-de-carga-critica\/","name":"Programa de Carga Cr\u00edtica - New Braunfels Utilities Website","isPartOf":{"@id":"https:\/\/www.nbutexas.com\/es\/#website"},"primaryImageOfPage":{"@id":"https:\/\/www.nbutexas.com\/es\/programa-de-carga-critica\/#primaryimage"},"image":{"@id":"https:\/\/www.nbutexas.com\/es\/programa-de-carga-critica\/#primaryimage"},"thumbnailUrl":"http:\/\/live-nbu.pantheonsite.io\/wp-content\/uploads\/2023\/04\/2022-07-29_NBU_Hortontown-img0001-resize.jpg","datePublished":"2023-08-24T21:17:39+00:00","dateModified":"2025-03-25T14:48:16+00:00","breadcrumb":{"@id":"https:\/\/www.nbutexas.com\/es\/programa-de-carga-critica\/#breadcrumb"},"inLanguage":"es-ES","potentialAction":[{"@type":"ReadAction","target":["https:\/\/www.nbutexas.com\/es\/programa-de-carga-critica\/"]}]},{"@type":"ImageObject","inLanguage":"es-ES","@id":"https:\/\/www.nbutexas.com\/es\/programa-de-carga-critica\/#primaryimage","url":"http:\/\/live-nbu.pantheonsite.io\/wp-content\/uploads\/2023\/04\/2022-07-29_NBU_Hortontown-img0001-resize.jpg","contentUrl":"http:\/\/live-nbu.pantheonsite.io\/wp-content\/uploads\/2023\/04\/2022-07-29_NBU_Hortontown-img0001-resize.jpg"},{"@type":"BreadcrumbList","@id":"https:\/\/www.nbutexas.com\/es\/programa-de-carga-critica\/#breadcrumb","itemListElement":[{"@type":"ListItem","position":1,"name":"Home","item":"https:\/\/www.nbutexas.com\/es\/"},{"@type":"ListItem","position":2,"name":"Programa de Carga Cr\u00edtica"}]},{"@type":"WebSite","@id":"https:\/\/www.nbutexas.com\/es\/#website","url":"https:\/\/www.nbutexas.com\/es\/","name":"New Braunfels Utilities Website","description":"Your Utility&#039;s Site","potentialAction":[{"@type":"SearchAction","target":{"@type":"EntryPoint","urlTemplate":"https:\/\/www.nbutexas.com\/es\/?s={search_term_string}"},"query-input":{"@type":"PropertyValueSpecification","valueRequired":true,"valueName":"search_term_string"}}],"inLanguage":"es-ES"}]}},"_links":{"self":[{"href":"https:\/\/www.nbutexas.com\/es\/wp-json\/wp\/v2\/pages\/28576","targetHints":{"allow":["GET"]}}],"collection":[{"href":"https:\/\/www.nbutexas.com\/es\/wp-json\/wp\/v2\/pages"}],"about":[{"href":"https:\/\/www.nbutexas.com\/es\/wp-json\/wp\/v2\/types\/page"}],"author":[{"embeddable":true,"href":"https:\/\/www.nbutexas.com\/es\/wp-json\/wp\/v2\/users\/30"}],"replies":[{"embeddable":true,"href":"https:\/\/www.nbutexas.com\/es\/wp-json\/wp\/v2\/comments?post=28576"}],"version-history":[{"count":1,"href":"https:\/\/www.nbutexas.com\/es\/wp-json\/wp\/v2\/pages\/28576\/revisions"}],"predecessor-version":[{"id":28578,"href":"https:\/\/www.nbutexas.com\/es\/wp-json\/wp\/v2\/pages\/28576\/revisions\/28578"}],"wp:attachment":[{"href":"https:\/\/www.nbutexas.com\/es\/wp-json\/wp\/v2\/media?parent=28576"}],"curies":[{"name":"wp","href":"https:\/\/api.w.org\/{rel}","templated":true}]}}