{"id":28579,"date":"2023-06-23T12:15:12","date_gmt":"2023-06-23T17:15:12","guid":{"rendered":"https:\/\/www.nbutexas.com\/un-agua-new-braunfels\/"},"modified":"2026-04-17T08:51:46","modified_gmt":"2026-04-17T13:51:46","slug":"un-agua-new-braunfels","status":"publish","type":"page","link":"https:\/\/www.nbutexas.com\/es\/un-agua-new-braunfels\/","title":{"rendered":"Un agua New Braunfels"},"content":{"rendered":"\n<p>New Braunfels Utilities, la ciudad de New Braunfels y la Autoridad del R\u00edo Guadalupe-Blanco gestionan One Water New Braunfels, un programa de colaboraci\u00f3n dise\u00f1ado para preservar, celebrar y garantizar la sostenibilidad y protecci\u00f3n a largo plazo de las preciadas aguas locales de New Braunfels para las generaciones venideras.<br\/><\/p>\n\n<figure class=\"wp-block-image size-large is-style-default\"><img loading=\"lazy\" decoding=\"async\" width=\"1024\" height=\"135\" src=\"https:\/\/www.nbutexas.com\/wp-content\/uploads\/2023\/07\/Tri-Company-Partnership-Logo-One-Water-2023-1024x135.jpg\" alt=\"Logotipos de las tres empresas que participan en la asociaci&#xF3;n One Water.\" class=\"wp-image-20334\" srcset=\"https:\/\/www.nbutexas.com\/wp-content\/uploads\/2023\/07\/Tri-Company-Partnership-Logo-One-Water-2023-1024x135.jpg 1024w, https:\/\/www.nbutexas.com\/wp-content\/uploads\/2023\/07\/Tri-Company-Partnership-Logo-One-Water-2023-300x39.jpg 300w, https:\/\/www.nbutexas.com\/wp-content\/uploads\/2023\/07\/Tri-Company-Partnership-Logo-One-Water-2023-768x101.jpg 768w, https:\/\/www.nbutexas.com\/wp-content\/uploads\/2023\/07\/Tri-Company-Partnership-Logo-One-Water-2023-1536x202.jpg 1536w, https:\/\/www.nbutexas.com\/wp-content\/uploads\/2023\/07\/Tri-Company-Partnership-Logo-One-Water-2023-2048x269.jpg 2048w, https:\/\/www.nbutexas.com\/wp-content\/uploads\/2023\/07\/Tri-Company-Partnership-Logo-One-Water-2023-1200x158.jpg 1200w, https:\/\/www.nbutexas.com\/wp-content\/uploads\/2023\/07\/Tri-Company-Partnership-Logo-One-Water-2023-576x76.jpg 576w\" sizes=\"auto, (max-width: 1024px) 100vw, 1024px\" \/><\/figure>\n\n<hr class=\"wp-block-separator has-alpha-channel-opacity is-style-wide\"\/>\n\n<h3 class=\"wp-block-heading\"><br\/>Un agua New Braunfels<\/h3>\n\n<p><em><strong>La visi\u00f3n de One Water New Braunfels es garantizar que el agua siga siendo una caracter\u00edstica c\u00e9lebre y protegida de nuestra comunidad, gestionando en colaboraci\u00f3n nuestros recursos h\u00eddricos para salvaguardar las cuencas hidrogr\u00e1ficas, las v\u00edas fluviales y las aguas subterr\u00e1neas. Para lograrlo, debemos <\/strong><\/em><\/p>\n\n<ol class=\"wp-block-list\">\n<li>Planificar y gestionar los recursos h\u00eddricos de forma hol\u00edstica y sostenible<\/li>\n\n\n\n<li>Maximizar los beneficios medioambientales, sociales y econ\u00f3micos para el \u00e1rea metropolitana de New Braunfels<\/li>\n\n\n\n<li>Garantizar que el agua siga siendo una caracter\u00edstica c\u00e9lebre de nuestra comunidad<\/li>\n\n\n\n<li>Proporcionar agua sostenible y de alta calidad<\/li>\n\n\n\n<li>Garantizar la salud de las cuencas hidrogr\u00e1ficas, las v\u00edas fluviales y los recursos h\u00eddricos subterr\u00e1neos<\/li>\n<\/ol>\n\n<p>Con el firme deseo de proporcionar una gesti\u00f3n del agua que sea resistente, sostenible y acorde con los valores de la comunidad de New Braunfels, la <a href=\"https:\/\/www.nbutexas.com\/wp-content\/uploads\/2023\/08\/New-Braunfels-One-Water-Roadmap-3.28.23.pdf\">Hoja de Ruta de One Water New Braunfels<\/a> es un marco para apoyar a los organismos de gesti\u00f3n del agua y a la comunidad en la realizaci\u00f3n de su visi\u00f3n.<br\/><br\/>El <a href=\"https:\/\/www.nbutexas.com\/wp-content\/uploads\/2023\/08\/OneWaterNewBraunfels_ILA_signed_08.22.2023.pdf\">Acuerdo Interlocal 2023<\/a> entre las tres agencias describe la gobernanza y la gesti\u00f3n del programa One Water New Braunfels. El acuerdo establece un consejo asesor y un grupo de trabajo, formados por expertos en la materia de los tres organismos, responsables del desarrollo y la aplicaci\u00f3n continuos de la hoja de ruta de One Water New Braunfels. Un Coordinador del Programa gestionar\u00e1 las operaciones cotidianas del programa, apoyar\u00e1 los esfuerzos del consejo asesor y del grupo de trabajo, y actuar\u00e1 como enlace principal con la comunidad en general.  <\/p>\n\n<div class=\"wp-block-buttons is-layout-flex wp-block-buttons-is-layout-flex\">\n<div class=\"wp-block-button\"><a class=\"wp-block-button__link wp-element-button\" href=\"https:\/\/www.onewaternb.com\/\">P\u00e1gina web de One Water New Braunfels<\/a><\/div>\n<\/div>\n\t<nav class=\"icon-tiles\">\n\t\t<ul class=\"icon-tiles__menu\">\n\t\t\t\t<li class=\"icon-tiles__menu-item\">\n\t\t\t\t<a title=\"One Water New Braunfels - Presentaci\u00f3n del Acuerdo Interlocal\" href=\"https:\/\/www.nbutexas.com\/wp-content\/uploads\/2023\/07\/NBU-Board-ILA-Adoption-Presentation_6.1.23-1.pptx\" class=\"icon-tiles__link\">\t\t\t\t\t<div class=\"icon-tiles__icon\">\n\t\t\t\t\t\t<i class=\"icon icon-water-1\"><\/i>\n\t\t\t\t\t<\/div>\n\t\t\t\t\t<div class=\"icon-tiles__title\">One Water New Braunfels &#8211; Presentaci\u00f3n del Acuerdo Interlocal<\/div>\n\t\t\t\t<\/a>\n\t\t\t<\/li>\n\t\t\t\t\t<li class=\"icon-tiles__menu-item\">\n\t\t\t\t<a>\t\t\t\t\t<div class=\"icon-tiles__icon\">\n\t\t\t\t\t\t<i class=\"icon icon-map\"><\/i>\n\t\t\t\t\t<\/div>\n\t\t\t\t\t<div class=\"icon-tiles__title\">Hoja de ruta &quot;Un agua<\/div>\n\t\t\t\t<\/a>\n\t\t\t<\/li>\n\t\t\t\t\t<li class=\"icon-tiles__menu-item\">\n\t\t\t\t<a title=\"www.nbutexas.com\/wp-content\/uploads\/2023\/08\/One-Water-Roadmap-Report_5.2.22.docx.pdf\" href=\"https:\/\/www.nbutexas.com\/wp-content\/uploads\/2023\/08\/One-Water-Roadmap-Report_5.2.22.docx.pdf\" class=\"icon-tiles__link\">\t\t\t\t\t<div class=\"icon-tiles__icon\">\n\t\t\t\t\t\t<i class=\"icon icon-document\"><\/i>\n\t\t\t\t\t<\/div>\n\t\t\t\t\t<div class=\"icon-tiles__title\">Informe sobre la hoja de ruta &quot;Un agua<\/div>\n\t\t\t\t<\/a>\n\t\t\t<\/li>\n\t\t\t\t<\/ul>\n\t<\/nav>\n<div class=\"callout-icon\">\n\t<i class=\"callout-icon__icon callout-icon__icon--green icon icon-news\"><\/i>\n\t<div class=\"callout-icon__copy\">\n\t\t\t\t<div class=\"callout-icon__headline\"> Para que One Water NB sea un \u00e9xito, \u00a1te necesitamos! <\/div>\n\t\t\n\t\t\t\t<div class=\"callout-icon__text wysiwyg\"><p>Tanto si representas a un grupo comunitario, a una empresa o simplemente eres una persona a la que le gusta pescar o flotar por el r\u00edo, necesitamos que todo el mundo se implique para lograr la gran visi\u00f3n del programa.<\/p>\n<p>Para mantenerte informado, haz clic en el siguiente enlace y \u00fanete a la lista de correo electr\u00f3nico de One Water New Braunfels.<\/p>\n<\/div>\n\t\t\n\t\t\t\t\t<a title=\"\u00danete a la lista de correo electr\u00f3nico de One Water New Braunfels\" href=\"https:\/\/form.jotform.com\/232256487555061\" class=\"callout-icon__link btn btn--yellow btn--3d\">\u00danete a la lista de correo electr\u00f3nico de One Water New Braunfels<\/a>\t\t\t<\/div>\n<\/div>\n","protected":false},"excerpt":{"rendered":"<p>New Braunfels Utilities, la ciudad de New Braunfels y la Autoridad del R\u00edo Guadalupe-Blanco gestionan One Water New Braunfels, un\u2026<\/p>\n","protected":false},"author":30,"featured_media":0,"parent":0,"menu_order":0,"comment_status":"closed","ping_status":"closed","template":"","meta":{"_acf_changed":false,"footnotes":""},"class_list":["post-28579","page","type-page","status-publish","hentry"],"acf":[],"yoast_head":"<!-- This site is optimized with the Yoast SEO plugin v27.5 - https:\/\/yoast.com\/product\/yoast-seo-wordpress\/ -->\n<title>Un agua New Braunfels - New Braunfels Utilities Website<\/title>\n<meta name=\"robots\" content=\"index, follow, max-snippet:-1, max-image-preview:large, max-video-preview:-1\" \/>\n<link rel=\"canonical\" href=\"https:\/\/www.nbutexas.com\/es\/un-agua-new-braunfels\/\" \/>\n<meta property=\"og:locale\" content=\"es_ES\" \/>\n<meta property=\"og:type\" content=\"article\" \/>\n<meta property=\"og:title\" content=\"Un agua New Braunfels - New Braunfels Utilities Website\" \/>\n<meta property=\"og:description\" content=\"New Braunfels Utilities, la ciudad de New Braunfels y la Autoridad del R\u00edo Guadalupe-Blanco gestionan One Water New Braunfels, un\u2026\" \/>\n<meta property=\"og:url\" content=\"https:\/\/www.nbutexas.com\/es\/un-agua-new-braunfels\/\" \/>\n<meta property=\"og:site_name\" content=\"New Braunfels Utilities Website\" \/>\n<meta property=\"article:modified_time\" content=\"2026-04-17T13:51:46+00:00\" \/>\n<meta property=\"og:image\" content=\"https:\/\/www.nbutexas.com\/wp-content\/uploads\/2023\/07\/Tri-Company-Partnership-Logo-One-Water-2023-scaled.jpg\" \/>\n\t<meta property=\"og:image:width\" content=\"2560\" \/>\n\t<meta property=\"og:image:height\" content=\"337\" \/>\n\t<meta property=\"og:image:type\" content=\"image\/jpeg\" \/>\n<meta name=\"twitter:card\" content=\"summary_large_image\" \/>\n<meta name=\"twitter:label1\" content=\"Est. reading time\" \/>\n\t<meta name=\"twitter:data1\" content=\"2 minutes\" \/>\n<script type=\"application\/ld+json\" class=\"yoast-schema-graph\">{\"@context\":\"https:\\\/\\\/schema.org\",\"@graph\":[{\"@type\":\"WebPage\",\"@id\":\"https:\\\/\\\/www.nbutexas.com\\\/es\\\/un-agua-new-braunfels\\\/\",\"url\":\"https:\\\/\\\/www.nbutexas.com\\\/es\\\/un-agua-new-braunfels\\\/\",\"name\":\"Un agua New Braunfels - New Braunfels Utilities Website\",\"isPartOf\":{\"@id\":\"https:\\\/\\\/www.nbutexas.com\\\/es\\\/#website\"},\"primaryImageOfPage\":{\"@id\":\"https:\\\/\\\/www.nbutexas.com\\\/es\\\/un-agua-new-braunfels\\\/#primaryimage\"},\"image\":{\"@id\":\"https:\\\/\\\/www.nbutexas.com\\\/es\\\/un-agua-new-braunfels\\\/#primaryimage\"},\"thumbnailUrl\":\"https:\\\/\\\/www.nbutexas.com\\\/wp-content\\\/uploads\\\/2023\\\/07\\\/Tri-Company-Partnership-Logo-One-Water-2023-1024x135.jpg\",\"datePublished\":\"2023-06-23T17:15:12+00:00\",\"dateModified\":\"2026-04-17T13:51:46+00:00\",\"breadcrumb\":{\"@id\":\"https:\\\/\\\/www.nbutexas.com\\\/es\\\/un-agua-new-braunfels\\\/#breadcrumb\"},\"inLanguage\":\"es-ES\",\"potentialAction\":[{\"@type\":\"ReadAction\",\"target\":[\"https:\\\/\\\/www.nbutexas.com\\\/es\\\/un-agua-new-braunfels\\\/\"]}]},{\"@type\":\"ImageObject\",\"inLanguage\":\"es-ES\",\"@id\":\"https:\\\/\\\/www.nbutexas.com\\\/es\\\/un-agua-new-braunfels\\\/#primaryimage\",\"url\":\"https:\\\/\\\/www.nbutexas.com\\\/wp-content\\\/uploads\\\/2023\\\/07\\\/Tri-Company-Partnership-Logo-One-Water-2023-1024x135.jpg\",\"contentUrl\":\"https:\\\/\\\/www.nbutexas.com\\\/wp-content\\\/uploads\\\/2023\\\/07\\\/Tri-Company-Partnership-Logo-One-Water-2023-1024x135.jpg\"},{\"@type\":\"BreadcrumbList\",\"@id\":\"https:\\\/\\\/www.nbutexas.com\\\/es\\\/un-agua-new-braunfels\\\/#breadcrumb\",\"itemListElement\":[{\"@type\":\"ListItem\",\"position\":1,\"name\":\"Home\",\"item\":\"https:\\\/\\\/www.nbutexas.com\\\/es\\\/servicio-residencial-y-comercial\\\/\"},{\"@type\":\"ListItem\",\"position\":2,\"name\":\"Un agua New Braunfels\"}]},{\"@type\":\"WebSite\",\"@id\":\"https:\\\/\\\/www.nbutexas.com\\\/es\\\/#website\",\"url\":\"https:\\\/\\\/www.nbutexas.com\\\/es\\\/\",\"name\":\"New Braunfels Utilities Website\",\"description\":\"Your Utility&#039;s Site\",\"potentialAction\":[{\"@type\":\"SearchAction\",\"target\":{\"@type\":\"EntryPoint\",\"urlTemplate\":\"https:\\\/\\\/www.nbutexas.com\\\/es\\\/?s={search_term_string}\"},\"query-input\":{\"@type\":\"PropertyValueSpecification\",\"valueRequired\":true,\"valueName\":\"search_term_string\"}}],\"inLanguage\":\"es-ES\"}]}<\/script>\n<!-- \/ Yoast SEO plugin. -->","yoast_head_json":{"title":"Un agua New Braunfels - New Braunfels Utilities Website","robots":{"index":"index","follow":"follow","max-snippet":"max-snippet:-1","max-image-preview":"max-image-preview:large","max-video-preview":"max-video-preview:-1"},"canonical":"https:\/\/www.nbutexas.com\/es\/un-agua-new-braunfels\/","og_locale":"es_ES","og_type":"article","og_title":"Un agua New Braunfels - New Braunfels Utilities Website","og_description":"New Braunfels Utilities, la ciudad de New Braunfels y la Autoridad del R\u00edo Guadalupe-Blanco gestionan One Water New Braunfels, un\u2026","og_url":"https:\/\/www.nbutexas.com\/es\/un-agua-new-braunfels\/","og_site_name":"New Braunfels Utilities Website","article_modified_time":"2026-04-17T13:51:46+00:00","og_image":[{"width":2560,"height":337,"url":"https:\/\/www.nbutexas.com\/wp-content\/uploads\/2023\/07\/Tri-Company-Partnership-Logo-One-Water-2023-scaled.jpg","type":"image\/jpeg"}],"twitter_card":"summary_large_image","twitter_misc":{"Est. reading time":"2 minutes"},"schema":{"@context":"https:\/\/schema.org","@graph":[{"@type":"WebPage","@id":"https:\/\/www.nbutexas.com\/es\/un-agua-new-braunfels\/","url":"https:\/\/www.nbutexas.com\/es\/un-agua-new-braunfels\/","name":"Un agua New Braunfels - New Braunfels Utilities Website","isPartOf":{"@id":"https:\/\/www.nbutexas.com\/es\/#website"},"primaryImageOfPage":{"@id":"https:\/\/www.nbutexas.com\/es\/un-agua-new-braunfels\/#primaryimage"},"image":{"@id":"https:\/\/www.nbutexas.com\/es\/un-agua-new-braunfels\/#primaryimage"},"thumbnailUrl":"https:\/\/www.nbutexas.com\/wp-content\/uploads\/2023\/07\/Tri-Company-Partnership-Logo-One-Water-2023-1024x135.jpg","datePublished":"2023-06-23T17:15:12+00:00","dateModified":"2026-04-17T13:51:46+00:00","breadcrumb":{"@id":"https:\/\/www.nbutexas.com\/es\/un-agua-new-braunfels\/#breadcrumb"},"inLanguage":"es-ES","potentialAction":[{"@type":"ReadAction","target":["https:\/\/www.nbutexas.com\/es\/un-agua-new-braunfels\/"]}]},{"@type":"ImageObject","inLanguage":"es-ES","@id":"https:\/\/www.nbutexas.com\/es\/un-agua-new-braunfels\/#primaryimage","url":"https:\/\/www.nbutexas.com\/wp-content\/uploads\/2023\/07\/Tri-Company-Partnership-Logo-One-Water-2023-1024x135.jpg","contentUrl":"https:\/\/www.nbutexas.com\/wp-content\/uploads\/2023\/07\/Tri-Company-Partnership-Logo-One-Water-2023-1024x135.jpg"},{"@type":"BreadcrumbList","@id":"https:\/\/www.nbutexas.com\/es\/un-agua-new-braunfels\/#breadcrumb","itemListElement":[{"@type":"ListItem","position":1,"name":"Home","item":"https:\/\/www.nbutexas.com\/es\/servicio-residencial-y-comercial\/"},{"@type":"ListItem","position":2,"name":"Un agua New Braunfels"}]},{"@type":"WebSite","@id":"https:\/\/www.nbutexas.com\/es\/#website","url":"https:\/\/www.nbutexas.com\/es\/","name":"New Braunfels Utilities Website","description":"Your Utility&#039;s Site","potentialAction":[{"@type":"SearchAction","target":{"@type":"EntryPoint","urlTemplate":"https:\/\/www.nbutexas.com\/es\/?s={search_term_string}"},"query-input":{"@type":"PropertyValueSpecification","valueRequired":true,"valueName":"search_term_string"}}],"inLanguage":"es-ES"}]}},"_links":{"self":[{"href":"https:\/\/www.nbutexas.com\/es\/wp-json\/wp\/v2\/pages\/28579","targetHints":{"allow":["GET"]}}],"collection":[{"href":"https:\/\/www.nbutexas.com\/es\/wp-json\/wp\/v2\/pages"}],"about":[{"href":"https:\/\/www.nbutexas.com\/es\/wp-json\/wp\/v2\/types\/page"}],"author":[{"embeddable":true,"href":"https:\/\/www.nbutexas.com\/es\/wp-json\/wp\/v2\/users\/30"}],"replies":[{"embeddable":true,"href":"https:\/\/www.nbutexas.com\/es\/wp-json\/wp\/v2\/comments?post=28579"}],"version-history":[{"count":3,"href":"https:\/\/www.nbutexas.com\/es\/wp-json\/wp\/v2\/pages\/28579\/revisions"}],"predecessor-version":[{"id":32246,"href":"https:\/\/www.nbutexas.com\/es\/wp-json\/wp\/v2\/pages\/28579\/revisions\/32246"}],"wp:attachment":[{"href":"https:\/\/www.nbutexas.com\/es\/wp-json\/wp\/v2\/media?parent=28579"}],"curies":[{"name":"wp","href":"https:\/\/api.w.org\/{rel}","templated":true}]}}