{"id":28589,"date":"2023-09-28T09:22:27","date_gmt":"2023-09-28T14:22:27","guid":{"rendered":"https:\/\/www.nbutexas.com\/comision-consultiva-comunitaria\/"},"modified":"2025-03-25T09:48:36","modified_gmt":"2025-03-25T14:48:36","slug":"comision-consultiva-comunitaria","status":"publish","type":"page","link":"https:\/\/www.nbutexas.com\/es\/comision-consultiva-comunitaria\/","title":{"rendered":"Comisi\u00f3n Consultiva Comunitaria"},"content":{"rendered":"\n<p>New Braunfels Utilities se complace en anunciar la formaci\u00f3n del Panel Asesor de la Comunidad, una iniciativa dise\u00f1ada para fomentar una mayor colaboraci\u00f3n, mejorar la comunicaci\u00f3n y promover el compromiso de la comunidad.<\/p>\n\n<p>El Panel Consultivo de la Comunidad es una evoluci\u00f3n del <a href=\"https:\/\/www.nbutexas.com\/rate-advisory-committee\/\">Comit\u00e9 Consultivo de Tarifas<\/a>. Proporcionar\u00e1 un foro para que la comunidad ofrezca diversas opiniones y comentarios sobre temas de importancia para ayudar a dar forma al futuro de NBU y de la comunidad a la que tenemos el privilegio de servir. <\/p>\n\n<hr class=\"wp-block-separator has-alpha-channel-opacity is-style-wide\"\/>\n\n<h2 class=\"wp-block-heading\">Afiliaci\u00f3n<\/h2>\n\n<p>El Panel Asesor de la Comunidad est\u00e1 formado por 13 miembros, cuya composici\u00f3n refleja una representaci\u00f3n equilibrada del \u00e1rea de servicio de NBU. El Ayuntamiento de New Braunfels nombr\u00f3 a siete n\u00fameros, el Consejo de Administraci\u00f3n de NBU nombr\u00f3 a cuatro, y dos participantes generales fueron seleccionados mediante un proceso de solicitud y nombrados por el Consejo de Administraci\u00f3n de NBU. <\/p>\n\n<figure class=\"wp-block-image size-large is-style-default\"><img loading=\"lazy\" decoding=\"async\" width=\"1024\" height=\"608\" src=\"http:\/\/live-nbu.pantheonsite.io\/wp-content\/uploads\/2024\/03\/DSCF8428-2-1024x608.jpg\" alt=\"Una foto de los miembros de la Comisi&#xF3;n Consultiva Comunitaria 2024.\" class=\"wp-image-22933\" srcset=\"https:\/\/www.nbutexas.com\/wp-content\/uploads\/2024\/03\/DSCF8428-2-1024x608.jpg 1024w, https:\/\/www.nbutexas.com\/wp-content\/uploads\/2024\/03\/DSCF8428-2-300x178.jpg 300w, https:\/\/www.nbutexas.com\/wp-content\/uploads\/2024\/03\/DSCF8428-2-768x456.jpg 768w, https:\/\/www.nbutexas.com\/wp-content\/uploads\/2024\/03\/DSCF8428-2-1536x912.jpg 1536w, https:\/\/www.nbutexas.com\/wp-content\/uploads\/2024\/03\/DSCF8428-2-2048x1216.jpg 2048w, https:\/\/www.nbutexas.com\/wp-content\/uploads\/2024\/03\/DSCF8428-2-1200x713.jpg 1200w, https:\/\/www.nbutexas.com\/wp-content\/uploads\/2024\/03\/DSCF8428-2-576x342.jpg 576w\" sizes=\"auto, (max-width: 1024px) 100vw, 1024px\" \/><\/figure>\n\n<figure class=\"wp-block-table\"><table class=\"has-fixed-layout\"><thead><tr><th>Miembros de la Comisi\u00f3n Consultiva Comunitaria<\/th><th><\/th><\/tr><\/thead><tbody><tr><td>Justin Meadows, Presidente<\/td><td>Stuart Blythin, Copresidente<\/td><\/tr><tr><td>Dr. Les Shephard<\/td><td>Mark Hampton<\/td><\/tr><tr><td>Dr. Michael Patrick Harrington, PhD<\/td><td>Bobby Avary<\/td><\/tr><tr><td>Darren Hill<\/td><td>Jonathan Packer<\/td><\/tr><tr><td>Ian P\u00e9rez<\/td><td>Alice Jewell<\/td><\/tr><tr><td>Chris Snider<\/td><td>\u00c1mbar Marr\u00f3n<\/td><\/tr><tr><td>Leticia Pe\u00f1a Mart\u00ednez<\/td><td><\/td><\/tr><\/tbody><\/table><\/figure>\n\n<hr class=\"wp-block-separator has-alpha-channel-opacity is-style-wide\"\/>\n\n<p><br\/><br\/><\/p>\n<nav class=\"homepage-tiles container container--max-width container--padded\">\n\t<ul class=\"homepage-tiles__menu\">\n\t\t\n\t\t\t\t<li class=\"homepage-tiles__menu-item\">\n\t\t\t\t\t<a class=\"homepage-tiles__link\" href=\"https:\/\/nbutexas.municodemeetings.com\/\"\n\t\t\t\t\t\t\t\t\t\t\t\ttitle=\"\u00d3rdenes del d\u00eda y presentaciones\"\n\t\t\t\t\t\t\n\t\t\t\t\t\t\t\t\t\t\t\ttarget=\"_blank\"\n\t\t\t\t\t\t>\n\n\t\t\t\t\t\t<div class=\"homepage-tiles__icon\">\n\t\t\t\t\t\t\t<i class=\"icon icon-noticias\"><\/i>\n\t\t\t\t\t\t<\/div>\n\t\t\t\t\t\t<div class=\"homepage-tiles__title\">\u00d3rdenes del d\u00eda y presentaciones<\/div>\n\t\t\t\t\t<\/a>\n\t\t\t\t<\/li>\n\t\t\n\t\t\t\t<li class=\"homepage-tiles__menu-item\">\n\t\t\t\t\t<a class=\"homepage-tiles__link\" href=\"https:\/\/nbutexas.municodemeetings.com\/\"\n\t\t\t\t\t\t\t\t\t\t\t\ttitle=\"Calendario de reuniones\"\n\t\t\t\t\t\t\n\t\t\t\t\t\t\t\t\t\t\t\ttarget=\"_blank\"\n\t\t\t\t\t\t>\n\n\t\t\t\t\t\t<div class=\"homepage-tiles__icon\">\n\t\t\t\t\t\t\t<i class=\"icon icon-calendario\"><\/i>\n\t\t\t\t\t\t<\/div>\n\t\t\t\t\t\t<div class=\"homepage-tiles__title\">Calendario de reuniones<\/div>\n\t\t\t\t\t<\/a>\n\t\t\t\t<\/li>\n\t\t\n\t\t\t\t<li class=\"homepage-tiles__menu-item\">\n\t\t\t\t\t<a class=\"homepage-tiles__link\" href=\"https:\/\/app.smartsheet.com\/b\/form\/9b8635ddddd84a4f843f74d561eee648\"\n\t\t\t\t\t\t\t\t\t\t\t\ttitle=\"Preguntas o comentarios del p\u00fablico\"\n\t\t\t\t\t\t\n\t\t\t\t\t\t\t\t\t\t\t\ttarget=\"_blank\"\n\t\t\t\t\t\t>\n\n\t\t\t\t\t\t<div class=\"homepage-tiles__icon\">\n\t\t\t\t\t\t\t<i class=\"icon icon-atenci\u00f3n al cliente\"><\/i>\n\t\t\t\t\t\t<\/div>\n\t\t\t\t\t\t<div class=\"homepage-tiles__title\">Preguntas o comentarios del p\u00fablico<\/div>\n\t\t\t\t\t<\/a>\n\t\t\t\t<\/li>\n\t\t\n\t\t\t\t<li class=\"homepage-tiles__menu-item\">\n\t\t\t\t\t<a class=\"homepage-tiles__link\" href=\"https:\/\/www.nbutexas.com\/wp-content\/uploads\/2023\/10\/CAP-Bylaws-10.26.2023-FINAL.pdf\"\n\t\t\t\t\t\t\t\t\t\t\t\ttitle=\"Estatutos\"\n\t\t\t\t\t\t\n\t\t\t\t\t\t\t\t\t\t\t\ttarget=\"_blank\"\n\t\t\t\t\t\t>\n\n\t\t\t\t\t\t<div class=\"homepage-tiles__icon\">\n\t\t\t\t\t\t\t<i class=\"icon icon-documento\"><\/i>\n\t\t\t\t\t\t<\/div>\n\t\t\t\t\t\t<div class=\"homepage-tiles__title\">Estatutos<\/div>\n\t\t\t\t\t<\/a>\n\t\t\t\t<\/li>\n\t\t\t<\/ul>\n<\/nav>\n\n<p><\/p>\n\n<h2 class=\"wp-block-heading\">Prop\u00f3sito<\/h2>\n\n<ul class=\"wp-block-list\">\n<li><strong>Orientar Decisiones Informadas<\/strong>: Durante su servicio, los miembros trabajar\u00e1n con NBU y expertos en la materia para revisar datos e informaci\u00f3n y hacer recomendaciones a la Junta Directiva de NBU que dar\u00e1n forma al futuro.<\/li>\n\n\n\n<li><strong>Marca la diferencia<\/strong>: Al formar parte de la Comisi\u00f3n Consultiva Comunitaria, los miembros pueden contribuir activamente a mejorar la comunidad. Todas las voces importan, y las opiniones de la comunidad pueden ser muy valiosas para ayudar a dar forma a las decisiones que afectan a New Braunfels Utilities. <\/li>\n<\/ul>\n\n<h2 class=\"wp-block-heading\">Detalles<\/h2>\n\n<ul class=\"wp-block-list\">\n<li><strong>Frecuencia de las reuniones<\/strong>: Las reuniones de la Comisi\u00f3n Consultiva de la Comunidad tendr\u00e1n lugar mensualmente para debatir temas relevantes, aportar opiniones y colaborar en las iniciativas de la NBU.<\/li>\n\n\n\n<li> <strong>Duraci\u00f3n del mandato:<\/strong> Los miembros seleccionados tendr\u00e1n un mandato escalonado de hasta tres a\u00f1os. La duraci\u00f3n del mandato de cada miembro se determinar\u00e1 durante la primera reuni\u00f3n de la Comisi\u00f3n Consultiva Comunitaria. <\/li>\n\n\n\n<li><strong>Core Initiatives:<\/strong>&nbsp;There are three core NBU initiatives the Community Advisory Panel will address, including:\n<ol class=\"wp-block-list\" start=\"1\" style=\"list-style-type:1\">\n<li>Plan Integrado de Recursos<\/li>\n\n\n\n<li>Plan de Gesti\u00f3n de la Sequ\u00eda<\/li>\n\n\n\n<li>Estudio de dise\u00f1o de tarifas para los ejercicios 2026 y 2027<\/li>\n<\/ol>\n<\/li>\n<\/ul>\n\n<hr class=\"wp-block-separator has-alpha-channel-opacity is-style-wide\"\/>\n\n<h2 class=\"wp-block-heading\">Participa<\/h2>\n\n<p>Adem\u00e1s de formar parte de la Comisi\u00f3n Consultiva Comunitaria, NBU anima a los residentes de la comunidad a asistir a las reuniones como observadores, aportar comentarios y participar en asuntos relacionados con las iniciativas de NBU.<\/p>\n\n<p>Visita esta p\u00e1gina a menudo para obtener m\u00e1s informaci\u00f3n sobre las pr\u00f3ximas iniciativas y actividades de la Comisi\u00f3n Consultiva Comunitaria.<\/p>\n","protected":false},"excerpt":{"rendered":"<p>New Braunfels Utilities se complace en anunciar la formaci\u00f3n del Panel Asesor de la Comunidad, una iniciativa dise\u00f1ada para fomentar\u2026<\/p>\n","protected":false},"author":30,"featured_media":0,"parent":0,"menu_order":0,"comment_status":"closed","ping_status":"closed","template":"","meta":{"_acf_changed":false,"footnotes":""},"class_list":["post-28589","page","type-page","status-publish","hentry"],"acf":[],"yoast_head":"<!-- This site is optimized with the Yoast SEO plugin v27.2 - https:\/\/yoast.com\/product\/yoast-seo-wordpress\/ -->\n<title>Comisi\u00f3n Consultiva Comunitaria - New Braunfels Utilities Website<\/title>\n<meta name=\"robots\" content=\"index, follow, max-snippet:-1, max-image-preview:large, max-video-preview:-1\" \/>\n<link rel=\"canonical\" href=\"https:\/\/www.nbutexas.com\/es\/comision-consultiva-comunitaria\/\" \/>\n<meta property=\"og:locale\" content=\"es_ES\" \/>\n<meta property=\"og:type\" content=\"article\" \/>\n<meta property=\"og:title\" content=\"Comisi\u00f3n Consultiva Comunitaria - New Braunfels Utilities Website\" \/>\n<meta property=\"og:description\" content=\"New Braunfels Utilities se complace en anunciar la formaci\u00f3n del Panel Asesor de la Comunidad, una iniciativa dise\u00f1ada para fomentar\u2026\" \/>\n<meta property=\"og:url\" content=\"https:\/\/www.nbutexas.com\/es\/comision-consultiva-comunitaria\/\" \/>\n<meta property=\"og:site_name\" content=\"New Braunfels Utilities Website\" \/>\n<meta property=\"article:modified_time\" content=\"2025-03-25T14:48:36+00:00\" \/>\n<meta property=\"og:image\" content=\"https:\/\/www.nbutexas.com\/wp-content\/uploads\/2024\/03\/DSCF8428-2-1024x608.jpg\" \/>\n<meta name=\"twitter:card\" content=\"summary_large_image\" \/>\n<meta name=\"twitter:label1\" content=\"Est. reading time\" \/>\n\t<meta name=\"twitter:data1\" content=\"2 minutes\" \/>\n<script type=\"application\/ld+json\" class=\"yoast-schema-graph\">{\"@context\":\"https:\/\/schema.org\",\"@graph\":[{\"@type\":\"WebPage\",\"@id\":\"https:\/\/www.nbutexas.com\/es\/comision-consultiva-comunitaria\/\",\"url\":\"https:\/\/www.nbutexas.com\/es\/comision-consultiva-comunitaria\/\",\"name\":\"Comisi\u00f3n Consultiva Comunitaria - New Braunfels Utilities Website\",\"isPartOf\":{\"@id\":\"https:\/\/www.nbutexas.com\/es\/#website\"},\"primaryImageOfPage\":{\"@id\":\"https:\/\/www.nbutexas.com\/es\/comision-consultiva-comunitaria\/#primaryimage\"},\"image\":{\"@id\":\"https:\/\/www.nbutexas.com\/es\/comision-consultiva-comunitaria\/#primaryimage\"},\"thumbnailUrl\":\"http:\/\/live-nbu.pantheonsite.io\/wp-content\/uploads\/2024\/03\/DSCF8428-2-1024x608.jpg\",\"datePublished\":\"2023-09-28T14:22:27+00:00\",\"dateModified\":\"2025-03-25T14:48:36+00:00\",\"breadcrumb\":{\"@id\":\"https:\/\/www.nbutexas.com\/es\/comision-consultiva-comunitaria\/#breadcrumb\"},\"inLanguage\":\"es-ES\",\"potentialAction\":[{\"@type\":\"ReadAction\",\"target\":[\"https:\/\/www.nbutexas.com\/es\/comision-consultiva-comunitaria\/\"]}]},{\"@type\":\"ImageObject\",\"inLanguage\":\"es-ES\",\"@id\":\"https:\/\/www.nbutexas.com\/es\/comision-consultiva-comunitaria\/#primaryimage\",\"url\":\"http:\/\/live-nbu.pantheonsite.io\/wp-content\/uploads\/2024\/03\/DSCF8428-2-1024x608.jpg\",\"contentUrl\":\"http:\/\/live-nbu.pantheonsite.io\/wp-content\/uploads\/2024\/03\/DSCF8428-2-1024x608.jpg\"},{\"@type\":\"BreadcrumbList\",\"@id\":\"https:\/\/www.nbutexas.com\/es\/comision-consultiva-comunitaria\/#breadcrumb\",\"itemListElement\":[{\"@type\":\"ListItem\",\"position\":1,\"name\":\"Home\",\"item\":\"https:\/\/www.nbutexas.com\/es\/servicio-residencial-y-comercial\/\"},{\"@type\":\"ListItem\",\"position\":2,\"name\":\"Comisi\u00f3n Consultiva Comunitaria\"}]},{\"@type\":\"WebSite\",\"@id\":\"https:\/\/www.nbutexas.com\/es\/#website\",\"url\":\"https:\/\/www.nbutexas.com\/es\/\",\"name\":\"New Braunfels Utilities Website\",\"description\":\"Your Utility&#039;s Site\",\"potentialAction\":[{\"@type\":\"SearchAction\",\"target\":{\"@type\":\"EntryPoint\",\"urlTemplate\":\"https:\/\/www.nbutexas.com\/es\/?s={search_term_string}\"},\"query-input\":{\"@type\":\"PropertyValueSpecification\",\"valueRequired\":true,\"valueName\":\"search_term_string\"}}],\"inLanguage\":\"es-ES\"}]}<\/script>\n<!-- \/ Yoast SEO plugin. -->","yoast_head_json":{"title":"Comisi\u00f3n Consultiva Comunitaria - New Braunfels Utilities Website","robots":{"index":"index","follow":"follow","max-snippet":"max-snippet:-1","max-image-preview":"max-image-preview:large","max-video-preview":"max-video-preview:-1"},"canonical":"https:\/\/www.nbutexas.com\/es\/comision-consultiva-comunitaria\/","og_locale":"es_ES","og_type":"article","og_title":"Comisi\u00f3n Consultiva Comunitaria - New Braunfels Utilities Website","og_description":"New Braunfels Utilities se complace en anunciar la formaci\u00f3n del Panel Asesor de la Comunidad, una iniciativa dise\u00f1ada para fomentar\u2026","og_url":"https:\/\/www.nbutexas.com\/es\/comision-consultiva-comunitaria\/","og_site_name":"New Braunfels Utilities Website","article_modified_time":"2025-03-25T14:48:36+00:00","og_image":[{"url":"https:\/\/www.nbutexas.com\/wp-content\/uploads\/2024\/03\/DSCF8428-2-1024x608.jpg","type":"","width":"","height":""}],"twitter_card":"summary_large_image","twitter_misc":{"Est. reading time":"2 minutes"},"schema":{"@context":"https:\/\/schema.org","@graph":[{"@type":"WebPage","@id":"https:\/\/www.nbutexas.com\/es\/comision-consultiva-comunitaria\/","url":"https:\/\/www.nbutexas.com\/es\/comision-consultiva-comunitaria\/","name":"Comisi\u00f3n Consultiva Comunitaria - New Braunfels Utilities Website","isPartOf":{"@id":"https:\/\/www.nbutexas.com\/es\/#website"},"primaryImageOfPage":{"@id":"https:\/\/www.nbutexas.com\/es\/comision-consultiva-comunitaria\/#primaryimage"},"image":{"@id":"https:\/\/www.nbutexas.com\/es\/comision-consultiva-comunitaria\/#primaryimage"},"thumbnailUrl":"http:\/\/live-nbu.pantheonsite.io\/wp-content\/uploads\/2024\/03\/DSCF8428-2-1024x608.jpg","datePublished":"2023-09-28T14:22:27+00:00","dateModified":"2025-03-25T14:48:36+00:00","breadcrumb":{"@id":"https:\/\/www.nbutexas.com\/es\/comision-consultiva-comunitaria\/#breadcrumb"},"inLanguage":"es-ES","potentialAction":[{"@type":"ReadAction","target":["https:\/\/www.nbutexas.com\/es\/comision-consultiva-comunitaria\/"]}]},{"@type":"ImageObject","inLanguage":"es-ES","@id":"https:\/\/www.nbutexas.com\/es\/comision-consultiva-comunitaria\/#primaryimage","url":"http:\/\/live-nbu.pantheonsite.io\/wp-content\/uploads\/2024\/03\/DSCF8428-2-1024x608.jpg","contentUrl":"http:\/\/live-nbu.pantheonsite.io\/wp-content\/uploads\/2024\/03\/DSCF8428-2-1024x608.jpg"},{"@type":"BreadcrumbList","@id":"https:\/\/www.nbutexas.com\/es\/comision-consultiva-comunitaria\/#breadcrumb","itemListElement":[{"@type":"ListItem","position":1,"name":"Home","item":"https:\/\/www.nbutexas.com\/es\/servicio-residencial-y-comercial\/"},{"@type":"ListItem","position":2,"name":"Comisi\u00f3n Consultiva Comunitaria"}]},{"@type":"WebSite","@id":"https:\/\/www.nbutexas.com\/es\/#website","url":"https:\/\/www.nbutexas.com\/es\/","name":"New Braunfels Utilities Website","description":"Your Utility&#039;s Site","potentialAction":[{"@type":"SearchAction","target":{"@type":"EntryPoint","urlTemplate":"https:\/\/www.nbutexas.com\/es\/?s={search_term_string}"},"query-input":{"@type":"PropertyValueSpecification","valueRequired":true,"valueName":"search_term_string"}}],"inLanguage":"es-ES"}]}},"_links":{"self":[{"href":"https:\/\/www.nbutexas.com\/es\/wp-json\/wp\/v2\/pages\/28589","targetHints":{"allow":["GET"]}}],"collection":[{"href":"https:\/\/www.nbutexas.com\/es\/wp-json\/wp\/v2\/pages"}],"about":[{"href":"https:\/\/www.nbutexas.com\/es\/wp-json\/wp\/v2\/types\/page"}],"author":[{"embeddable":true,"href":"https:\/\/www.nbutexas.com\/es\/wp-json\/wp\/v2\/users\/30"}],"replies":[{"embeddable":true,"href":"https:\/\/www.nbutexas.com\/es\/wp-json\/wp\/v2\/comments?post=28589"}],"version-history":[{"count":1,"href":"https:\/\/www.nbutexas.com\/es\/wp-json\/wp\/v2\/pages\/28589\/revisions"}],"predecessor-version":[{"id":28593,"href":"https:\/\/www.nbutexas.com\/es\/wp-json\/wp\/v2\/pages\/28589\/revisions\/28593"}],"wp:attachment":[{"href":"https:\/\/www.nbutexas.com\/es\/wp-json\/wp\/v2\/media?parent=28589"}],"curies":[{"name":"wp","href":"https:\/\/api.w.org\/{rel}","templated":true}]}}