{"id":28600,"date":"2023-10-24T11:30:55","date_gmt":"2023-10-24T16:30:55","guid":{"rendered":"https:\/\/www.nbutexas.com\/educacion-solar\/"},"modified":"2025-05-29T12:25:52","modified_gmt":"2025-05-29T17:25:52","slug":"educacion-solar","status":"publish","type":"page","link":"https:\/\/www.nbutexas.com\/es\/educacion-solar\/","title":{"rendered":"Educaci\u00f3n Solar"},"content":{"rendered":"\n<h2 class=\"wp-block-heading\">Solar y NBU<\/h2>\n\n<p>Con el lanzamiento de nuestro nuevo programa de Contratistas Solares Participantes, NBU se complace en ofrecer una mejor atenci\u00f3n al cliente para ayudar a particulares y empresas a aprovechar el poder de la energ\u00eda solar en nuestra regi\u00f3n. A continuaci\u00f3n puedes ver los aspectos m\u00e1s destacados del nuevo programa. <\/p>\n\n<p><strong>Lista de Contratistas Solares Participantes:<\/strong> NBU exige ahora a los contratistas que pretendan ofrecer la Bonificaci\u00f3n Solar de NBU que se inscriban en el nuevo Programa de Contratistas Solares Participantes. Los contratistas deben someterse a sesiones de formaci\u00f3n y revisiones anuales para mantener su elegibilidad para participar en el programa y garantizar que todos los participantes cumplen las directrices del programa de NBU. Una vez inscritos, los contratistas solares deben mantener pr\u00e1cticas empresariales \u00e9ticas para permanecer en la <a href=\"https:\/\/publish.smartsheet.com\/47b6a7d69db74c13825f5f61aace21e3\">lista<\/a>.    <\/p>\n\n<p><strong>Mejora del proceso de descuentos e incentivos solares:<\/strong> Ahora contamos con personal dedicado a ayudar a los clientes a lo largo de su viaje hacia la energ\u00eda solar. Adem\u00e1s, la Bonificaci\u00f3n Solar de NBU se ha ajustado para ofrecer pagos a un mayor n\u00famero de instalaciones solares. <\/p>\n\n<p><strong>Recursos en l\u00ednea ampliados:<\/strong> Los recursos web actualizados proporcionan a los clientes informaci\u00f3n de f\u00e1cil navegaci\u00f3n y respuestas a preguntas relacionadas con la energ\u00eda solar, junto con un proceso paso a paso de conexi\u00f3n solar y descuentos disponibles. Hay disponible un curso online de educaci\u00f3n del cliente para orientar a los interesados en la energ\u00eda solar para su hogar o negocio. Adem\u00e1s, hay recursos disponibles para contratistas, que ofrecen una visi\u00f3n clara del proceso de interconexi\u00f3n solar de NBU.  <\/p>\n\n<p><strong>Asistencia y consulta al cliente:<\/strong> Nuestro compromiso con la satisfacci\u00f3n del cliente va m\u00e1s all\u00e1 de la instalaci\u00f3n. Ahora ofrecemos un completo servicio de atenci\u00f3n al cliente para garantizar una experiencia perfecta desde la consulta inicial hasta la finalizaci\u00f3n de los sistemas solares instalados. Ponte en contacto con nosotros por <a href=\"mailto:solar@nbutexas.com\" target=\"_blank\" rel=\"noreferrer noopener\">correo electr\u00f3nico <\/a>o llama <a href=\"tel:830-312-7034\">al 830.312.7934<\/a> si necesitas ayuda o tienes alguna pregunta.  <\/p>\n\n<hr class=\"wp-block-separator has-alpha-channel-opacity is-style-wide\"\/>\n\n<h2 class=\"wp-block-heading\">Energ\u00eda solar residencial<\/h2>\n\n<p>\u00bfEst\u00e1s pensando en instalar energ\u00eda solar en tu casa? Los sistemas solares fotovoltaicos son limpios, silenciosos y una forma eficiente de generar energ\u00eda renovable. NBU proporciona formaci\u00f3n sobre energ\u00eda solar para ayudarte a ser un comprador informado y ofrece un descuento para ayudarte a ahorrar dinero con tu compra.  <\/p>\n\n<figure class=\"wp-block-image size-large is-style-default\"><a href=\"https:\/\/www.nbutexas.com\/wp-content\/uploads\/2023\/11\/23-20033-SolarInterconnectionGraphic-02-scaled.jpg\"><img loading=\"lazy\" decoding=\"async\" width=\"1024\" height=\"277\" src=\"https:\/\/www.nbutexas.com\/wp-content\/uploads\/2023\/11\/23-20033-SolarInterconnectionGraphic-02-1024x277.jpg\" alt=\"\" class=\"wp-image-21889\" srcset=\"https:\/\/www.nbutexas.com\/wp-content\/uploads\/2023\/11\/23-20033-SolarInterconnectionGraphic-02-1024x277.jpg 1024w, https:\/\/www.nbutexas.com\/wp-content\/uploads\/2023\/11\/23-20033-SolarInterconnectionGraphic-02-300x81.jpg 300w, https:\/\/www.nbutexas.com\/wp-content\/uploads\/2023\/11\/23-20033-SolarInterconnectionGraphic-02-768x207.jpg 768w, https:\/\/www.nbutexas.com\/wp-content\/uploads\/2023\/11\/23-20033-SolarInterconnectionGraphic-02-1536x415.jpg 1536w, https:\/\/www.nbutexas.com\/wp-content\/uploads\/2023\/11\/23-20033-SolarInterconnectionGraphic-02-2048x553.jpg 2048w, https:\/\/www.nbutexas.com\/wp-content\/uploads\/2023\/11\/23-20033-SolarInterconnectionGraphic-02-1200x324.jpg 1200w, https:\/\/www.nbutexas.com\/wp-content\/uploads\/2023\/11\/23-20033-SolarInterconnectionGraphic-02-576x156.jpg 576w\" sizes=\"auto, (max-width: 1024px) 100vw, 1024px\" \/><\/a><figcaption class=\"wp-element-caption\">Selecciona la imagen para ver a pantalla completa la Gu\u00eda de Interconexi\u00f3n Solar.<\/figcaption><\/figure>\n<div class=\"columns\">\n\t<div class=\"columns__title heading--2\">Recursos solares<\/div>\n\t\t\t<div class=\"columns__columns\">\n\t\t\t\t\t\t<div class=\"columns__column column\">\n\t\t\t\t<div class=\"column__title\">Evitar las estafas solares<\/div>\n\t\t\t\t<div class=\"column__text\">Aprende los aspectos importantes que hay que tener en cuenta al comprar un sistema solar y c\u00f3mo evitar las estafas habituales.<\/div>\n\n\t\t\t\t\t\t\t\t<a class=\"column__callout link--underline\" href=\"https:\/\/www.nbutexas.com\/avoiding-solar-scams\/\" >Evitar las estafas solares<\/a>\n\t\t\t<\/div>\n\t\t\t\t\t\t<div class=\"columns__column column\">\n\t\t\t\t<div class=\"column__title\">Preguntas frecuentes<\/div>\n\t\t\t\t<div class=\"column__text\">Revisa una lista de preguntas frecuentes para estar informado a la hora de investigar y comprar una instalaci\u00f3n solar.<\/div>\n\n\t\t\t\t\t\t\t\t<a class=\"column__callout link--underline\" href=\"https:\/\/www.nbutexas.com\/wp-content\/uploads\/2025\/04\/Frequently-Asked-Questions-About-Solar-Energy-2024-1.pdf\" >Preguntas frecuentes sobre energ\u00eda solar<\/a>\n\t\t\t<\/div>\n\t\t\t\t\t\t<div class=\"columns__column column\">\n\t\t\t\t<div class=\"column__title\">Para Contratistas Solares:<\/div>\n\t\t\t\t<div class=\"column__text\">\u00bfEst\u00e1s interesado en registrar tu empresa como uno de nuestros nuevos Contratistas Solares Participantes? Sigue nuestro proceso paso a paso para ser reconocido en la lista. <\/div>\n\n\t\t\t\t\t\t\t\t<a class=\"column__callout link--underline\" href=\"https:\/\/www.nbutexas.com\/becoming-participating-solar-contractor\/\" >Convertirse en Contratista Solar Participante<\/a>\n\t\t\t<\/div>\n\t\t\t\t\t<\/div>\n\t<\/div>\n\n<hr class=\"wp-block-separator has-alpha-channel-opacity is-style-wide\"\/>\n\n<h2 class=\"wp-block-heading\">Curso &#8220;Going Solar&#8221; de la NBU<\/h2>\n\n<p>La compra de un sistema solar dom\u00e9stico requiere una cuidadosa consideraci\u00f3n y planificaci\u00f3n. El Curso de Energ\u00eda Solar de la NBU te proporciona los conocimientos y herramientas necesarios para que la compra y la instalaci\u00f3n de la energ\u00eda solar sean positivas, y es necesario para obtener un descuento de la NBU de hasta 3.000 $. <\/p>\n\n<p>El curso, de 20 minutos de duraci\u00f3n, trata temas como:<\/p>\n\n<ul class=\"wp-block-list\">\n<li>Establecer tus objetivos<\/li>\n\n\n\n<li>Crear un plan<\/li>\n\n\n\n<li>Elegir un contratista<\/li>\n\n\n\n<li>Instalar tu sistema solar<\/li>\n\n\n\n<li>Solicitar la bonificaci\u00f3n<\/li>\n\n\n\n<li>Mantener tu sistema<\/li>\n<\/ul>\n\n<div class=\"wp-block-buttons is-layout-flex wp-block-buttons-is-layout-flex\">\n<div class=\"wp-block-button\"><a class=\"wp-block-button__link wp-element-button\" href=\"https:\/\/www.youtube.com\/watch?v=eY5zJw5WfxA\">Haz el curso<\/a><\/div>\n<\/div>\n\n<div class=\"wp-block-buttons is-layout-flex wp-block-buttons-is-layout-flex\">\n<div class=\"wp-block-button\"><a class=\"wp-block-button__link wp-element-button\" href=\"https:\/\/www.nbutexas.com\/wp-content\/uploads\/2025\/04\/Customer-Education-Acknowledgment-Form.pdf\">Formulario de Reconocimiento Educativo del Cliente<br\/>(Necesario para poder optar al reembolso)<\/a><\/div>\n<\/div>\n<div class=\"callout-icon\">\n\t<i class=\"callout-icon__icon callout-icon__icon--orange icon icon-sun\"><\/i>\n\t<div class=\"callout-icon__copy\">\n\t\t\t\t<div class=\"callout-icon__headline\"> \u00bfTienes preguntas sobre la energ\u00eda solar? <\/div>\n\t\t\n\t\t\t\t<div class=\"callout-icon__text wysiwyg\"><p>Ponte en contacto con nosotros por <a href=\"mailto:solar@nbutexas.com\">correo electr\u00f3nico<\/a> o llama <a href=\"tel:8303127934\">al 830.312.7934<\/a> para obtener m\u00e1s informaci\u00f3n.<\/p>\n<\/div>\n\t\t\n\t\t\t<\/div>\n<\/div>\n","protected":false},"excerpt":{"rendered":"<p>Solar y NBU Con el lanzamiento de nuestro nuevo programa de Contratistas Solares Participantes, NBU se complace en ofrecer una\u2026<\/p>\n","protected":false},"author":30,"featured_media":0,"parent":0,"menu_order":0,"comment_status":"closed","ping_status":"closed","template":"page-template-residential-solar.php","meta":{"_acf_changed":false,"footnotes":""},"class_list":["post-28600","page","type-page","status-publish","hentry"],"acf":[],"yoast_head":"<!-- This site is optimized with the Yoast SEO plugin v27.2 - https:\/\/yoast.com\/product\/yoast-seo-wordpress\/ -->\n<title>Educaci\u00f3n Solar - New Braunfels Utilities Website<\/title>\n<meta name=\"robots\" content=\"index, follow, max-snippet:-1, max-image-preview:large, max-video-preview:-1\" \/>\n<link rel=\"canonical\" href=\"https:\/\/www.nbutexas.com\/es\/educacion-solar\/\" \/>\n<meta property=\"og:locale\" content=\"es_ES\" \/>\n<meta property=\"og:type\" content=\"article\" \/>\n<meta property=\"og:title\" content=\"Educaci\u00f3n Solar - New Braunfels Utilities Website\" \/>\n<meta property=\"og:description\" content=\"Solar y NBU Con el lanzamiento de nuestro nuevo programa de Contratistas Solares Participantes, NBU se complace en ofrecer una\u2026\" \/>\n<meta property=\"og:url\" content=\"https:\/\/www.nbutexas.com\/es\/educacion-solar\/\" \/>\n<meta property=\"og:site_name\" content=\"New Braunfels Utilities Website\" \/>\n<meta property=\"article:modified_time\" content=\"2025-05-29T17:25:52+00:00\" \/>\n<meta property=\"og:image\" content=\"https:\/\/www.nbutexas.com\/wp-content\/uploads\/2023\/11\/23-20033-SolarInterconnectionGraphic-02-scaled.jpg\" \/>\n\t<meta property=\"og:image:width\" content=\"2560\" \/>\n\t<meta property=\"og:image:height\" content=\"692\" \/>\n\t<meta property=\"og:image:type\" content=\"image\/jpeg\" \/>\n<meta name=\"twitter:card\" content=\"summary_large_image\" \/>\n<meta name=\"twitter:label1\" content=\"Est. reading time\" \/>\n\t<meta name=\"twitter:data1\" content=\"3 minutes\" \/>\n<script type=\"application\/ld+json\" class=\"yoast-schema-graph\">{\"@context\":\"https:\/\/schema.org\",\"@graph\":[{\"@type\":\"WebPage\",\"@id\":\"https:\/\/www.nbutexas.com\/es\/educacion-solar\/\",\"url\":\"https:\/\/www.nbutexas.com\/es\/educacion-solar\/\",\"name\":\"Educaci\u00f3n Solar - New Braunfels Utilities Website\",\"isPartOf\":{\"@id\":\"https:\/\/www.nbutexas.com\/es\/#website\"},\"primaryImageOfPage\":{\"@id\":\"https:\/\/www.nbutexas.com\/es\/educacion-solar\/#primaryimage\"},\"image\":{\"@id\":\"https:\/\/www.nbutexas.com\/es\/educacion-solar\/#primaryimage\"},\"thumbnailUrl\":\"https:\/\/www.nbutexas.com\/wp-content\/uploads\/2023\/11\/23-20033-SolarInterconnectionGraphic-02-1024x277.jpg\",\"datePublished\":\"2023-10-24T16:30:55+00:00\",\"dateModified\":\"2025-05-29T17:25:52+00:00\",\"breadcrumb\":{\"@id\":\"https:\/\/www.nbutexas.com\/es\/educacion-solar\/#breadcrumb\"},\"inLanguage\":\"es-ES\",\"potentialAction\":[{\"@type\":\"ReadAction\",\"target\":[\"https:\/\/www.nbutexas.com\/es\/educacion-solar\/\"]}]},{\"@type\":\"ImageObject\",\"inLanguage\":\"es-ES\",\"@id\":\"https:\/\/www.nbutexas.com\/es\/educacion-solar\/#primaryimage\",\"url\":\"https:\/\/www.nbutexas.com\/wp-content\/uploads\/2023\/11\/23-20033-SolarInterconnectionGraphic-02-1024x277.jpg\",\"contentUrl\":\"https:\/\/www.nbutexas.com\/wp-content\/uploads\/2023\/11\/23-20033-SolarInterconnectionGraphic-02-1024x277.jpg\"},{\"@type\":\"BreadcrumbList\",\"@id\":\"https:\/\/www.nbutexas.com\/es\/educacion-solar\/#breadcrumb\",\"itemListElement\":[{\"@type\":\"ListItem\",\"position\":1,\"name\":\"Home\",\"item\":\"https:\/\/www.nbutexas.com\/es\/servicio-residencial-y-comercial\/\"},{\"@type\":\"ListItem\",\"position\":2,\"name\":\"Educaci\u00f3n Solar\"}]},{\"@type\":\"WebSite\",\"@id\":\"https:\/\/www.nbutexas.com\/es\/#website\",\"url\":\"https:\/\/www.nbutexas.com\/es\/\",\"name\":\"New Braunfels Utilities Website\",\"description\":\"Your Utility&#039;s Site\",\"potentialAction\":[{\"@type\":\"SearchAction\",\"target\":{\"@type\":\"EntryPoint\",\"urlTemplate\":\"https:\/\/www.nbutexas.com\/es\/?s={search_term_string}\"},\"query-input\":{\"@type\":\"PropertyValueSpecification\",\"valueRequired\":true,\"valueName\":\"search_term_string\"}}],\"inLanguage\":\"es-ES\"}]}<\/script>\n<!-- \/ Yoast SEO plugin. -->","yoast_head_json":{"title":"Educaci\u00f3n Solar - New Braunfels Utilities Website","robots":{"index":"index","follow":"follow","max-snippet":"max-snippet:-1","max-image-preview":"max-image-preview:large","max-video-preview":"max-video-preview:-1"},"canonical":"https:\/\/www.nbutexas.com\/es\/educacion-solar\/","og_locale":"es_ES","og_type":"article","og_title":"Educaci\u00f3n Solar - New Braunfels Utilities Website","og_description":"Solar y NBU Con el lanzamiento de nuestro nuevo programa de Contratistas Solares Participantes, NBU se complace en ofrecer una\u2026","og_url":"https:\/\/www.nbutexas.com\/es\/educacion-solar\/","og_site_name":"New Braunfels Utilities Website","article_modified_time":"2025-05-29T17:25:52+00:00","og_image":[{"width":2560,"height":692,"url":"https:\/\/www.nbutexas.com\/wp-content\/uploads\/2023\/11\/23-20033-SolarInterconnectionGraphic-02-scaled.jpg","type":"image\/jpeg"}],"twitter_card":"summary_large_image","twitter_misc":{"Est. reading time":"3 minutes"},"schema":{"@context":"https:\/\/schema.org","@graph":[{"@type":"WebPage","@id":"https:\/\/www.nbutexas.com\/es\/educacion-solar\/","url":"https:\/\/www.nbutexas.com\/es\/educacion-solar\/","name":"Educaci\u00f3n Solar - New Braunfels Utilities Website","isPartOf":{"@id":"https:\/\/www.nbutexas.com\/es\/#website"},"primaryImageOfPage":{"@id":"https:\/\/www.nbutexas.com\/es\/educacion-solar\/#primaryimage"},"image":{"@id":"https:\/\/www.nbutexas.com\/es\/educacion-solar\/#primaryimage"},"thumbnailUrl":"https:\/\/www.nbutexas.com\/wp-content\/uploads\/2023\/11\/23-20033-SolarInterconnectionGraphic-02-1024x277.jpg","datePublished":"2023-10-24T16:30:55+00:00","dateModified":"2025-05-29T17:25:52+00:00","breadcrumb":{"@id":"https:\/\/www.nbutexas.com\/es\/educacion-solar\/#breadcrumb"},"inLanguage":"es-ES","potentialAction":[{"@type":"ReadAction","target":["https:\/\/www.nbutexas.com\/es\/educacion-solar\/"]}]},{"@type":"ImageObject","inLanguage":"es-ES","@id":"https:\/\/www.nbutexas.com\/es\/educacion-solar\/#primaryimage","url":"https:\/\/www.nbutexas.com\/wp-content\/uploads\/2023\/11\/23-20033-SolarInterconnectionGraphic-02-1024x277.jpg","contentUrl":"https:\/\/www.nbutexas.com\/wp-content\/uploads\/2023\/11\/23-20033-SolarInterconnectionGraphic-02-1024x277.jpg"},{"@type":"BreadcrumbList","@id":"https:\/\/www.nbutexas.com\/es\/educacion-solar\/#breadcrumb","itemListElement":[{"@type":"ListItem","position":1,"name":"Home","item":"https:\/\/www.nbutexas.com\/es\/servicio-residencial-y-comercial\/"},{"@type":"ListItem","position":2,"name":"Educaci\u00f3n Solar"}]},{"@type":"WebSite","@id":"https:\/\/www.nbutexas.com\/es\/#website","url":"https:\/\/www.nbutexas.com\/es\/","name":"New Braunfels Utilities Website","description":"Your Utility&#039;s Site","potentialAction":[{"@type":"SearchAction","target":{"@type":"EntryPoint","urlTemplate":"https:\/\/www.nbutexas.com\/es\/?s={search_term_string}"},"query-input":{"@type":"PropertyValueSpecification","valueRequired":true,"valueName":"search_term_string"}}],"inLanguage":"es-ES"}]}},"_links":{"self":[{"href":"https:\/\/www.nbutexas.com\/es\/wp-json\/wp\/v2\/pages\/28600","targetHints":{"allow":["GET"]}}],"collection":[{"href":"https:\/\/www.nbutexas.com\/es\/wp-json\/wp\/v2\/pages"}],"about":[{"href":"https:\/\/www.nbutexas.com\/es\/wp-json\/wp\/v2\/types\/page"}],"author":[{"embeddable":true,"href":"https:\/\/www.nbutexas.com\/es\/wp-json\/wp\/v2\/users\/30"}],"replies":[{"embeddable":true,"href":"https:\/\/www.nbutexas.com\/es\/wp-json\/wp\/v2\/comments?post=28600"}],"version-history":[{"count":7,"href":"https:\/\/www.nbutexas.com\/es\/wp-json\/wp\/v2\/pages\/28600\/revisions"}],"predecessor-version":[{"id":29419,"href":"https:\/\/www.nbutexas.com\/es\/wp-json\/wp\/v2\/pages\/28600\/revisions\/29419"}],"wp:attachment":[{"href":"https:\/\/www.nbutexas.com\/es\/wp-json\/wp\/v2\/media?parent=28600"}],"curies":[{"name":"wp","href":"https:\/\/api.w.org\/{rel}","templated":true}]}}