{"id":28605,"date":"2023-10-31T15:06:57","date_gmt":"2023-10-31T20:06:57","guid":{"rendered":"https:\/\/www.nbutexas.com\/bonificacion-solar\/"},"modified":"2025-05-29T12:25:52","modified_gmt":"2025-05-29T17:25:52","slug":"bonificacion-solar","status":"publish","type":"page","link":"https:\/\/www.nbutexas.com\/es\/bonificacion-solar\/","title":{"rendered":"Bonificaci\u00f3n solar"},"content":{"rendered":"\n<h2 class=\"wp-block-heading\">La Bonificaci\u00f3n Solar NBU<\/h2>\n\n<p>Con el programa de Reembolso Solar Residencial de NBU puedes:<\/p>\n\n<ul class=\"wp-block-list\">\n<li>Reduce tu factura energ\u00e9tica<br\/>Gana un reembolso de la NBU de hasta 3.000 $.<\/li>\n<\/ul>\n\n<h2 class=\"wp-block-heading\">C\u00f3mo cumplir los requisitos<\/h2>\n\n<ul class=\"wp-block-list\">\n<li>Cumplir los requisitos de elegibilidad.<\/li>\n\n\n\n<li>Rellena el <a href=\"https:\/\/www.nbutexas.com\/wp-content\/uploads\/2025\/04\/Customer-Education-Acknowledgment-Form.pdf\">formulario de Reconocimiento de<\/a> <a href=\"https:\/\/www.youtube.com\/watch?v=eY5zJw5WfxA\">Curso<\/a> y Educaci\u00f3n del Cliente de NBU Going Solar.<\/li>\n\n\n\n<li>Selecciona un contratista de la lista de Contratistas <a href=\"https:\/\/publish.smartsheet.com\/47b6a7d69db74c13825f5f61aace21e3\">Participantes<\/a> de NBU: los clientes s\u00f3lo pueden optar a la rebaja si utilizan un Contratista Solar Participante de la lista.<\/li>\n\n\n\n<li>Env\u00eda la <a href=\"https:\/\/www.nbutexas.com\/wp-content\/uploads\/2025\/04\/23-20223_ResidentialSolarRebateApplicationGuidelines-02-1.pdf\">solicitud de reembolso<\/a>, el contrato solar firmado y el Formulario de Reconocimiento de Educaci\u00f3n del Cliente<br\/>a <a href=\"mailto:solar@nbutexas.com\">solar@nbutexas.com.<\/a><\/li>\n<\/ul>\n\n<hr class=\"wp-block-separator has-alpha-channel-opacity is-style-wide\"\/>\n\n<h2 class=\"wp-block-heading\">Directrices de reembolso<\/h2>\n\t<div class=\"accordion\">\n\t\t\t\t<div class=\"accordion__section\">\n\t\t<header class=\"accordion__section-header\">\n\t\t\t<button class=\"accordion__section-toggle\" data-close-toggle=\".accordion__section-toggle\" data-close-target=\".accordion__section-content\" data-toggle-active=\"#accordion-section-69e9ef52b3fb1\" id=\"accordion-toggle-69e9ef52b3fb0\" aria-expanded=\"false\" data-controller=\"regionToggle\" aria-controls=\"accordion-toggle-69e9ef52b3fb0\">\n\t\t\t\t<div class=\"accordion__section-title\">Requisitos previos<\/div>\n\t\t\t\t<div class=\"accordion__section-icon\"><span class=\"sr-only\"><\/span><i class=\"icon icon-\"><\/i><\/div>\n\t\t\t<\/button>\n\t\t<\/header>\n\t\t<div class=\"accordion__section-content inactive wysiwyg\" id=\"accordion-section-69e9ef52b3fb1\" aria-labelledby=\"accordion-toggle-69e9ef52b3fb0\" role=\"region\" hidden>\n\t\t\t<ul>\n<li>Debes tener una cuenta de suministro el\u00e9ctrico residencial de NBU<\/li>\n<li>El sistema solar FV debe estar conectado a una cuenta el\u00e9ctrica residencial de NBU en la que se vaya a instalar el sistema FV<\/li>\n<li>La financiaci\u00f3n del Programa de Reembolso Solar de NBU se realiza por orden de llegada. Los fondos de descuento no se reservan para los sistemas durante el proceso de interconexi\u00f3n de NBU. <\/li>\n<\/ul>\n\t\t<\/div>\n\t<\/div>\n\t\t<div class=\"accordion__section\">\n\t\t<header class=\"accordion__section-header\">\n\t\t\t<button class=\"accordion__section-toggle\" data-close-toggle=\".accordion__section-toggle\" data-close-target=\".accordion__section-content\" data-toggle-active=\"#accordion-section-69e9ef52b415e\" id=\"accordion-toggle-69e9ef52b415d\" aria-expanded=\"false\" data-controller=\"regionToggle\" aria-controls=\"accordion-toggle-69e9ef52b415d\">\n\t\t\t\t<div class=\"accordion__section-title\">Requisitos<\/div>\n\t\t\t\t<div class=\"accordion__section-icon\"><span class=\"sr-only\"><\/span><i class=\"icon icon-\"><\/i><\/div>\n\t\t\t<\/button>\n\t\t<\/header>\n\t\t<div class=\"accordion__section-content inactive wysiwyg\" id=\"accordion-section-69e9ef52b415e\" aria-labelledby=\"accordion-toggle-69e9ef52b415d\" role=\"region\" hidden>\n\t\t\t<ul>\n<li>Debes completar el <em>Curso NBU Going<\/em> Solar antes de solicitar una bonificaci\u00f3n<\/li>\n<li>Debes utilizar un Contratista Participante de NBU para instalar tu sistema solar FV &#8211; consulta la <a href=\"https:\/\/publish.smartsheet.com\/47b6a7d69db74c13825f5f61aace21e3\">Lista de Contratistas Participantes<\/a><\/li>\n<li>El sistema fotovoltaico solar debe ser de 3 kW (CC) o superior, y estar libre de sombras en su mayor parte<\/li>\n<li>La solicitud de reembolso debe presentarse en un plazo de 12 meses a partir de la recepci\u00f3n del permiso de explotaci\u00f3n (PTO).<\/li>\n<\/ul>\n\t\t<\/div>\n\t<\/div>\n\t\t<div class=\"accordion__section\">\n\t\t<header class=\"accordion__section-header\">\n\t\t\t<button class=\"accordion__section-toggle\" data-close-toggle=\".accordion__section-toggle\" data-close-target=\".accordion__section-content\" data-toggle-active=\"#accordion-section-69e9ef52b42d9\" id=\"accordion-toggle-69e9ef52b42d8\" aria-expanded=\"false\" data-controller=\"regionToggle\" aria-controls=\"accordion-toggle-69e9ef52b42d8\">\n\t\t\t\t<div class=\"accordion__section-title\">Exclusiones<\/div>\n\t\t\t\t<div class=\"accordion__section-icon\"><span class=\"sr-only\"><\/span><i class=\"icon icon-\"><\/i><\/div>\n\t\t\t<\/button>\n\t\t<\/header>\n\t\t<div class=\"accordion__section-content inactive wysiwyg\" id=\"accordion-section-69e9ef52b42d9\" aria-labelledby=\"accordion-toggle-69e9ef52b42d8\" role=\"region\" hidden>\n\t\t\t<ul>\n<li>En el territorio de servicio de NBU <strong>no <\/strong>est\u00e1n permitidos los Acuerdos de Compra de Energ\u00eda (PPA) de energ\u00eda solar de terceros.<\/li>\n<li>Las viviendas con sistemas fotovoltaicos solares existentes o ampliaciones del sistema no pueden participar en este programa<\/li>\n<li>Los sistemas fotovoltaicos solares arrendados <strong>no <\/strong>pueden participar en este programa<\/li>\n<\/ul>\n<ul>\n<li>Los clientes que hayan recibido un descuento solar en los \u00faltimos 12 meses no pueden solicitar un descuento en la misma direcci\u00f3n.<\/li>\n<\/ul>\n\t\t<\/div>\n\t<\/div>\n\t\t<\/div>\n\n<p>Consulta nuestras <a href=\"https:\/\/www.nbutexas.com\/wp-content\/uploads\/2025\/04\/23-20223_ResidentialSolarRebateApplicationGuidelines-02-1.pdf\" target=\"_blank\" rel=\"noreferrer noopener\">Directrices y Solicitud de Reembolso Solar de NBU<\/a><strong> <\/strong>para obtener una lista completa de los detalles del programa.<\/p>\n","protected":false},"excerpt":{"rendered":"<p>La Bonificaci\u00f3n Solar NBU Con el programa de Reembolso Solar Residencial de NBU puedes: C\u00f3mo cumplir los requisitos Directrices de\u2026<\/p>\n","protected":false},"author":30,"featured_media":0,"parent":0,"menu_order":0,"comment_status":"closed","ping_status":"closed","template":"page-template-residential-solar.php","meta":{"_acf_changed":false,"footnotes":""},"class_list":["post-28605","page","type-page","status-publish","hentry"],"acf":[],"yoast_head":"<!-- This site is optimized with the Yoast SEO plugin v27.4 - https:\/\/yoast.com\/product\/yoast-seo-wordpress\/ -->\n<title>Bonificaci\u00f3n solar - New Braunfels Utilities Website<\/title>\n<meta name=\"robots\" content=\"index, follow, max-snippet:-1, max-image-preview:large, max-video-preview:-1\" \/>\n<link rel=\"canonical\" href=\"https:\/\/www.nbutexas.com\/es\/bonificacion-solar\/\" \/>\n<meta property=\"og:locale\" content=\"es_ES\" \/>\n<meta property=\"og:type\" content=\"article\" \/>\n<meta property=\"og:title\" content=\"Bonificaci\u00f3n solar - New Braunfels Utilities Website\" \/>\n<meta property=\"og:description\" content=\"La Bonificaci\u00f3n Solar NBU Con el programa de Reembolso Solar Residencial de NBU puedes: C\u00f3mo cumplir los requisitos Directrices de\u2026\" \/>\n<meta property=\"og:url\" content=\"https:\/\/www.nbutexas.com\/es\/bonificacion-solar\/\" \/>\n<meta property=\"og:site_name\" content=\"New Braunfels Utilities Website\" \/>\n<meta property=\"article:modified_time\" content=\"2025-05-29T17:25:52+00:00\" \/>\n<meta name=\"twitter:card\" content=\"summary_large_image\" \/>\n<meta name=\"twitter:label1\" content=\"Est. reading time\" \/>\n\t<meta name=\"twitter:data1\" content=\"1 minute\" \/>\n<script type=\"application\/ld+json\" class=\"yoast-schema-graph\">{\"@context\":\"https:\\\/\\\/schema.org\",\"@graph\":[{\"@type\":\"WebPage\",\"@id\":\"https:\\\/\\\/www.nbutexas.com\\\/es\\\/bonificacion-solar\\\/\",\"url\":\"https:\\\/\\\/www.nbutexas.com\\\/es\\\/bonificacion-solar\\\/\",\"name\":\"Bonificaci\u00f3n solar - New Braunfels Utilities Website\",\"isPartOf\":{\"@id\":\"https:\\\/\\\/www.nbutexas.com\\\/es\\\/#website\"},\"datePublished\":\"2023-10-31T20:06:57+00:00\",\"dateModified\":\"2025-05-29T17:25:52+00:00\",\"breadcrumb\":{\"@id\":\"https:\\\/\\\/www.nbutexas.com\\\/es\\\/bonificacion-solar\\\/#breadcrumb\"},\"inLanguage\":\"es-ES\",\"potentialAction\":[{\"@type\":\"ReadAction\",\"target\":[\"https:\\\/\\\/www.nbutexas.com\\\/es\\\/bonificacion-solar\\\/\"]}]},{\"@type\":\"BreadcrumbList\",\"@id\":\"https:\\\/\\\/www.nbutexas.com\\\/es\\\/bonificacion-solar\\\/#breadcrumb\",\"itemListElement\":[{\"@type\":\"ListItem\",\"position\":1,\"name\":\"Home\",\"item\":\"https:\\\/\\\/www.nbutexas.com\\\/es\\\/servicio-residencial-y-comercial\\\/\"},{\"@type\":\"ListItem\",\"position\":2,\"name\":\"Bonificaci\u00f3n solar\"}]},{\"@type\":\"WebSite\",\"@id\":\"https:\\\/\\\/www.nbutexas.com\\\/es\\\/#website\",\"url\":\"https:\\\/\\\/www.nbutexas.com\\\/es\\\/\",\"name\":\"New Braunfels Utilities Website\",\"description\":\"Your Utility&#039;s Site\",\"potentialAction\":[{\"@type\":\"SearchAction\",\"target\":{\"@type\":\"EntryPoint\",\"urlTemplate\":\"https:\\\/\\\/www.nbutexas.com\\\/es\\\/?s={search_term_string}\"},\"query-input\":{\"@type\":\"PropertyValueSpecification\",\"valueRequired\":true,\"valueName\":\"search_term_string\"}}],\"inLanguage\":\"es-ES\"}]}<\/script>\n<!-- \/ Yoast SEO plugin. -->","yoast_head_json":{"title":"Bonificaci\u00f3n solar - New Braunfels Utilities Website","robots":{"index":"index","follow":"follow","max-snippet":"max-snippet:-1","max-image-preview":"max-image-preview:large","max-video-preview":"max-video-preview:-1"},"canonical":"https:\/\/www.nbutexas.com\/es\/bonificacion-solar\/","og_locale":"es_ES","og_type":"article","og_title":"Bonificaci\u00f3n solar - New Braunfels Utilities Website","og_description":"La Bonificaci\u00f3n Solar NBU Con el programa de Reembolso Solar Residencial de NBU puedes: C\u00f3mo cumplir los requisitos Directrices de\u2026","og_url":"https:\/\/www.nbutexas.com\/es\/bonificacion-solar\/","og_site_name":"New Braunfels Utilities Website","article_modified_time":"2025-05-29T17:25:52+00:00","twitter_card":"summary_large_image","twitter_misc":{"Est. reading time":"1 minute"},"schema":{"@context":"https:\/\/schema.org","@graph":[{"@type":"WebPage","@id":"https:\/\/www.nbutexas.com\/es\/bonificacion-solar\/","url":"https:\/\/www.nbutexas.com\/es\/bonificacion-solar\/","name":"Bonificaci\u00f3n solar - New Braunfels Utilities Website","isPartOf":{"@id":"https:\/\/www.nbutexas.com\/es\/#website"},"datePublished":"2023-10-31T20:06:57+00:00","dateModified":"2025-05-29T17:25:52+00:00","breadcrumb":{"@id":"https:\/\/www.nbutexas.com\/es\/bonificacion-solar\/#breadcrumb"},"inLanguage":"es-ES","potentialAction":[{"@type":"ReadAction","target":["https:\/\/www.nbutexas.com\/es\/bonificacion-solar\/"]}]},{"@type":"BreadcrumbList","@id":"https:\/\/www.nbutexas.com\/es\/bonificacion-solar\/#breadcrumb","itemListElement":[{"@type":"ListItem","position":1,"name":"Home","item":"https:\/\/www.nbutexas.com\/es\/servicio-residencial-y-comercial\/"},{"@type":"ListItem","position":2,"name":"Bonificaci\u00f3n solar"}]},{"@type":"WebSite","@id":"https:\/\/www.nbutexas.com\/es\/#website","url":"https:\/\/www.nbutexas.com\/es\/","name":"New Braunfels Utilities Website","description":"Your Utility&#039;s Site","potentialAction":[{"@type":"SearchAction","target":{"@type":"EntryPoint","urlTemplate":"https:\/\/www.nbutexas.com\/es\/?s={search_term_string}"},"query-input":{"@type":"PropertyValueSpecification","valueRequired":true,"valueName":"search_term_string"}}],"inLanguage":"es-ES"}]}},"_links":{"self":[{"href":"https:\/\/www.nbutexas.com\/es\/wp-json\/wp\/v2\/pages\/28605","targetHints":{"allow":["GET"]}}],"collection":[{"href":"https:\/\/www.nbutexas.com\/es\/wp-json\/wp\/v2\/pages"}],"about":[{"href":"https:\/\/www.nbutexas.com\/es\/wp-json\/wp\/v2\/types\/page"}],"author":[{"embeddable":true,"href":"https:\/\/www.nbutexas.com\/es\/wp-json\/wp\/v2\/users\/30"}],"replies":[{"embeddable":true,"href":"https:\/\/www.nbutexas.com\/es\/wp-json\/wp\/v2\/comments?post=28605"}],"version-history":[{"count":12,"href":"https:\/\/www.nbutexas.com\/es\/wp-json\/wp\/v2\/pages\/28605\/revisions"}],"predecessor-version":[{"id":29417,"href":"https:\/\/www.nbutexas.com\/es\/wp-json\/wp\/v2\/pages\/28605\/revisions\/29417"}],"wp:attachment":[{"href":"https:\/\/www.nbutexas.com\/es\/wp-json\/wp\/v2\/media?parent=28605"}],"curies":[{"name":"wp","href":"https:\/\/api.w.org\/{rel}","templated":true}]}}