{"id":28607,"date":"2023-11-07T10:15:46","date_gmt":"2023-11-07T16:15:46","guid":{"rendered":"https:\/\/www.nbutexas.com\/contratistas-solares-participantes-en-nbu\/"},"modified":"2025-03-25T09:48:37","modified_gmt":"2025-03-25T14:48:37","slug":"contratistas-solares-participantes-en-nbu","status":"publish","type":"page","link":"https:\/\/www.nbutexas.com\/es\/contratistas-solares-participantes-en-nbu\/","title":{"rendered":"Contratistas solares participantes en NBU"},"content":{"rendered":"\n<h2 class=\"wp-block-heading\">Encuentra un contratista solar<\/h2>\n\n<ul class=\"wp-block-list\">\n<li>S\u00f3lo los sistemas instalados por un <a href=\"https:\/\/publish.smartsheet.com\/47b6a7d69db74c13825f5f61aace21e3\">Contratista Solar Participante<\/a> de la lista pueden optar al descuento solar de NBU.<\/li>\n\n\n\n<li>Todos los contratistas participantes deben cumplir el <a href=\"http:\/\/live-nbu.pantheonsite.io\/wp-content\/uploads\/2024\/01\/NBU-Solar-Program-Contractor-Code-of-Conduct-1.11.2024.pdf\">C\u00f3digo de Conducta y Requisitos \u00c9ticos de NBU<\/a> y el <a href=\"http:\/\/live-nbu.pantheonsite.io\/wp-content\/uploads\/2024\/01\/23-20222_Solar-Contractor-Handbook-05.pdf\">Manual del Contratista Participante en el Programa de Reembolso Solar de NBU<\/a>, y se espera de ellos que realicen sus negocios de forma honesta, profesional y \u00e9tica para permanecer en nuestra lista de contratistas participantes.<\/li>\n\n\n\n<li>Puedes optar por utilizar una empresa de energ\u00eda solar que no figure en esta lista, pero no podr\u00e1s optar a la bonificaci\u00f3n solar de NBU.<\/li>\n\n\n\n<li>Recomendamos a los clientes que comprueben las referencias y obtengan al menos tres presupuestos.<\/li>\n<\/ul>\n\n<div class=\"wp-block-buttons is-layout-flex wp-block-buttons-is-layout-flex\">\n<div class=\"wp-block-button\"><a class=\"wp-block-button__link wp-element-button\" href=\"https:\/\/publish.smartsheet.com\/47b6a7d69db74c13825f5f61aace21e3\" target=\"_blank\" rel=\"noreferrer noopener\">Lista de contratistas participantes<\/a><\/div>\n<\/div>\n\n<h2 class=\"wp-block-heading\">Convertirse en Contratista Solar Participante<\/h2>\n\n<p>\u00bfEst\u00e1s interesado en registrar tu empresa como uno de nuestros nuevos Contratistas Solares Participantes? Sigue nuestro <a href=\"https:\/\/www.nbutexas.com\/es\/convertirse-en-contratista-solar-participante\/\">proceso paso a paso<\/a> para ser reconocido en la lista y poder ofrecer el descuento solar NBU como incentivo a tus clientes. <\/p>\n\n<div class=\"wp-block-buttons is-layout-flex wp-block-buttons-is-layout-flex\">\n<div class=\"wp-block-button\"><a class=\"wp-block-button__link wp-element-button\" href=\"https:\/\/www.nbutexas.com\/wp-content\/uploads\/2025\/03\/Solar-Interconnection-Steps-1.pdf\" target=\"_blank\" rel=\"noreferrer noopener\">Pasos de la instalaci\u00f3n del contratista<\/a><\/div>\n<\/div>\n\n<div class=\"wp-block-buttons is-layout-flex wp-block-buttons-is-layout-flex\">\n<div class=\"wp-block-button\"><a class=\"wp-block-button__link wp-element-button\" href=\"https:\/\/app.smartsheet.com\/b\/form\/a52923b3abd347d5b08eeb812ea5d253\" target=\"_blank\" rel=\"noreferrer noopener\"><strong>Solicitud de Interconexi\u00f3n Solar NBU<\/strong><\/a><\/div>\n<\/div>\n\n<hr class=\"wp-block-separator has-alpha-channel-opacity is-style-wide\"\/>\n<div class=\"columns\">\n\t<div class=\"columns__title heading--2\">Recursos solares<\/div>\n\t\t\t<div class=\"columns__columns\">\n\t\t\t\t\t\t<div class=\"columns__column column\">\n\t\t\t\t<div class=\"column__title\">Evitar las estafas solares<\/div>\n\t\t\t\t<div class=\"column__text\">Aprende los aspectos importantes que hay que tener en cuenta al comprar un sistema solar y c\u00f3mo evitar las estafas habituales.<\/div>\n\n\t\t\t\t\t\t\t\t<a class=\"column__callout link--underline\" href=\"https:\/\/www.nbutexas.com\/avoiding-solar-scams\/\" >Evitar las estafas solares<\/a>\n\t\t\t<\/div>\n\t\t\t\t\t\t<div class=\"columns__column column\">\n\t\t\t\t<div class=\"column__title\">Preguntas frecuentes<\/div>\n\t\t\t\t<div class=\"column__text\">Revisa una lista de preguntas frecuentes para estar informado a la hora de investigar y comprar una instalaci\u00f3n solar.<\/div>\n\n\t\t\t\t\t\t\t\t<a class=\"column__callout link--underline\" href=\"https:\/\/www.nbutexas.com\/wp-content\/uploads\/2024\/02\/Frequently-Asked-Questions-About-Solar-Energy-2024.pdf\" >Preguntas frecuentes sobre energ\u00eda solar<\/a>\n\t\t\t<\/div>\n\t\t\t\t\t<\/div>\n\t<\/div>\n","protected":false},"excerpt":{"rendered":"<p>Encuentra un contratista solar Convertirse en Contratista Solar Participante \u00bfEst\u00e1s interesado en registrar tu empresa como uno de nuestros nuevos\u2026<\/p>\n","protected":false},"author":30,"featured_media":0,"parent":0,"menu_order":0,"comment_status":"closed","ping_status":"closed","template":"page-template-residential-solar.php","meta":{"_acf_changed":false,"footnotes":""},"class_list":["post-28607","page","type-page","status-publish","hentry"],"acf":[],"yoast_head":"<!-- This site is optimized with the Yoast SEO plugin v27.4 - https:\/\/yoast.com\/product\/yoast-seo-wordpress\/ -->\n<title>Contratistas solares participantes en NBU - New Braunfels Utilities Website<\/title>\n<meta name=\"robots\" content=\"index, follow, max-snippet:-1, max-image-preview:large, max-video-preview:-1\" \/>\n<link rel=\"canonical\" href=\"https:\/\/www.nbutexas.com\/es\/contratistas-solares-participantes-en-nbu\/\" \/>\n<meta property=\"og:locale\" content=\"es_ES\" \/>\n<meta property=\"og:type\" content=\"article\" \/>\n<meta property=\"og:title\" content=\"Contratistas solares participantes en NBU - New Braunfels Utilities Website\" \/>\n<meta property=\"og:description\" content=\"Encuentra un contratista solar Convertirse en Contratista Solar Participante \u00bfEst\u00e1s interesado en registrar tu empresa como uno de nuestros nuevos\u2026\" \/>\n<meta property=\"og:url\" content=\"https:\/\/www.nbutexas.com\/es\/contratistas-solares-participantes-en-nbu\/\" \/>\n<meta property=\"og:site_name\" content=\"New Braunfels Utilities Website\" \/>\n<meta property=\"article:modified_time\" content=\"2025-03-25T14:48:37+00:00\" \/>\n<meta name=\"twitter:card\" content=\"summary_large_image\" \/>\n<meta name=\"twitter:label1\" content=\"Est. reading time\" \/>\n\t<meta name=\"twitter:data1\" content=\"1 minute\" \/>\n<script type=\"application\/ld+json\" class=\"yoast-schema-graph\">{\"@context\":\"https:\\\/\\\/schema.org\",\"@graph\":[{\"@type\":\"WebPage\",\"@id\":\"https:\\\/\\\/www.nbutexas.com\\\/es\\\/contratistas-solares-participantes-en-nbu\\\/\",\"url\":\"https:\\\/\\\/www.nbutexas.com\\\/es\\\/contratistas-solares-participantes-en-nbu\\\/\",\"name\":\"Contratistas solares participantes en NBU - New Braunfels Utilities Website\",\"isPartOf\":{\"@id\":\"https:\\\/\\\/www.nbutexas.com\\\/es\\\/#website\"},\"datePublished\":\"2023-11-07T16:15:46+00:00\",\"dateModified\":\"2025-03-25T14:48:37+00:00\",\"breadcrumb\":{\"@id\":\"https:\\\/\\\/www.nbutexas.com\\\/es\\\/contratistas-solares-participantes-en-nbu\\\/#breadcrumb\"},\"inLanguage\":\"es-ES\",\"potentialAction\":[{\"@type\":\"ReadAction\",\"target\":[\"https:\\\/\\\/www.nbutexas.com\\\/es\\\/contratistas-solares-participantes-en-nbu\\\/\"]}]},{\"@type\":\"BreadcrumbList\",\"@id\":\"https:\\\/\\\/www.nbutexas.com\\\/es\\\/contratistas-solares-participantes-en-nbu\\\/#breadcrumb\",\"itemListElement\":[{\"@type\":\"ListItem\",\"position\":1,\"name\":\"Home\",\"item\":\"https:\\\/\\\/www.nbutexas.com\\\/es\\\/servicio-residencial-y-comercial\\\/\"},{\"@type\":\"ListItem\",\"position\":2,\"name\":\"Contratistas solares participantes en NBU\"}]},{\"@type\":\"WebSite\",\"@id\":\"https:\\\/\\\/www.nbutexas.com\\\/es\\\/#website\",\"url\":\"https:\\\/\\\/www.nbutexas.com\\\/es\\\/\",\"name\":\"New Braunfels Utilities Website\",\"description\":\"Your Utility&#039;s Site\",\"potentialAction\":[{\"@type\":\"SearchAction\",\"target\":{\"@type\":\"EntryPoint\",\"urlTemplate\":\"https:\\\/\\\/www.nbutexas.com\\\/es\\\/?s={search_term_string}\"},\"query-input\":{\"@type\":\"PropertyValueSpecification\",\"valueRequired\":true,\"valueName\":\"search_term_string\"}}],\"inLanguage\":\"es-ES\"}]}<\/script>\n<!-- \/ Yoast SEO plugin. -->","yoast_head_json":{"title":"Contratistas solares participantes en NBU - New Braunfels Utilities Website","robots":{"index":"index","follow":"follow","max-snippet":"max-snippet:-1","max-image-preview":"max-image-preview:large","max-video-preview":"max-video-preview:-1"},"canonical":"https:\/\/www.nbutexas.com\/es\/contratistas-solares-participantes-en-nbu\/","og_locale":"es_ES","og_type":"article","og_title":"Contratistas solares participantes en NBU - New Braunfels Utilities Website","og_description":"Encuentra un contratista solar Convertirse en Contratista Solar Participante \u00bfEst\u00e1s interesado en registrar tu empresa como uno de nuestros nuevos\u2026","og_url":"https:\/\/www.nbutexas.com\/es\/contratistas-solares-participantes-en-nbu\/","og_site_name":"New Braunfels Utilities Website","article_modified_time":"2025-03-25T14:48:37+00:00","twitter_card":"summary_large_image","twitter_misc":{"Est. reading time":"1 minute"},"schema":{"@context":"https:\/\/schema.org","@graph":[{"@type":"WebPage","@id":"https:\/\/www.nbutexas.com\/es\/contratistas-solares-participantes-en-nbu\/","url":"https:\/\/www.nbutexas.com\/es\/contratistas-solares-participantes-en-nbu\/","name":"Contratistas solares participantes en NBU - New Braunfels Utilities Website","isPartOf":{"@id":"https:\/\/www.nbutexas.com\/es\/#website"},"datePublished":"2023-11-07T16:15:46+00:00","dateModified":"2025-03-25T14:48:37+00:00","breadcrumb":{"@id":"https:\/\/www.nbutexas.com\/es\/contratistas-solares-participantes-en-nbu\/#breadcrumb"},"inLanguage":"es-ES","potentialAction":[{"@type":"ReadAction","target":["https:\/\/www.nbutexas.com\/es\/contratistas-solares-participantes-en-nbu\/"]}]},{"@type":"BreadcrumbList","@id":"https:\/\/www.nbutexas.com\/es\/contratistas-solares-participantes-en-nbu\/#breadcrumb","itemListElement":[{"@type":"ListItem","position":1,"name":"Home","item":"https:\/\/www.nbutexas.com\/es\/servicio-residencial-y-comercial\/"},{"@type":"ListItem","position":2,"name":"Contratistas solares participantes en NBU"}]},{"@type":"WebSite","@id":"https:\/\/www.nbutexas.com\/es\/#website","url":"https:\/\/www.nbutexas.com\/es\/","name":"New Braunfels Utilities Website","description":"Your Utility&#039;s Site","potentialAction":[{"@type":"SearchAction","target":{"@type":"EntryPoint","urlTemplate":"https:\/\/www.nbutexas.com\/es\/?s={search_term_string}"},"query-input":{"@type":"PropertyValueSpecification","valueRequired":true,"valueName":"search_term_string"}}],"inLanguage":"es-ES"}]}},"_links":{"self":[{"href":"https:\/\/www.nbutexas.com\/es\/wp-json\/wp\/v2\/pages\/28607","targetHints":{"allow":["GET"]}}],"collection":[{"href":"https:\/\/www.nbutexas.com\/es\/wp-json\/wp\/v2\/pages"}],"about":[{"href":"https:\/\/www.nbutexas.com\/es\/wp-json\/wp\/v2\/types\/page"}],"author":[{"embeddable":true,"href":"https:\/\/www.nbutexas.com\/es\/wp-json\/wp\/v2\/users\/30"}],"replies":[{"embeddable":true,"href":"https:\/\/www.nbutexas.com\/es\/wp-json\/wp\/v2\/comments?post=28607"}],"version-history":[{"count":1,"href":"https:\/\/www.nbutexas.com\/es\/wp-json\/wp\/v2\/pages\/28607\/revisions"}],"predecessor-version":[{"id":28608,"href":"https:\/\/www.nbutexas.com\/es\/wp-json\/wp\/v2\/pages\/28607\/revisions\/28608"}],"wp:attachment":[{"href":"https:\/\/www.nbutexas.com\/es\/wp-json\/wp\/v2\/media?parent=28607"}],"curies":[{"name":"wp","href":"https:\/\/api.w.org\/{rel}","templated":true}]}}