{"id":28610,"date":"2024-06-14T10:48:29","date_gmt":"2024-06-14T15:48:29","guid":{"rendered":"https:\/\/www.nbutexas.com\/inspecciones-electricas\/"},"modified":"2025-04-21T16:09:58","modified_gmt":"2025-04-21T21:09:58","slug":"inspecciones-electricas","status":"publish","type":"page","link":"https:\/\/www.nbutexas.com\/es\/inspecciones-electricas\/","title":{"rendered":"Inspecciones el\u00e9ctricas"},"content":{"rendered":"\n<p>Nos complace anunciar que nuestro proceso de inspecci\u00f3n el\u00e9ctrica se ha simplificado para tu comodidad. Para acceder a todos los detalles necesarios y completar tu inspecci\u00f3n, haz clic en el siguiente enlace y env\u00eda tu solicitud. <\/p>\n\n<hr class=\"wp-block-separator has-alpha-channel-opacity is-style-wide\"\/>\n<div class=\"callout-icon\">\n\t<i class=\"callout-icon__icon callout-icon__icon--naranja icon icon-el\u00e9ctrico\"><\/i>\n\t<div class=\"callout-icon__copy\">\n\t\t\t\t<div class=\"callout-icon__headline\"> Inspecciones el\u00e9ctricas <\/div>\n\t\t\n\t\t\t\t<div class=\"callout-icon__text wysiwyg\"><p>&nbsp;<\/p>\n<p>Para inspecciones <strong>temporales, permanentes o subterr\u00e1neas<\/strong> (conducto de zanja, relleno\/cinta, cable de tracci\u00f3n o montaje en plataforma), env\u00eda tu solicitud a continuaci\u00f3n.<\/p>\n<p>Si tienes preguntas durante la inspecci\u00f3n o necesitas ayuda, puedes ponerte en contacto con nosotros en el <a href=\"tel:830.608.8992\">830.608.8992<\/a> o en <a href=\"tel:830.608.8919\">el 830.608.8919<\/a>.<\/p>\n<p>&nbsp;<\/p>\n<\/div>\n\t\t\n\t\t\t\t\t<a title=\"Solicitar una inspecci\u00f3n el\u00e9ctrica\" href=\"https:\/\/survey123.arcgis.com\/share\/c37feb90d9a74ca4839d198738701d82\" class=\"callout-icon__link btn btn--yellow btn--3d\">Solicitar una inspecci\u00f3n el\u00e9ctrica<\/a>\t\t\t<\/div>\n<\/div>\n\n<p><\/p>\n\n<hr class=\"wp-block-separator has-alpha-channel-opacity is-style-wide\"\/>\n\t<div class=\"resources\">\n\t\t\t\t<div class=\"resources__title\">Recursos<\/div>\n\t\t\t\t<ul class=\"resources__resources\">\n\t\t\n\t\t\t<li class=\"resource\">\n\t\t\t\t<div class=\"resource__wrapper\">\n\t\t\t\t\t\t\t\t\t\t\t<i class=\"resource__icon icon icon-document\"><\/i>\n\t\t\t\t\t\t\t\t\t\t<div class=\"resource__content\">\n\t\t\t\t\t\t<p class=\"resource__title\">Poda de \u00e1rboles &#8211; Buenas pr\u00e1cticas<\/p>\n\t\t\t\t\t\t\t\t\t\t\t\t<a class=\"resource__prompt\" target=\"\" href=\"https:\/\/www.nbutexas.com\/tree-trimming\/\">View Page<span class=\"sr-only\">: Poda de \u00e1rboles &#8211; Buenas pr\u00e1cticas<\/span><\/a>\n\t\t\t\t\t<\/div>\n\t\t\t\t<\/div>\n\t\t\t\t\t\t\t<\/li>\n\t\t\n\t\t\t<li class=\"resource\">\n\t\t\t\t<div class=\"resource__wrapper\">\n\t\t\t\t\t\t\t\t\t\t\t<i class=\"resource__icon icon icon-document\"><\/i>\n\t\t\t\t\t\t\t\t\t\t<div class=\"resource__content\">\n\t\t\t\t\t\t<p class=\"resource__title\">Recursos de seguridad el\u00e9ctrica<\/p>\n\t\t\t\t\t\t\t\t\t\t\t\t<a class=\"resource__prompt\" target=\"\" href=\"https:\/\/www.esfi.org\/home-safety\/electrical-safety\/\">View Page<span class=\"sr-only\">: Recursos de seguridad el\u00e9ctrica<\/span><\/a>\n\t\t\t\t\t<\/div>\n\t\t\t\t<\/div>\n\t\t\t\t\t\t\t<\/li>\n\t\t\t\t<\/ul>\n\t<\/div>\n","protected":false},"excerpt":{"rendered":"<p>Nos complace anunciar que nuestro proceso de inspecci\u00f3n el\u00e9ctrica se ha simplificado para tu comodidad. Para acceder a todos los\u2026<\/p>\n","protected":false},"author":30,"featured_media":0,"parent":0,"menu_order":0,"comment_status":"closed","ping_status":"closed","template":"","meta":{"_acf_changed":false,"footnotes":""},"class_list":["post-28610","page","type-page","status-publish","hentry"],"acf":[],"yoast_head":"<!-- This site is optimized with the Yoast SEO plugin v27.5 - https:\/\/yoast.com\/product\/yoast-seo-wordpress\/ -->\n<title>Inspecciones el\u00e9ctricas - New Braunfels Utilities Website<\/title>\n<meta name=\"robots\" content=\"index, follow, max-snippet:-1, max-image-preview:large, max-video-preview:-1\" \/>\n<link rel=\"canonical\" href=\"https:\/\/www.nbutexas.com\/es\/inspecciones-electricas\/\" \/>\n<meta property=\"og:locale\" content=\"es_ES\" \/>\n<meta property=\"og:type\" content=\"article\" \/>\n<meta property=\"og:title\" content=\"Inspecciones el\u00e9ctricas - New Braunfels Utilities Website\" \/>\n<meta property=\"og:description\" content=\"Nos complace anunciar que nuestro proceso de inspecci\u00f3n el\u00e9ctrica se ha simplificado para tu comodidad. Para acceder a todos los\u2026\" \/>\n<meta property=\"og:url\" content=\"https:\/\/www.nbutexas.com\/es\/inspecciones-electricas\/\" \/>\n<meta property=\"og:site_name\" content=\"New Braunfels Utilities Website\" \/>\n<meta property=\"article:modified_time\" content=\"2025-04-21T21:09:58+00:00\" \/>\n<meta name=\"twitter:card\" content=\"summary_large_image\" \/>\n<script type=\"application\/ld+json\" class=\"yoast-schema-graph\">{\"@context\":\"https:\\\/\\\/schema.org\",\"@graph\":[{\"@type\":\"WebPage\",\"@id\":\"https:\\\/\\\/www.nbutexas.com\\\/es\\\/inspecciones-electricas\\\/\",\"url\":\"https:\\\/\\\/www.nbutexas.com\\\/es\\\/inspecciones-electricas\\\/\",\"name\":\"Inspecciones el\u00e9ctricas - New Braunfels Utilities Website\",\"isPartOf\":{\"@id\":\"https:\\\/\\\/www.nbutexas.com\\\/es\\\/#website\"},\"datePublished\":\"2024-06-14T15:48:29+00:00\",\"dateModified\":\"2025-04-21T21:09:58+00:00\",\"breadcrumb\":{\"@id\":\"https:\\\/\\\/www.nbutexas.com\\\/es\\\/inspecciones-electricas\\\/#breadcrumb\"},\"inLanguage\":\"es-ES\",\"potentialAction\":[{\"@type\":\"ReadAction\",\"target\":[\"https:\\\/\\\/www.nbutexas.com\\\/es\\\/inspecciones-electricas\\\/\"]}]},{\"@type\":\"BreadcrumbList\",\"@id\":\"https:\\\/\\\/www.nbutexas.com\\\/es\\\/inspecciones-electricas\\\/#breadcrumb\",\"itemListElement\":[{\"@type\":\"ListItem\",\"position\":1,\"name\":\"Home\",\"item\":\"https:\\\/\\\/www.nbutexas.com\\\/es\\\/servicio-residencial-y-comercial\\\/\"},{\"@type\":\"ListItem\",\"position\":2,\"name\":\"Inspecciones el\u00e9ctricas\"}]},{\"@type\":\"WebSite\",\"@id\":\"https:\\\/\\\/www.nbutexas.com\\\/es\\\/#website\",\"url\":\"https:\\\/\\\/www.nbutexas.com\\\/es\\\/\",\"name\":\"New Braunfels Utilities Website\",\"description\":\"Your Utility&#039;s Site\",\"potentialAction\":[{\"@type\":\"SearchAction\",\"target\":{\"@type\":\"EntryPoint\",\"urlTemplate\":\"https:\\\/\\\/www.nbutexas.com\\\/es\\\/?s={search_term_string}\"},\"query-input\":{\"@type\":\"PropertyValueSpecification\",\"valueRequired\":true,\"valueName\":\"search_term_string\"}}],\"inLanguage\":\"es-ES\"}]}<\/script>\n<!-- \/ Yoast SEO plugin. -->","yoast_head_json":{"title":"Inspecciones el\u00e9ctricas - New Braunfels Utilities Website","robots":{"index":"index","follow":"follow","max-snippet":"max-snippet:-1","max-image-preview":"max-image-preview:large","max-video-preview":"max-video-preview:-1"},"canonical":"https:\/\/www.nbutexas.com\/es\/inspecciones-electricas\/","og_locale":"es_ES","og_type":"article","og_title":"Inspecciones el\u00e9ctricas - New Braunfels Utilities Website","og_description":"Nos complace anunciar que nuestro proceso de inspecci\u00f3n el\u00e9ctrica se ha simplificado para tu comodidad. Para acceder a todos los\u2026","og_url":"https:\/\/www.nbutexas.com\/es\/inspecciones-electricas\/","og_site_name":"New Braunfels Utilities Website","article_modified_time":"2025-04-21T21:09:58+00:00","twitter_card":"summary_large_image","schema":{"@context":"https:\/\/schema.org","@graph":[{"@type":"WebPage","@id":"https:\/\/www.nbutexas.com\/es\/inspecciones-electricas\/","url":"https:\/\/www.nbutexas.com\/es\/inspecciones-electricas\/","name":"Inspecciones el\u00e9ctricas - New Braunfels Utilities Website","isPartOf":{"@id":"https:\/\/www.nbutexas.com\/es\/#website"},"datePublished":"2024-06-14T15:48:29+00:00","dateModified":"2025-04-21T21:09:58+00:00","breadcrumb":{"@id":"https:\/\/www.nbutexas.com\/es\/inspecciones-electricas\/#breadcrumb"},"inLanguage":"es-ES","potentialAction":[{"@type":"ReadAction","target":["https:\/\/www.nbutexas.com\/es\/inspecciones-electricas\/"]}]},{"@type":"BreadcrumbList","@id":"https:\/\/www.nbutexas.com\/es\/inspecciones-electricas\/#breadcrumb","itemListElement":[{"@type":"ListItem","position":1,"name":"Home","item":"https:\/\/www.nbutexas.com\/es\/servicio-residencial-y-comercial\/"},{"@type":"ListItem","position":2,"name":"Inspecciones el\u00e9ctricas"}]},{"@type":"WebSite","@id":"https:\/\/www.nbutexas.com\/es\/#website","url":"https:\/\/www.nbutexas.com\/es\/","name":"New Braunfels Utilities Website","description":"Your Utility&#039;s Site","potentialAction":[{"@type":"SearchAction","target":{"@type":"EntryPoint","urlTemplate":"https:\/\/www.nbutexas.com\/es\/?s={search_term_string}"},"query-input":{"@type":"PropertyValueSpecification","valueRequired":true,"valueName":"search_term_string"}}],"inLanguage":"es-ES"}]}},"_links":{"self":[{"href":"https:\/\/www.nbutexas.com\/es\/wp-json\/wp\/v2\/pages\/28610","targetHints":{"allow":["GET"]}}],"collection":[{"href":"https:\/\/www.nbutexas.com\/es\/wp-json\/wp\/v2\/pages"}],"about":[{"href":"https:\/\/www.nbutexas.com\/es\/wp-json\/wp\/v2\/types\/page"}],"author":[{"embeddable":true,"href":"https:\/\/www.nbutexas.com\/es\/wp-json\/wp\/v2\/users\/30"}],"replies":[{"embeddable":true,"href":"https:\/\/www.nbutexas.com\/es\/wp-json\/wp\/v2\/comments?post=28610"}],"version-history":[{"count":3,"href":"https:\/\/www.nbutexas.com\/es\/wp-json\/wp\/v2\/pages\/28610\/revisions"}],"predecessor-version":[{"id":28937,"href":"https:\/\/www.nbutexas.com\/es\/wp-json\/wp\/v2\/pages\/28610\/revisions\/28937"}],"wp:attachment":[{"href":"https:\/\/www.nbutexas.com\/es\/wp-json\/wp\/v2\/media?parent=28610"}],"curies":[{"name":"wp","href":"https:\/\/api.w.org\/{rel}","templated":true}]}}