{"id":28613,"date":"2024-07-12T16:45:50","date_gmt":"2024-07-12T21:45:50","guid":{"rendered":"https:\/\/www.nbutexas.com\/acuifero-carrizo-wilcox\/"},"modified":"2025-03-25T09:48:56","modified_gmt":"2025-03-25T14:48:56","slug":"acuifero-carrizo-wilcox","status":"publish","type":"page","link":"https:\/\/www.nbutexas.com\/es\/acuifero-carrizo-wilcox\/","title":{"rendered":"Acu\u00edfero Carrizo-Wilcox"},"content":{"rendered":"\n<h1 class=\"wp-block-heading\">Un suministro de agua resistente<\/h1>\n\n<p>NBU ha a\u00f1adido un nuevo recurso h\u00eddrico obtenido del Acu\u00edfero Carrizo-Wilcox a partir de julio de 2024. La adici\u00f3n de esta fuente de agua representa nuestro compromiso con una gesti\u00f3n proactiva del agua para las necesidades de nuestra comunidad, tanto ahora como en el futuro. Los beneficios incluyen un mayor suministro de agua, una menor dependencia del Acu\u00edfero Edwards y resistencia a la sequ\u00eda.  <\/p>\n<div class=\"wp-block-image\">\n<figure data-wp-context=\"{&quot;imageId&quot;:&quot;69e34f39e8a54&quot;}\" data-wp-interactive=\"core\/image\" data-wp-key=\"69e34f39e8a54\" class=\"aligncenter size-full is-resized wp-lightbox-container\"><img loading=\"lazy\" decoding=\"async\" width=\"852\" height=\"667\" data-wp-class--hide=\"state.isContentHidden\" data-wp-class--show=\"state.isContentVisible\" data-wp-init=\"callbacks.setButtonStyles\" data-wp-on--click=\"actions.showLightbox\" data-wp-on--load=\"callbacks.setButtonStyles\" data-wp-on-window--resize=\"callbacks.setButtonStyles\" src=\"http:\/\/live-nbu.pantheonsite.io\/wp-content\/uploads\/2024\/07\/carrizo-map.png\" alt=\"\" class=\"wp-image-23567\" style=\"width:1024px;height:auto\" \/><button\n\t\t\tclass=\"lightbox-trigger\"\n\t\t\ttype=\"button\"\n\t\t\taria-haspopup=\"dialog\"\n\t\t\taria-label=\"Enlarge\"\n\t\t\tdata-wp-init=\"callbacks.initTriggerButton\"\n\t\t\tdata-wp-on--click=\"actions.showLightbox\"\n\t\t\tdata-wp-style--right=\"state.imageButtonRight\"\n\t\t\tdata-wp-style--top=\"state.imageButtonTop\"\n\t\t>\n\t\t\t<svg xmlns=\"http:\/\/www.w3.org\/2000\/svg\" width=\"12\" height=\"12\" fill=\"none\" viewBox=\"0 0 12 12\">\n\t\t\t\t<path fill=\"#fff\" d=\"M2 0a2 2 0 0 0-2 2v2h1.5V2a.5.5 0 0 1 .5-.5h2V0H2Zm2 10.5H2a.5.5 0 0 1-.5-.5V8H0v2a2 2 0 0 0 2 2h2v-1.5ZM8 12v-1.5h2a.5.5 0 0 0 .5-.5V8H12v2a2 2 0 0 1-2 2H8Zm2-12a2 2 0 0 1 2 2v2h-1.5V2a.5.5 0 0 0-.5-.5H8V0h2Z\" \/>\n\t\t\t<\/svg>\n\t\t<\/button><\/figure>\n<\/div>\t<div class=\"accordion\">\n\t\t\t\t\t<div class=\"accordion__title heading--6\">Preguntas frecuentes<\/div>\n\t\t\t\t<div class=\"accordion__section\">\n\t\t<header class=\"accordion__section-header\">\n\t\t\t<button class=\"accordion__section-toggle\" data-close-toggle=\".accordion__section-toggle\" data-close-target=\".accordion__section-content\" data-toggle-active=\"#accordion-section-69e34f39ec6a2\" id=\"accordion-toggle-69e34f39ec6a1\" aria-expanded=\"false\" data-controller=\"regionToggle\" aria-controls=\"accordion-toggle-69e34f39ec6a1\">\n\t\t\t\t<div class=\"accordion__section-title\">\u00bfCu\u00e1l es la fuente del agua?<\/div>\n\t\t\t\t<div class=\"accordion__section-icon\"><span class=\"sr-only\"><\/span><i class=\"icon icon-\"><\/i><\/div>\n\t\t\t<\/button>\n\t\t<\/header>\n\t\t<div class=\"accordion__section-content inactive wysiwyg\" id=\"accordion-section-69e34f39ec6a2\" aria-labelledby=\"accordion-toggle-69e34f39ec6a1\" role=\"region\" hidden>\n\t\t\t<p>Las aguas subterr\u00e1neas del acu\u00edfero Carrizo-Wilcox, cerca de Gonzales, se est\u00e1n tratando y bombeando a nuestro sistema desde una nueva planta de tratamiento de agua.<\/p>\n\t\t<\/div>\n\t<\/div>\n\t\t<div class=\"accordion__section\">\n\t\t<header class=\"accordion__section-header\">\n\t\t\t<button class=\"accordion__section-toggle\" data-close-toggle=\".accordion__section-toggle\" data-close-target=\".accordion__section-content\" data-toggle-active=\"#accordion-section-69e34f39ec890\" id=\"accordion-toggle-69e34f39ec88f\" aria-expanded=\"false\" data-controller=\"regionToggle\" aria-controls=\"accordion-toggle-69e34f39ec88f\">\n\t\t\t\t<div class=\"accordion__section-title\">Si estamos recibiendo toda esta agua, \u00bfpor qu\u00e9 seguimos teniendo restricciones de riego?<\/div>\n\t\t\t\t<div class=\"accordion__section-icon\"><span class=\"sr-only\"><\/span><i class=\"icon icon-\"><\/i><\/div>\n\t\t\t<\/button>\n\t\t<\/header>\n\t\t<div class=\"accordion__section-content inactive wysiwyg\" id=\"accordion-section-69e34f39ec890\" aria-labelledby=\"accordion-toggle-69e34f39ec88f\" role=\"region\" hidden>\n\t\t\t<p>Nuestra regi\u00f3n sigue sufriendo una importante sequ\u00eda. Adem\u00e1s, nuestras otras fuentes de agua -el acu\u00edfero Edwards y el r\u00edo Guadalupe- se est\u00e1n viendo afectadas y algunos de nuestros derechos de agua est\u00e1n siendo limitados por la agencia que los autoriza. NBU cree que la conservaci\u00f3n del agua es adecuada debido a las actuales condiciones de sequ\u00eda.  <\/p>\n\t\t<\/div>\n\t<\/div>\n\t\t<div class=\"accordion__section\">\n\t\t<header class=\"accordion__section-header\">\n\t\t\t<button class=\"accordion__section-toggle\" data-close-toggle=\".accordion__section-toggle\" data-close-target=\".accordion__section-content\" data-toggle-active=\"#accordion-section-69e34f39ec9f9\" id=\"accordion-toggle-69e34f39ec9f8\" aria-expanded=\"false\" data-controller=\"regionToggle\" aria-controls=\"accordion-toggle-69e34f39ec9f8\">\n\t\t\t\t<div class=\"accordion__section-title\">\u00bfPor qu\u00e9 recibimos esta agua?<\/div>\n\t\t\t\t<div class=\"accordion__section-icon\"><span class=\"sr-only\"><\/span><i class=\"icon icon-\"><\/i><\/div>\n\t\t\t<\/button>\n\t\t<\/header>\n\t\t<div class=\"accordion__section-content inactive wysiwyg\" id=\"accordion-section-69e34f39ec9f9\" aria-labelledby=\"accordion-toggle-69e34f39ec9f8\" role=\"region\" hidden>\n\t\t\t<p>La nueva fuente de agua, obtenida del Acu\u00edfero del Carrizo, complementar\u00e1 los suministros existentes y proporcionar\u00e1 una mayor resistencia frente a las condiciones de sequ\u00eda y las demandas futuras. NBU recibir\u00e1 hasta 8.000 acres-pies al a\u00f1o de este proyecto, reduciendo a\u00fan m\u00e1s su dependencia del Acu\u00edfero Edwards. La nueva fuente de agua representa el 16% del suministro total de agua de NBU.  <\/p>\n\t\t<\/div>\n\t<\/div>\n\t\t<div class=\"accordion__section\">\n\t\t<header class=\"accordion__section-header\">\n\t\t\t<button class=\"accordion__section-toggle\" data-close-toggle=\".accordion__section-toggle\" data-close-target=\".accordion__section-content\" data-toggle-active=\"#accordion-section-69e34f39ecaf3\" id=\"accordion-toggle-69e34f39ecaf2\" aria-expanded=\"false\" data-controller=\"regionToggle\" aria-controls=\"accordion-toggle-69e34f39ecaf2\">\n\t\t\t\t<div class=\"accordion__section-title\">\u00bfCu\u00e1l es la duraci\u00f3n total del calendario del proyecto?<\/div>\n\t\t\t\t<div class=\"accordion__section-icon\"><span class=\"sr-only\"><\/span><i class=\"icon icon-\"><\/i><\/div>\n\t\t\t<\/button>\n\t\t<\/header>\n\t\t<div class=\"accordion__section-content inactive wysiwyg\" id=\"accordion-section-69e34f39ecaf3\" aria-labelledby=\"accordion-toggle-69e34f39ecaf2\" role=\"region\" hidden>\n\t\t\t<p>El proyecto se ha completado, y est\u00e1 previsto que el agua se integre en el sistema h\u00eddrico de NBU a finales de julio, a\u00f1adiendo a partir de entonces 8.000 acres-pies adicionales de suministro de agua cada a\u00f1o.<\/p>\n\t\t<\/div>\n\t<\/div>\n\t\t<div class=\"accordion__section\">\n\t\t<header class=\"accordion__section-header\">\n\t\t\t<button class=\"accordion__section-toggle\" data-close-toggle=\".accordion__section-toggle\" data-close-target=\".accordion__section-content\" data-toggle-active=\"#accordion-section-69e34f39ecc59\" id=\"accordion-toggle-69e34f39ecc58\" aria-expanded=\"false\" data-controller=\"regionToggle\" aria-controls=\"accordion-toggle-69e34f39ecc58\">\n\t\t\t\t<div class=\"accordion__section-title\">Mi agua sabe y huele diferente, \u00bfqu\u00e9 significa?<\/div>\n\t\t\t\t<div class=\"accordion__section-icon\"><span class=\"sr-only\"><\/span><i class=\"icon icon-\"><\/i><\/div>\n\t\t\t<\/button>\n\t\t<\/header>\n\t\t<div class=\"accordion__section-content inactive wysiwyg\" id=\"accordion-section-69e34f39ecc59\" aria-labelledby=\"accordion-toggle-69e34f39ecc58\" role=\"region\" hidden>\n\t\t\t<p>Hemos introducido una nueva fuente de agua que puede aportar sabores y olores diferentes a los que est\u00e1s acostumbrado, pero debes saber que el agua ha sido totalmente analizada y cumple todos los requisitos estatales.<\/p>\n\t\t<\/div>\n\t<\/div>\n\t\t<div class=\"accordion__section\">\n\t\t<header class=\"accordion__section-header\">\n\t\t\t<button class=\"accordion__section-toggle\" data-close-toggle=\".accordion__section-toggle\" data-close-target=\".accordion__section-content\" data-toggle-active=\"#accordion-section-69e34f39ecd82\" id=\"accordion-toggle-69e34f39ecd81\" aria-expanded=\"false\" data-controller=\"regionToggle\" aria-controls=\"accordion-toggle-69e34f39ecd81\">\n\t\t\t\t<div class=\"accordion__section-title\">\u00bfQu\u00e9 pruebas se realizan para garantizar su seguridad?<\/div>\n\t\t\t\t<div class=\"accordion__section-icon\"><span class=\"sr-only\"><\/span><i class=\"icon icon-\"><\/i><\/div>\n\t\t\t<\/button>\n\t\t<\/header>\n\t\t<div class=\"accordion__section-content inactive wysiwyg\" id=\"accordion-section-69e34f39ecd82\" aria-labelledby=\"accordion-toggle-69e34f39ecd81\" role=\"region\" hidden>\n\t\t\t<p>El residual de cloro se mide constantemente con una unidad analizadora para garantizar la presencia de niveles adecuados de desinfectante. Adem\u00e1s, cada mes se recogen muestras bacteriol\u00f3gicas en todo el sistema para garantizar la seguridad de nuestra agua. <\/p>\n\t\t<\/div>\n\t<\/div>\n\t\t<div class=\"accordion__section\">\n\t\t<header class=\"accordion__section-header\">\n\t\t\t<button class=\"accordion__section-toggle\" data-close-toggle=\".accordion__section-toggle\" data-close-target=\".accordion__section-content\" data-toggle-active=\"#accordion-section-69e34f39ece78\" id=\"accordion-toggle-69e34f39ece77\" aria-expanded=\"false\" data-controller=\"regionToggle\" aria-controls=\"accordion-toggle-69e34f39ece77\">\n\t\t\t\t<div class=\"accordion__section-title\">\u00bfPueden analizar el agua en mi casa?<\/div>\n\t\t\t\t<div class=\"accordion__section-icon\"><span class=\"sr-only\"><\/span><i class=\"icon icon-\"><\/i><\/div>\n\t\t\t<\/button>\n\t\t<\/header>\n\t\t<div class=\"accordion__section-content inactive wysiwyg\" id=\"accordion-section-69e34f39ece78\" aria-labelledby=\"accordion-toggle-69e34f39ece77\" role=\"region\" hidden>\n\t\t\t<p>No dudes en llamar a uno de nuestros t\u00e9cnicos de laboratorio al 830-608-8901. Estar\u00e1n encantados de hablar de cualquier problema con el agua que se distribuye a tu casa y de cualquier solicitud de an\u00e1lisis. <\/p>\n\t\t<\/div>\n\t<\/div>\n\t\t<div class=\"accordion__section\">\n\t\t<header class=\"accordion__section-header\">\n\t\t\t<button class=\"accordion__section-toggle\" data-close-toggle=\".accordion__section-toggle\" data-close-target=\".accordion__section-content\" data-toggle-active=\"#accordion-section-69e34f39ecf9a\" id=\"accordion-toggle-69e34f39ecf99\" aria-expanded=\"false\" data-controller=\"regionToggle\" aria-controls=\"accordion-toggle-69e34f39ecf99\">\n\t\t\t\t<div class=\"accordion__section-title\">\u00bfPor qu\u00e9 estamos pagando por un nuevo recurso h\u00eddrico cuando estamos vendiendo nuestra agua disponible a otras comunidades?<\/div>\n\t\t\t\t<div class=\"accordion__section-icon\"><span class=\"sr-only\"><\/span><i class=\"icon icon-\"><\/i><\/div>\n\t\t\t<\/button>\n\t\t<\/header>\n\t\t<div class=\"accordion__section-content inactive wysiwyg\" id=\"accordion-section-69e34f39ecf9a\" aria-labelledby=\"accordion-toggle-69e34f39ecf99\" role=\"region\" hidden>\n\t\t\t<p>Este suministro de agua es una inversi\u00f3n a largo plazo para el abastecimiento de agua de NBU en el futuro. En este momento, la demanda actual de agua de nuestro sistema no utilizar\u00e1 totalmente los 8.000 ac-ft. Hemos suscrito un acuerdo de reparto de agua con GBRA para revender hasta 4.000 ac-ft a otros proveedores de agua que tengan una mayor necesidad de agua en la actualidad. El acuerdo expirar\u00e1 a finales de 2028 y los 4.000 ac-pie volver\u00e1n a NBU para su uso.   <\/p>\n\t\t<\/div>\n\t<\/div>\n\t\t<div class=\"accordion__section\">\n\t\t<header class=\"accordion__section-header\">\n\t\t\t<button class=\"accordion__section-toggle\" data-close-toggle=\".accordion__section-toggle\" data-close-target=\".accordion__section-content\" data-toggle-active=\"#accordion-section-69e34f39ed0c8\" id=\"accordion-toggle-69e34f39ed0c7\" aria-expanded=\"false\" data-controller=\"regionToggle\" aria-controls=\"accordion-toggle-69e34f39ed0c7\">\n\t\t\t\t<div class=\"accordion__section-title\">Con el aumento del suministro de agua, \u00bfpodemos esperar que bajen las tarifas?<\/div>\n\t\t\t\t<div class=\"accordion__section-icon\"><span class=\"sr-only\"><\/span><i class=\"icon icon-\"><\/i><\/div>\n\t\t\t<\/button>\n\t\t<\/header>\n\t\t<div class=\"accordion__section-content inactive wysiwyg\" id=\"accordion-section-69e34f39ed0c8\" aria-labelledby=\"accordion-toggle-69e34f39ed0c7\" role=\"region\" hidden>\n\t\t\t<p>No. Este proyecto consist\u00eda m\u00e1s bien en diversificar nuestras fuentes de agua para aumentar la fiabilidad de nuestro sistema h\u00eddrico. No afecta a las tarifas actuales.  <\/p>\n\t\t<\/div>\n\t<\/div>\n\t\t<div class=\"accordion__section\">\n\t\t<header class=\"accordion__section-header\">\n\t\t\t<button class=\"accordion__section-toggle\" data-close-toggle=\".accordion__section-toggle\" data-close-target=\".accordion__section-content\" data-toggle-active=\"#accordion-section-69e34f39ed1e6\" id=\"accordion-toggle-69e34f39ed1e5\" aria-expanded=\"false\" data-controller=\"regionToggle\" aria-controls=\"accordion-toggle-69e34f39ed1e5\">\n\t\t\t\t<div class=\"accordion__section-title\">\u00bfTiene el cliente la opci\u00f3n de excluirse?<\/div>\n\t\t\t\t<div class=\"accordion__section-icon\"><span class=\"sr-only\"><\/span><i class=\"icon icon-\"><\/i><\/div>\n\t\t\t<\/button>\n\t\t<\/header>\n\t\t<div class=\"accordion__section-content inactive wysiwyg\" id=\"accordion-section-69e34f39ed1e6\" aria-labelledby=\"accordion-toggle-69e34f39ed1e5\" role=\"region\" hidden>\n\t\t\t<p>No habr\u00e1 opci\u00f3n de optar por esta nueva fuente de agua, ya que se trata simplemente de una nueva fuente de agua para nuestro sistema h\u00eddrico.<\/p>\n\t\t<\/div>\n\t<\/div>\n\t\t<div class=\"accordion__section\">\n\t\t<header class=\"accordion__section-header\">\n\t\t\t<button class=\"accordion__section-toggle\" data-close-toggle=\".accordion__section-toggle\" data-close-target=\".accordion__section-content\" data-toggle-active=\"#accordion-section-69e34f39ed2fe\" id=\"accordion-toggle-69e34f39ed2fd\" aria-expanded=\"false\" data-controller=\"regionToggle\" aria-controls=\"accordion-toggle-69e34f39ed2fd\">\n\t\t\t\t<div class=\"accordion__section-title\">\u00bfHay planes para proyectos como \u00e9ste que afecten a una zona de servicio diferente?<\/div>\n\t\t\t\t<div class=\"accordion__section-icon\"><span class=\"sr-only\"><\/span><i class=\"icon icon-\"><\/i><\/div>\n\t\t\t<\/button>\n\t\t<\/header>\n\t\t<div class=\"accordion__section-content inactive wysiwyg\" id=\"accordion-section-69e34f39ed2fe\" aria-labelledby=\"accordion-toggle-69e34f39ed2fd\" role=\"region\" hidden>\n\t\t\t<p>Actualmente no, pero NBU siempre est\u00e1 estudiando el crecimiento a largo plazo de nuestra comunidad y otras fuentes de agua para garantizar la diversificaci\u00f3n de nuestro suministro de agua.<\/p>\n\t\t<\/div>\n\t<\/div>\n\t\t<div class=\"accordion__section\">\n\t\t<header class=\"accordion__section-header\">\n\t\t\t<button class=\"accordion__section-toggle\" data-close-toggle=\".accordion__section-toggle\" data-close-target=\".accordion__section-content\" data-toggle-active=\"#accordion-section-69e34f39ed40a\" id=\"accordion-toggle-69e34f39ed409\" aria-expanded=\"false\" data-controller=\"regionToggle\" aria-controls=\"accordion-toggle-69e34f39ed409\">\n\t\t\t\t<div class=\"accordion__section-title\">\u00bfMe van a cobrar una tasa adicional?<\/div>\n\t\t\t\t<div class=\"accordion__section-icon\"><span class=\"sr-only\"><\/span><i class=\"icon icon-\"><\/i><\/div>\n\t\t\t<\/button>\n\t\t<\/header>\n\t\t<div class=\"accordion__section-content inactive wysiwyg\" id=\"accordion-section-69e34f39ed40a\" aria-labelledby=\"accordion-toggle-69e34f39ed409\" role=\"region\" hidden>\n\t\t\t<p>La respuesta a esta pregunta es un poco m\u00e1s compleja que un &#8220;s\u00ed&#8221; o un &#8220;no&#8221;. No habr\u00e1 una nueva cuota a\u00f1adida. Cuando empecemos a recibir el agua, NBU tendr\u00e1 que pagar por ella en funci\u00f3n del volumen que reciba. Ese cargo se integra en la cuota de suministro de agua, por lo que esa cuota puede aumentar despu\u00e9s del a\u00f1o fiscal 25. Por ahora, se mantendr\u00e1 en 1,84 $ por cada mil galones, tanto para el a\u00f1o fiscal 24 como para el 25.    <\/p>\n\t\t<\/div>\n\t<\/div>\n\t\t<\/div>\n","protected":false},"excerpt":{"rendered":"<p>Un suministro de agua resistente NBU ha a\u00f1adido un nuevo recurso h\u00eddrico obtenido del Acu\u00edfero Carrizo-Wilcox a partir de julio\u2026<\/p>\n","protected":false},"author":30,"featured_media":28124,"parent":0,"menu_order":0,"comment_status":"closed","ping_status":"closed","template":"","meta":{"_acf_changed":false,"footnotes":""},"class_list":["post-28613","page","type-page","status-publish","has-post-thumbnail","hentry"],"acf":[],"yoast_head":"<!-- This site is optimized with the Yoast SEO plugin v27.2 - https:\/\/yoast.com\/product\/yoast-seo-wordpress\/ -->\n<title>Acu\u00edfero Carrizo-Wilcox - New Braunfels Utilities Website<\/title>\n<meta name=\"robots\" content=\"index, follow, max-snippet:-1, max-image-preview:large, max-video-preview:-1\" \/>\n<link rel=\"canonical\" href=\"https:\/\/www.nbutexas.com\/es\/acuifero-carrizo-wilcox\/\" \/>\n<meta property=\"og:locale\" content=\"es_ES\" \/>\n<meta property=\"og:type\" content=\"article\" \/>\n<meta property=\"og:title\" content=\"Acu\u00edfero Carrizo-Wilcox - New Braunfels Utilities Website\" \/>\n<meta property=\"og:description\" content=\"Un suministro de agua resistente NBU ha a\u00f1adido un nuevo recurso h\u00eddrico obtenido del Acu\u00edfero Carrizo-Wilcox a partir de julio\u2026\" \/>\n<meta property=\"og:url\" content=\"https:\/\/www.nbutexas.com\/es\/acuifero-carrizo-wilcox\/\" \/>\n<meta property=\"og:site_name\" content=\"New Braunfels Utilities Website\" \/>\n<meta property=\"article:modified_time\" content=\"2025-03-25T14:48:56+00:00\" \/>\n<meta property=\"og:image\" content=\"https:\/\/www.nbutexas.com\/wp-content\/uploads\/2024\/07\/Camera-9.19.18-562-scaled.jpg\" \/>\n\t<meta property=\"og:image:width\" content=\"2560\" \/>\n\t<meta property=\"og:image:height\" content=\"1707\" \/>\n\t<meta property=\"og:image:type\" content=\"image\/jpeg\" \/>\n<meta name=\"twitter:card\" content=\"summary_large_image\" \/>\n<script type=\"application\/ld+json\" class=\"yoast-schema-graph\">{\"@context\":\"https:\/\/schema.org\",\"@graph\":[{\"@type\":\"WebPage\",\"@id\":\"https:\/\/www.nbutexas.com\/es\/acuifero-carrizo-wilcox\/\",\"url\":\"https:\/\/www.nbutexas.com\/es\/acuifero-carrizo-wilcox\/\",\"name\":\"Acu\u00edfero Carrizo-Wilcox - New Braunfels Utilities Website\",\"isPartOf\":{\"@id\":\"https:\/\/www.nbutexas.com\/es\/#website\"},\"primaryImageOfPage\":{\"@id\":\"https:\/\/www.nbutexas.com\/es\/acuifero-carrizo-wilcox\/#primaryimage\"},\"image\":{\"@id\":\"https:\/\/www.nbutexas.com\/es\/acuifero-carrizo-wilcox\/#primaryimage\"},\"thumbnailUrl\":\"https:\/\/www.nbutexas.com\/wp-content\/uploads\/2024\/07\/Camera-9.19.18-562-scaled.jpg\",\"datePublished\":\"2024-07-12T21:45:50+00:00\",\"dateModified\":\"2025-03-25T14:48:56+00:00\",\"breadcrumb\":{\"@id\":\"https:\/\/www.nbutexas.com\/es\/acuifero-carrizo-wilcox\/#breadcrumb\"},\"inLanguage\":\"es-ES\",\"potentialAction\":[{\"@type\":\"ReadAction\",\"target\":[\"https:\/\/www.nbutexas.com\/es\/acuifero-carrizo-wilcox\/\"]}]},{\"@type\":\"ImageObject\",\"inLanguage\":\"es-ES\",\"@id\":\"https:\/\/www.nbutexas.com\/es\/acuifero-carrizo-wilcox\/#primaryimage\",\"url\":\"https:\/\/www.nbutexas.com\/wp-content\/uploads\/2024\/07\/Camera-9.19.18-562-scaled.jpg\",\"contentUrl\":\"https:\/\/www.nbutexas.com\/wp-content\/uploads\/2024\/07\/Camera-9.19.18-562-scaled.jpg\",\"width\":2560,\"height\":1707},{\"@type\":\"BreadcrumbList\",\"@id\":\"https:\/\/www.nbutexas.com\/es\/acuifero-carrizo-wilcox\/#breadcrumb\",\"itemListElement\":[{\"@type\":\"ListItem\",\"position\":1,\"name\":\"Home\",\"item\":\"https:\/\/www.nbutexas.com\/es\/servicio-residencial-y-comercial\/\"},{\"@type\":\"ListItem\",\"position\":2,\"name\":\"Acu\u00edfero Carrizo-Wilcox\"}]},{\"@type\":\"WebSite\",\"@id\":\"https:\/\/www.nbutexas.com\/es\/#website\",\"url\":\"https:\/\/www.nbutexas.com\/es\/\",\"name\":\"New Braunfels Utilities Website\",\"description\":\"Your Utility&#039;s Site\",\"potentialAction\":[{\"@type\":\"SearchAction\",\"target\":{\"@type\":\"EntryPoint\",\"urlTemplate\":\"https:\/\/www.nbutexas.com\/es\/?s={search_term_string}\"},\"query-input\":{\"@type\":\"PropertyValueSpecification\",\"valueRequired\":true,\"valueName\":\"search_term_string\"}}],\"inLanguage\":\"es-ES\"}]}<\/script>\n<!-- \/ Yoast SEO plugin. -->","yoast_head_json":{"title":"Acu\u00edfero Carrizo-Wilcox - New Braunfels Utilities Website","robots":{"index":"index","follow":"follow","max-snippet":"max-snippet:-1","max-image-preview":"max-image-preview:large","max-video-preview":"max-video-preview:-1"},"canonical":"https:\/\/www.nbutexas.com\/es\/acuifero-carrizo-wilcox\/","og_locale":"es_ES","og_type":"article","og_title":"Acu\u00edfero Carrizo-Wilcox - New Braunfels Utilities Website","og_description":"Un suministro de agua resistente NBU ha a\u00f1adido un nuevo recurso h\u00eddrico obtenido del Acu\u00edfero Carrizo-Wilcox a partir de julio\u2026","og_url":"https:\/\/www.nbutexas.com\/es\/acuifero-carrizo-wilcox\/","og_site_name":"New Braunfels Utilities Website","article_modified_time":"2025-03-25T14:48:56+00:00","og_image":[{"width":2560,"height":1707,"url":"https:\/\/www.nbutexas.com\/wp-content\/uploads\/2024\/07\/Camera-9.19.18-562-scaled.jpg","type":"image\/jpeg"}],"twitter_card":"summary_large_image","schema":{"@context":"https:\/\/schema.org","@graph":[{"@type":"WebPage","@id":"https:\/\/www.nbutexas.com\/es\/acuifero-carrizo-wilcox\/","url":"https:\/\/www.nbutexas.com\/es\/acuifero-carrizo-wilcox\/","name":"Acu\u00edfero Carrizo-Wilcox - New Braunfels Utilities Website","isPartOf":{"@id":"https:\/\/www.nbutexas.com\/es\/#website"},"primaryImageOfPage":{"@id":"https:\/\/www.nbutexas.com\/es\/acuifero-carrizo-wilcox\/#primaryimage"},"image":{"@id":"https:\/\/www.nbutexas.com\/es\/acuifero-carrizo-wilcox\/#primaryimage"},"thumbnailUrl":"https:\/\/www.nbutexas.com\/wp-content\/uploads\/2024\/07\/Camera-9.19.18-562-scaled.jpg","datePublished":"2024-07-12T21:45:50+00:00","dateModified":"2025-03-25T14:48:56+00:00","breadcrumb":{"@id":"https:\/\/www.nbutexas.com\/es\/acuifero-carrizo-wilcox\/#breadcrumb"},"inLanguage":"es-ES","potentialAction":[{"@type":"ReadAction","target":["https:\/\/www.nbutexas.com\/es\/acuifero-carrizo-wilcox\/"]}]},{"@type":"ImageObject","inLanguage":"es-ES","@id":"https:\/\/www.nbutexas.com\/es\/acuifero-carrizo-wilcox\/#primaryimage","url":"https:\/\/www.nbutexas.com\/wp-content\/uploads\/2024\/07\/Camera-9.19.18-562-scaled.jpg","contentUrl":"https:\/\/www.nbutexas.com\/wp-content\/uploads\/2024\/07\/Camera-9.19.18-562-scaled.jpg","width":2560,"height":1707},{"@type":"BreadcrumbList","@id":"https:\/\/www.nbutexas.com\/es\/acuifero-carrizo-wilcox\/#breadcrumb","itemListElement":[{"@type":"ListItem","position":1,"name":"Home","item":"https:\/\/www.nbutexas.com\/es\/servicio-residencial-y-comercial\/"},{"@type":"ListItem","position":2,"name":"Acu\u00edfero Carrizo-Wilcox"}]},{"@type":"WebSite","@id":"https:\/\/www.nbutexas.com\/es\/#website","url":"https:\/\/www.nbutexas.com\/es\/","name":"New Braunfels Utilities Website","description":"Your Utility&#039;s Site","potentialAction":[{"@type":"SearchAction","target":{"@type":"EntryPoint","urlTemplate":"https:\/\/www.nbutexas.com\/es\/?s={search_term_string}"},"query-input":{"@type":"PropertyValueSpecification","valueRequired":true,"valueName":"search_term_string"}}],"inLanguage":"es-ES"}]}},"_links":{"self":[{"href":"https:\/\/www.nbutexas.com\/es\/wp-json\/wp\/v2\/pages\/28613","targetHints":{"allow":["GET"]}}],"collection":[{"href":"https:\/\/www.nbutexas.com\/es\/wp-json\/wp\/v2\/pages"}],"about":[{"href":"https:\/\/www.nbutexas.com\/es\/wp-json\/wp\/v2\/types\/page"}],"author":[{"embeddable":true,"href":"https:\/\/www.nbutexas.com\/es\/wp-json\/wp\/v2\/users\/30"}],"replies":[{"embeddable":true,"href":"https:\/\/www.nbutexas.com\/es\/wp-json\/wp\/v2\/comments?post=28613"}],"version-history":[{"count":1,"href":"https:\/\/www.nbutexas.com\/es\/wp-json\/wp\/v2\/pages\/28613\/revisions"}],"predecessor-version":[{"id":28615,"href":"https:\/\/www.nbutexas.com\/es\/wp-json\/wp\/v2\/pages\/28613\/revisions\/28615"}],"wp:featuredmedia":[{"embeddable":true,"href":"https:\/\/www.nbutexas.com\/es\/wp-json\/wp\/v2\/media\/28124"}],"wp:attachment":[{"href":"https:\/\/www.nbutexas.com\/es\/wp-json\/wp\/v2\/media?parent=28613"}],"curies":[{"name":"wp","href":"https:\/\/api.w.org\/{rel}","templated":true}]}}