{"id":28618,"date":"2024-11-22T09:40:39","date_gmt":"2024-11-22T15:40:39","guid":{"rendered":"https:\/\/www.nbutexas.com\/centro-de-soluciones-al-cliente-de-nbu\/"},"modified":"2025-05-01T08:21:36","modified_gmt":"2025-05-01T13:21:36","slug":"centro-de-soluciones-al-cliente-de-nbu","status":"publish","type":"page","link":"https:\/\/www.nbutexas.com\/es\/centro-de-soluciones-al-cliente-de-nbu\/","title":{"rendered":"Centro de Soluciones al Cliente de NBU"},"content":{"rendered":"\n<h2 class=\"wp-block-heading\">Nueva ubicaci\u00f3n, las mismas caras amables<\/h2>\n\n<p>En New Braunfels Utilities (NBU), nos dedicamos a prestar servicios fiables y orientados al cliente a nuestra vibrante comunidad. Nuestro flamante Centro de Soluciones al Cliente (CSC) est\u00e1 dise\u00f1ado para ofrecer una experiencia mejorada al cliente, con un vest\u00edbulo acogedor, asistencia en persona y un c\u00f3modo buz\u00f3n de pago desde el coche. La nueva ubicaci\u00f3n facilita el acceso y evita las interrupciones derivadas de los cierres de calles del centro relacionados con eventos. El CSC proporcionar\u00e1 un entorno c\u00f3modo para que los clientes gestionen sus cuentas, busquen asistencia y exploren soluciones de ahorro energ\u00e9tico, y forma parte del plan quinquenal de NBU para ampliar el espacio de trabajo de los empleados. Desde el servicio personalizado hasta los recursos pr\u00e1cticos, el Centro de Soluciones para el Cliente es tu \u00fanico destino para todo lo relacionado con NBU.      <strong>\u00a1Despl\u00e1zate hacia abajo para ver el v\u00eddeo!<\/strong><\/p>\n\n<blockquote class=\"wp-block-quote is-layout-flow wp-block-quote-is-layout-flow\">\n<p>&#8220;Estas instalaciones nos permiten servir mejor a nuestros clientes hoy, mientras planificamos el ma\u00f1ana&#8221;, dijo Ryan Kelso, Director General de NBU. &#8220;A medida que New Braunfels siga creciendo, nuestra futura sede consolidar\u00e1 las operaciones en un solo edificio, lo que nos ayudar\u00e1 a trabajar con m\u00e1s eficacia y a apoyar las necesidades cambiantes de nuestra comunidad en los a\u00f1os venideros.&#8221; <\/p>\n<\/blockquote>\n<div class=\"callout-icon\">\n\t<i class=\"callout-icon__icon callout-icon__icon--naranja icon icon-bombilla\"><\/i>\n\t<div class=\"callout-icon__copy\">\n\t\t\t\t<div class=\"callout-icon__headline\"> Fechas importantes <\/div>\n\t\t\n\t\t\t\t<div class=\"callout-icon__text wysiwyg\"><ul>\n<li>NBU 263 Main Plaza drive-thru cerrado permanentemente <strong>Viernes, 13 de diciembre de 2024, a las 5 p.m.<\/strong><\/li>\n<li>NBU 263 Vest\u00edbulo de la Plaza Principal cerrado permanentemente <strong>el 3 de enero de 2025, a las 2 p.m.<\/strong><\/li>\n<li>El nuevo Centro de Soluciones al Cliente abri\u00f3 el lunes <strong>6 de enero de 2025 a las 8 de la ma\u00f1ana.<\/strong><\/li>\n<\/ul>\n<\/div>\n\t\t\n\t\t\t<\/div>\n<\/div>\n<div class=\"factoid\">\n\n\t\t\t<div class=\"factoid__icon\">\n\t\t\t<i class=\"icon icon-account\"><\/i>\n\t\t<\/div>\n\t\n\t<div class=\"factoid__text\">\n\t\t<p>The Customer Solutions Center is located at 1488 S. Seguin Ave, New Braunfels, TX 78130<\/p>\n\t<\/div>\n\n<\/div>\n\n<figure class=\"wp-block-video\"><video height=\"1080\" style=\"aspect-ratio: 1920 \/ 1080;\" width=\"1920\" autoplay=\"\" controls=\"\" loop=\"\" muted=\"\" src=\"http:\/\/live-nbu.pantheonsite.io\/wp-content\/uploads\/2024\/12\/NBU-Customer-Solutions-Center-01-final.mp4\"><\/video><\/figure>\n\n<h2 class=\"wp-block-heading\">Comprometidos con la responsabilidad fiscal<\/h2>\n\n<p>El exhaustivo plan quinquenal de NBU identific\u00f3 la necesidad de ampliar el espacio de trabajo de los empleados. En lugar de optar por un alquiler que desperdiciar\u00eda valiosos recursos, NBU tom\u00f3 la decisi\u00f3n estrat\u00e9gica de comprar un edificio vac\u00edo existente a la ciudad de New Braunfels. Este planteamiento no s\u00f3lo demuestra el compromiso de NBU con la responsabilidad fiscal, sino que tambi\u00e9n permiti\u00f3 reutilizar materiales clave, como puertas, vallas y verjas. Aprovechando los equipos internos para la mano de obra y la renovaci\u00f3n, pudimos ahorrar m\u00e1s de 300.000 d\u00f3lares apoyando una soluci\u00f3n rentable.   <\/p>\n\n<p>Aunque temporal, el CSC es un paso esencial en la misi\u00f3n m\u00e1s amplia de la NBU de proporcionar un servicio al cliente excepcional, satisfaciendo al mismo tiempo las demandas del r\u00e1pido crecimiento de New Braunfels.  <\/p>\n\n<p>Dado que nuestro drive-thru cerrar\u00e1 permanentemente, te invitamos a descubrir otros c\u00f3modos m\u00e9todos de pago en nuestra p\u00e1gina Formas de pago.<\/p>\n\n<div class=\"wp-block-buttons is-layout-flex wp-block-buttons-is-layout-flex\">\n<div class=\"wp-block-button\"><a class=\"wp-block-button__link wp-element-button\" href=\"https:\/\/www.nbutexas.com\/es\/formas-de-pago\/\" target=\"_blank\" rel=\"noreferrer noopener\">Formas de pago<\/a><\/div>\n<\/div>\n","protected":false},"excerpt":{"rendered":"<p>Nueva ubicaci\u00f3n, las mismas caras amables En New Braunfels Utilities (NBU), nos dedicamos a prestar servicios fiables y orientados al\u2026<\/p>\n","protected":false},"author":30,"featured_media":0,"parent":0,"menu_order":0,"comment_status":"closed","ping_status":"closed","template":"","meta":{"_acf_changed":false,"footnotes":""},"class_list":["post-28618","page","type-page","status-publish","hentry"],"acf":[],"yoast_head":"<!-- This site is optimized with the Yoast SEO plugin v27.5 - https:\/\/yoast.com\/product\/yoast-seo-wordpress\/ -->\n<title>Centro de Soluciones al Cliente de NBU - New Braunfels Utilities Website<\/title>\n<meta name=\"description\" content=\"Nuestra nueva sede ofrecer\u00e1 un entorno c\u00f3modo para que los clientes gestionen sus cuentas, busquen asistencia y exploren soluciones de ahorro energ\u00e9tico.\" \/>\n<meta name=\"robots\" content=\"index, follow, max-snippet:-1, max-image-preview:large, max-video-preview:-1\" \/>\n<link rel=\"canonical\" href=\"https:\/\/www.nbutexas.com\/es\/centro-de-soluciones-al-cliente-de-nbu\/\" \/>\n<meta property=\"og:locale\" content=\"es_ES\" \/>\n<meta property=\"og:type\" content=\"article\" \/>\n<meta property=\"og:title\" content=\"Centro de Soluciones al Cliente de NBU - New Braunfels Utilities Website\" \/>\n<meta property=\"og:description\" content=\"Nuestra nueva sede ofrecer\u00e1 un entorno c\u00f3modo para que los clientes gestionen sus cuentas, busquen asistencia y exploren soluciones de ahorro energ\u00e9tico.\" \/>\n<meta property=\"og:url\" content=\"https:\/\/www.nbutexas.com\/es\/centro-de-soluciones-al-cliente-de-nbu\/\" \/>\n<meta property=\"og:site_name\" content=\"New Braunfels Utilities Website\" \/>\n<meta property=\"article:modified_time\" content=\"2025-05-01T13:21:36+00:00\" \/>\n<meta name=\"twitter:card\" content=\"summary_large_image\" \/>\n<meta name=\"twitter:label1\" content=\"Est. reading time\" \/>\n\t<meta name=\"twitter:data1\" content=\"2 minutes\" \/>\n<script type=\"application\/ld+json\" class=\"yoast-schema-graph\">{\"@context\":\"https:\\\/\\\/schema.org\",\"@graph\":[{\"@type\":\"WebPage\",\"@id\":\"https:\\\/\\\/www.nbutexas.com\\\/es\\\/centro-de-soluciones-al-cliente-de-nbu\\\/\",\"url\":\"https:\\\/\\\/www.nbutexas.com\\\/es\\\/centro-de-soluciones-al-cliente-de-nbu\\\/\",\"name\":\"Centro de Soluciones al Cliente de NBU - New Braunfels Utilities Website\",\"isPartOf\":{\"@id\":\"https:\\\/\\\/www.nbutexas.com\\\/es\\\/#website\"},\"datePublished\":\"2024-11-22T15:40:39+00:00\",\"dateModified\":\"2025-05-01T13:21:36+00:00\",\"description\":\"Nuestra nueva sede ofrecer\u00e1 un entorno c\u00f3modo para que los clientes gestionen sus cuentas, busquen asistencia y exploren soluciones de ahorro energ\u00e9tico.\",\"breadcrumb\":{\"@id\":\"https:\\\/\\\/www.nbutexas.com\\\/es\\\/centro-de-soluciones-al-cliente-de-nbu\\\/#breadcrumb\"},\"inLanguage\":\"es-ES\",\"potentialAction\":[{\"@type\":\"ReadAction\",\"target\":[\"https:\\\/\\\/www.nbutexas.com\\\/es\\\/centro-de-soluciones-al-cliente-de-nbu\\\/\"]}]},{\"@type\":\"BreadcrumbList\",\"@id\":\"https:\\\/\\\/www.nbutexas.com\\\/es\\\/centro-de-soluciones-al-cliente-de-nbu\\\/#breadcrumb\",\"itemListElement\":[{\"@type\":\"ListItem\",\"position\":1,\"name\":\"Home\",\"item\":\"https:\\\/\\\/www.nbutexas.com\\\/es\\\/servicio-residencial-y-comercial\\\/\"},{\"@type\":\"ListItem\",\"position\":2,\"name\":\"Centro de Soluciones al Cliente de NBU\"}]},{\"@type\":\"WebSite\",\"@id\":\"https:\\\/\\\/www.nbutexas.com\\\/es\\\/#website\",\"url\":\"https:\\\/\\\/www.nbutexas.com\\\/es\\\/\",\"name\":\"New Braunfels Utilities Website\",\"description\":\"Your Utility&#039;s Site\",\"potentialAction\":[{\"@type\":\"SearchAction\",\"target\":{\"@type\":\"EntryPoint\",\"urlTemplate\":\"https:\\\/\\\/www.nbutexas.com\\\/es\\\/?s={search_term_string}\"},\"query-input\":{\"@type\":\"PropertyValueSpecification\",\"valueRequired\":true,\"valueName\":\"search_term_string\"}}],\"inLanguage\":\"es-ES\"}]}<\/script>\n<!-- \/ Yoast SEO plugin. -->","yoast_head_json":{"title":"Centro de Soluciones al Cliente de NBU - New Braunfels Utilities Website","description":"Nuestra nueva sede ofrecer\u00e1 un entorno c\u00f3modo para que los clientes gestionen sus cuentas, busquen asistencia y exploren soluciones de ahorro energ\u00e9tico.","robots":{"index":"index","follow":"follow","max-snippet":"max-snippet:-1","max-image-preview":"max-image-preview:large","max-video-preview":"max-video-preview:-1"},"canonical":"https:\/\/www.nbutexas.com\/es\/centro-de-soluciones-al-cliente-de-nbu\/","og_locale":"es_ES","og_type":"article","og_title":"Centro de Soluciones al Cliente de NBU - New Braunfels Utilities Website","og_description":"Nuestra nueva sede ofrecer\u00e1 un entorno c\u00f3modo para que los clientes gestionen sus cuentas, busquen asistencia y exploren soluciones de ahorro energ\u00e9tico.","og_url":"https:\/\/www.nbutexas.com\/es\/centro-de-soluciones-al-cliente-de-nbu\/","og_site_name":"New Braunfels Utilities Website","article_modified_time":"2025-05-01T13:21:36+00:00","twitter_card":"summary_large_image","twitter_misc":{"Est. reading time":"2 minutes"},"schema":{"@context":"https:\/\/schema.org","@graph":[{"@type":"WebPage","@id":"https:\/\/www.nbutexas.com\/es\/centro-de-soluciones-al-cliente-de-nbu\/","url":"https:\/\/www.nbutexas.com\/es\/centro-de-soluciones-al-cliente-de-nbu\/","name":"Centro de Soluciones al Cliente de NBU - New Braunfels Utilities Website","isPartOf":{"@id":"https:\/\/www.nbutexas.com\/es\/#website"},"datePublished":"2024-11-22T15:40:39+00:00","dateModified":"2025-05-01T13:21:36+00:00","description":"Nuestra nueva sede ofrecer\u00e1 un entorno c\u00f3modo para que los clientes gestionen sus cuentas, busquen asistencia y exploren soluciones de ahorro energ\u00e9tico.","breadcrumb":{"@id":"https:\/\/www.nbutexas.com\/es\/centro-de-soluciones-al-cliente-de-nbu\/#breadcrumb"},"inLanguage":"es-ES","potentialAction":[{"@type":"ReadAction","target":["https:\/\/www.nbutexas.com\/es\/centro-de-soluciones-al-cliente-de-nbu\/"]}]},{"@type":"BreadcrumbList","@id":"https:\/\/www.nbutexas.com\/es\/centro-de-soluciones-al-cliente-de-nbu\/#breadcrumb","itemListElement":[{"@type":"ListItem","position":1,"name":"Home","item":"https:\/\/www.nbutexas.com\/es\/servicio-residencial-y-comercial\/"},{"@type":"ListItem","position":2,"name":"Centro de Soluciones al Cliente de NBU"}]},{"@type":"WebSite","@id":"https:\/\/www.nbutexas.com\/es\/#website","url":"https:\/\/www.nbutexas.com\/es\/","name":"New Braunfels Utilities Website","description":"Your Utility&#039;s Site","potentialAction":[{"@type":"SearchAction","target":{"@type":"EntryPoint","urlTemplate":"https:\/\/www.nbutexas.com\/es\/?s={search_term_string}"},"query-input":{"@type":"PropertyValueSpecification","valueRequired":true,"valueName":"search_term_string"}}],"inLanguage":"es-ES"}]}},"_links":{"self":[{"href":"https:\/\/www.nbutexas.com\/es\/wp-json\/wp\/v2\/pages\/28618","targetHints":{"allow":["GET"]}}],"collection":[{"href":"https:\/\/www.nbutexas.com\/es\/wp-json\/wp\/v2\/pages"}],"about":[{"href":"https:\/\/www.nbutexas.com\/es\/wp-json\/wp\/v2\/types\/page"}],"author":[{"embeddable":true,"href":"https:\/\/www.nbutexas.com\/es\/wp-json\/wp\/v2\/users\/30"}],"replies":[{"embeddable":true,"href":"https:\/\/www.nbutexas.com\/es\/wp-json\/wp\/v2\/comments?post=28618"}],"version-history":[{"count":2,"href":"https:\/\/www.nbutexas.com\/es\/wp-json\/wp\/v2\/pages\/28618\/revisions"}],"predecessor-version":[{"id":28996,"href":"https:\/\/www.nbutexas.com\/es\/wp-json\/wp\/v2\/pages\/28618\/revisions\/28996"}],"wp:attachment":[{"href":"https:\/\/www.nbutexas.com\/es\/wp-json\/wp\/v2\/media?parent=28618"}],"curies":[{"name":"wp","href":"https:\/\/api.w.org\/{rel}","templated":true}]}}