{"id":28631,"date":"2025-01-16T10:01:13","date_gmt":"2025-01-16T16:01:13","guid":{"rendered":"https:\/\/www.nbutexas.com\/control-del-carbono-organico-total\/"},"modified":"2025-03-25T09:49:10","modified_gmt":"2025-03-25T14:49:10","slug":"control-del-carbono-organico-total","status":"publish","type":"page","link":"https:\/\/www.nbutexas.com\/es\/control-del-carbono-organico-total\/","title":{"rendered":"Control del carbono org\u00e1nico total"},"content":{"rendered":"\n<p>En New Braunfels Utilities, nuestra m\u00e1xima prioridad es suministrar agua segura y fiable a m\u00e1s de 100.000 residentes. Para proteger la salud p\u00fablica y cumplir los estrictos requisitos establecidos por la Comisi\u00f3n de Calidad Medioambiental de Texas (TCEQ) y la Agencia de Protecci\u00f3n Medioambiental de EE.UU. (EPA), realizamos controles y pruebas peri\u00f3dicas, incluida la medici\u00f3n del Carbono Org\u00e1nico Total (COT) en nuestra Planta de Tratamiento de Aguas Superficiales. <\/p>\n\n<p>Publicamos anualmente un Informe de Confianza del Consumidor, tambi\u00e9n llamado Informe de Calidad del Agua, para que los clientes puedan ver exactamente c\u00f3mo est\u00e1 su agua. Para m\u00e1s informaci\u00f3n o para consultar el \u00faltimo informe <a href=\"https:\/\/www.nbutexas.com\/water-quality-report\/\" target=\"_blank\" rel=\"noreferrer noopener\"><strong>haz clic aqu\u00ed.<\/strong> <\/a>  <\/p>\n<div class=\"factoid\">\n\n\t\t\t<div class=\"factoid__icon\">\n\t\t\t<i class=\"icon icon-agua-1\"><\/i>\n\t\t<\/div>\n\t\n\t<div class=\"factoid__text\">\n\t\t<p>Saber que tu agua es segura para beber es nuestra m\u00e1xima prioridad.<\/p>\n\t<\/div>\n\n<\/div>\n\n<h2 class=\"wp-block-heading\"><\/h2>\n\t<div class=\"accordion\">\n\t\t\t\t\t<div class=\"accordion__title heading--6\">Informes y avisos<\/div>\n\t\t\t\t<div class=\"accordion__section\">\n\t\t<header class=\"accordion__section-header\">\n\t\t\t<button class=\"accordion__section-toggle\" data-close-toggle=\".accordion__section-toggle\" data-close-target=\".accordion__section-content\" data-toggle-active=\"#accordion-section-69f5e274daecc\" id=\"accordion-toggle-69f5e274daecb\" aria-expanded=\"false\" data-controller=\"regionToggle\" aria-controls=\"accordion-toggle-69f5e274daecb\">\n\t\t\t\t<div class=\"accordion__section-title\">What is Total Organic Carbon (TOC)?<\/div>\n\t\t\t\t<div class=\"accordion__section-icon\"><span class=\"sr-only\"><\/span><i class=\"icon icon-\"><\/i><\/div>\n\t\t\t<\/button>\n\t\t<\/header>\n\t\t<div class=\"accordion__section-content inactive wysiwyg\" id=\"accordion-section-69f5e274daecc\" aria-labelledby=\"accordion-toggle-69f5e274daecb\" role=\"region\" hidden>\n\t\t\t<p>El COT es un indicador de la cantidad de materia org\u00e1nica que se encuentra en el agua, principalmente de fuentes naturales como las algas. Mediante el seguimiento de los niveles de COT, podemos ajustar nuestros procesos de tratamiento para mantener la m\u00e1xima calidad posible del agua. \u00c9sta es s\u00f3lo una de las muchas medidas que tomamos para garantizar que, cuando abras el grifo, puedas confiar en el agua que llega a tu casa.  <\/p>\n\t\t<\/div>\n\t<\/div>\n\t\t<div class=\"accordion__section\">\n\t\t<header class=\"accordion__section-header\">\n\t\t\t<button class=\"accordion__section-toggle\" data-close-toggle=\".accordion__section-toggle\" data-close-target=\".accordion__section-content\" data-toggle-active=\"#accordion-section-69f5e274db0d1\" id=\"accordion-toggle-69f5e274db0d0\" aria-expanded=\"false\" data-controller=\"regionToggle\" aria-controls=\"accordion-toggle-69f5e274db0d0\">\n\t\t\t\t<div class=\"accordion__section-title\">Reporting Requirements<\/div>\n\t\t\t\t<div class=\"accordion__section-icon\"><span class=\"sr-only\"><\/span><i class=\"icon icon-\"><\/i><\/div>\n\t\t\t<\/button>\n\t\t<\/header>\n\t\t<div class=\"accordion__section-content inactive wysiwyg\" id=\"accordion-section-69f5e274db0d1\" aria-labelledby=\"accordion-toggle-69f5e274db0d0\" role=\"region\" hidden>\n\t\t\t<p>Estamos obligados a tomar muestras e informar mensualmente de los niveles de COT de nuestra planta de tratamiento de aguas superficiales a la Comisi\u00f3n de Calidad Medioambiental de Texas (TCEQ).<\/p>\n\t\t<\/div>\n\t<\/div>\n\t\t<div class=\"accordion__section\">\n\t\t<header class=\"accordion__section-header\">\n\t\t\t<button class=\"accordion__section-toggle\" data-close-toggle=\".accordion__section-toggle\" data-close-target=\".accordion__section-content\" data-toggle-active=\"#accordion-section-69f5e274db25b\" id=\"accordion-toggle-69f5e274db25a\" aria-expanded=\"false\" data-controller=\"regionToggle\" aria-controls=\"accordion-toggle-69f5e274db25a\">\n\t\t\t\t<div class=\"accordion__section-title\">Informes y avisos<\/div>\n\t\t\t\t<div class=\"accordion__section-icon\"><span class=\"sr-only\"><\/span><i class=\"icon icon-\"><\/i><\/div>\n\t\t\t<\/button>\n\t\t<\/header>\n\t\t<div class=\"accordion__section-content inactive wysiwyg\" id=\"accordion-section-69f5e274db25b\" aria-labelledby=\"accordion-toggle-69f5e274db25a\" role=\"region\" hidden>\n\t\t\t<ul>\n<li><a href=\"https:\/\/www.nbutexas.com\/water-quality-report\/\">Informe anual sobre la confianza de los consumidores<\/a><\/li>\n<li><a href=\"https:\/\/www.nbutexas.com\/wp-content\/uploads\/2025\/01\/TOC-Violation-SWTP-2024.pdf\">Notificaci\u00f3n de muestra perdida Septiembre 2024<\/a><\/li>\n<\/ul>\n\t\t<\/div>\n\t<\/div>\n\t\t<\/div>\n\n<p><\/p>\n","protected":false},"excerpt":{"rendered":"<p>En New Braunfels Utilities, nuestra m\u00e1xima prioridad es suministrar agua segura y fiable a m\u00e1s de 100.000 residentes. Para proteger\u2026<\/p>\n","protected":false},"author":30,"featured_media":0,"parent":0,"menu_order":0,"comment_status":"closed","ping_status":"closed","template":"","meta":{"_acf_changed":false,"footnotes":""},"class_list":["post-28631","page","type-page","status-publish","hentry"],"acf":[],"yoast_head":"<!-- This site is optimized with the Yoast SEO plugin v27.5 - https:\/\/yoast.com\/product\/yoast-seo-wordpress\/ -->\n<title>Control del carbono org\u00e1nico total - New Braunfels Utilities Website<\/title>\n<meta name=\"robots\" content=\"index, follow, max-snippet:-1, max-image-preview:large, max-video-preview:-1\" \/>\n<link rel=\"canonical\" href=\"https:\/\/www.nbutexas.com\/es\/control-del-carbono-organico-total\/\" \/>\n<meta property=\"og:locale\" content=\"es_ES\" \/>\n<meta property=\"og:type\" content=\"article\" \/>\n<meta property=\"og:title\" content=\"Control del carbono org\u00e1nico total - New Braunfels Utilities Website\" \/>\n<meta property=\"og:description\" content=\"En New Braunfels Utilities, nuestra m\u00e1xima prioridad es suministrar agua segura y fiable a m\u00e1s de 100.000 residentes. Para proteger\u2026\" \/>\n<meta property=\"og:url\" content=\"https:\/\/www.nbutexas.com\/es\/control-del-carbono-organico-total\/\" \/>\n<meta property=\"og:site_name\" content=\"New Braunfels Utilities Website\" \/>\n<meta property=\"article:modified_time\" content=\"2025-03-25T14:49:10+00:00\" \/>\n<meta name=\"twitter:card\" content=\"summary_large_image\" \/>\n<meta name=\"twitter:label1\" content=\"Est. reading time\" \/>\n\t<meta name=\"twitter:data1\" content=\"1 minute\" \/>\n<script type=\"application\/ld+json\" class=\"yoast-schema-graph\">{\"@context\":\"https:\\\/\\\/schema.org\",\"@graph\":[{\"@type\":\"WebPage\",\"@id\":\"https:\\\/\\\/www.nbutexas.com\\\/es\\\/control-del-carbono-organico-total\\\/\",\"url\":\"https:\\\/\\\/www.nbutexas.com\\\/es\\\/control-del-carbono-organico-total\\\/\",\"name\":\"Control del carbono org\u00e1nico total - New Braunfels Utilities Website\",\"isPartOf\":{\"@id\":\"https:\\\/\\\/www.nbutexas.com\\\/es\\\/#website\"},\"datePublished\":\"2025-01-16T16:01:13+00:00\",\"dateModified\":\"2025-03-25T14:49:10+00:00\",\"breadcrumb\":{\"@id\":\"https:\\\/\\\/www.nbutexas.com\\\/es\\\/control-del-carbono-organico-total\\\/#breadcrumb\"},\"inLanguage\":\"es-ES\",\"potentialAction\":[{\"@type\":\"ReadAction\",\"target\":[\"https:\\\/\\\/www.nbutexas.com\\\/es\\\/control-del-carbono-organico-total\\\/\"]}]},{\"@type\":\"BreadcrumbList\",\"@id\":\"https:\\\/\\\/www.nbutexas.com\\\/es\\\/control-del-carbono-organico-total\\\/#breadcrumb\",\"itemListElement\":[{\"@type\":\"ListItem\",\"position\":1,\"name\":\"Home\",\"item\":\"https:\\\/\\\/www.nbutexas.com\\\/es\\\/servicio-residencial-y-comercial\\\/\"},{\"@type\":\"ListItem\",\"position\":2,\"name\":\"Control del carbono org\u00e1nico total\"}]},{\"@type\":\"WebSite\",\"@id\":\"https:\\\/\\\/www.nbutexas.com\\\/es\\\/#website\",\"url\":\"https:\\\/\\\/www.nbutexas.com\\\/es\\\/\",\"name\":\"New Braunfels Utilities Website\",\"description\":\"Your Utility&#039;s Site\",\"potentialAction\":[{\"@type\":\"SearchAction\",\"target\":{\"@type\":\"EntryPoint\",\"urlTemplate\":\"https:\\\/\\\/www.nbutexas.com\\\/es\\\/?s={search_term_string}\"},\"query-input\":{\"@type\":\"PropertyValueSpecification\",\"valueRequired\":true,\"valueName\":\"search_term_string\"}}],\"inLanguage\":\"es-ES\"}]}<\/script>\n<!-- \/ Yoast SEO plugin. -->","yoast_head_json":{"title":"Control del carbono org\u00e1nico total - New Braunfels Utilities Website","robots":{"index":"index","follow":"follow","max-snippet":"max-snippet:-1","max-image-preview":"max-image-preview:large","max-video-preview":"max-video-preview:-1"},"canonical":"https:\/\/www.nbutexas.com\/es\/control-del-carbono-organico-total\/","og_locale":"es_ES","og_type":"article","og_title":"Control del carbono org\u00e1nico total - New Braunfels Utilities Website","og_description":"En New Braunfels Utilities, nuestra m\u00e1xima prioridad es suministrar agua segura y fiable a m\u00e1s de 100.000 residentes. Para proteger\u2026","og_url":"https:\/\/www.nbutexas.com\/es\/control-del-carbono-organico-total\/","og_site_name":"New Braunfels Utilities Website","article_modified_time":"2025-03-25T14:49:10+00:00","twitter_card":"summary_large_image","twitter_misc":{"Est. reading time":"1 minute"},"schema":{"@context":"https:\/\/schema.org","@graph":[{"@type":"WebPage","@id":"https:\/\/www.nbutexas.com\/es\/control-del-carbono-organico-total\/","url":"https:\/\/www.nbutexas.com\/es\/control-del-carbono-organico-total\/","name":"Control del carbono org\u00e1nico total - New Braunfels Utilities Website","isPartOf":{"@id":"https:\/\/www.nbutexas.com\/es\/#website"},"datePublished":"2025-01-16T16:01:13+00:00","dateModified":"2025-03-25T14:49:10+00:00","breadcrumb":{"@id":"https:\/\/www.nbutexas.com\/es\/control-del-carbono-organico-total\/#breadcrumb"},"inLanguage":"es-ES","potentialAction":[{"@type":"ReadAction","target":["https:\/\/www.nbutexas.com\/es\/control-del-carbono-organico-total\/"]}]},{"@type":"BreadcrumbList","@id":"https:\/\/www.nbutexas.com\/es\/control-del-carbono-organico-total\/#breadcrumb","itemListElement":[{"@type":"ListItem","position":1,"name":"Home","item":"https:\/\/www.nbutexas.com\/es\/servicio-residencial-y-comercial\/"},{"@type":"ListItem","position":2,"name":"Control del carbono org\u00e1nico total"}]},{"@type":"WebSite","@id":"https:\/\/www.nbutexas.com\/es\/#website","url":"https:\/\/www.nbutexas.com\/es\/","name":"New Braunfels Utilities Website","description":"Your Utility&#039;s Site","potentialAction":[{"@type":"SearchAction","target":{"@type":"EntryPoint","urlTemplate":"https:\/\/www.nbutexas.com\/es\/?s={search_term_string}"},"query-input":{"@type":"PropertyValueSpecification","valueRequired":true,"valueName":"search_term_string"}}],"inLanguage":"es-ES"}]}},"_links":{"self":[{"href":"https:\/\/www.nbutexas.com\/es\/wp-json\/wp\/v2\/pages\/28631","targetHints":{"allow":["GET"]}}],"collection":[{"href":"https:\/\/www.nbutexas.com\/es\/wp-json\/wp\/v2\/pages"}],"about":[{"href":"https:\/\/www.nbutexas.com\/es\/wp-json\/wp\/v2\/types\/page"}],"author":[{"embeddable":true,"href":"https:\/\/www.nbutexas.com\/es\/wp-json\/wp\/v2\/users\/30"}],"replies":[{"embeddable":true,"href":"https:\/\/www.nbutexas.com\/es\/wp-json\/wp\/v2\/comments?post=28631"}],"version-history":[{"count":1,"href":"https:\/\/www.nbutexas.com\/es\/wp-json\/wp\/v2\/pages\/28631\/revisions"}],"predecessor-version":[{"id":28632,"href":"https:\/\/www.nbutexas.com\/es\/wp-json\/wp\/v2\/pages\/28631\/revisions\/28632"}],"wp:attachment":[{"href":"https:\/\/www.nbutexas.com\/es\/wp-json\/wp\/v2\/media?parent=28631"}],"curies":[{"name":"wp","href":"https:\/\/api.w.org\/{rel}","templated":true}]}}