{"id":28635,"date":"2025-02-14T11:03:11","date_gmt":"2025-02-14T17:03:11","guid":{"rendered":"https:\/\/www.nbutexas.com\/kinderkraft\/"},"modified":"2026-03-17T15:46:49","modified_gmt":"2026-03-17T20:46:49","slug":"kinderkraft","status":"publish","type":"page","link":"https:\/\/www.nbutexas.com\/es\/kinderkraft\/","title":{"rendered":"KINDERKRAFT"},"content":{"rendered":"\n<h2 class=\"wp-block-heading\">El poder de activar la comunidad para apoyar a nuestros hijos<\/h2>\n\n<div class=\"wp-block-group is-nowrap is-layout-flex wp-container-core-group-is-layout-ad2f72ca wp-block-group-is-layout-flex\">\n<p>Guiada por las experiencias de primera mano del personal de Comunidades en las Escuelas que trabaja con alumnos de CISD y NBISD, la campa\u00f1a de donativos KinderKraft aborda las necesidades m\u00e1s b\u00e1sicas y a menudo urgentes -como productos de higiene, material escolar y ropa- que ayudan a los ni\u00f1os locales a prosperar. La asociaci\u00f3n entre NBU, CIS y la comunidad permite atender a m\u00e1s alumnos y es un fiel reflejo del poder de la comunidad que trabaja unida para construir conexiones m\u00e1s fuertes entre alumnos, familias y vecinos. <\/p>\n<\/div>\n\n<div class=\"wp-block-buttons is-layout-flex wp-block-buttons-is-layout-flex\">\n<div class=\"wp-block-button\"><a class=\"wp-block-button__link wp-element-button\" href=\"https:\/\/www.amazon.com\/hz\/wishlist\/ls\/3DVKNNO9CJV5Y\/ref=hz_ls_biz_ex\" target=\"_blank\" rel=\"noreferrer noopener\">Haz clic aqu\u00ed para comprar art\u00edculos de donaci\u00f3n a trav\u00e9s de Amazon<\/a><\/div>\n<\/div>\n\n<p><strong>Despl\u00e1zate hacia abajo<\/strong> para ver el calendario de donaciones, la lista de art\u00edculos necesarios y las ubicaciones.<\/p>\n\n<div class=\"wp-block-columns is-layout-flex wp-container-core-columns-is-layout-9d6595d7 wp-block-columns-is-layout-flex\">\n<div class=\"wp-block-column is-layout-flow wp-block-column-is-layout-flow\">\n<figure class=\"wp-block-image size-full\"><a href=\"https:\/\/www.nbutexas.com\/wp-content\/uploads\/2026\/03\/kinderkraft-cranky-pickle.png\"><img loading=\"lazy\" decoding=\"async\" width=\"1080\" height=\"1080\" src=\"https:\/\/www.nbutexas.com\/wp-content\/uploads\/2026\/03\/kinderkraft-cranky-pickle.png\" alt=\"Imagen de un empleado de pepinillos malhumorado de pie sobre una caja de donativos de Kinderkraft.\" class=\"wp-image-31913\" srcset=\"https:\/\/www.nbutexas.com\/wp-content\/uploads\/2026\/03\/kinderkraft-cranky-pickle.png 1080w, https:\/\/www.nbutexas.com\/wp-content\/uploads\/2026\/03\/kinderkraft-cranky-pickle-300x300.png 300w, https:\/\/www.nbutexas.com\/wp-content\/uploads\/2026\/03\/kinderkraft-cranky-pickle-1024x1024.png 1024w, https:\/\/www.nbutexas.com\/wp-content\/uploads\/2026\/03\/kinderkraft-cranky-pickle-150x150.png 150w, https:\/\/www.nbutexas.com\/wp-content\/uploads\/2026\/03\/kinderkraft-cranky-pickle-768x768.png 768w, https:\/\/www.nbutexas.com\/wp-content\/uploads\/2026\/03\/kinderkraft-cranky-pickle-576x576.png 576w\" sizes=\"auto, (max-width: 1080px) 100vw, 1080px\" \/><\/a><\/figure>\n<\/div>\n\n\n\n<div class=\"wp-block-column is-layout-flow wp-block-column-is-layout-flow\">\n<figure class=\"wp-block-gallery has-nested-images columns-default is-cropped wp-block-gallery-1 is-layout-flex wp-block-gallery-is-layout-flex\">\n<figure class=\"wp-block-image size-large\"><a href=\"https:\/\/www.nbutexas.com\/wp-content\/uploads\/2025\/03\/3-1024x1024.png\"><img loading=\"lazy\" decoding=\"async\" width=\"1024\" height=\"1024\" data-id=\"28488\" src=\"https:\/\/www.nbutexas.com\/wp-content\/uploads\/2025\/03\/3-1024x1024.png\" alt=\"Empleados del Centro McKenna delante de la caja de donativos.\" class=\"wp-image-28488\" srcset=\"https:\/\/www.nbutexas.com\/wp-content\/uploads\/2025\/03\/3-1024x1024.png 1024w, https:\/\/www.nbutexas.com\/wp-content\/uploads\/2025\/03\/3-300x300.png 300w, https:\/\/www.nbutexas.com\/wp-content\/uploads\/2025\/03\/3-150x150.png 150w, https:\/\/www.nbutexas.com\/wp-content\/uploads\/2025\/03\/3-768x768.png 768w, https:\/\/www.nbutexas.com\/wp-content\/uploads\/2025\/03\/3-576x576.png 576w, https:\/\/www.nbutexas.com\/wp-content\/uploads\/2025\/03\/3.png 1080w\" sizes=\"auto, (max-width: 1024px) 100vw, 1024px\" \/><\/a><\/figure>\n<\/figure>\n<\/div>\n\n\n\n<div class=\"wp-block-column is-layout-flow wp-block-column-is-layout-flow\">\n<figure class=\"wp-block-image size-full\"><a href=\"https:\/\/www.nbutexas.com\/wp-content\/uploads\/2025\/03\/5.png\"><img loading=\"lazy\" decoding=\"async\" width=\"1080\" height=\"1080\" src=\"https:\/\/www.nbutexas.com\/wp-content\/uploads\/2025\/03\/5.png\" alt=\"El empleado de Das Rec delante de la caja de donativos.\" class=\"wp-image-28492\" srcset=\"https:\/\/www.nbutexas.com\/wp-content\/uploads\/2025\/03\/5.png 1080w, https:\/\/www.nbutexas.com\/wp-content\/uploads\/2025\/03\/5-300x300.png 300w, https:\/\/www.nbutexas.com\/wp-content\/uploads\/2025\/03\/5-1024x1024.png 1024w, https:\/\/www.nbutexas.com\/wp-content\/uploads\/2025\/03\/5-150x150.png 150w, https:\/\/www.nbutexas.com\/wp-content\/uploads\/2025\/03\/5-768x768.png 768w, https:\/\/www.nbutexas.com\/wp-content\/uploads\/2025\/03\/5-576x576.png 576w\" sizes=\"auto, (max-width: 1080px) 100vw, 1080px\" \/><\/a><\/figure>\n<\/div>\n<\/div>\n\n<hr class=\"wp-block-separator has-alpha-channel-opacity\"\/>\n<div class=\"callout-icon\">\n\t<i class=\"callout-icon__icon callout-icon__icon--green icon icon-calendar\"><\/i>\n\t<div class=\"callout-icon__copy\">\n\t\t\t\t<div class=\"callout-icon__headline\"> Cronolog\u00eda <\/div>\n\t\t\n\t\t\t\t<div class=\"callout-icon__text wysiwyg\"><p>Se aceptar\u00e1n donativos <strong>del 23 de marzo al 1 de mayo de 2026<\/strong> en los lugares designados de la comunidad.<\/p>\n<\/div>\n\t\t\n\t\t\t<\/div>\n<\/div>\n\n<h1 class=\"wp-block-heading\">Se necesitan donativos<\/h1>\n\n<p>Las donaciones se pueden hacer en persona en uno de nuestros locales de la lista, o en l\u00ednea a trav\u00e9s de <strong><a href=\"https:\/\/www.amazon.com\/hz\/wishlist\/ls\/3DVKNNO9CJV5Y\/ref=hz_ls_biz_ex\" target=\"_blank\" rel=\"noreferrer noopener\">el enlace de Amazon.<\/a><\/strong> Pedimos lo siguiente<\/p>\n\n<ul class=\"wp-block-list\">\n<li>Material escolar nuevo, como mochilas transparentes, bastoncillos para los o\u00eddos, alfombrillas para la siesta, libros de computaci\u00f3n y auriculares.<\/li>\n\n\n\n<li>Productos de higiene personal nuevos y sin abrir, como jab\u00f3n, champ\u00fa, acondicionador, desodorante, pasta de dientes, cepillos de dientes, detergente para la ropa y kits de higiene (coloca los productos l\u00edquidos en una bolsa para evitar que se filtren y da\u00f1en otras donaciones).<\/li>\n\n\n\n<li>Calcetines, ropa interior, pantalones cortos y camisetas nuevos, de varias tallas (desde preescolar hasta bachillerato)<\/li>\n\n\n\n<li>Aperitivos no perecederos sin abrir, como galletas saladas, aperitivos de fruta, frutos secos, barritas de cereales, frutos secos, pretzels y cecina.<\/li>\n\n\n\n<li>Otros art\u00edculos nuevos como cepillos para el pelo, fidgets, juguetes sensoriales, pegatinas y plastilina.<\/li>\n<\/ul>\n\n<figure class=\"wp-block-table\"><table class=\"has-fixed-layout\"><tbody><tr><td>Lugares de donaci\u00f3n en New Braunfels<\/td><td>Direcci\u00f3n<\/td><\/tr><tr><td><strong>Centro de Soluciones al Cliente de NBU<\/strong><br\/>De lunes a viernes de 8 a 17 h.<\/td><td><a href=\"https:\/\/maps.app.goo.gl\/r8sNLn1WdYtBesWF8\" target=\"_blank\" rel=\"noreferrer noopener\">1488 S Seguin Ave.<\/a><\/td><\/tr><tr><td><strong>Das Rec <\/strong><br\/>De lunes a viernes de 5.00 a 21.00 h. | S\u00e1bado de 7.00 a 19.00 h. y domingo de 10.00 a 18.00 h.  <\/td><td><a href=\"https:\/\/maps.app.goo.gl\/2qrm7rq5TMxtpfwPA\" target=\"_blank\" rel=\"noreferrer noopener\">Calle Landa 345  <\/a><\/td><\/tr><tr><td><strong>Centro McKenna<\/strong><br\/>De lunes a viernes de 9 a 16 h.<\/td><td><a href=\"https:\/\/maps.app.goo.gl\/WPeMrevhAKBssVDo9\" target=\"_blank\" rel=\"noreferrer noopener\">801 W San Antonio St.<\/a><\/td><\/tr><tr><td><strong>Cranky Pickle <\/strong><br\/>De lunes a viernes de 7 a 22 h.<\/td><td><a href=\"https:\/\/maps.app.goo.gl\/N6tYvy6bGJcq7N569\" target=\"_blank\" rel=\"noreferrer noopener\">624 Ca\u00f1\u00f3n Krueger<\/a><\/td><\/tr><tr><td><strong>Frost Bank<\/strong><br\/>Lunes &#8211; Viernes 9 a.m. a 5 p.m. | S\u00e1bado de 9 a 13 h.<\/td><td><a href=\"https:\/\/maps.app.goo.gl\/QWQf8NHhFh5EzHM5A\" target=\"_blank\" rel=\"noreferrer noopener\">Calle Landa 315<\/a><\/td><\/tr><tr><td><strong>Headwaters en el Comal<\/strong><br\/>De mi\u00e9rcoles a s\u00e1bado de 8 a 16 h.<\/td><td><a href=\"https:\/\/maps.app.goo.gl\/DxLEUzwLXfYRaEay9\" target=\"_blank\" rel=\"noreferrer noopener\">333 E. Calle Klingemann<\/a><\/td><\/tr><tr><td><strong>Comunidades en las Escuelas<\/strong><br\/>De lunes a viernes de 8 a 17 h.<\/td><td><a href=\"https:\/\/maps.app.goo.gl\/4epVT49YLbaN6FxC8\" target=\"_blank\" rel=\"noreferrer noopener\">430 W Mill St<\/a><\/td><\/tr><\/tbody><\/table><\/figure>\n<div class=\"factoid\">\n\n\t\t\t<div class=\"factoid__icon\">\n\t\t\t<i class=\"icon icon-bombilla\"><\/i>\n\t\t<\/div>\n\t\n\t<div class=\"factoid__text\">\n\t\t<p>KinderKraft combina las palabras alemanas para &#8220;ni\u00f1os&#8221; (Kinder) y &#8220;poder&#8221; (Kraft), demostrando el poder de una comunidad unida para marcar una diferencia positiva en la vida de los ni\u00f1os y las familias.<\/p>\n<p>&nbsp;<\/p>\n\t<\/div>\n\n<\/div>\n\n<h2 class=\"wp-block-heading\">Comunidades en Escuelas del Centro Sur de Texas<\/h2>\n\n<p><a href=\"https:\/\/www.communitiesinschools.org\/\">Communities In Schools of South Central Texas<\/a> fue creada hace m\u00e1s de 25 a\u00f1os por la C\u00e1mara de Comercio de Greater New Braunfels para ayudar a los alumnos (de los grados K-12) a tener \u00e9xito en la escuela, graduarse y triunfar a lo largo de su vida.<br\/><br\/>En la actualidad, el CIS presta servicios intensivos y continuos de gesti\u00f3n de casos a alumnos en situaci\u00f3n de riesgo en 35 escuelas de seis distritos escolares (New Braunfels, Marion, Comal, Luling, Schertz-Cibolo-Universal City y Seguin). Los alumnos en situaci\u00f3n de riesgo reciben servicios espec\u00edficos como orientaci\u00f3n\/asesoramiento de apoyo, intervenci\u00f3n en salud mental, servicios sanitarios\/humanos (necesidades vitales b\u00e1sicas como alojamiento, comida y ropa), tutor\u00eda y ayuda para la preparaci\u00f3n universitaria. <\/p>\n<div class=\"about\">\n\t<p class=\"about__title heading--2\">\u00bfQuieres ayudarnos o tienes alguna pregunta? Env\u00edanos un correo electr\u00f3nico. <\/p>\n\t<p class=\"about__content\"><\/p>\n\t\t\t<a title=\"community@nbutexas.com\" href=\"mailto:community@nbutexas.com\" class=\"about__cta link--underline link--arrow link--underline--animate link--arrow--animate\">community@nbutexas.com<\/a>\t<\/div>\n\n<p><\/p>\n","protected":false},"excerpt":{"rendered":"<p>El poder de activar la comunidad para apoyar a nuestros hijos Guiada por las experiencias de primera mano del personal\u2026<\/p>\n","protected":false},"author":30,"featured_media":0,"parent":0,"menu_order":0,"comment_status":"closed","ping_status":"closed","template":"","meta":{"_acf_changed":false,"footnotes":""},"class_list":["post-28635","page","type-page","status-publish","hentry"],"acf":[],"yoast_head":"<!-- This site is optimized with the Yoast SEO plugin v27.2 - https:\/\/yoast.com\/product\/yoast-seo-wordpress\/ -->\n<title>KINDERKRAFT - New Braunfels Utilities Website<\/title>\n<meta name=\"description\" content=\"\u00a1Ayuda a marcar la diferencia hoy mismo! KinderKraft ayuda a los estudiantes de CISD y NBISD a prosperar atendiendo necesidades urgentes mediante donaciones.\" \/>\n<meta name=\"robots\" content=\"index, follow, max-snippet:-1, max-image-preview:large, max-video-preview:-1\" \/>\n<link rel=\"canonical\" href=\"https:\/\/www.nbutexas.com\/es\/kinderkraft\/\" \/>\n<meta property=\"og:locale\" content=\"es_ES\" \/>\n<meta property=\"og:type\" content=\"article\" \/>\n<meta property=\"og:title\" content=\"KINDERKRAFT - New Braunfels Utilities Website\" \/>\n<meta property=\"og:description\" content=\"\u00a1Ayuda a marcar la diferencia hoy mismo! KinderKraft ayuda a los estudiantes de CISD y NBISD a prosperar atendiendo necesidades urgentes mediante donaciones.\" \/>\n<meta property=\"og:url\" content=\"https:\/\/www.nbutexas.com\/es\/kinderkraft\/\" \/>\n<meta property=\"og:site_name\" content=\"New Braunfels Utilities Website\" \/>\n<meta property=\"article:modified_time\" content=\"2026-03-17T20:46:49+00:00\" \/>\n<meta property=\"og:image\" content=\"https:\/\/www.nbutexas.com\/wp-content\/uploads\/2026\/03\/kinderkraft-cranky-pickle.png\" \/>\n\t<meta property=\"og:image:width\" content=\"1080\" \/>\n\t<meta property=\"og:image:height\" content=\"1080\" \/>\n\t<meta property=\"og:image:type\" content=\"image\/png\" \/>\n<meta name=\"twitter:card\" content=\"summary_large_image\" \/>\n<meta name=\"twitter:label1\" content=\"Est. reading time\" \/>\n\t<meta name=\"twitter:data1\" content=\"3 minutes\" \/>\n<script type=\"application\/ld+json\" class=\"yoast-schema-graph\">{\"@context\":\"https:\/\/schema.org\",\"@graph\":[{\"@type\":\"WebPage\",\"@id\":\"https:\/\/www.nbutexas.com\/es\/kinderkraft\/\",\"url\":\"https:\/\/www.nbutexas.com\/es\/kinderkraft\/\",\"name\":\"KINDERKRAFT - New Braunfels Utilities Website\",\"isPartOf\":{\"@id\":\"https:\/\/www.nbutexas.com\/es\/#website\"},\"primaryImageOfPage\":{\"@id\":\"https:\/\/www.nbutexas.com\/es\/kinderkraft\/#primaryimage\"},\"image\":{\"@id\":\"https:\/\/www.nbutexas.com\/es\/kinderkraft\/#primaryimage\"},\"thumbnailUrl\":\"https:\/\/www.nbutexas.com\/wp-content\/uploads\/2026\/03\/kinderkraft-cranky-pickle.png\",\"datePublished\":\"2025-02-14T17:03:11+00:00\",\"dateModified\":\"2026-03-17T20:46:49+00:00\",\"description\":\"\u00a1Ayuda a marcar la diferencia hoy mismo! KinderKraft ayuda a los estudiantes de CISD y NBISD a prosperar atendiendo necesidades urgentes mediante donaciones.\",\"breadcrumb\":{\"@id\":\"https:\/\/www.nbutexas.com\/es\/kinderkraft\/#breadcrumb\"},\"inLanguage\":\"es-ES\",\"potentialAction\":[{\"@type\":\"ReadAction\",\"target\":[\"https:\/\/www.nbutexas.com\/es\/kinderkraft\/\"]}]},{\"@type\":\"ImageObject\",\"inLanguage\":\"es-ES\",\"@id\":\"https:\/\/www.nbutexas.com\/es\/kinderkraft\/#primaryimage\",\"url\":\"https:\/\/www.nbutexas.com\/wp-content\/uploads\/2026\/03\/kinderkraft-cranky-pickle.png\",\"contentUrl\":\"https:\/\/www.nbutexas.com\/wp-content\/uploads\/2026\/03\/kinderkraft-cranky-pickle.png\"},{\"@type\":\"BreadcrumbList\",\"@id\":\"https:\/\/www.nbutexas.com\/es\/kinderkraft\/#breadcrumb\",\"itemListElement\":[{\"@type\":\"ListItem\",\"position\":1,\"name\":\"Home\",\"item\":\"https:\/\/www.nbutexas.com\/es\/\"},{\"@type\":\"ListItem\",\"position\":2,\"name\":\"KINDERKRAFT\"}]},{\"@type\":\"WebSite\",\"@id\":\"https:\/\/www.nbutexas.com\/es\/#website\",\"url\":\"https:\/\/www.nbutexas.com\/es\/\",\"name\":\"New Braunfels Utilities Website\",\"description\":\"Your Utility&#039;s Site\",\"potentialAction\":[{\"@type\":\"SearchAction\",\"target\":{\"@type\":\"EntryPoint\",\"urlTemplate\":\"https:\/\/www.nbutexas.com\/es\/?s={search_term_string}\"},\"query-input\":{\"@type\":\"PropertyValueSpecification\",\"valueRequired\":true,\"valueName\":\"search_term_string\"}}],\"inLanguage\":\"es-ES\"}]}<\/script>\n<!-- \/ Yoast SEO plugin. -->","yoast_head_json":{"title":"KINDERKRAFT - New Braunfels Utilities Website","description":"\u00a1Ayuda a marcar la diferencia hoy mismo! KinderKraft ayuda a los estudiantes de CISD y NBISD a prosperar atendiendo necesidades urgentes mediante donaciones.","robots":{"index":"index","follow":"follow","max-snippet":"max-snippet:-1","max-image-preview":"max-image-preview:large","max-video-preview":"max-video-preview:-1"},"canonical":"https:\/\/www.nbutexas.com\/es\/kinderkraft\/","og_locale":"es_ES","og_type":"article","og_title":"KINDERKRAFT - New Braunfels Utilities Website","og_description":"\u00a1Ayuda a marcar la diferencia hoy mismo! KinderKraft ayuda a los estudiantes de CISD y NBISD a prosperar atendiendo necesidades urgentes mediante donaciones.","og_url":"https:\/\/www.nbutexas.com\/es\/kinderkraft\/","og_site_name":"New Braunfels Utilities Website","article_modified_time":"2026-03-17T20:46:49+00:00","og_image":[{"width":1080,"height":1080,"url":"https:\/\/www.nbutexas.com\/wp-content\/uploads\/2026\/03\/kinderkraft-cranky-pickle.png","type":"image\/png"}],"twitter_card":"summary_large_image","twitter_misc":{"Est. reading time":"3 minutes"},"schema":{"@context":"https:\/\/schema.org","@graph":[{"@type":"WebPage","@id":"https:\/\/www.nbutexas.com\/es\/kinderkraft\/","url":"https:\/\/www.nbutexas.com\/es\/kinderkraft\/","name":"KINDERKRAFT - New Braunfels Utilities Website","isPartOf":{"@id":"https:\/\/www.nbutexas.com\/es\/#website"},"primaryImageOfPage":{"@id":"https:\/\/www.nbutexas.com\/es\/kinderkraft\/#primaryimage"},"image":{"@id":"https:\/\/www.nbutexas.com\/es\/kinderkraft\/#primaryimage"},"thumbnailUrl":"https:\/\/www.nbutexas.com\/wp-content\/uploads\/2026\/03\/kinderkraft-cranky-pickle.png","datePublished":"2025-02-14T17:03:11+00:00","dateModified":"2026-03-17T20:46:49+00:00","description":"\u00a1Ayuda a marcar la diferencia hoy mismo! KinderKraft ayuda a los estudiantes de CISD y NBISD a prosperar atendiendo necesidades urgentes mediante donaciones.","breadcrumb":{"@id":"https:\/\/www.nbutexas.com\/es\/kinderkraft\/#breadcrumb"},"inLanguage":"es-ES","potentialAction":[{"@type":"ReadAction","target":["https:\/\/www.nbutexas.com\/es\/kinderkraft\/"]}]},{"@type":"ImageObject","inLanguage":"es-ES","@id":"https:\/\/www.nbutexas.com\/es\/kinderkraft\/#primaryimage","url":"https:\/\/www.nbutexas.com\/wp-content\/uploads\/2026\/03\/kinderkraft-cranky-pickle.png","contentUrl":"https:\/\/www.nbutexas.com\/wp-content\/uploads\/2026\/03\/kinderkraft-cranky-pickle.png"},{"@type":"BreadcrumbList","@id":"https:\/\/www.nbutexas.com\/es\/kinderkraft\/#breadcrumb","itemListElement":[{"@type":"ListItem","position":1,"name":"Home","item":"https:\/\/www.nbutexas.com\/es\/"},{"@type":"ListItem","position":2,"name":"KINDERKRAFT"}]},{"@type":"WebSite","@id":"https:\/\/www.nbutexas.com\/es\/#website","url":"https:\/\/www.nbutexas.com\/es\/","name":"New Braunfels Utilities Website","description":"Your Utility&#039;s Site","potentialAction":[{"@type":"SearchAction","target":{"@type":"EntryPoint","urlTemplate":"https:\/\/www.nbutexas.com\/es\/?s={search_term_string}"},"query-input":{"@type":"PropertyValueSpecification","valueRequired":true,"valueName":"search_term_string"}}],"inLanguage":"es-ES"}]}},"_links":{"self":[{"href":"https:\/\/www.nbutexas.com\/es\/wp-json\/wp\/v2\/pages\/28635","targetHints":{"allow":["GET"]}}],"collection":[{"href":"https:\/\/www.nbutexas.com\/es\/wp-json\/wp\/v2\/pages"}],"about":[{"href":"https:\/\/www.nbutexas.com\/es\/wp-json\/wp\/v2\/types\/page"}],"author":[{"embeddable":true,"href":"https:\/\/www.nbutexas.com\/es\/wp-json\/wp\/v2\/users\/30"}],"replies":[{"embeddable":true,"href":"https:\/\/www.nbutexas.com\/es\/wp-json\/wp\/v2\/comments?post=28635"}],"version-history":[{"count":3,"href":"https:\/\/www.nbutexas.com\/es\/wp-json\/wp\/v2\/pages\/28635\/revisions"}],"predecessor-version":[{"id":31920,"href":"https:\/\/www.nbutexas.com\/es\/wp-json\/wp\/v2\/pages\/28635\/revisions\/31920"}],"wp:attachment":[{"href":"https:\/\/www.nbutexas.com\/es\/wp-json\/wp\/v2\/media?parent=28635"}],"curies":[{"name":"wp","href":"https:\/\/api.w.org\/{rel}","templated":true}]}}