{"id":28637,"date":"2025-03-06T14:00:42","date_gmt":"2025-03-06T20:00:42","guid":{"rendered":"https:\/\/www.nbutexas.com\/detective-de-monstruos\/"},"modified":"2025-03-25T09:49:11","modified_gmt":"2025-03-25T14:49:11","slug":"detective-de-monstruos","status":"publish","type":"page","link":"https:\/\/www.nbutexas.com\/es\/detective-de-monstruos\/","title":{"rendered":"Detective de Monstruos"},"content":{"rendered":"\n<h2 class=\"wp-block-heading\">Inspirar a las mentes j\u00f3venes en la conservaci\u00f3n de la energ\u00eda y el aprendizaje STEM<\/h2>\n\n<p>El Programa de Detectives Monstruos es una iniciativa educativa interactiva destinada a implicar a los alumnos en la conservaci\u00f3n de la energ\u00eda mediante presentaciones din\u00e1micas y actividades pr\u00e1cticas. El programa promueve la alfabetizaci\u00f3n energ\u00e9tica, fomenta la administraci\u00f3n medioambiental y refuerza las habilidades acad\u00e9micas b\u00e1sicas para apoyar la educaci\u00f3n STEM. Mejora el pensamiento cr\u00edtico, fomenta la investigaci\u00f3n cient\u00edfica y refuerza la concienciaci\u00f3n de la comunidad.    <\/p>\n\n<div class=\"wp-block-buttons is-layout-flex wp-block-buttons-is-layout-flex\">\n<div class=\"wp-block-button\"><a class=\"wp-block-button__link wp-element-button\" href=\"mailto:darnold@nbutexas.com\">Env\u00edanos un correo electr\u00f3nico para inscribir a tu clase.<\/a><\/div>\n<\/div>\n\n<hr class=\"wp-block-separator has-alpha-channel-opacity\"\/>\n\n<p><strong>\u00a1Conoce a los monstruos!<\/strong><\/p>\n\n<figure data-wp-context=\"{&quot;imageId&quot;:&quot;69de585cb5aee&quot;}\" data-wp-interactive=\"core\/image\" data-wp-key=\"69de585cb5aee\" class=\"wp-block-image size-large wp-lightbox-container\"><img loading=\"lazy\" decoding=\"async\" width=\"1024\" height=\"249\" data-wp-class--hide=\"state.isContentHidden\" data-wp-class--show=\"state.isContentVisible\" data-wp-init=\"callbacks.setButtonStyles\" data-wp-on--click=\"actions.showLightbox\" data-wp-on--load=\"callbacks.setButtonStyles\" data-wp-on-window--resize=\"callbacks.setButtonStyles\" src=\"http:\/\/live-nbu.pantheonsite.io\/wp-content\/uploads\/2025\/03\/Monsters-1024x249.png\" alt=\"\" class=\"wp-image-25535\" srcset=\"https:\/\/www.nbutexas.com\/wp-content\/uploads\/2025\/03\/Monsters-1024x249.png 1024w, https:\/\/www.nbutexas.com\/wp-content\/uploads\/2025\/03\/Monsters-300x73.png 300w, https:\/\/www.nbutexas.com\/wp-content\/uploads\/2025\/03\/Monsters-768x187.png 768w, https:\/\/www.nbutexas.com\/wp-content\/uploads\/2025\/03\/Monsters-1200x292.png 1200w, https:\/\/www.nbutexas.com\/wp-content\/uploads\/2025\/03\/Monsters-576x140.png 576w, https:\/\/www.nbutexas.com\/wp-content\/uploads\/2025\/03\/Monsters.png 1233w\" sizes=\"auto, (max-width: 1024px) 100vw, 1024px\" \/><button\n\t\t\tclass=\"lightbox-trigger\"\n\t\t\ttype=\"button\"\n\t\t\taria-haspopup=\"dialog\"\n\t\t\taria-label=\"Enlarge\"\n\t\t\tdata-wp-init=\"callbacks.initTriggerButton\"\n\t\t\tdata-wp-on--click=\"actions.showLightbox\"\n\t\t\tdata-wp-style--right=\"state.imageButtonRight\"\n\t\t\tdata-wp-style--top=\"state.imageButtonTop\"\n\t\t>\n\t\t\t<svg xmlns=\"http:\/\/www.w3.org\/2000\/svg\" width=\"12\" height=\"12\" fill=\"none\" viewBox=\"0 0 12 12\">\n\t\t\t\t<path fill=\"#fff\" d=\"M2 0a2 2 0 0 0-2 2v2h1.5V2a.5.5 0 0 1 .5-.5h2V0H2Zm2 10.5H2a.5.5 0 0 1-.5-.5V8H0v2a2 2 0 0 0 2 2h2v-1.5ZM8 12v-1.5h2a.5.5 0 0 0 .5-.5V8H12v2a2 2 0 0 1-2 2H8Zm2-12a2 2 0 0 1 2 2v2h-1.5V2a.5.5 0 0 0-.5-.5H8V0h2Z\" \/>\n\t\t\t<\/svg>\n\t\t<\/button><\/figure>\n\n<p>El Colectivo de Detectives de Monstruos es un programa educativo producido a trav\u00e9s del Laboratorio de Aprendizaje de Public Power. Esta presentaci\u00f3n pretende educar a los ni\u00f1os de 1\u00ba a 5\u00ba curso en algunos aspectos b\u00e1sicos importantes de la electricidad, como: <\/p>\n\n<ul class=\"wp-block-list\">\n<li><strong>\u00bfC\u00f3mo se fabrica la electricidad?<\/strong><\/li>\n\n\n\n<li><strong>\u00bfQu\u00e9 es la energ\u00eda?<\/strong><\/li>\n\n\n\n<li><strong>\u00bfC\u00f3mo se utiliza la electricidad?<\/strong><\/li>\n\n\n\n<li><strong>Electricidad en tu comunidad<\/strong><\/li>\n\n\n\n<li><strong>H\u00e9roes del poder p\u00fablico<\/strong><\/li>\n\n\n\n<li><strong>Seguridad el\u00e9ctrica<\/strong><\/li>\n<\/ul>\n\n<p><\/p>\n<h4 style=\"text-align: center;\"><strong>Detectives de monstruos en todo New Braunfels<\/strong><\/h4><\/p>\n\n<figure class=\"wp-block-gallery has-nested-images columns-default is-cropped wp-block-gallery-1 is-layout-flex wp-block-gallery-is-layout-flex\">\n<figure data-wp-context=\"{&quot;imageId&quot;:&quot;69de585cb7be4&quot;}\" data-wp-interactive=\"core\/image\" data-wp-key=\"69de585cb7be4\" class=\"wp-block-image size-large wp-lightbox-container\"><img loading=\"lazy\" decoding=\"async\" width=\"1024\" height=\"771\" data-wp-class--hide=\"state.isContentHidden\" data-wp-class--show=\"state.isContentVisible\" data-wp-init=\"callbacks.setButtonStyles\" data-wp-on--click=\"actions.showLightbox\" data-wp-on--load=\"callbacks.setButtonStyles\" data-wp-on-window--resize=\"callbacks.setButtonStyles\" data-id=\"25496\" src=\"http:\/\/live-nbu.pantheonsite.io\/wp-content\/uploads\/2025\/03\/MU1E-1024x771.jpg\" alt=\"\" class=\"wp-image-25496\" srcset=\"https:\/\/www.nbutexas.com\/wp-content\/uploads\/2025\/03\/MU1E-1024x771.jpg 1024w, https:\/\/www.nbutexas.com\/wp-content\/uploads\/2025\/03\/MU1E-300x226.jpg 300w, https:\/\/www.nbutexas.com\/wp-content\/uploads\/2025\/03\/MU1E-768x578.jpg 768w, https:\/\/www.nbutexas.com\/wp-content\/uploads\/2025\/03\/MU1E-1536x1157.jpg 1536w, https:\/\/www.nbutexas.com\/wp-content\/uploads\/2025\/03\/MU1E-2048x1542.jpg 2048w, https:\/\/www.nbutexas.com\/wp-content\/uploads\/2025\/03\/MU1E-1200x904.jpg 1200w, https:\/\/www.nbutexas.com\/wp-content\/uploads\/2025\/03\/MU1E-576x434.jpg 576w\" sizes=\"auto, (max-width: 1024px) 100vw, 1024px\" \/><button\n\t\t\tclass=\"lightbox-trigger\"\n\t\t\ttype=\"button\"\n\t\t\taria-haspopup=\"dialog\"\n\t\t\taria-label=\"Enlarge\"\n\t\t\tdata-wp-init=\"callbacks.initTriggerButton\"\n\t\t\tdata-wp-on--click=\"actions.showLightbox\"\n\t\t\tdata-wp-style--right=\"state.imageButtonRight\"\n\t\t\tdata-wp-style--top=\"state.imageButtonTop\"\n\t\t>\n\t\t\t<svg xmlns=\"http:\/\/www.w3.org\/2000\/svg\" width=\"12\" height=\"12\" fill=\"none\" viewBox=\"0 0 12 12\">\n\t\t\t\t<path fill=\"#fff\" d=\"M2 0a2 2 0 0 0-2 2v2h1.5V2a.5.5 0 0 1 .5-.5h2V0H2Zm2 10.5H2a.5.5 0 0 1-.5-.5V8H0v2a2 2 0 0 0 2 2h2v-1.5ZM8 12v-1.5h2a.5.5 0 0 0 .5-.5V8H12v2a2 2 0 0 1-2 2H8Zm2-12a2 2 0 0 1 2 2v2h-1.5V2a.5.5 0 0 0-.5-.5H8V0h2Z\" \/>\n\t\t\t<\/svg>\n\t\t<\/button><\/figure>\n\n\n\n<figure data-wp-context=\"{&quot;imageId&quot;:&quot;69de585cb6f58&quot;}\" data-wp-interactive=\"core\/image\" data-wp-key=\"69de585cb6f58\" class=\"wp-block-image size-large wp-lightbox-container\"><img loading=\"lazy\" decoding=\"async\" width=\"940\" height=\"788\" data-wp-class--hide=\"state.isContentHidden\" data-wp-class--show=\"state.isContentVisible\" data-wp-init=\"callbacks.setButtonStyles\" data-wp-on--click=\"actions.showLightbox\" data-wp-on--load=\"callbacks.setButtonStyles\" data-wp-on-window--resize=\"callbacks.setButtonStyles\" data-id=\"25497\" src=\"http:\/\/live-nbu.pantheonsite.io\/wp-content\/uploads\/2025\/03\/MU-NBCA-3rd-Grade.png\" alt=\"\" class=\"wp-image-25497\" srcset=\"https:\/\/www.nbutexas.com\/wp-content\/uploads\/2025\/03\/MU-NBCA-3rd-Grade.png 940w, https:\/\/www.nbutexas.com\/wp-content\/uploads\/2025\/03\/MU-NBCA-3rd-Grade-300x251.png 300w, https:\/\/www.nbutexas.com\/wp-content\/uploads\/2025\/03\/MU-NBCA-3rd-Grade-768x644.png 768w, https:\/\/www.nbutexas.com\/wp-content\/uploads\/2025\/03\/MU-NBCA-3rd-Grade-576x483.png 576w\" sizes=\"auto, (max-width: 940px) 100vw, 940px\" \/><button\n\t\t\tclass=\"lightbox-trigger\"\n\t\t\ttype=\"button\"\n\t\t\taria-haspopup=\"dialog\"\n\t\t\taria-label=\"Enlarge\"\n\t\t\tdata-wp-init=\"callbacks.initTriggerButton\"\n\t\t\tdata-wp-on--click=\"actions.showLightbox\"\n\t\t\tdata-wp-style--right=\"state.imageButtonRight\"\n\t\t\tdata-wp-style--top=\"state.imageButtonTop\"\n\t\t>\n\t\t\t<svg xmlns=\"http:\/\/www.w3.org\/2000\/svg\" width=\"12\" height=\"12\" fill=\"none\" viewBox=\"0 0 12 12\">\n\t\t\t\t<path fill=\"#fff\" d=\"M2 0a2 2 0 0 0-2 2v2h1.5V2a.5.5 0 0 1 .5-.5h2V0H2Zm2 10.5H2a.5.5 0 0 1-.5-.5V8H0v2a2 2 0 0 0 2 2h2v-1.5ZM8 12v-1.5h2a.5.5 0 0 0 .5-.5V8H12v2a2 2 0 0 1-2 2H8Zm2-12a2 2 0 0 1 2 2v2h-1.5V2a.5.5 0 0 0-.5-.5H8V0h2Z\" \/>\n\t\t\t<\/svg>\n\t\t<\/button><\/figure>\n\n\n\n<figure data-wp-context=\"{&quot;imageId&quot;:&quot;69de585cba05c&quot;}\" data-wp-interactive=\"core\/image\" data-wp-key=\"69de585cba05c\" class=\"wp-block-image size-large wp-lightbox-container\"><img loading=\"lazy\" decoding=\"async\" width=\"1024\" height=\"768\" data-wp-class--hide=\"state.isContentHidden\" data-wp-class--show=\"state.isContentVisible\" data-wp-init=\"callbacks.setButtonStyles\" data-wp-on--click=\"actions.showLightbox\" data-wp-on--load=\"callbacks.setButtonStyles\" data-wp-on-window--resize=\"callbacks.setButtonStyles\" data-id=\"28528\" src=\"http:\/\/live-nbu.pantheonsite.io\/wp-content\/uploads\/2025\/03\/IMG_0413-1024x768.jpg\" alt=\"\" class=\"wp-image-28528\" srcset=\"https:\/\/www.nbutexas.com\/wp-content\/uploads\/2025\/03\/IMG_0413-1024x768.jpg 1024w, https:\/\/www.nbutexas.com\/wp-content\/uploads\/2025\/03\/IMG_0413-300x225.jpg 300w, https:\/\/www.nbutexas.com\/wp-content\/uploads\/2025\/03\/IMG_0413-768x576.jpg 768w, https:\/\/www.nbutexas.com\/wp-content\/uploads\/2025\/03\/IMG_0413-1536x1152.jpg 1536w, https:\/\/www.nbutexas.com\/wp-content\/uploads\/2025\/03\/IMG_0413-2048x1536.jpg 2048w, https:\/\/www.nbutexas.com\/wp-content\/uploads\/2025\/03\/IMG_0413-1200x900.jpg 1200w, https:\/\/www.nbutexas.com\/wp-content\/uploads\/2025\/03\/IMG_0413-576x432.jpg 576w\" sizes=\"auto, (max-width: 1024px) 100vw, 1024px\" \/><button\n\t\t\tclass=\"lightbox-trigger\"\n\t\t\ttype=\"button\"\n\t\t\taria-haspopup=\"dialog\"\n\t\t\taria-label=\"Enlarge\"\n\t\t\tdata-wp-init=\"callbacks.initTriggerButton\"\n\t\t\tdata-wp-on--click=\"actions.showLightbox\"\n\t\t\tdata-wp-style--right=\"state.imageButtonRight\"\n\t\t\tdata-wp-style--top=\"state.imageButtonTop\"\n\t\t>\n\t\t\t<svg xmlns=\"http:\/\/www.w3.org\/2000\/svg\" width=\"12\" height=\"12\" fill=\"none\" viewBox=\"0 0 12 12\">\n\t\t\t\t<path fill=\"#fff\" d=\"M2 0a2 2 0 0 0-2 2v2h1.5V2a.5.5 0 0 1 .5-.5h2V0H2Zm2 10.5H2a.5.5 0 0 1-.5-.5V8H0v2a2 2 0 0 0 2 2h2v-1.5ZM8 12v-1.5h2a.5.5 0 0 0 .5-.5V8H12v2a2 2 0 0 1-2 2H8Zm2-12a2 2 0 0 1 2 2v2h-1.5V2a.5.5 0 0 0-.5-.5H8V0h2Z\" \/>\n\t\t\t<\/svg>\n\t\t<\/button><\/figure>\n\n\n\n<figure data-wp-context=\"{&quot;imageId&quot;:&quot;69de585cb885f&quot;}\" data-wp-interactive=\"core\/image\" data-wp-key=\"69de585cb885f\" class=\"wp-block-image size-large wp-lightbox-container\"><img loading=\"lazy\" decoding=\"async\" width=\"1024\" height=\"907\" data-wp-class--hide=\"state.isContentHidden\" data-wp-class--show=\"state.isContentVisible\" data-wp-init=\"callbacks.setButtonStyles\" data-wp-on--click=\"actions.showLightbox\" data-wp-on--load=\"callbacks.setButtonStyles\" data-wp-on-window--resize=\"callbacks.setButtonStyles\" data-id=\"25499\" src=\"http:\/\/live-nbu.pantheonsite.io\/wp-content\/uploads\/2025\/03\/MU4E-1024x907.jpg\" alt=\"\" class=\"wp-image-25499\" srcset=\"https:\/\/www.nbutexas.com\/wp-content\/uploads\/2025\/03\/MU4E-1024x907.jpg 1024w, https:\/\/www.nbutexas.com\/wp-content\/uploads\/2025\/03\/MU4E-300x266.jpg 300w, https:\/\/www.nbutexas.com\/wp-content\/uploads\/2025\/03\/MU4E-768x680.jpg 768w, https:\/\/www.nbutexas.com\/wp-content\/uploads\/2025\/03\/MU4E-1536x1360.jpg 1536w, https:\/\/www.nbutexas.com\/wp-content\/uploads\/2025\/03\/MU4E-2048x1814.jpg 2048w, https:\/\/www.nbutexas.com\/wp-content\/uploads\/2025\/03\/MU4E-1200x1063.jpg 1200w, https:\/\/www.nbutexas.com\/wp-content\/uploads\/2025\/03\/MU4E-576x510.jpg 576w\" sizes=\"auto, (max-width: 1024px) 100vw, 1024px\" \/><button\n\t\t\tclass=\"lightbox-trigger\"\n\t\t\ttype=\"button\"\n\t\t\taria-haspopup=\"dialog\"\n\t\t\taria-label=\"Enlarge\"\n\t\t\tdata-wp-init=\"callbacks.initTriggerButton\"\n\t\t\tdata-wp-on--click=\"actions.showLightbox\"\n\t\t\tdata-wp-style--right=\"state.imageButtonRight\"\n\t\t\tdata-wp-style--top=\"state.imageButtonTop\"\n\t\t>\n\t\t\t<svg xmlns=\"http:\/\/www.w3.org\/2000\/svg\" width=\"12\" height=\"12\" fill=\"none\" viewBox=\"0 0 12 12\">\n\t\t\t\t<path fill=\"#fff\" d=\"M2 0a2 2 0 0 0-2 2v2h1.5V2a.5.5 0 0 1 .5-.5h2V0H2Zm2 10.5H2a.5.5 0 0 1-.5-.5V8H0v2a2 2 0 0 0 2 2h2v-1.5ZM8 12v-1.5h2a.5.5 0 0 0 .5-.5V8H12v2a2 2 0 0 1-2 2H8Zm2-12a2 2 0 0 1 2 2v2h-1.5V2a.5.5 0 0 0-.5-.5H8V0h2Z\" \/>\n\t\t\t<\/svg>\n\t\t<\/button><\/figure>\n\n\n\n<figure data-wp-context=\"{&quot;imageId&quot;:&quot;69de585cb94ff&quot;}\" data-wp-interactive=\"core\/image\" data-wp-key=\"69de585cb94ff\" class=\"wp-block-image size-large wp-lightbox-container\"><img loading=\"lazy\" decoding=\"async\" width=\"1024\" height=\"791\" data-wp-class--hide=\"state.isContentHidden\" data-wp-class--show=\"state.isContentVisible\" data-wp-init=\"callbacks.setButtonStyles\" data-wp-on--click=\"actions.showLightbox\" data-wp-on--load=\"callbacks.setButtonStyles\" data-wp-on-window--resize=\"callbacks.setButtonStyles\" data-id=\"25500\" src=\"http:\/\/live-nbu.pantheonsite.io\/wp-content\/uploads\/2025\/03\/MU2E-1024x791.jpg\" alt=\"\" class=\"wp-image-25500\" srcset=\"https:\/\/www.nbutexas.com\/wp-content\/uploads\/2025\/03\/MU2E-1024x791.jpg 1024w, https:\/\/www.nbutexas.com\/wp-content\/uploads\/2025\/03\/MU2E-300x232.jpg 300w, https:\/\/www.nbutexas.com\/wp-content\/uploads\/2025\/03\/MU2E-768x593.jpg 768w, https:\/\/www.nbutexas.com\/wp-content\/uploads\/2025\/03\/MU2E-1536x1186.jpg 1536w, https:\/\/www.nbutexas.com\/wp-content\/uploads\/2025\/03\/MU2E-2048x1581.jpg 2048w, https:\/\/www.nbutexas.com\/wp-content\/uploads\/2025\/03\/MU2E-1200x926.jpg 1200w, https:\/\/www.nbutexas.com\/wp-content\/uploads\/2025\/03\/MU2E-576x445.jpg 576w\" sizes=\"auto, (max-width: 1024px) 100vw, 1024px\" \/><button\n\t\t\tclass=\"lightbox-trigger\"\n\t\t\ttype=\"button\"\n\t\t\taria-haspopup=\"dialog\"\n\t\t\taria-label=\"Enlarge\"\n\t\t\tdata-wp-init=\"callbacks.initTriggerButton\"\n\t\t\tdata-wp-on--click=\"actions.showLightbox\"\n\t\t\tdata-wp-style--right=\"state.imageButtonRight\"\n\t\t\tdata-wp-style--top=\"state.imageButtonTop\"\n\t\t>\n\t\t\t<svg xmlns=\"http:\/\/www.w3.org\/2000\/svg\" width=\"12\" height=\"12\" fill=\"none\" viewBox=\"0 0 12 12\">\n\t\t\t\t<path fill=\"#fff\" d=\"M2 0a2 2 0 0 0-2 2v2h1.5V2a.5.5 0 0 1 .5-.5h2V0H2Zm2 10.5H2a.5.5 0 0 1-.5-.5V8H0v2a2 2 0 0 0 2 2h2v-1.5ZM8 12v-1.5h2a.5.5 0 0 0 .5-.5V8H12v2a2 2 0 0 1-2 2H8Zm2-12a2 2 0 0 1 2 2v2h-1.5V2a.5.5 0 0 0-.5-.5H8V0h2Z\" \/>\n\t\t\t<\/svg>\n\t\t<\/button><\/figure>\n<\/figure>\n\t<div class=\"resources\">\n\t\t\t\t<div class=\"resources__title\">Detective de Monstruos Intel<\/div>\n\t\t\t\t<ul class=\"resources__resources\">\n\t\t\n\t\t\t<li class=\"resource\">\n\t\t\t\t<div class=\"resource__wrapper\">\n\t\t\t\t\t\t\t\t\t\t\t<i aria-hidden=\"true\" class=\"resource__icon icon icon-custom\"><img decoding=\"async\" src=\"https:\/\/www.nbutexas.com\/wp-content\/uploads\/2025\/03\/Activity-Sheet-.png\" alt=\"\" \/><\/i>\n\t\t\t\t\t\t\t\t\t\t<div class=\"resource__content\">\n\t\t\t\t\t\t<p class=\"resource__title\">Hoja de actividades<\/p>\n\t\t\t\t\t\t\t\t\t\t\t\t<a class=\"resource__prompt\" target=\"\">View Resource<span class=\"sr-only\">: Hoja de actividades<\/span><\/a>\n\t\t\t\t\t<\/div>\n\t\t\t\t<\/div>\n\t\t\t\t\t\t\t<\/li>\n\t\t\n\t\t\t<li class=\"resource\">\n\t\t\t\t<div class=\"resource__wrapper\">\n\t\t\t\t\t\t\t\t\t\t\t<i aria-hidden=\"true\" class=\"resource__icon icon icon-custom\"><img decoding=\"async\" src=\"https:\/\/www.nbutexas.com\/wp-content\/uploads\/2025\/03\/MDC-Holiday-Coloring-Page.jpg\" alt=\"\" \/><\/i>\n\t\t\t\t\t\t\t\t\t\t<div class=\"resource__content\">\n\t\t\t\t\t\t<p class=\"resource__title\">P\u00e1gina para colorear de vacaciones<\/p>\n\t\t\t\t\t\t\t\t\t\t\t\t<a class=\"resource__prompt\" target=\"\">View Resource<span class=\"sr-only\">: P\u00e1gina para colorear de vacaciones<\/span><\/a>\n\t\t\t\t\t<\/div>\n\t\t\t\t<\/div>\n\t\t\t\t\t\t\t<\/li>\n\t\t\t\t<\/ul>\n\t<\/div>\n<div class=\"about\">\n\t<p class=\"about__title heading--2\">Env\u00edanos un correo electr\u00f3nico para inscribir a tu clase.<\/p>\n\t<p class=\"about__content\"><\/p>\n\t\t\t<a title=\"darnold@nbutexas.com\" href=\"mailto:darnold@nbutexas.com\" class=\"about__cta link--underline link--arrow link--underline--animate link--arrow--animate\">darnold@nbutexas.com<\/a>\t<\/div>\n","protected":false},"excerpt":{"rendered":"<p>Inspirar a las mentes j\u00f3venes en la conservaci\u00f3n de la energ\u00eda y el aprendizaje STEM El Programa de Detectives Monstruos\u2026<\/p>\n","protected":false},"author":30,"featured_media":0,"parent":0,"menu_order":0,"comment_status":"closed","ping_status":"closed","template":"","meta":{"_acf_changed":false,"footnotes":""},"class_list":["post-28637","page","type-page","status-publish","hentry"],"acf":[],"yoast_head":"<!-- This site is optimized with the Yoast SEO plugin v27.2 - https:\/\/yoast.com\/product\/yoast-seo-wordpress\/ -->\n<title>Detective de Monstruos - New Braunfels Utilities Website<\/title>\n<meta name=\"robots\" content=\"index, follow, max-snippet:-1, max-image-preview:large, max-video-preview:-1\" \/>\n<link rel=\"canonical\" href=\"https:\/\/www.nbutexas.com\/es\/detective-de-monstruos\/\" \/>\n<meta property=\"og:locale\" content=\"es_ES\" \/>\n<meta property=\"og:type\" content=\"article\" \/>\n<meta property=\"og:title\" content=\"Detective de Monstruos - New Braunfels Utilities Website\" \/>\n<meta property=\"og:description\" content=\"Inspirar a las mentes j\u00f3venes en la conservaci\u00f3n de la energ\u00eda y el aprendizaje STEM El Programa de Detectives Monstruos\u2026\" \/>\n<meta property=\"og:url\" content=\"https:\/\/www.nbutexas.com\/es\/detective-de-monstruos\/\" \/>\n<meta property=\"og:site_name\" content=\"New Braunfels Utilities Website\" \/>\n<meta property=\"article:modified_time\" content=\"2025-03-25T14:49:11+00:00\" \/>\n<meta property=\"og:image\" content=\"https:\/\/www.nbutexas.com\/wp-content\/uploads\/2025\/03\/Monsters-1024x249.png\" \/>\n<meta name=\"twitter:card\" content=\"summary_large_image\" \/>\n<meta name=\"twitter:label1\" content=\"Est. reading time\" \/>\n\t<meta name=\"twitter:data1\" content=\"1 minute\" \/>\n<script type=\"application\/ld+json\" class=\"yoast-schema-graph\">{\"@context\":\"https:\/\/schema.org\",\"@graph\":[{\"@type\":\"WebPage\",\"@id\":\"https:\/\/www.nbutexas.com\/es\/detective-de-monstruos\/\",\"url\":\"https:\/\/www.nbutexas.com\/es\/detective-de-monstruos\/\",\"name\":\"Detective de Monstruos - New Braunfels Utilities Website\",\"isPartOf\":{\"@id\":\"https:\/\/www.nbutexas.com\/es\/#website\"},\"primaryImageOfPage\":{\"@id\":\"https:\/\/www.nbutexas.com\/es\/detective-de-monstruos\/#primaryimage\"},\"image\":{\"@id\":\"https:\/\/www.nbutexas.com\/es\/detective-de-monstruos\/#primaryimage\"},\"thumbnailUrl\":\"http:\/\/live-nbu.pantheonsite.io\/wp-content\/uploads\/2025\/03\/Monsters-1024x249.png\",\"datePublished\":\"2025-03-06T20:00:42+00:00\",\"dateModified\":\"2025-03-25T14:49:11+00:00\",\"breadcrumb\":{\"@id\":\"https:\/\/www.nbutexas.com\/es\/detective-de-monstruos\/#breadcrumb\"},\"inLanguage\":\"es-ES\",\"potentialAction\":[{\"@type\":\"ReadAction\",\"target\":[\"https:\/\/www.nbutexas.com\/es\/detective-de-monstruos\/\"]}]},{\"@type\":\"ImageObject\",\"inLanguage\":\"es-ES\",\"@id\":\"https:\/\/www.nbutexas.com\/es\/detective-de-monstruos\/#primaryimage\",\"url\":\"http:\/\/live-nbu.pantheonsite.io\/wp-content\/uploads\/2025\/03\/Monsters-1024x249.png\",\"contentUrl\":\"http:\/\/live-nbu.pantheonsite.io\/wp-content\/uploads\/2025\/03\/Monsters-1024x249.png\"},{\"@type\":\"BreadcrumbList\",\"@id\":\"https:\/\/www.nbutexas.com\/es\/detective-de-monstruos\/#breadcrumb\",\"itemListElement\":[{\"@type\":\"ListItem\",\"position\":1,\"name\":\"Home\",\"item\":\"https:\/\/www.nbutexas.com\/es\/\"},{\"@type\":\"ListItem\",\"position\":2,\"name\":\"Detective de Monstruos\"}]},{\"@type\":\"WebSite\",\"@id\":\"https:\/\/www.nbutexas.com\/es\/#website\",\"url\":\"https:\/\/www.nbutexas.com\/es\/\",\"name\":\"New Braunfels Utilities Website\",\"description\":\"Your Utility&#039;s Site\",\"potentialAction\":[{\"@type\":\"SearchAction\",\"target\":{\"@type\":\"EntryPoint\",\"urlTemplate\":\"https:\/\/www.nbutexas.com\/es\/?s={search_term_string}\"},\"query-input\":{\"@type\":\"PropertyValueSpecification\",\"valueRequired\":true,\"valueName\":\"search_term_string\"}}],\"inLanguage\":\"es-ES\"}]}<\/script>\n<!-- \/ Yoast SEO plugin. -->","yoast_head_json":{"title":"Detective de Monstruos - New Braunfels Utilities Website","robots":{"index":"index","follow":"follow","max-snippet":"max-snippet:-1","max-image-preview":"max-image-preview:large","max-video-preview":"max-video-preview:-1"},"canonical":"https:\/\/www.nbutexas.com\/es\/detective-de-monstruos\/","og_locale":"es_ES","og_type":"article","og_title":"Detective de Monstruos - New Braunfels Utilities Website","og_description":"Inspirar a las mentes j\u00f3venes en la conservaci\u00f3n de la energ\u00eda y el aprendizaje STEM El Programa de Detectives Monstruos\u2026","og_url":"https:\/\/www.nbutexas.com\/es\/detective-de-monstruos\/","og_site_name":"New Braunfels Utilities Website","article_modified_time":"2025-03-25T14:49:11+00:00","og_image":[{"url":"https:\/\/www.nbutexas.com\/wp-content\/uploads\/2025\/03\/Monsters-1024x249.png","type":"","width":"","height":""}],"twitter_card":"summary_large_image","twitter_misc":{"Est. reading time":"1 minute"},"schema":{"@context":"https:\/\/schema.org","@graph":[{"@type":"WebPage","@id":"https:\/\/www.nbutexas.com\/es\/detective-de-monstruos\/","url":"https:\/\/www.nbutexas.com\/es\/detective-de-monstruos\/","name":"Detective de Monstruos - New Braunfels Utilities Website","isPartOf":{"@id":"https:\/\/www.nbutexas.com\/es\/#website"},"primaryImageOfPage":{"@id":"https:\/\/www.nbutexas.com\/es\/detective-de-monstruos\/#primaryimage"},"image":{"@id":"https:\/\/www.nbutexas.com\/es\/detective-de-monstruos\/#primaryimage"},"thumbnailUrl":"http:\/\/live-nbu.pantheonsite.io\/wp-content\/uploads\/2025\/03\/Monsters-1024x249.png","datePublished":"2025-03-06T20:00:42+00:00","dateModified":"2025-03-25T14:49:11+00:00","breadcrumb":{"@id":"https:\/\/www.nbutexas.com\/es\/detective-de-monstruos\/#breadcrumb"},"inLanguage":"es-ES","potentialAction":[{"@type":"ReadAction","target":["https:\/\/www.nbutexas.com\/es\/detective-de-monstruos\/"]}]},{"@type":"ImageObject","inLanguage":"es-ES","@id":"https:\/\/www.nbutexas.com\/es\/detective-de-monstruos\/#primaryimage","url":"http:\/\/live-nbu.pantheonsite.io\/wp-content\/uploads\/2025\/03\/Monsters-1024x249.png","contentUrl":"http:\/\/live-nbu.pantheonsite.io\/wp-content\/uploads\/2025\/03\/Monsters-1024x249.png"},{"@type":"BreadcrumbList","@id":"https:\/\/www.nbutexas.com\/es\/detective-de-monstruos\/#breadcrumb","itemListElement":[{"@type":"ListItem","position":1,"name":"Home","item":"https:\/\/www.nbutexas.com\/es\/"},{"@type":"ListItem","position":2,"name":"Detective de Monstruos"}]},{"@type":"WebSite","@id":"https:\/\/www.nbutexas.com\/es\/#website","url":"https:\/\/www.nbutexas.com\/es\/","name":"New Braunfels Utilities Website","description":"Your Utility&#039;s Site","potentialAction":[{"@type":"SearchAction","target":{"@type":"EntryPoint","urlTemplate":"https:\/\/www.nbutexas.com\/es\/?s={search_term_string}"},"query-input":{"@type":"PropertyValueSpecification","valueRequired":true,"valueName":"search_term_string"}}],"inLanguage":"es-ES"}]}},"_links":{"self":[{"href":"https:\/\/www.nbutexas.com\/es\/wp-json\/wp\/v2\/pages\/28637","targetHints":{"allow":["GET"]}}],"collection":[{"href":"https:\/\/www.nbutexas.com\/es\/wp-json\/wp\/v2\/pages"}],"about":[{"href":"https:\/\/www.nbutexas.com\/es\/wp-json\/wp\/v2\/types\/page"}],"author":[{"embeddable":true,"href":"https:\/\/www.nbutexas.com\/es\/wp-json\/wp\/v2\/users\/30"}],"replies":[{"embeddable":true,"href":"https:\/\/www.nbutexas.com\/es\/wp-json\/wp\/v2\/comments?post=28637"}],"version-history":[{"count":1,"href":"https:\/\/www.nbutexas.com\/es\/wp-json\/wp\/v2\/pages\/28637\/revisions"}],"predecessor-version":[{"id":28638,"href":"https:\/\/www.nbutexas.com\/es\/wp-json\/wp\/v2\/pages\/28637\/revisions\/28638"}],"wp:attachment":[{"href":"https:\/\/www.nbutexas.com\/es\/wp-json\/wp\/v2\/media?parent=28637"}],"curies":[{"name":"wp","href":"https:\/\/api.w.org\/{rel}","templated":true}]}}