{"id":28643,"date":"2022-11-01T10:51:07","date_gmt":"2022-11-01T15:51:07","guid":{"rendered":"https:\/\/www.nbutexas.com\/consejos-de-conservacion-en-tiempo-frio\/"},"modified":"2025-03-25T09:49:32","modified_gmt":"2025-03-25T14:49:32","slug":"consejos-de-conservacion-en-tiempo-frio","status":"publish","type":"page","link":"https:\/\/www.nbutexas.com\/es\/consejos-de-conservacion-en-tiempo-frio\/","title":{"rendered":"Consejos de conservaci\u00f3n en tiempo fr\u00edo"},"content":{"rendered":"\n<h2 class=\"wp-block-heading\">Con el invierno a la vuelta de la esquina, a continuaci\u00f3n te damos algunos consejos sencillos que pueden ayudarte a ahorrar energ\u00eda y a reducir tus gastos en servicios p\u00fablicos.<\/h2>\n\n<hr class=\"wp-block-separator has-css-opacity is-style-wide\"\/>\n\n<p><\/p>\n\n<h3 class=\"wp-block-heading\">T\u00e9cnicas de conservaci\u00f3n de la energ\u00eda<\/h3>\n<div class=\"wp-block-image is-style-default\">\n<figure class=\"alignleft size-full is-resized\"><img loading=\"lazy\" decoding=\"async\" src=\"http:\/\/live-nbu.pantheonsite.io\/wp-content\/uploads\/2022\/11\/Seal-Windows.jpg\" alt=\"\" class=\"wp-image-16787\" width=\"186\" height=\"191\" \/><\/figure>\n<\/div>\n<p><strong>Sella tus ventanas<\/strong><\/p>\n\n<p>&#8211; Inspecciona tus ventanas y utiliza masilla de silicona para sellar los huecos.<\/p>\n\n<p>&#8211; Ahorra energ\u00eda mientras est\u00e1s fuera instalando un termostato inteligente. Algunos termostatos nuevos tambi\u00e9n son compatibles con Wi-Fi y pueden controlarse desde tus dispositivos m\u00f3viles. <br\/><br\/><\/p>\n<div class=\"wp-block-image is-style-default\">\n<figure class=\"alignleft size-full is-resized\"><img loading=\"lazy\" decoding=\"async\" src=\"http:\/\/live-nbu.pantheonsite.io\/wp-content\/uploads\/2022\/11\/Sun-.jpg\" alt=\"\" class=\"wp-image-16781\" width=\"191\" height=\"192\" \/><\/figure>\n<\/div>\n<p><strong>Consigue ayuda del Sol<\/strong><\/p>\n\n<p>&#8211; Deja que el sol proporcione calor gratuito abriendo las cortinas de las ventanas orientadas al sur durante las horas diurnas. Por la noche, cierra las cortinas para ayudar a mantener el aire caliente dentro de tu casa. <br\/><br\/><br\/><br\/><br\/><\/p>\n<div class=\"wp-block-image is-style-default\">\n<figure class=\"alignleft size-full is-resized\"><img loading=\"lazy\" decoding=\"async\" src=\"http:\/\/live-nbu.pantheonsite.io\/wp-content\/uploads\/2022\/11\/Wind-Draft.jpg\" alt=\"\" class=\"wp-image-16784\" width=\"191\" height=\"190\" \/><\/figure>\n<\/div>\n<p><strong>Localizar y eliminar fugas<\/strong><\/p>\n\n<p>&#8211; El aire fr\u00edo o caliente puede escaparse de tu casa a trav\u00e9s de huecos o agujeros alrededor de la fontaner\u00eda, la iluminaci\u00f3n empotrada, las chimeneas y los conductos de extracci\u00f3n. Localiza las fugas y s\u00e9llalas. <\/p>\n\n<p>&#8211; La masilla o los burletes sellar\u00e1n los huecos de puertas y ventanas.<br\/><br\/><\/p>\n<div class=\"wp-block-image is-style-default\">\n<figure class=\"alignleft size-full is-resized\"><img loading=\"lazy\" decoding=\"async\" src=\"http:\/\/live-nbu.pantheonsite.io\/wp-content\/uploads\/2022\/11\/Thermostat.jpg\" alt=\"\" class=\"wp-image-16782\" width=\"187\" height=\"191\" \/><\/figure>\n<\/div>\n<p><strong>Ajusta el termostato<\/strong> &#8211; <a href=\"https:\/\/www.nbutexas.com\/rebates\/\">Reembolso disponible<\/a><\/p>\n\n<p>&#8211; Pon el termostato a una temperatura tan baja como puedas tolerar c\u00f3modamente. 68 grados es una buena orientaci\u00f3n durante las horas en que los ocupantes est\u00e1n en casa y despiertos. <\/p>\n\n<p>&#8211; Instala un termostato inteligente para cambiar autom\u00e1ticamente la temperatura seg\u00fan la hora del d\u00eda y la ocupaci\u00f3n.<br\/><br\/><\/p>\n<div class=\"wp-block-image is-style-default\">\n<figure class=\"alignleft size-full is-resized\"><img loading=\"lazy\" decoding=\"async\" src=\"http:\/\/live-nbu.pantheonsite.io\/wp-content\/uploads\/2022\/11\/Water-Heater-Temperature.jpg\" alt=\"\" class=\"wp-image-16783\" width=\"191\" height=\"190\" \/><\/figure>\n<\/div>\n<p class=\"has-text-align-left\"><strong>Ajusta tu calentador de agua<\/strong><\/p>\n\n<p>&#8211; Prolonga la vida de tus inversiones dom\u00e9sticas reduciendo el ajuste de temperatura de tu calentador de agua a 120 grados.<br\/><br\/><br\/><br\/><\/p>\n<div class=\"wp-block-image is-style-default\">\n<figure class=\"alignleft size-full is-resized\"><img loading=\"lazy\" decoding=\"async\" src=\"http:\/\/live-nbu.pantheonsite.io\/wp-content\/uploads\/2022\/11\/Heater-.jpg\" alt=\"\" class=\"wp-image-16786\" width=\"184\" height=\"190\" \/><\/figure>\n<\/div>\n<p><strong>Mant\u00e9n tu sistema de aire acondicionado\/calefacci\u00f3n funcionando eficientemente<\/strong> &#8211; <a href=\"https:\/\/www.nbutexas.com\/rebates\/\">Reembolso disponible<\/a><\/p>\n\n<p>&#8211; Cambia los filtros de las calderas o bombas de calor una vez al mes, o m\u00e1s a menudo si es necesario.<br\/><br\/><br\/><br\/><br\/><\/p>\n<div class=\"wp-block-image is-style-default\">\n<figure class=\"alignleft size-full is-resized\"><img loading=\"lazy\" decoding=\"async\" src=\"http:\/\/live-nbu.pantheonsite.io\/wp-content\/uploads\/2022\/11\/Fire.jpg\" alt=\"\" class=\"wp-image-16785\" width=\"185\" height=\"190\" \/><\/figure>\n<\/div>\n<p><strong>Optimiza tu chimenea (si tu casa tiene una)<\/strong><\/p>\n\n<p>&#8211; A menos que haya fuego, mant\u00e9n cerrada la compuerta. Una compuerta abierta puede permitir que el aire caliente del interior de la casa salga por la chimenea. <br\/><\/p>\n\n<p><br\/><br\/><br\/><br\/><\/p>\n\n<h3 class=\"wp-block-heading\">Conservaci\u00f3n en vacaciones<br\/><\/h3>\n<div class=\"wp-block-image is-style-default\">\n<figure class=\"alignleft size-full\"><img loading=\"lazy\" decoding=\"async\" width=\"185\" height=\"190\" src=\"http:\/\/live-nbu.pantheonsite.io\/wp-content\/uploads\/2022\/11\/christmas-lights-on-dark-blue-background.jpg_s1024x1024wisk20c-n9ErbryH64uYCtJQ4Aecc_GoJZTAM2vMRIbQpav_FM-1.jpg\" alt=\"\" class=\"wp-image-17169\" \/><\/figure>\n<\/div>\n<p><strong><strong>Cambiar a luces de Navidad LED<\/strong><\/strong><\/p>\n\n<p>&#8211; La forma m\u00e1s f\u00e1cil de ahorrar dinero durante las fiestas es cambiar las luces normales por luces LED de alta eficiencia. Las luces LED consumen un 90% menos de electricidad y duran mucho m\u00e1s que las incandescentes. Considera tambi\u00e9n la posibilidad de poner un temporizador para limitar el tiempo que las luces permanecen encendidas.  <br\/><br\/><br\/><\/p>\n<div class=\"wp-block-image is-style-default\">\n<figure class=\"alignleft size-full\"><img loading=\"lazy\" decoding=\"async\" width=\"185\" height=\"190\" src=\"http:\/\/live-nbu.pantheonsite.io\/wp-content\/uploads\/2022\/11\/thermostat-home-energy-saving.jpg_s1024x1024wisk20cJVxx0Tkbyib04lGI3QQlN8DwSuZf2PQowg5krAtLKSQ.jpg\" alt=\"\" class=\"wp-image-17170\" \/><\/figure>\n<\/div>\n<p><strong><strong>Si viajas, baja el termostato y desenchufa los aparatos<\/strong><\/strong><\/p>\n\n<p>&#8211; Si tienes previsto salir de casa por vacaciones, regula el termostato sustancialmente mientras est\u00e9s fuera. Tambi\u00e9n puedes desenchufar televisores, ordenadores, impresoras, radios y otros aparatos electr\u00f3nicos que pueden consumir energ\u00eda aunque no est\u00e9n encendidos. Si ves una luz en el aparato, lo m\u00e1s probable es que est\u00e9 consumiendo energ\u00eda.  <br\/><\/p>\n\n<p><br\/><\/p>\n\n<hr class=\"wp-block-separator has-css-opacity is-style-wide\"\/>\n\t<div class=\"resources\">\n\t\t\t\t<div class=\"resources__title\">Recursos de conservaci\u00f3n<\/div>\n\t\t\t\t<ul class=\"resources__resources\">\n\t\t\n\t\t\t<li class=\"resource\">\n\t\t\t\t<div class=\"resource__wrapper\">\n\t\t\t\t\t\t\t\t\t\t\t<i class=\"resource__icon icon icon-document\"><\/i>\n\t\t\t\t\t\t\t\t\t\t<div class=\"resource__content\">\n\t\t\t\t\t\t<p class=\"resource__title\">Formas de ahorrar: Rebajas<\/p>\n\t\t\t\t\t\t\t\t\t\t\t\t<a class=\"resource__prompt\" target=\"\" href=\"https:\/\/www.nbutexas.com\/rebates\/\">View Page<span class=\"sr-only\">: Formas de ahorrar: Rebajas<\/span><\/a>\n\t\t\t\t\t<\/div>\n\t\t\t\t<\/div>\n\t\t\t\t\t\t\t<\/li>\n\t\t\n\t\t\t<li class=\"resource\">\n\t\t\t\t<div class=\"resource__wrapper\">\n\t\t\t\t\t\t\t\t\t\t\t<i class=\"resource__icon icon icon-document\"><\/i>\n\t\t\t\t\t\t\t\t\t\t<div class=\"resource__content\">\n\t\t\t\t\t\t<p class=\"resource__title\">Evaluaci\u00f3n Energ\u00e9tica Online<\/p>\n\t\t\t\t\t\t\t\t\t\t\t\t<a class=\"resource__prompt\" target=\"\" href=\"\/online-energy-assessment\/\">View Page<span class=\"sr-only\">: Evaluaci\u00f3n Energ\u00e9tica Online<\/span><\/a>\n\t\t\t\t\t<\/div>\n\t\t\t\t<\/div>\n\t\t\t\t\t\t\t<\/li>\n\t\t\n\t\t\t<li class=\"resource\">\n\t\t\t\t<div class=\"resource__wrapper\">\n\t\t\t\t\t\t\t\t\t\t\t<i class=\"resource__icon icon icon-document\"><\/i>\n\t\t\t\t\t\t\t\t\t\t<div class=\"resource__content\">\n\t\t\t\t\t\t<p class=\"resource__title\">Programar una evaluaci\u00f3n<\/p>\n\t\t\t\t\t\t\t\t\t\t\t\t<a class=\"resource__prompt\" target=\"\" href=\"https:\/\/www.nbutexas.com\/assessment\/\">View Page<span class=\"sr-only\">: Programar una evaluaci\u00f3n<\/span><\/a>\n\t\t\t\t\t<\/div>\n\t\t\t\t<\/div>\n\t\t\t\t\t\t\t<\/li>\n\t\t\n\t\t\t<li class=\"resource\">\n\t\t\t\t<div class=\"resource__wrapper\">\n\t\t\t\t\t\t\t\t\t\t\t<i class=\"resource__icon icon icon-document\"><\/i>\n\t\t\t\t\t\t\t\t\t\t<div class=\"resource__content\">\n\t\t\t\t\t\t<p class=\"resource__title\">Formas de ahorrar energ\u00eda<\/p>\n\t\t\t\t\t\t\t\t\t\t\t\t<a class=\"resource__prompt\" target=\"\" href=\"\/ways-to-save-energy\/\">View Page<span class=\"sr-only\">: Formas de ahorrar energ\u00eda<\/span><\/a>\n\t\t\t\t\t<\/div>\n\t\t\t\t<\/div>\n\t\t\t\t\t\t\t<\/li>\n\t\t\n\t\t\t<li class=\"resource\">\n\t\t\t\t<div class=\"resource__wrapper\">\n\t\t\t\t\t\t\t\t\t\t\t<i class=\"resource__icon icon icon-document\"><\/i>\n\t\t\t\t\t\t\t\t\t\t<div class=\"resource__content\">\n\t\t\t\t\t\t<p class=\"resource__title\">Contadores inteligentes NBU<\/p>\n\t\t\t\t\t\t\t\t\t\t\t\t<a class=\"resource__prompt\" target=\"\" href=\"\/nbu-smart\/\">View Page<span class=\"sr-only\">: Contadores inteligentes NBU<\/span><\/a>\n\t\t\t\t\t<\/div>\n\t\t\t\t<\/div>\n\t\t\t\t\t\t\t<\/li>\n\t\t\t\t<\/ul>\n\t<\/div>\n<div class=\"callout-icon\">\n\t<i class=\"callout-icon__icon callout-icon__icon--naranja icon icon-atenci\u00f3n al cliente\"><\/i>\n\t<div class=\"callout-icon__copy\">\n\t\t\t\t<div class=\"callout-icon__headline\"> \u00bfNecesitas m\u00e1s informaci\u00f3n? <\/div>\n\t\t\n\t\t\t\t<div class=\"callout-icon__text wysiwyg\"><p>Ponte en contacto con nuestro equipo de Conservaci\u00f3n y Soluciones al Cliente en <a href=\"tel:+830.608.8925\">el 830.608.8925<\/a> o en <a href=\"mailto:conservation@nbutexas.com\">conservation@nbutexas.com.<\/a><\/p>\n<\/div>\n\t\t\n\t\t\t<\/div>\n<\/div>\n","protected":false},"excerpt":{"rendered":"<p>Con el invierno a la vuelta de la esquina, a continuaci\u00f3n te damos algunos consejos sencillos que pueden ayudarte a\u2026<\/p>\n","protected":false},"author":30,"featured_media":27441,"parent":0,"menu_order":0,"comment_status":"closed","ping_status":"closed","template":"","meta":{"_acf_changed":false,"footnotes":""},"class_list":["post-28643","page","type-page","status-publish","has-post-thumbnail","hentry"],"acf":[],"yoast_head":"<!-- This site is optimized with the Yoast SEO plugin v27.2 - https:\/\/yoast.com\/product\/yoast-seo-wordpress\/ -->\n<title>Consejos de conservaci\u00f3n en tiempo fr\u00edo - New Braunfels Utilities Website<\/title>\n<meta name=\"description\" content=\"Aprende a conservar la energ\u00eda cuando hace fr\u00edo para ahorrar dinero en la factura de la luz. \u00a1Utiliza los recursos de esta p\u00e1gina para ahorrar!\" \/>\n<meta name=\"robots\" content=\"index, follow, max-snippet:-1, max-image-preview:large, max-video-preview:-1\" \/>\n<link rel=\"canonical\" href=\"https:\/\/www.nbutexas.com\/es\/consejos-de-conservacion-en-tiempo-frio\/\" \/>\n<meta property=\"og:locale\" content=\"es_ES\" \/>\n<meta property=\"og:type\" content=\"article\" \/>\n<meta property=\"og:title\" content=\"Consejos de conservaci\u00f3n en tiempo fr\u00edo - New Braunfels Utilities Website\" \/>\n<meta property=\"og:description\" content=\"Aprende a conservar la energ\u00eda cuando hace fr\u00edo para ahorrar dinero en la factura de la luz. \u00a1Utiliza los recursos de esta p\u00e1gina para ahorrar!\" \/>\n<meta property=\"og:url\" content=\"https:\/\/www.nbutexas.com\/es\/consejos-de-conservacion-en-tiempo-frio\/\" \/>\n<meta property=\"og:site_name\" content=\"New Braunfels Utilities Website\" \/>\n<meta property=\"article:modified_time\" content=\"2025-03-25T14:49:32+00:00\" \/>\n<meta property=\"og:image\" content=\"https:\/\/www.nbutexas.com\/wp-content\/uploads\/2022\/11\/fallen-leaf-covered-in-winter-frost-picture-id483785638.jpg\" \/>\n\t<meta property=\"og:image:width\" content=\"1420\" \/>\n\t<meta property=\"og:image:height\" content=\"440\" \/>\n\t<meta property=\"og:image:type\" content=\"image\/jpeg\" \/>\n<meta name=\"twitter:card\" content=\"summary_large_image\" \/>\n<meta name=\"twitter:label1\" content=\"Est. reading time\" \/>\n\t<meta name=\"twitter:data1\" content=\"2 minutes\" \/>\n<script type=\"application\/ld+json\" class=\"yoast-schema-graph\">{\"@context\":\"https:\/\/schema.org\",\"@graph\":[{\"@type\":\"WebPage\",\"@id\":\"https:\/\/www.nbutexas.com\/es\/consejos-de-conservacion-en-tiempo-frio\/\",\"url\":\"https:\/\/www.nbutexas.com\/es\/consejos-de-conservacion-en-tiempo-frio\/\",\"name\":\"Consejos de conservaci\u00f3n en tiempo fr\u00edo - New Braunfels Utilities Website\",\"isPartOf\":{\"@id\":\"https:\/\/www.nbutexas.com\/es\/#website\"},\"primaryImageOfPage\":{\"@id\":\"https:\/\/www.nbutexas.com\/es\/consejos-de-conservacion-en-tiempo-frio\/#primaryimage\"},\"image\":{\"@id\":\"https:\/\/www.nbutexas.com\/es\/consejos-de-conservacion-en-tiempo-frio\/#primaryimage\"},\"thumbnailUrl\":\"https:\/\/www.nbutexas.com\/wp-content\/uploads\/2022\/11\/fallen-leaf-covered-in-winter-frost-picture-id483785638.jpg\",\"datePublished\":\"2022-11-01T15:51:07+00:00\",\"dateModified\":\"2025-03-25T14:49:32+00:00\",\"description\":\"Aprende a conservar la energ\u00eda cuando hace fr\u00edo para ahorrar dinero en la factura de la luz. \u00a1Utiliza los recursos de esta p\u00e1gina para ahorrar!\",\"breadcrumb\":{\"@id\":\"https:\/\/www.nbutexas.com\/es\/consejos-de-conservacion-en-tiempo-frio\/#breadcrumb\"},\"inLanguage\":\"es-ES\",\"potentialAction\":[{\"@type\":\"ReadAction\",\"target\":[\"https:\/\/www.nbutexas.com\/es\/consejos-de-conservacion-en-tiempo-frio\/\"]}]},{\"@type\":\"ImageObject\",\"inLanguage\":\"es-ES\",\"@id\":\"https:\/\/www.nbutexas.com\/es\/consejos-de-conservacion-en-tiempo-frio\/#primaryimage\",\"url\":\"https:\/\/www.nbutexas.com\/wp-content\/uploads\/2022\/11\/fallen-leaf-covered-in-winter-frost-picture-id483785638.jpg\",\"contentUrl\":\"https:\/\/www.nbutexas.com\/wp-content\/uploads\/2022\/11\/fallen-leaf-covered-in-winter-frost-picture-id483785638.jpg\",\"width\":1420,\"height\":440},{\"@type\":\"BreadcrumbList\",\"@id\":\"https:\/\/www.nbutexas.com\/es\/consejos-de-conservacion-en-tiempo-frio\/#breadcrumb\",\"itemListElement\":[{\"@type\":\"ListItem\",\"position\":1,\"name\":\"Home\",\"item\":\"https:\/\/www.nbutexas.com\/es\/\"},{\"@type\":\"ListItem\",\"position\":2,\"name\":\"Consejos de conservaci\u00f3n en tiempo fr\u00edo\"}]},{\"@type\":\"WebSite\",\"@id\":\"https:\/\/www.nbutexas.com\/es\/#website\",\"url\":\"https:\/\/www.nbutexas.com\/es\/\",\"name\":\"New Braunfels Utilities Website\",\"description\":\"Your Utility&#039;s Site\",\"potentialAction\":[{\"@type\":\"SearchAction\",\"target\":{\"@type\":\"EntryPoint\",\"urlTemplate\":\"https:\/\/www.nbutexas.com\/es\/?s={search_term_string}\"},\"query-input\":{\"@type\":\"PropertyValueSpecification\",\"valueRequired\":true,\"valueName\":\"search_term_string\"}}],\"inLanguage\":\"es-ES\"}]}<\/script>\n<!-- \/ Yoast SEO plugin. -->","yoast_head_json":{"title":"Consejos de conservaci\u00f3n en tiempo fr\u00edo - New Braunfels Utilities Website","description":"Aprende a conservar la energ\u00eda cuando hace fr\u00edo para ahorrar dinero en la factura de la luz. \u00a1Utiliza los recursos de esta p\u00e1gina para ahorrar!","robots":{"index":"index","follow":"follow","max-snippet":"max-snippet:-1","max-image-preview":"max-image-preview:large","max-video-preview":"max-video-preview:-1"},"canonical":"https:\/\/www.nbutexas.com\/es\/consejos-de-conservacion-en-tiempo-frio\/","og_locale":"es_ES","og_type":"article","og_title":"Consejos de conservaci\u00f3n en tiempo fr\u00edo - New Braunfels Utilities Website","og_description":"Aprende a conservar la energ\u00eda cuando hace fr\u00edo para ahorrar dinero en la factura de la luz. \u00a1Utiliza los recursos de esta p\u00e1gina para ahorrar!","og_url":"https:\/\/www.nbutexas.com\/es\/consejos-de-conservacion-en-tiempo-frio\/","og_site_name":"New Braunfels Utilities Website","article_modified_time":"2025-03-25T14:49:32+00:00","og_image":[{"width":1420,"height":440,"url":"https:\/\/www.nbutexas.com\/wp-content\/uploads\/2022\/11\/fallen-leaf-covered-in-winter-frost-picture-id483785638.jpg","type":"image\/jpeg"}],"twitter_card":"summary_large_image","twitter_misc":{"Est. reading time":"2 minutes"},"schema":{"@context":"https:\/\/schema.org","@graph":[{"@type":"WebPage","@id":"https:\/\/www.nbutexas.com\/es\/consejos-de-conservacion-en-tiempo-frio\/","url":"https:\/\/www.nbutexas.com\/es\/consejos-de-conservacion-en-tiempo-frio\/","name":"Consejos de conservaci\u00f3n en tiempo fr\u00edo - New Braunfels Utilities Website","isPartOf":{"@id":"https:\/\/www.nbutexas.com\/es\/#website"},"primaryImageOfPage":{"@id":"https:\/\/www.nbutexas.com\/es\/consejos-de-conservacion-en-tiempo-frio\/#primaryimage"},"image":{"@id":"https:\/\/www.nbutexas.com\/es\/consejos-de-conservacion-en-tiempo-frio\/#primaryimage"},"thumbnailUrl":"https:\/\/www.nbutexas.com\/wp-content\/uploads\/2022\/11\/fallen-leaf-covered-in-winter-frost-picture-id483785638.jpg","datePublished":"2022-11-01T15:51:07+00:00","dateModified":"2025-03-25T14:49:32+00:00","description":"Aprende a conservar la energ\u00eda cuando hace fr\u00edo para ahorrar dinero en la factura de la luz. \u00a1Utiliza los recursos de esta p\u00e1gina para ahorrar!","breadcrumb":{"@id":"https:\/\/www.nbutexas.com\/es\/consejos-de-conservacion-en-tiempo-frio\/#breadcrumb"},"inLanguage":"es-ES","potentialAction":[{"@type":"ReadAction","target":["https:\/\/www.nbutexas.com\/es\/consejos-de-conservacion-en-tiempo-frio\/"]}]},{"@type":"ImageObject","inLanguage":"es-ES","@id":"https:\/\/www.nbutexas.com\/es\/consejos-de-conservacion-en-tiempo-frio\/#primaryimage","url":"https:\/\/www.nbutexas.com\/wp-content\/uploads\/2022\/11\/fallen-leaf-covered-in-winter-frost-picture-id483785638.jpg","contentUrl":"https:\/\/www.nbutexas.com\/wp-content\/uploads\/2022\/11\/fallen-leaf-covered-in-winter-frost-picture-id483785638.jpg","width":1420,"height":440},{"@type":"BreadcrumbList","@id":"https:\/\/www.nbutexas.com\/es\/consejos-de-conservacion-en-tiempo-frio\/#breadcrumb","itemListElement":[{"@type":"ListItem","position":1,"name":"Home","item":"https:\/\/www.nbutexas.com\/es\/"},{"@type":"ListItem","position":2,"name":"Consejos de conservaci\u00f3n en tiempo fr\u00edo"}]},{"@type":"WebSite","@id":"https:\/\/www.nbutexas.com\/es\/#website","url":"https:\/\/www.nbutexas.com\/es\/","name":"New Braunfels Utilities Website","description":"Your Utility&#039;s Site","potentialAction":[{"@type":"SearchAction","target":{"@type":"EntryPoint","urlTemplate":"https:\/\/www.nbutexas.com\/es\/?s={search_term_string}"},"query-input":{"@type":"PropertyValueSpecification","valueRequired":true,"valueName":"search_term_string"}}],"inLanguage":"es-ES"}]}},"_links":{"self":[{"href":"https:\/\/www.nbutexas.com\/es\/wp-json\/wp\/v2\/pages\/28643","targetHints":{"allow":["GET"]}}],"collection":[{"href":"https:\/\/www.nbutexas.com\/es\/wp-json\/wp\/v2\/pages"}],"about":[{"href":"https:\/\/www.nbutexas.com\/es\/wp-json\/wp\/v2\/types\/page"}],"author":[{"embeddable":true,"href":"https:\/\/www.nbutexas.com\/es\/wp-json\/wp\/v2\/users\/30"}],"replies":[{"embeddable":true,"href":"https:\/\/www.nbutexas.com\/es\/wp-json\/wp\/v2\/comments?post=28643"}],"version-history":[{"count":1,"href":"https:\/\/www.nbutexas.com\/es\/wp-json\/wp\/v2\/pages\/28643\/revisions"}],"predecessor-version":[{"id":28645,"href":"https:\/\/www.nbutexas.com\/es\/wp-json\/wp\/v2\/pages\/28643\/revisions\/28645"}],"wp:featuredmedia":[{"embeddable":true,"href":"https:\/\/www.nbutexas.com\/es\/wp-json\/wp\/v2\/media\/27441"}],"wp:attachment":[{"href":"https:\/\/www.nbutexas.com\/es\/wp-json\/wp\/v2\/media?parent=28643"}],"curies":[{"name":"wp","href":"https:\/\/api.w.org\/{rel}","templated":true}]}}