{"id":28649,"date":"2022-06-01T13:23:11","date_gmt":"2022-06-01T18:23:11","guid":{"rendered":"https:\/\/www.nbutexas.com\/2024-encuesta-de-satisfaccion-del-cliente\/"},"modified":"2025-03-25T09:56:29","modified_gmt":"2025-03-25T14:56:29","slug":"2024-encuesta-de-satisfaccion-del-cliente","status":"publish","type":"page","link":"https:\/\/www.nbutexas.com\/es\/2024-encuesta-de-satisfaccion-del-cliente\/","title":{"rendered":"2024 Encuesta de satisfacci\u00f3n del cliente"},"content":{"rendered":"\n<h2 class=\"wp-block-heading\">Tu opini\u00f3n es importante para nosotros. Ay\u00fadanos a mejorar respondiendo a la Encuesta de Satisfacci\u00f3n del Cliente 2024.   <\/h2>\n\n<hr class=\"wp-block-separator has-css-opacity is-style-wide\"\/>\n\n<p>Nos asociamos con Great Blue, Inc. para realizar una Encuesta Anual de Satisfacci\u00f3n del Cliente con el fin de medir la satisfacci\u00f3n general de la comunidad con nuestra capacidad para prestar servicios p\u00fablicos fiables y resistentes.<\/p>\n\n<p>Para decirnos c\u00f3mo lo estamos haciendo y ayudarnos a identificar mejoras, haz clic abajo para responder a la encuesta. Todas las respuestas ser\u00e1n confidenciales. <\/p>\n<div class=\"callout-icon\">\n\t<i class=\"callout-icon__icon callout-icon__icon--azul icon icon-atenci\u00f3n al cliente\"><\/i>\n\t<div class=\"callout-icon__copy\">\n\t\t\n\t\t\n\t\t\t\t\t<a title=\"Haz la encuesta de satisfacci\u00f3n del cliente\" href=\"https:\/\/surveys.greatblueresearch.com\/s3\/NBU-Residential-Satisfaction-Survey-2024\" class=\"callout-icon__link btn btn--yellow btn--3d\">Haz la encuesta de satisfacci\u00f3n del cliente<\/a>\t\t\t<\/div>\n<\/div>\n","protected":false},"excerpt":{"rendered":"<p>Tu opini\u00f3n es importante para nosotros. Ay\u00fadanos a mejorar respondiendo a la Encuesta de Satisfacci\u00f3n del Cliente 2024. Nos asociamos\u2026<\/p>\n","protected":false},"author":30,"featured_media":0,"parent":0,"menu_order":0,"comment_status":"closed","ping_status":"closed","template":"","meta":{"_acf_changed":false,"footnotes":""},"class_list":["post-28649","page","type-page","status-publish","hentry"],"acf":[],"yoast_head":"<!-- This site is optimized with the Yoast SEO plugin v27.4 - https:\/\/yoast.com\/product\/yoast-seo-wordpress\/ -->\n<title>2024 Encuesta de satisfacci\u00f3n del cliente - New Braunfels Utilities Website<\/title>\n<meta name=\"robots\" content=\"index, follow, max-snippet:-1, max-image-preview:large, max-video-preview:-1\" \/>\n<link rel=\"canonical\" href=\"https:\/\/www.nbutexas.com\/es\/2024-encuesta-de-satisfaccion-del-cliente\/\" \/>\n<meta property=\"og:locale\" content=\"es_ES\" \/>\n<meta property=\"og:type\" content=\"article\" \/>\n<meta property=\"og:title\" content=\"2024 Encuesta de satisfacci\u00f3n del cliente - New Braunfels Utilities Website\" \/>\n<meta property=\"og:description\" content=\"Tu opini\u00f3n es importante para nosotros. Ay\u00fadanos a mejorar respondiendo a la Encuesta de Satisfacci\u00f3n del Cliente 2024. Nos asociamos\u2026\" \/>\n<meta property=\"og:url\" content=\"https:\/\/www.nbutexas.com\/es\/2024-encuesta-de-satisfaccion-del-cliente\/\" \/>\n<meta property=\"og:site_name\" content=\"New Braunfels Utilities Website\" \/>\n<meta property=\"article:modified_time\" content=\"2025-03-25T14:56:29+00:00\" \/>\n<meta name=\"twitter:card\" content=\"summary_large_image\" \/>\n<script type=\"application\/ld+json\" class=\"yoast-schema-graph\">{\"@context\":\"https:\\\/\\\/schema.org\",\"@graph\":[{\"@type\":\"WebPage\",\"@id\":\"https:\\\/\\\/www.nbutexas.com\\\/es\\\/2024-encuesta-de-satisfaccion-del-cliente\\\/\",\"url\":\"https:\\\/\\\/www.nbutexas.com\\\/es\\\/2024-encuesta-de-satisfaccion-del-cliente\\\/\",\"name\":\"2024 Encuesta de satisfacci\u00f3n del cliente - New Braunfels Utilities Website\",\"isPartOf\":{\"@id\":\"https:\\\/\\\/www.nbutexas.com\\\/es\\\/#website\"},\"datePublished\":\"2022-06-01T18:23:11+00:00\",\"dateModified\":\"2025-03-25T14:56:29+00:00\",\"breadcrumb\":{\"@id\":\"https:\\\/\\\/www.nbutexas.com\\\/es\\\/2024-encuesta-de-satisfaccion-del-cliente\\\/#breadcrumb\"},\"inLanguage\":\"es-ES\",\"potentialAction\":[{\"@type\":\"ReadAction\",\"target\":[\"https:\\\/\\\/www.nbutexas.com\\\/es\\\/2024-encuesta-de-satisfaccion-del-cliente\\\/\"]}]},{\"@type\":\"BreadcrumbList\",\"@id\":\"https:\\\/\\\/www.nbutexas.com\\\/es\\\/2024-encuesta-de-satisfaccion-del-cliente\\\/#breadcrumb\",\"itemListElement\":[{\"@type\":\"ListItem\",\"position\":1,\"name\":\"Home\",\"item\":\"https:\\\/\\\/www.nbutexas.com\\\/es\\\/servicio-residencial-y-comercial\\\/\"},{\"@type\":\"ListItem\",\"position\":2,\"name\":\"2024 Encuesta de satisfacci\u00f3n del cliente\"}]},{\"@type\":\"WebSite\",\"@id\":\"https:\\\/\\\/www.nbutexas.com\\\/es\\\/#website\",\"url\":\"https:\\\/\\\/www.nbutexas.com\\\/es\\\/\",\"name\":\"New Braunfels Utilities Website\",\"description\":\"Your Utility&#039;s Site\",\"potentialAction\":[{\"@type\":\"SearchAction\",\"target\":{\"@type\":\"EntryPoint\",\"urlTemplate\":\"https:\\\/\\\/www.nbutexas.com\\\/es\\\/?s={search_term_string}\"},\"query-input\":{\"@type\":\"PropertyValueSpecification\",\"valueRequired\":true,\"valueName\":\"search_term_string\"}}],\"inLanguage\":\"es-ES\"}]}<\/script>\n<!-- \/ Yoast SEO plugin. -->","yoast_head_json":{"title":"2024 Encuesta de satisfacci\u00f3n del cliente - New Braunfels Utilities Website","robots":{"index":"index","follow":"follow","max-snippet":"max-snippet:-1","max-image-preview":"max-image-preview:large","max-video-preview":"max-video-preview:-1"},"canonical":"https:\/\/www.nbutexas.com\/es\/2024-encuesta-de-satisfaccion-del-cliente\/","og_locale":"es_ES","og_type":"article","og_title":"2024 Encuesta de satisfacci\u00f3n del cliente - New Braunfels Utilities Website","og_description":"Tu opini\u00f3n es importante para nosotros. Ay\u00fadanos a mejorar respondiendo a la Encuesta de Satisfacci\u00f3n del Cliente 2024. Nos asociamos\u2026","og_url":"https:\/\/www.nbutexas.com\/es\/2024-encuesta-de-satisfaccion-del-cliente\/","og_site_name":"New Braunfels Utilities Website","article_modified_time":"2025-03-25T14:56:29+00:00","twitter_card":"summary_large_image","schema":{"@context":"https:\/\/schema.org","@graph":[{"@type":"WebPage","@id":"https:\/\/www.nbutexas.com\/es\/2024-encuesta-de-satisfaccion-del-cliente\/","url":"https:\/\/www.nbutexas.com\/es\/2024-encuesta-de-satisfaccion-del-cliente\/","name":"2024 Encuesta de satisfacci\u00f3n del cliente - New Braunfels Utilities Website","isPartOf":{"@id":"https:\/\/www.nbutexas.com\/es\/#website"},"datePublished":"2022-06-01T18:23:11+00:00","dateModified":"2025-03-25T14:56:29+00:00","breadcrumb":{"@id":"https:\/\/www.nbutexas.com\/es\/2024-encuesta-de-satisfaccion-del-cliente\/#breadcrumb"},"inLanguage":"es-ES","potentialAction":[{"@type":"ReadAction","target":["https:\/\/www.nbutexas.com\/es\/2024-encuesta-de-satisfaccion-del-cliente\/"]}]},{"@type":"BreadcrumbList","@id":"https:\/\/www.nbutexas.com\/es\/2024-encuesta-de-satisfaccion-del-cliente\/#breadcrumb","itemListElement":[{"@type":"ListItem","position":1,"name":"Home","item":"https:\/\/www.nbutexas.com\/es\/servicio-residencial-y-comercial\/"},{"@type":"ListItem","position":2,"name":"2024 Encuesta de satisfacci\u00f3n del cliente"}]},{"@type":"WebSite","@id":"https:\/\/www.nbutexas.com\/es\/#website","url":"https:\/\/www.nbutexas.com\/es\/","name":"New Braunfels Utilities Website","description":"Your Utility&#039;s Site","potentialAction":[{"@type":"SearchAction","target":{"@type":"EntryPoint","urlTemplate":"https:\/\/www.nbutexas.com\/es\/?s={search_term_string}"},"query-input":{"@type":"PropertyValueSpecification","valueRequired":true,"valueName":"search_term_string"}}],"inLanguage":"es-ES"}]}},"_links":{"self":[{"href":"https:\/\/www.nbutexas.com\/es\/wp-json\/wp\/v2\/pages\/28649","targetHints":{"allow":["GET"]}}],"collection":[{"href":"https:\/\/www.nbutexas.com\/es\/wp-json\/wp\/v2\/pages"}],"about":[{"href":"https:\/\/www.nbutexas.com\/es\/wp-json\/wp\/v2\/types\/page"}],"author":[{"embeddable":true,"href":"https:\/\/www.nbutexas.com\/es\/wp-json\/wp\/v2\/users\/30"}],"replies":[{"embeddable":true,"href":"https:\/\/www.nbutexas.com\/es\/wp-json\/wp\/v2\/comments?post=28649"}],"version-history":[{"count":1,"href":"https:\/\/www.nbutexas.com\/es\/wp-json\/wp\/v2\/pages\/28649\/revisions"}],"predecessor-version":[{"id":28650,"href":"https:\/\/www.nbutexas.com\/es\/wp-json\/wp\/v2\/pages\/28649\/revisions\/28650"}],"wp:attachment":[{"href":"https:\/\/www.nbutexas.com\/es\/wp-json\/wp\/v2\/media?parent=28649"}],"curies":[{"name":"wp","href":"https:\/\/api.w.org\/{rel}","templated":true}]}}