{"id":28965,"date":"2020-03-10T13:22:47","date_gmt":"2020-03-10T18:22:47","guid":{"rendered":"https:\/\/www.nbutexas.com\/formas-de-ahorrar-rebajas\/"},"modified":"2025-08-13T08:47:03","modified_gmt":"2025-08-13T13:47:03","slug":"formas-de-ahorrar-rebajas","status":"publish","type":"page","link":"https:\/\/www.nbutexas.com\/es\/formas-de-ahorrar-rebajas\/","title":{"rendered":"Formas de ahorrar: Rebajas"},"content":{"rendered":"\n<h2 class=\"wp-block-heading\">Ahorra dinero y recursos con el programa de descuentos de NBU<\/h2>\n\n\n\n<p>Desde electrodom\u00e9sticos de alta eficiencia hasta pr\u00e1cticas de cuidado del c\u00e9sped que ahorran agua, NBU ofrece una amplia gama de descuentos para ayudarte a ahorrar dinero y fomentar la conservaci\u00f3n.<\/p>\n\n\n\n<p>Haz clic en el reembolso que te interese para saber m\u00e1s sobre sus requisitos y c\u00f3mo puedes ahorrar dinero conservando. Para m\u00e1s informaci\u00f3n, ponte en contacto con el departamento de Conservaci\u00f3n y Soluciones al Cliente de NBU por <a href=\"mailto:conservation@nbutexas.com\">correo electr\u00f3nico<\/a> o llamando al <a href=\"tel:8306088925\">830.608.8925<\/a>. <\/p>\n\n\n\t<div class=\"resources\">\n\t\t\t\t<div class=\"resources__title\">Rebajas s\u00f3lo residenciales<\/div>\n\t\t\t\t<ul class=\"resources__resources\">\n\t\t\n\t\t\t<li class=\"resource\">\n\t\t\t\t<div class=\"resource__wrapper\">\n\t\t\t\t\t\t\t\t\t\t\t<i aria-hidden=\"true\" class=\"resource__icon icon icon-custom\"><img decoding=\"async\" src=\"https:\/\/www.nbutexas.com\/wp-content\/uploads\/2025\/06\/Rebate-Icons-AC.png\" alt=\"\" \/><\/i>\n\t\t\t\t\t\t\t\t\t\t<div class=\"resource__content\">\n\t\t\t\t\t\t<p class=\"resource__title\">Revisi\u00f3n del aire acondicionado<\/p>\n\t\t\t\t\t\t\t\t\t\t\t\t<div class=\"resource__desc wysiwyg\">\n\t\t\t\t\t\t\t<ul>\n<li class=\"ql-indent-1\" data-list=\"bullet\">Mantenga la eficiencia de su sistema de calefacci\u00f3n y refrigeraci\u00f3n haci\u00e9ndolo revisar al menos una vez al a\u00f1o.<\/li>\n<li class=\"ql-indent-1\" data-list=\"bullet\"><strong>Pago m\u00e1ximo $80<\/strong><\/li>\n<\/ul>\n\t\t\t\t\t\t<\/div>\n\t\t\t\t\t\t\t\t\t\t\t\t<a class=\"resource__prompt\" target=\"\" href=\"https:\/\/forms.nbutexas.com\/Forms\/rebate-air-conditioner-check-up-application\">View Page<span class=\"sr-only\">: Revisi\u00f3n del aire acondicionado<\/span><\/a>\n\t\t\t\t\t<\/div>\n\t\t\t\t<\/div>\n\t\t\t\t\t\t\t<\/li>\n\t\t\n\t\t\t<li class=\"resource\">\n\t\t\t\t<div class=\"resource__wrapper\">\n\t\t\t\t\t\t\t\t\t\t\t<i aria-hidden=\"true\" class=\"resource__icon icon icon-custom\"><img decoding=\"async\" src=\"https:\/\/www.nbutexas.com\/wp-content\/uploads\/2025\/06\/Rebate-Icons-gardening-guide.png\" alt=\"\" \/><\/i>\n\t\t\t\t\t\t\t\t\t\t<div class=\"resource__content\">\n\t\t\t\t\t\t<p class=\"resource__title\">Gu\u00eda de Jardiner\u00eda del Condado de Comal<\/p>\n\t\t\t\t\t\t\t\t\t\t\t\t<div class=\"resource__desc wysiwyg\">\n\t\t\t\t\t\t\t<ul>\n<li>Compra la gu\u00eda y aprende a aplicar las mejores pr\u00e1cticas de gesti\u00f3n en la plantaci\u00f3n y mantenimiento de paisajes resistentes a la sequ\u00eda en el condado de Comal.<\/li>\n<li><strong>Pago m\u00e1ximo $40<\/strong><\/li>\n<\/ul>\n\t\t\t\t\t\t<\/div>\n\t\t\t\t\t\t\t\t\t\t\t\t<a class=\"resource__prompt\" target=\"\" href=\"https:\/\/forms.nbutexas.com\/Forms\/rebate-comal-county-garden-guide\">View Page<span class=\"sr-only\">: Gu\u00eda de Jardiner\u00eda del Condado de Comal<\/span><\/a>\n\t\t\t\t\t<\/div>\n\t\t\t\t<\/div>\n\t\t\t\t\t\t\t<\/li>\n\t\t\n\t\t\t<li class=\"resource\">\n\t\t\t\t<div class=\"resource__wrapper\">\n\t\t\t\t\t\t\t\t\t\t\t<i aria-hidden=\"true\" class=\"resource__icon icon icon-custom\"><img decoding=\"async\" src=\"https:\/\/www.nbutexas.com\/wp-content\/uploads\/2025\/06\/Rebate-Icons-drought-tree.png\" alt=\"\" \/><\/i>\n\t\t\t\t\t\t\t\t\t\t<div class=\"resource__content\">\n\t\t\t\t\t\t<p class=\"resource__title\">\u00c1rbol tolerante a la sequ\u00eda<\/p>\n\t\t\t\t\t\t\t\t\t\t\t\t<div class=\"resource__desc wysiwyg\">\n\t\t\t\t\t\t\t<ul>\n<li>Compra un \u00e1rbol tolerante a la sequ\u00eda para tu hogar y reduce el riego mientras proporcionas sombra.<\/li>\n<li><strong>Pago m\u00e1ximo $500<\/strong><\/li>\n<\/ul>\n\t\t\t\t\t\t<\/div>\n\t\t\t\t\t\t\t\t\t\t\t\t<a class=\"resource__prompt\" target=\"\" href=\"https:\/\/forms.nbutexas.com\/Forms\/rebate-residential-tree\">View Page<span class=\"sr-only\">: \u00c1rbol tolerante a la sequ\u00eda<\/span><\/a>\n\t\t\t\t\t<\/div>\n\t\t\t\t<\/div>\n\t\t\t\t\t\t\t<\/li>\n\t\t\n\t\t\t<li class=\"resource\">\n\t\t\t\t<div class=\"resource__wrapper\">\n\t\t\t\t\t\t\t\t\t\t\t<i aria-hidden=\"true\" class=\"resource__icon icon icon-custom\"><img decoding=\"async\" src=\"https:\/\/www.nbutexas.com\/wp-content\/uploads\/2025\/06\/Rebate-Icons-washing-machine.png\" alt=\"\" \/><\/i>\n\t\t\t\t\t\t\t\t\t\t<div class=\"resource__content\">\n\t\t\t\t\t\t<p class=\"resource__title\">Lavadora de Ultra Alta Eficiencia<\/p>\n\t\t\t\t\t\t\t\t\t\t\t\t<div class=\"resource__desc wysiwyg\">\n\t\t\t\t\t\t\t<ul>\n<li>Compra una lavadora con la etiqueta Energy Star o CEE y ahorra agua con cada carga de lavander\u00eda<\/li>\n<li><strong>Pago m\u00e1ximo $200<\/strong><\/li>\n<\/ul>\n\t\t\t\t\t\t<\/div>\n\t\t\t\t\t\t\t\t\t\t\t\t<a class=\"resource__prompt\" target=\"\" href=\"https:\/\/forms.nbutexas.com\/Forms\/rebate-ultra-high-efficiency-washing-application\">View Page<span class=\"sr-only\">: Lavadora de Ultra Alta Eficiencia<\/span><\/a>\n\t\t\t\t\t<\/div>\n\t\t\t\t<\/div>\n\t\t\t\t\t\t\t<\/li>\n\t\t\t\t<\/ul>\n\t<\/div>\n\n\n\t<div class=\"resources\">\n\t\t\t\t<div class=\"resources__title\">Rebajas comerciales y residenciales<\/div>\n\t\t\t\t<ul class=\"resources__resources\">\n\t\t\n\t\t\t<li class=\"resource\">\n\t\t\t\t<div class=\"resource__wrapper\">\n\t\t\t\t\t\t\t\t\t\t\t<i aria-hidden=\"true\" class=\"resource__icon icon icon-custom\"><img decoding=\"async\" src=\"https:\/\/www.nbutexas.com\/wp-content\/uploads\/2025\/06\/Rebate-Icons-AC-and-Heat-Pump.png\" alt=\"\" \/><\/i>\n\t\t\t\t\t\t\t\t\t\t<div class=\"resource__content\">\n\t\t\t\t\t\t<p class=\"resource__title\">Aire acondicionado y bomba de calor<\/p>\n\t\t\t\t\t\t\t\t\t\t\t\t<div class=\"resource__desc wysiwyg\">\n\t\t\t\t\t\t\t<ul>\n<li>Reemplace las unidades de HVAC antiguas en su hogar o negocio por sistemas m\u00e1s nuevos y eficientes con calificaciones SEER de 18 o m\u00e1s, bombas de calor, unidades de ventana Energy Star y mini-splits.<\/li>\n<li><strong>Pago m\u00e1ximo $1,150<\/strong><\/li>\n<\/ul>\n\t\t\t\t\t\t<\/div>\n\t\t\t\t\t\t\t\t\t\t\t\t<a class=\"resource__prompt\" target=\"\" href=\"https:\/\/forms.nbutexas.com\/Forms\/rebate-air-conditioner-and-heat-pump-application\">View Page<span class=\"sr-only\">: Aire acondicionado y bomba de calor<\/span><\/a>\n\t\t\t\t\t<\/div>\n\t\t\t\t<\/div>\n\t\t\t\t\t\t\t<\/li>\n\t\t\n\t\t\t<li class=\"resource\">\n\t\t\t\t<div class=\"resource__wrapper\">\n\t\t\t\t\t\t\t\t\t\t\t<i aria-hidden=\"true\" class=\"resource__icon icon icon-custom\"><img decoding=\"async\" src=\"https:\/\/www.nbutexas.com\/wp-content\/uploads\/2025\/06\/Rebate-Icons-grass-removal.png\" alt=\"\" \/><\/i>\n\t\t\t\t\t\t\t\t\t\t<div class=\"resource__content\">\n\t\t\t\t\t\t<p class=\"resource__title\">Eliminaci\u00f3n de hierba<\/p>\n\t\t\t\t\t\t\t\t\t\t\t\t<div class=\"resource__desc wysiwyg\">\n\t\t\t\t\t\t\t<ul>\n<li>Elimina el c\u00e9sped sediento en el paisaje de tu hogar o negocio y reduce la necesidad de regar<\/li>\n<li><strong>Pago m\u00e1ximo $2,000<\/strong><\/li>\n<\/ul>\n\t\t\t\t\t\t<\/div>\n\t\t\t\t\t\t\t\t\t\t\t\t<a class=\"resource__prompt\" target=\"\" href=\"https:\/\/forms.nbutexas.com\/Forms\/rebate-grass-removal\">View Page<span class=\"sr-only\">: Eliminaci\u00f3n de hierba<\/span><\/a>\n\t\t\t\t\t<\/div>\n\t\t\t\t<\/div>\n\t\t\t\t\t\t\t<\/li>\n\t\t\n\t\t\t<li class=\"resource\">\n\t\t\t\t<div class=\"resource__wrapper\">\n\t\t\t\t\t\t\t\t\t\t\t<i aria-hidden=\"true\" class=\"resource__icon icon icon-custom\"><img decoding=\"async\" src=\"https:\/\/www.nbutexas.com\/wp-content\/uploads\/2025\/06\/Rebate-Icons-healthy-soil.png\" alt=\"\" \/><\/i>\n\t\t\t\t\t\t\t\t\t\t<div class=\"resource__content\">\n\t\t\t\t\t\t<p class=\"resource__title\">Suelo sano<\/p>\n\t\t\t\t\t\t\t\t\t\t\t\t<div class=\"resource__desc wysiwyg\">\n\t\t\t\t\t\t\t<ul>\n<li>Agrega mantillo, compost o n\u00facleo para airear el jard\u00edn de tu hogar o negocio y maximizar la eficiencia del agua, manteniendo tu paisaje saludable<\/li>\n<li><strong>Pago m\u00e1ximo $130<\/strong><\/li>\n<\/ul>\n\t\t\t\t\t\t<\/div>\n\t\t\t\t\t\t\t\t\t\t\t\t<a class=\"resource__prompt\" target=\"\" href=\"https:\/\/forms.nbutexas.com\/Forms\/rebate-healthy-soil-application\">View Page<span class=\"sr-only\">: Suelo sano<\/span><\/a>\n\t\t\t\t\t<\/div>\n\t\t\t\t<\/div>\n\t\t\t\t\t\t\t<\/li>\n\t\t\n\t\t\t<li class=\"resource\">\n\t\t\t\t<div class=\"resource__wrapper\">\n\t\t\t\t\t\t\t\t\t\t\t<i aria-hidden=\"true\" class=\"resource__icon icon icon-custom\"><img decoding=\"async\" src=\"https:\/\/www.nbutexas.com\/wp-content\/uploads\/2025\/06\/Rebate-Icons-irrigation.png\" alt=\"\" \/><\/i>\n\t\t\t\t\t\t\t\t\t\t<div class=\"resource__content\">\n\t\t\t\t\t\t<p class=\"resource__title\">Eliminaci\u00f3n de la zona de riego<\/p>\n\t\t\t\t\t\t\t\t\t\t\t\t<div class=\"resource__desc wysiwyg\">\n\t\t\t\t\t\t\t<ul>\n<li>Elimine las zonas del sistema de rociadores o sistemas completos en el jard\u00edn de su hogar o negocio para reducir el riego del paisaje<\/li>\n<li><strong>Pago m\u00e1ximo $2,500<\/strong><\/li>\n<\/ul>\n\t\t\t\t\t\t<\/div>\n\t\t\t\t\t\t\t\t\t\t\t\t<a class=\"resource__prompt\" target=\"\" href=\"https:\/\/forms.nbutexas.com\/Forms\/rebate-irrigation-zone-removal-application\">View Page<span class=\"sr-only\">: Eliminaci\u00f3n de la zona de riego<\/span><\/a>\n\t\t\t\t\t<\/div>\n\t\t\t\t<\/div>\n\t\t\t\t\t\t\t<\/li>\n\t\t\n\t\t\t<li class=\"resource\">\n\t\t\t\t<div class=\"resource__wrapper\">\n\t\t\t\t\t\t\t\t\t\t\t<i aria-hidden=\"true\" class=\"resource__icon icon icon-custom\"><img decoding=\"async\" src=\"https:\/\/www.nbutexas.com\/wp-content\/uploads\/2025\/06\/Rebate-Icons-programmable-thermostat.png\" alt=\"\" \/><\/i>\n\t\t\t\t\t\t\t\t\t\t<div class=\"resource__content\">\n\t\t\t\t\t\t<p class=\"resource__title\">Termostato programable<\/p>\n\t\t\t\t\t\t\t\t\t\t\t\t<div class=\"resource__desc wysiwyg\">\n\t\t\t\t\t\t\t<ul>\n<li>Instale un termostato programable en su hogar o negocio para reducir el consumo de energ\u00eda<\/li>\n<li><strong>Pago m\u00e1ximo $25<\/strong><\/li>\n<\/ul>\n\t\t\t\t\t\t<\/div>\n\t\t\t\t\t\t\t\t\t\t\t\t<a class=\"resource__prompt\" target=\"\" href=\"https:\/\/forms.nbutexas.com\/Forms\/rebate-programmable-thermostat\">View Page<span class=\"sr-only\">: Termostato programable<\/span><\/a>\n\t\t\t\t\t<\/div>\n\t\t\t\t<\/div>\n\t\t\t\t\t\t\t<\/li>\n\t\t\n\t\t\t<li class=\"resource\">\n\t\t\t\t<div class=\"resource__wrapper\">\n\t\t\t\t\t\t\t\t\t\t\t<i aria-hidden=\"true\" class=\"resource__icon icon icon-custom\"><img decoding=\"async\" src=\"https:\/\/www.nbutexas.com\/wp-content\/uploads\/2025\/06\/Rebate-Icons-rain-barrel.png\" alt=\"\" \/><\/i>\n\t\t\t\t\t\t\t\t\t\t<div class=\"resource__content\">\n\t\t\t\t\t\t<p class=\"resource__title\">Barril de lluvia<\/p>\n\t\t\t\t\t\t\t\t\t\t\t\t<div class=\"resource__desc wysiwyg\">\n\t\t\t\t\t\t\t<ul>\n<li>Incorpore barriles de lluvia o cisternas en el paisaje de su hogar o negocio para reducir el uso de agua potable<\/li>\n<li><strong>Pago m\u00e1ximo de $2,500<\/strong><\/li>\n<\/ul>\n\t\t\t\t\t\t<\/div>\n\t\t\t\t\t\t\t\t\t\t\t\t<a class=\"resource__prompt\" target=\"\" href=\"https:\/\/forms.nbutexas.com\/Forms\/rebate-rain-barrel-or-cistern\">View Page<span class=\"sr-only\">: Barril de lluvia<\/span><\/a>\n\t\t\t\t\t<\/div>\n\t\t\t\t<\/div>\n\t\t\t\t\t\t\t<\/li>\n\t\t\n\t\t\t<li class=\"resource\">\n\t\t\t\t<div class=\"resource__wrapper\">\n\t\t\t\t\t\t\t\t\t\t\t<i aria-hidden=\"true\" class=\"resource__icon icon icon-custom\"><img decoding=\"async\" src=\"https:\/\/www.nbutexas.com\/wp-content\/uploads\/2025\/06\/Rebate-Icons-smart-thermostat.png\" alt=\"\" \/><\/i>\n\t\t\t\t\t\t\t\t\t\t<div class=\"resource__content\">\n\t\t\t\t\t\t<p class=\"resource__title\">Termostato inteligente<\/p>\n\t\t\t\t\t\t\t\t\t\t\t\t<div class=\"resource__desc wysiwyg\">\n\t\t\t\t\t\t\t<ul>\n<li>Instala un termostato inteligente en tu hogar o negocio y controla tu consumo de energ\u00eda desde la comodidad de tu tel\u00e9fono<\/li>\n<li><strong>Pago m\u00e1ximo $85<\/strong><\/li>\n<\/ul>\n\t\t\t\t\t\t<\/div>\n\t\t\t\t\t\t\t\t\t\t\t\t<a class=\"resource__prompt\" target=\"\" href=\"https:\/\/forms.nbutexas.com\/Forms\/rebate-smart-thermostat-application\">View Page<span class=\"sr-only\">: Termostato inteligente<\/span><\/a>\n\t\t\t\t\t<\/div>\n\t\t\t\t<\/div>\n\t\t\t\t\t\t\t<\/li>\n\t\t\n\t\t\t<li class=\"resource\">\n\t\t\t\t<div class=\"resource__wrapper\">\n\t\t\t\t\t\t\t\t\t\t\t<i aria-hidden=\"true\" class=\"resource__icon icon icon-custom\"><img decoding=\"async\" src=\"https:\/\/www.nbutexas.com\/wp-content\/uploads\/2025\/06\/Rebate-Icons-solar.png\" alt=\"\" \/><\/i>\n\t\t\t\t\t\t\t\t\t\t<div class=\"resource__content\">\n\t\t\t\t\t\t<p class=\"resource__title\">Solar Residencial<\/p>\n\t\t\t\t\t\t\t\t\t\t\t\t<div class=\"resource__desc wysiwyg\">\n\t\t\t\t\t\t\t<ul>\n<li>Instala paneles solares en tu hogar o negocio y reclama la producci\u00f3n de energ\u00eda para complementar tu factura el\u00e9ctrica de NBU<\/li>\n<li><strong>Pago m\u00e1ximo $3000<\/strong><\/li>\n<\/ul>\n\t\t\t\t\t\t<\/div>\n\t\t\t\t\t\t\t\t\t\t\t\t<a class=\"resource__prompt\" target=\"_blank\" href=\"https:\/\/www.nbutexas.com\/wp-content\/uploads\/2025\/04\/23-20223_ResidentialSolarRebateApplicationGuidelines-02-1.pdf\">View PDF<span class=\"sr-only\">: Solar Residencial<\/span><\/a>\n\t\t\t\t\t<\/div>\n\t\t\t\t<\/div>\n\t\t\t\t\t\t\t<\/li>\n\t\t\n\t\t\t<li class=\"resource\">\n\t\t\t\t<div class=\"resource__wrapper\">\n\t\t\t\t\t\t\t\t\t\t\t<i aria-hidden=\"true\" class=\"resource__icon icon icon-custom\"><img decoding=\"async\" src=\"https:\/\/www.nbutexas.com\/wp-content\/uploads\/2025\/06\/Rebate-Icons-solar.png\" alt=\"\" \/><\/i>\n\t\t\t\t\t\t\t\t\t\t<div class=\"resource__content\">\n\t\t\t\t\t\t<p class=\"resource__title\">Energ\u00eda Solar Comercial<\/p>\n\t\t\t\t\t\t\t\t\t\t\t\t<div class=\"resource__desc wysiwyg\">\n\t\t\t\t\t\t\t<ul>\n<li>Instala paneles solares en tu hogar o negocio y reclama la producci\u00f3n de energ\u00eda para complementar tu factura el\u00e9ctrica de NBU<\/li>\n<li><strong>Pago m\u00e1ximo de $26,000<\/strong><\/li>\n<\/ul>\n\t\t\t\t\t\t<\/div>\n\t\t\t\t\t\t\t\t\t\t\t\t<a class=\"resource__prompt\" target=\"_blank\" href=\"https:\/\/www.nbutexas.com\/wp-content\/uploads\/2025\/06\/NBU-Commercial-Solar-Rebate-Application-and-Guidelines_AC-5.16.pdf\">View PDF<span class=\"sr-only\">: Energ\u00eda Solar Comercial<\/span><\/a>\n\t\t\t\t\t<\/div>\n\t\t\t\t<\/div>\n\t\t\t\t\t\t\t<\/li>\n\t\t\t\t<\/ul>\n\t<\/div>\n\n\n\n<p><\/p>\n\n\n\n<p><\/p>\n","protected":false},"excerpt":{"rendered":"<p>Ahorra dinero y recursos con el programa de descuentos de NBU Desde electrodom\u00e9sticos de alta eficiencia hasta pr\u00e1cticas de cuidado\u2026<\/p>\n","protected":false},"author":1,"featured_media":0,"parent":0,"menu_order":0,"comment_status":"closed","ping_status":"closed","template":"page-template-ways-to-save.php","meta":{"_acf_changed":false,"footnotes":""},"class_list":["post-28965","page","type-page","status-publish","hentry"],"acf":[],"yoast_head":"<!-- This site is optimized with the Yoast SEO plugin v27.5 - https:\/\/yoast.com\/product\/yoast-seo-wordpress\/ -->\n<title>Formas de ahorrar: Rebajas - New Braunfels Utilities Website<\/title>\n<meta name=\"description\" content=\"Inf\u00f3rmate y solicita las numerosas rebajas que ofrece NBU y \u00a1ahorra dinero hoy mismo! Los reembolsos pueden enviarse por correo, correo electr\u00f3nico o fax.\" \/>\n<meta name=\"robots\" content=\"index, follow, max-snippet:-1, max-image-preview:large, max-video-preview:-1\" \/>\n<link rel=\"canonical\" href=\"https:\/\/www.nbutexas.com\/es\/formas-de-ahorrar-rebajas\/\" \/>\n<meta property=\"og:locale\" content=\"es_ES\" \/>\n<meta property=\"og:type\" content=\"article\" \/>\n<meta property=\"og:title\" content=\"Formas de ahorrar: Rebajas - New Braunfels Utilities Website\" \/>\n<meta property=\"og:description\" content=\"Inf\u00f3rmate y solicita las numerosas rebajas que ofrece NBU y \u00a1ahorra dinero hoy mismo! Los reembolsos pueden enviarse por correo, correo electr\u00f3nico o fax.\" \/>\n<meta property=\"og:url\" content=\"https:\/\/www.nbutexas.com\/es\/formas-de-ahorrar-rebajas\/\" \/>\n<meta property=\"og:site_name\" content=\"New Braunfels Utilities Website\" \/>\n<meta property=\"article:modified_time\" content=\"2025-08-13T13:47:03+00:00\" \/>\n<meta name=\"twitter:card\" content=\"summary_large_image\" \/>\n<meta name=\"twitter:label1\" content=\"Est. reading time\" \/>\n\t<meta name=\"twitter:data1\" content=\"1 minute\" \/>\n<script type=\"application\/ld+json\" class=\"yoast-schema-graph\">{\"@context\":\"https:\\\/\\\/schema.org\",\"@graph\":[{\"@type\":\"WebPage\",\"@id\":\"https:\\\/\\\/www.nbutexas.com\\\/es\\\/formas-de-ahorrar-rebajas\\\/\",\"url\":\"https:\\\/\\\/www.nbutexas.com\\\/es\\\/formas-de-ahorrar-rebajas\\\/\",\"name\":\"Formas de ahorrar: Rebajas - New Braunfels Utilities Website\",\"isPartOf\":{\"@id\":\"https:\\\/\\\/www.nbutexas.com\\\/es\\\/#website\"},\"datePublished\":\"2020-03-10T18:22:47+00:00\",\"dateModified\":\"2025-08-13T13:47:03+00:00\",\"description\":\"Inf\u00f3rmate y solicita las numerosas rebajas que ofrece NBU y \u00a1ahorra dinero hoy mismo! Los reembolsos pueden enviarse por correo, correo electr\u00f3nico o fax.\",\"breadcrumb\":{\"@id\":\"https:\\\/\\\/www.nbutexas.com\\\/es\\\/formas-de-ahorrar-rebajas\\\/#breadcrumb\"},\"inLanguage\":\"es-ES\",\"potentialAction\":[{\"@type\":\"ReadAction\",\"target\":[\"https:\\\/\\\/www.nbutexas.com\\\/es\\\/formas-de-ahorrar-rebajas\\\/\"]}]},{\"@type\":\"BreadcrumbList\",\"@id\":\"https:\\\/\\\/www.nbutexas.com\\\/es\\\/formas-de-ahorrar-rebajas\\\/#breadcrumb\",\"itemListElement\":[{\"@type\":\"ListItem\",\"position\":1,\"name\":\"Home\",\"item\":\"https:\\\/\\\/www.nbutexas.com\\\/es\\\/servicio-residencial-y-comercial\\\/\"},{\"@type\":\"ListItem\",\"position\":2,\"name\":\"Formas de ahorrar: Rebajas\"}]},{\"@type\":\"WebSite\",\"@id\":\"https:\\\/\\\/www.nbutexas.com\\\/es\\\/#website\",\"url\":\"https:\\\/\\\/www.nbutexas.com\\\/es\\\/\",\"name\":\"New Braunfels Utilities Website\",\"description\":\"Your Utility&#039;s Site\",\"potentialAction\":[{\"@type\":\"SearchAction\",\"target\":{\"@type\":\"EntryPoint\",\"urlTemplate\":\"https:\\\/\\\/www.nbutexas.com\\\/es\\\/?s={search_term_string}\"},\"query-input\":{\"@type\":\"PropertyValueSpecification\",\"valueRequired\":true,\"valueName\":\"search_term_string\"}}],\"inLanguage\":\"es-ES\"}]}<\/script>\n<!-- \/ Yoast SEO plugin. -->","yoast_head_json":{"title":"Formas de ahorrar: Rebajas - New Braunfels Utilities Website","description":"Inf\u00f3rmate y solicita las numerosas rebajas que ofrece NBU y \u00a1ahorra dinero hoy mismo! Los reembolsos pueden enviarse por correo, correo electr\u00f3nico o fax.","robots":{"index":"index","follow":"follow","max-snippet":"max-snippet:-1","max-image-preview":"max-image-preview:large","max-video-preview":"max-video-preview:-1"},"canonical":"https:\/\/www.nbutexas.com\/es\/formas-de-ahorrar-rebajas\/","og_locale":"es_ES","og_type":"article","og_title":"Formas de ahorrar: Rebajas - New Braunfels Utilities Website","og_description":"Inf\u00f3rmate y solicita las numerosas rebajas que ofrece NBU y \u00a1ahorra dinero hoy mismo! Los reembolsos pueden enviarse por correo, correo electr\u00f3nico o fax.","og_url":"https:\/\/www.nbutexas.com\/es\/formas-de-ahorrar-rebajas\/","og_site_name":"New Braunfels Utilities Website","article_modified_time":"2025-08-13T13:47:03+00:00","twitter_card":"summary_large_image","twitter_misc":{"Est. reading time":"1 minute"},"schema":{"@context":"https:\/\/schema.org","@graph":[{"@type":"WebPage","@id":"https:\/\/www.nbutexas.com\/es\/formas-de-ahorrar-rebajas\/","url":"https:\/\/www.nbutexas.com\/es\/formas-de-ahorrar-rebajas\/","name":"Formas de ahorrar: Rebajas - New Braunfels Utilities Website","isPartOf":{"@id":"https:\/\/www.nbutexas.com\/es\/#website"},"datePublished":"2020-03-10T18:22:47+00:00","dateModified":"2025-08-13T13:47:03+00:00","description":"Inf\u00f3rmate y solicita las numerosas rebajas que ofrece NBU y \u00a1ahorra dinero hoy mismo! Los reembolsos pueden enviarse por correo, correo electr\u00f3nico o fax.","breadcrumb":{"@id":"https:\/\/www.nbutexas.com\/es\/formas-de-ahorrar-rebajas\/#breadcrumb"},"inLanguage":"es-ES","potentialAction":[{"@type":"ReadAction","target":["https:\/\/www.nbutexas.com\/es\/formas-de-ahorrar-rebajas\/"]}]},{"@type":"BreadcrumbList","@id":"https:\/\/www.nbutexas.com\/es\/formas-de-ahorrar-rebajas\/#breadcrumb","itemListElement":[{"@type":"ListItem","position":1,"name":"Home","item":"https:\/\/www.nbutexas.com\/es\/servicio-residencial-y-comercial\/"},{"@type":"ListItem","position":2,"name":"Formas de ahorrar: Rebajas"}]},{"@type":"WebSite","@id":"https:\/\/www.nbutexas.com\/es\/#website","url":"https:\/\/www.nbutexas.com\/es\/","name":"New Braunfels Utilities Website","description":"Your Utility&#039;s Site","potentialAction":[{"@type":"SearchAction","target":{"@type":"EntryPoint","urlTemplate":"https:\/\/www.nbutexas.com\/es\/?s={search_term_string}"},"query-input":{"@type":"PropertyValueSpecification","valueRequired":true,"valueName":"search_term_string"}}],"inLanguage":"es-ES"}]}},"_links":{"self":[{"href":"https:\/\/www.nbutexas.com\/es\/wp-json\/wp\/v2\/pages\/28965","targetHints":{"allow":["GET"]}}],"collection":[{"href":"https:\/\/www.nbutexas.com\/es\/wp-json\/wp\/v2\/pages"}],"about":[{"href":"https:\/\/www.nbutexas.com\/es\/wp-json\/wp\/v2\/types\/page"}],"author":[{"embeddable":true,"href":"https:\/\/www.nbutexas.com\/es\/wp-json\/wp\/v2\/users\/1"}],"replies":[{"embeddable":true,"href":"https:\/\/www.nbutexas.com\/es\/wp-json\/wp\/v2\/comments?post=28965"}],"version-history":[{"count":5,"href":"https:\/\/www.nbutexas.com\/es\/wp-json\/wp\/v2\/pages\/28965\/revisions"}],"predecessor-version":[{"id":30364,"href":"https:\/\/www.nbutexas.com\/es\/wp-json\/wp\/v2\/pages\/28965\/revisions\/30364"}],"wp:attachment":[{"href":"https:\/\/www.nbutexas.com\/es\/wp-json\/wp\/v2\/media?parent=28965"}],"curies":[{"name":"wp","href":"https:\/\/api.w.org\/{rel}","templated":true}]}}