{"id":29401,"date":"2020-09-16T09:24:41","date_gmt":"2020-09-16T14:24:41","guid":{"rendered":"https:\/\/www.nbutexas.com\/videos-de-conservacion\/"},"modified":"2025-05-29T12:11:37","modified_gmt":"2025-05-29T17:11:37","slug":"videos-de-conservacion","status":"publish","type":"page","link":"https:\/\/www.nbutexas.com\/es\/videos-de-conservacion\/","title":{"rendered":"V\u00eddeos de conservaci\u00f3n"},"content":{"rendered":"\n<h2 class=\"wp-block-heading\">Latencia del c\u00e9sped y conservaci\u00f3n del agua<\/h2>\n\n<figure class=\"wp-block-embed is-type-video is-provider-youtube wp-block-embed-youtube\"><div class=\"wp-block-embed__wrapper\">\n<div class=\"embed embed--16by9\"><iframe loading=\"lazy\" title=\"Grass Dormancy &amp; Water Conservation\" width=\"500\" height=\"281\" src=\"https:\/\/www.youtube.com\/embed\/WME-36MYb6w?feature=oembed\" frameborder=\"0\" allow=\"accelerometer; autoplay; clipboard-write; encrypted-media; gyroscope; picture-in-picture; web-share\" referrerpolicy=\"strict-origin-when-cross-origin\" allowfullscreen><\/iframe><\/div>\n<\/div><\/figure>\n\n<h2 class=\"wp-block-heading\">V\u00eddeos de programaci\u00f3n del riego<\/h2>\n\n<p>Hoy en d\u00eda hay muchos tipos diferentes de programadores de riego en el mercado que pueden parecer confusos a primera vista. Mira estos v\u00eddeos para aprender a programar y establecer los tiempos de riego de un RainBird ESP-TMz2 y un programador de riego Hunter Pro-C.   <\/p>\n\t<div class=\"resources\">\n\t\t\t\t<ul class=\"resources__resources\">\n\t\t\n\t\t\t<li class=\"resource\">\n\t\t\t\t<div class=\"resource__wrapper\">\n\t\t\t\t\t\t\t\t\t\t\t<i class=\"resource__icon icon icon-video\"><\/i>\n\t\t\t\t\t\t\t\t\t\t<div class=\"resource__content\">\n\t\t\t\t\t\t<p class=\"resource__title\">Programming a RainBird Irrigation Controller<\/p>\n\t\t\t\t\t\t\t\t\t\t\t\t<a class=\"resource__prompt js-modal\" target=\"\" href=\"#\" aria-label=\"Open modal with video 'Programming a RainBird Irrigation Controller'.\" data-modal-content-id=\"resource-modal-69f70e616406c\" data-modal-prefix-class=\"mg-mod\" data-modal-close-text=\"Close modal\" data-modal-close-title=\"Close modal\" data-modal-focus-id=\"js-modal-close\">Watch Video<span class=\"sr-only\">: Programming a RainBird Irrigation Controller<\/span><\/a>\n\t\t\t\t\t<\/div>\n\t\t\t\t<\/div>\n\t\t\t\t\t\t\t\t\t<div id=\"resource-modal-69f70e616406c\" class=\"modal modal--video\" style=\"display: none;\">\n\t\t\t\t\t\t<div class=\"embed embed--16by9\">\n\t\t\t\t\t\t\t<iframe loading=\"lazy\" title=\"Programming a RainBird Irrigation Controller\" width=\"500\" height=\"281\" src=\"https:\/\/www.youtube.com\/embed\/ffz_xCRwYms?feature=oembed\" frameborder=\"0\" allow=\"accelerometer; autoplay; clipboard-write; encrypted-media; gyroscope; picture-in-picture; web-share\" referrerpolicy=\"strict-origin-when-cross-origin\" allowfullscreen><\/iframe>\t\t\t\t\t\t<\/div>\n\t\t\t\t\t<\/div>\n\t\t\t\t\t\t\t<\/li>\n\t\t\n\t\t\t<li class=\"resource\">\n\t\t\t\t<div class=\"resource__wrapper\">\n\t\t\t\t\t\t\t\t\t\t\t<i class=\"resource__icon icon icon-video\"><\/i>\n\t\t\t\t\t\t\t\t\t\t<div class=\"resource__content\">\n\t\t\t\t\t\t<p class=\"resource__title\">Programming a Hunter Irrigation Controller<\/p>\n\t\t\t\t\t\t\t\t\t\t\t\t<a class=\"resource__prompt js-modal\" target=\"\" href=\"#\" aria-label=\"Open modal with video 'Programming a Hunter Irrigation Controller'.\" data-modal-content-id=\"resource-modal-69f70e617e233\" data-modal-prefix-class=\"mg-mod\" data-modal-close-text=\"Close modal\" data-modal-close-title=\"Close modal\" data-modal-focus-id=\"js-modal-close\">Watch Video<span class=\"sr-only\">: Programming a Hunter Irrigation Controller<\/span><\/a>\n\t\t\t\t\t<\/div>\n\t\t\t\t<\/div>\n\t\t\t\t\t\t\t\t\t<div id=\"resource-modal-69f70e617e233\" class=\"modal modal--video\" style=\"display: none;\">\n\t\t\t\t\t\t<div class=\"embed embed--16by9\">\n\t\t\t\t\t\t\t<iframe loading=\"lazy\" title=\"Programming a Hunter Irrigation Controller\" width=\"500\" height=\"281\" src=\"https:\/\/www.youtube.com\/embed\/-itqQl8_Vvs?feature=oembed\" frameborder=\"0\" allow=\"accelerometer; autoplay; clipboard-write; encrypted-media; gyroscope; picture-in-picture; web-share\" referrerpolicy=\"strict-origin-when-cross-origin\" allowfullscreen><\/iframe>\t\t\t\t\t\t<\/div>\n\t\t\t\t\t<\/div>\n\t\t\t\t\t\t\t<\/li>\n\t\t\t\t<\/ul>\n\t<\/div>\n\n<p><\/p>\n<div class=\"about\">\n\t<p class=\"about__title heading--2\">Notificaciones de consumo continuo<\/p>\n\t<p class=\"about__content\">\u00bfHas recibido una llamada o un SMS de consumo continuo? Descubre m\u00e1s sobre esas notificaciones viendo este v\u00eddeo. <\/p>\n\t\t\t<a title=\"Notificaciones de consumo continuo\" target=\"_blank\" href=\"https:\/\/youtu.be\/UrA3GXGh2j4\" class=\"about__cta link--underline link--arrow link--underline--animate link--arrow--animate\">Notificaciones de consumo continuo<\/a>\t<\/div>\n\n<h2 class=\"wp-block-heading\">V\u00eddeos de conservaci\u00f3n<\/h2>\n\n<p>Aprende consejos de conservaci\u00f3n y ayuda a gestionar los costes de los servicios p\u00fablicos con algunos consejos de riego y mientras pasas m\u00e1s tiempo en casa durante COVID-19.  <\/p>\n\n<div class=\"featured-video featured-video--description\">\n\t<div class=\"featured-video__text\">\n\n\t\t\n\t\t<div class=\"featured-video__title\" id=\"featured-video-title-69f70e61991d2\">\n\t\t\tConsejos para la conservaci\u00f3n del hogar\t\t<\/div>\n\n\t\t\t\t<div class=\"featured-video__description\">\n\t\t\tAprende algunos consejos r\u00e1pidos para el hogar que pueden ayudarte a controlar los costes de los servicios p\u00fablicos.\t\t<\/div>\n\t\t\n\t\t\t<\/div>\n\n\t<div class=\"featured-video__thumbnail\">\n\t\t<a href=\"#\" class=\"js-modal featured-video__play\"\n\t\t\tdata-modal-prefix-class=\"mg-mod\"\n\t\t\tdata-modal-content-id=\"featured-video-modal\"\n\t\t\tdata-modal-close-text=\"Close modal\"\n\t\t\tdata-modal-close-title=\"Close modal\"\n\t\t\tdata-modal-focus-id=\"js-modal-close\"\n\t\t>\n\t\t\t<span id=\"featured-video-prompt-69f70e61991d3\" class=\"sr-only\">Open video in modal:<\/span>\n\t\t\t<img loading=\"lazy\" decoding=\"async\" width=\"576\" height=\"178\" src=\"https:\/\/www.nbutexas.com\/wp-content\/uploads\/2020\/03\/thermostat-timer-74-degrees-1420x440-1-576x178.jpg\" class=\"featured-video__img\" alt=\"Consejos para la conservaci\u00f3n del hogar\" srcset=\"https:\/\/www.nbutexas.com\/wp-content\/uploads\/2020\/03\/thermostat-timer-74-degrees-1420x440-1-576x178.jpg 576w, https:\/\/www.nbutexas.com\/wp-content\/uploads\/2020\/03\/thermostat-timer-74-degrees-1420x440-1-300x93.jpg 300w, https:\/\/www.nbutexas.com\/wp-content\/uploads\/2020\/03\/thermostat-timer-74-degrees-1420x440-1-1024x317.jpg 1024w, https:\/\/www.nbutexas.com\/wp-content\/uploads\/2020\/03\/thermostat-timer-74-degrees-1420x440-1-768x238.jpg 768w, https:\/\/www.nbutexas.com\/wp-content\/uploads\/2020\/03\/thermostat-timer-74-degrees-1420x440-1-1200x372.jpg 1200w, https:\/\/www.nbutexas.com\/wp-content\/uploads\/2020\/03\/thermostat-timer-74-degrees-1420x440-1.jpg 1420w\" sizes=\"auto, (max-width: 576px) 100vw, 576px\" \/>\t\t<\/a>\n\t<\/div>\n<\/div>\n\n<div id=\"featured-video-modal\" class=\"modal modal--video\" style=\"display: none;\">\n\t<div class=\"embed embed--16by9\">\n\t\t<iframe loading=\"lazy\" type=\"text\/html\" class=\"video\" width=\"640\" height=\"360\" src=\"https:\/\/www.youtube.com\/embed\/R8B827Hi0YI?http:\/\/autoplay=1&#038;rel=0&#038;origin=https%3A%2F%2Fwww.nbutexas.com%2Fes%2F\" frameborder=\"0\"><\/iframe>\t<\/div>\n<\/div>\n\t<div class=\"resources\">\n\t\t\t\t<ul class=\"resources__resources\">\n\t\t\n\t\t\t<li class=\"resource\">\n\t\t\t\t<div class=\"resource__wrapper\">\n\t\t\t\t\t\t\t\t\t\t\t<i class=\"resource__icon icon icon-video\"><\/i>\n\t\t\t\t\t\t\t\t\t\t<div class=\"resource__content\">\n\t\t\t\t\t\t<p class=\"resource__title\">Consejos de riego<\/p>\n\t\t\t\t\t\t\t\t\t\t\t\t<a class=\"resource__prompt js-modal\" target=\"\" href=\"#\" aria-label=\"Open modal with video 'Consejos de riego'.\" data-modal-content-id=\"resource-modal-69f70e619a688\" data-modal-prefix-class=\"mg-mod\" data-modal-close-text=\"Close modal\" data-modal-close-title=\"Close modal\" data-modal-focus-id=\"js-modal-close\">Watch Video<span class=\"sr-only\">: Consejos de riego<\/span><\/a>\n\t\t\t\t\t<\/div>\n\t\t\t\t<\/div>\n\t\t\t\t\t\t\t\t\t<div id=\"resource-modal-69f70e619a688\" class=\"modal modal--video\" style=\"display: none;\">\n\t\t\t\t\t\t<div class=\"embed embed--16by9\">\n\t\t\t\t\t\t\t<iframe loading=\"lazy\" title=\"Conservation -Irrigation\" width=\"500\" height=\"281\" src=\"https:\/\/www.youtube.com\/embed\/p82ByLXp6A4?feature=oembed\" frameborder=\"0\" allow=\"accelerometer; autoplay; clipboard-write; encrypted-media; gyroscope; picture-in-picture; web-share\" referrerpolicy=\"strict-origin-when-cross-origin\" allowfullscreen><\/iframe>\t\t\t\t\t\t<\/div>\n\t\t\t\t\t<\/div>\n\t\t\t\t\t\t\t<\/li>\n\t\t\n\t\t\t<li class=\"resource\">\n\t\t\t\t<div class=\"resource__wrapper\">\n\t\t\t\t\t\t\t\t\t\t\t<i class=\"resource__icon icon icon-video\"><\/i>\n\t\t\t\t\t\t\t\t\t\t<div class=\"resource__content\">\n\t\t\t\t\t\t<p class=\"resource__title\">Conservaci\u00f3n del hogar durante COVID-19<\/p>\n\t\t\t\t\t\t\t\t\t\t\t\t<a class=\"resource__prompt js-modal\" target=\"\" href=\"#\" aria-label=\"Open modal with video 'Conservaci\u00f3n del hogar durante COVID-19'.\" data-modal-content-id=\"resource-modal-69f70e61a5d0c\" data-modal-prefix-class=\"mg-mod\" data-modal-close-text=\"Close modal\" data-modal-close-title=\"Close modal\" data-modal-focus-id=\"js-modal-close\">Watch Video<span class=\"sr-only\">: Conservaci\u00f3n del hogar durante COVID-19<\/span><\/a>\n\t\t\t\t\t<\/div>\n\t\t\t\t<\/div>\n\t\t\t\t\t\t\t\t\t<div id=\"resource-modal-69f70e61a5d0c\" class=\"modal modal--video\" style=\"display: none;\">\n\t\t\t\t\t\t<div class=\"embed embed--16by9\">\n\t\t\t\t\t\t\t<iframe loading=\"lazy\" title=\"Conservation - COVID-19\" width=\"500\" height=\"281\" src=\"https:\/\/www.youtube.com\/embed\/THHZFw_L9cs?feature=oembed\" frameborder=\"0\" allow=\"accelerometer; autoplay; clipboard-write; encrypted-media; gyroscope; picture-in-picture; web-share\" referrerpolicy=\"strict-origin-when-cross-origin\" allowfullscreen><\/iframe>\t\t\t\t\t\t<\/div>\n\t\t\t\t\t<\/div>\n\t\t\t\t\t\t\t<\/li>\n\t\t\t\t<\/ul>\n\t<\/div>\n","protected":false},"excerpt":{"rendered":"<p>Latencia del c\u00e9sped y conservaci\u00f3n del agua V\u00eddeos de programaci\u00f3n del riego Hoy en d\u00eda hay muchos tipos diferentes de\u2026<\/p>\n","protected":false},"author":30,"featured_media":0,"parent":0,"menu_order":0,"comment_status":"closed","ping_status":"closed","template":"","meta":{"_acf_changed":false,"footnotes":""},"class_list":["post-29401","page","type-page","status-publish","hentry"],"acf":[],"yoast_head":"<!-- This site is optimized with the Yoast SEO plugin v27.5 - https:\/\/yoast.com\/product\/yoast-seo-wordpress\/ -->\n<title>V\u00eddeos de conservaci\u00f3n - New Braunfels Utilities Website<\/title>\n<meta name=\"robots\" content=\"index, follow, max-snippet:-1, max-image-preview:large, max-video-preview:-1\" \/>\n<link rel=\"canonical\" href=\"https:\/\/www.nbutexas.com\/es\/videos-de-conservacion\/\" \/>\n<meta property=\"og:locale\" content=\"es_ES\" \/>\n<meta property=\"og:type\" content=\"article\" \/>\n<meta property=\"og:title\" content=\"V\u00eddeos de conservaci\u00f3n - New Braunfels Utilities Website\" \/>\n<meta property=\"og:description\" content=\"Latencia del c\u00e9sped y conservaci\u00f3n del agua V\u00eddeos de programaci\u00f3n del riego Hoy en d\u00eda hay muchos tipos diferentes de\u2026\" \/>\n<meta property=\"og:url\" content=\"https:\/\/www.nbutexas.com\/es\/videos-de-conservacion\/\" \/>\n<meta property=\"og:site_name\" content=\"New Braunfels Utilities Website\" \/>\n<meta property=\"article:modified_time\" content=\"2025-05-29T17:11:37+00:00\" \/>\n<meta name=\"twitter:card\" content=\"summary_large_image\" \/>\n<meta name=\"twitter:label1\" content=\"Est. reading time\" \/>\n\t<meta name=\"twitter:data1\" content=\"1 minute\" \/>\n<script type=\"application\/ld+json\" class=\"yoast-schema-graph\">{\"@context\":\"https:\\\/\\\/schema.org\",\"@graph\":[{\"@type\":\"WebPage\",\"@id\":\"https:\\\/\\\/www.nbutexas.com\\\/es\\\/videos-de-conservacion\\\/\",\"url\":\"https:\\\/\\\/www.nbutexas.com\\\/es\\\/videos-de-conservacion\\\/\",\"name\":\"V\u00eddeos de conservaci\u00f3n - New Braunfels Utilities Website\",\"isPartOf\":{\"@id\":\"https:\\\/\\\/www.nbutexas.com\\\/es\\\/#website\"},\"datePublished\":\"2020-09-16T14:24:41+00:00\",\"dateModified\":\"2025-05-29T17:11:37+00:00\",\"breadcrumb\":{\"@id\":\"https:\\\/\\\/www.nbutexas.com\\\/es\\\/videos-de-conservacion\\\/#breadcrumb\"},\"inLanguage\":\"es-ES\",\"potentialAction\":[{\"@type\":\"ReadAction\",\"target\":[\"https:\\\/\\\/www.nbutexas.com\\\/es\\\/videos-de-conservacion\\\/\"]}]},{\"@type\":\"BreadcrumbList\",\"@id\":\"https:\\\/\\\/www.nbutexas.com\\\/es\\\/videos-de-conservacion\\\/#breadcrumb\",\"itemListElement\":[{\"@type\":\"ListItem\",\"position\":1,\"name\":\"Home\",\"item\":\"https:\\\/\\\/www.nbutexas.com\\\/es\\\/servicio-residencial-y-comercial\\\/\"},{\"@type\":\"ListItem\",\"position\":2,\"name\":\"V\u00eddeos de conservaci\u00f3n\"}]},{\"@type\":\"WebSite\",\"@id\":\"https:\\\/\\\/www.nbutexas.com\\\/es\\\/#website\",\"url\":\"https:\\\/\\\/www.nbutexas.com\\\/es\\\/\",\"name\":\"New Braunfels Utilities Website\",\"description\":\"Your Utility&#039;s Site\",\"potentialAction\":[{\"@type\":\"SearchAction\",\"target\":{\"@type\":\"EntryPoint\",\"urlTemplate\":\"https:\\\/\\\/www.nbutexas.com\\\/es\\\/?s={search_term_string}\"},\"query-input\":{\"@type\":\"PropertyValueSpecification\",\"valueRequired\":true,\"valueName\":\"search_term_string\"}}],\"inLanguage\":\"es-ES\"}]}<\/script>\n<!-- \/ Yoast SEO plugin. -->","yoast_head_json":{"title":"V\u00eddeos de conservaci\u00f3n - New Braunfels Utilities Website","robots":{"index":"index","follow":"follow","max-snippet":"max-snippet:-1","max-image-preview":"max-image-preview:large","max-video-preview":"max-video-preview:-1"},"canonical":"https:\/\/www.nbutexas.com\/es\/videos-de-conservacion\/","og_locale":"es_ES","og_type":"article","og_title":"V\u00eddeos de conservaci\u00f3n - New Braunfels Utilities Website","og_description":"Latencia del c\u00e9sped y conservaci\u00f3n del agua V\u00eddeos de programaci\u00f3n del riego Hoy en d\u00eda hay muchos tipos diferentes de\u2026","og_url":"https:\/\/www.nbutexas.com\/es\/videos-de-conservacion\/","og_site_name":"New Braunfels Utilities Website","article_modified_time":"2025-05-29T17:11:37+00:00","twitter_card":"summary_large_image","twitter_misc":{"Est. reading time":"1 minute"},"schema":{"@context":"https:\/\/schema.org","@graph":[{"@type":"WebPage","@id":"https:\/\/www.nbutexas.com\/es\/videos-de-conservacion\/","url":"https:\/\/www.nbutexas.com\/es\/videos-de-conservacion\/","name":"V\u00eddeos de conservaci\u00f3n - New Braunfels Utilities Website","isPartOf":{"@id":"https:\/\/www.nbutexas.com\/es\/#website"},"datePublished":"2020-09-16T14:24:41+00:00","dateModified":"2025-05-29T17:11:37+00:00","breadcrumb":{"@id":"https:\/\/www.nbutexas.com\/es\/videos-de-conservacion\/#breadcrumb"},"inLanguage":"es-ES","potentialAction":[{"@type":"ReadAction","target":["https:\/\/www.nbutexas.com\/es\/videos-de-conservacion\/"]}]},{"@type":"BreadcrumbList","@id":"https:\/\/www.nbutexas.com\/es\/videos-de-conservacion\/#breadcrumb","itemListElement":[{"@type":"ListItem","position":1,"name":"Home","item":"https:\/\/www.nbutexas.com\/es\/servicio-residencial-y-comercial\/"},{"@type":"ListItem","position":2,"name":"V\u00eddeos de conservaci\u00f3n"}]},{"@type":"WebSite","@id":"https:\/\/www.nbutexas.com\/es\/#website","url":"https:\/\/www.nbutexas.com\/es\/","name":"New Braunfels Utilities Website","description":"Your Utility&#039;s Site","potentialAction":[{"@type":"SearchAction","target":{"@type":"EntryPoint","urlTemplate":"https:\/\/www.nbutexas.com\/es\/?s={search_term_string}"},"query-input":{"@type":"PropertyValueSpecification","valueRequired":true,"valueName":"search_term_string"}}],"inLanguage":"es-ES"}]}},"_links":{"self":[{"href":"https:\/\/www.nbutexas.com\/es\/wp-json\/wp\/v2\/pages\/29401","targetHints":{"allow":["GET"]}}],"collection":[{"href":"https:\/\/www.nbutexas.com\/es\/wp-json\/wp\/v2\/pages"}],"about":[{"href":"https:\/\/www.nbutexas.com\/es\/wp-json\/wp\/v2\/types\/page"}],"author":[{"embeddable":true,"href":"https:\/\/www.nbutexas.com\/es\/wp-json\/wp\/v2\/users\/30"}],"replies":[{"embeddable":true,"href":"https:\/\/www.nbutexas.com\/es\/wp-json\/wp\/v2\/comments?post=29401"}],"version-history":[{"count":1,"href":"https:\/\/www.nbutexas.com\/es\/wp-json\/wp\/v2\/pages\/29401\/revisions"}],"predecessor-version":[{"id":29403,"href":"https:\/\/www.nbutexas.com\/es\/wp-json\/wp\/v2\/pages\/29401\/revisions\/29403"}],"wp:attachment":[{"href":"https:\/\/www.nbutexas.com\/es\/wp-json\/wp\/v2\/media?parent=29401"}],"curies":[{"name":"wp","href":"https:\/\/api.w.org\/{rel}","templated":true}]}}