{"id":29405,"date":"2020-07-10T14:35:01","date_gmt":"2020-07-10T19:35:01","guid":{"rendered":"https:\/\/www.nbutexas.com\/formas-de-pago\/facturacion-presupuestaria\/"},"modified":"2025-05-29T12:13:50","modified_gmt":"2025-05-29T17:13:50","slug":"facturacion-presupuestaria","status":"publish","type":"page","link":"https:\/\/www.nbutexas.com\/es\/formas-de-pago\/facturacion-presupuestaria\/","title":{"rendered":"Facturaci\u00f3n presupuestaria"},"content":{"rendered":"\n<h2 class=\"wp-block-heading\">La forma sensata de gestionar tus gastos de suministros<\/h2>\n\n<p>La Facturaci\u00f3n Presupuestada alivia el impacto de las facturas de servicios p\u00fablicos estacionales m\u00e1s elevadas repartiendo tus facturas en 11 pagos mensuales iguales, con el duod\u00e9cimo mes como mes de conciliaci\u00f3n. Tus facturas de New Braunfels Utilities no subir\u00e1n ni bajar\u00e1n y sabr\u00e1s exactamente cu\u00e1l ser\u00e1 tu factura de servicios p\u00fablicos de un mes a otro, lo que facilitar\u00e1 la gesti\u00f3n de tu presupuesto.   <\/p>\n<div class=\"callout-icon\">\n\t<i class=\"callout-icon__icon callout-icon__icon--orange icon icon-bill\"><\/i>\n\t<div class=\"callout-icon__copy\">\n\t\t\t\t<div class=\"callout-icon__headline\"> Ap\u00fantate hoy a la Facturaci\u00f3n Presupuestada <\/div>\n\t\t\n\t\t\t\t<div class=\"callout-icon__text wysiwyg\"><p>Ponte en contacto con nosotros por <a href=\"mailto:customerservice@nbutexas.com\">correo electr\u00f3nico<\/a> o llamando <a href=\"tel:8306298400\">al 830.629.8400<\/a> para inscribirte en nuestro programa de Facturaci\u00f3n Presupuestada.<\/p>\n<\/div>\n\t\t\n\t\t\t<\/div>\n<\/div>\n\n<h2 class=\"wp-block-heading\">C\u00f3mo funciona la facturaci\u00f3n presupuestaria<\/h2>\n\n<p>En el gr\u00e1fico siguiente, las barras azules indican el importe de muestra que un cliente pagar\u00eda cada periodo de facturaci\u00f3n utilizando el sistema de facturaci\u00f3n normal de NBU. El total a pagar fluct\u00faa con el consumo a lo largo del a\u00f1o. La barra naranja indica el importe previsible que pagar\u00eda un cliente inscrito en la Facturaci\u00f3n Presupuestada.  <\/p>\n\n<figure class=\"wp-block-image size-large\"><img decoding=\"async\" src=\"https:\/\/www.nbutexas.com\/wp-content\/uploads\/2020\/07\/BudgetBilling_graphic-1024x435.png\" alt=\"\" class=\"wp-image-3729\" \/><\/figure>\n\n<p> <br\/>El resultado neto es que, mediante la Facturaci\u00f3n Presupuestada, puedes evitar grandes cambios en tu factura de servicios, especialmente durante los meses punta, cuando el aire acondicionado, la calefacci\u00f3n y el riego pueden hacer subir mucho las facturas. Ten en cuenta que los costes totales de la Facturaci\u00f3n Presupuestada a lo largo del tiempo no ser\u00e1n superiores a los costes reales. Con la Facturaci\u00f3n Presupuestada, la factura de cada mes es la misma. Por ejemplo, en septiembre la factura real de muestra fue de 198,08 $, m\u00e1s del doble que la factura real de mayo. Pero con la Facturaci\u00f3n Presupuestada, la factura de septiembre es de s\u00f3lo 141,20 $, lo mismo que la factura presupuestada de mayo.    <\/p>\n\t<div class=\"accordion\">\n\t\t\t\t\t<div class=\"accordion__title heading--6\">Preguntas frecuentes sobre facturaci\u00f3n presupuestaria<\/div>\n\t\t\t\t<div class=\"accordion__section\">\n\t\t<header class=\"accordion__section-header\">\n\t\t\t<button class=\"accordion__section-toggle\" data-close-toggle=\".accordion__section-toggle\" data-close-target=\".accordion__section-content\" data-toggle-active=\"#accordion-section-6a079c043037d\" id=\"accordion-toggle-6a079c043037c\" aria-expanded=\"false\" data-controller=\"regionToggle\" aria-controls=\"accordion-toggle-6a079c043037c\">\n\t\t\t\t<div class=\"accordion__section-title\">\u00bfC\u00f3mo se calcula la Facturaci\u00f3n Presupuestada?<\/div>\n\t\t\t\t<div class=\"accordion__section-icon\"><span class=\"sr-only\"><\/span><i class=\"icon icon-\"><\/i><\/div>\n\t\t\t<\/button>\n\t\t<\/header>\n\t\t<div class=\"accordion__section-content inactive wysiwyg\" id=\"accordion-section-6a079c043037d\" aria-labelledby=\"accordion-toggle-6a079c043037c\" role=\"region\" hidden>\n\t\t\t<p>Si has sido cliente de NBU en el mismo lugar durante m\u00e1s de un a\u00f1o, NBU suma tus facturas de servicios p\u00fablicos del mes en curso m\u00e1s los 11 meses anteriores y luego divide el total por 11. Esta cantidad se convierte en el importe de tu Factura Presupuestada. <\/p>\n\t\t<\/div>\n\t<\/div>\n\t\t<div class=\"accordion__section\">\n\t\t<header class=\"accordion__section-header\">\n\t\t\t<button class=\"accordion__section-toggle\" data-close-toggle=\".accordion__section-toggle\" data-close-target=\".accordion__section-content\" data-toggle-active=\"#accordion-section-6a079c043049d\" id=\"accordion-toggle-6a079c043049c\" aria-expanded=\"false\" data-controller=\"regionToggle\" aria-controls=\"accordion-toggle-6a079c043049c\">\n\t\t\t\t<div class=\"accordion__section-title\">\u00bfQu\u00e9 pasa si llevo menos de un a\u00f1o en mi sede actual?<\/div>\n\t\t\t\t<div class=\"accordion__section-icon\"><span class=\"sr-only\"><\/span><i class=\"icon icon-\"><\/i><\/div>\n\t\t\t<\/button>\n\t\t<\/header>\n\t\t<div class=\"accordion__section-content inactive wysiwyg\" id=\"accordion-section-6a079c043049d\" aria-labelledby=\"accordion-toggle-6a079c043049c\" role=\"region\" hidden>\n\t\t\t<p>Si no se dispone de un historial de 12 meses, NBU estimar\u00e1 la facturaci\u00f3n anual por ti.<\/p>\n\t\t<\/div>\n\t<\/div>\n\t\t<div class=\"accordion__section\">\n\t\t<header class=\"accordion__section-header\">\n\t\t\t<button class=\"accordion__section-toggle\" data-close-toggle=\".accordion__section-toggle\" data-close-target=\".accordion__section-content\" data-toggle-active=\"#accordion-section-6a079c0430570\" id=\"accordion-toggle-6a079c043056f\" aria-expanded=\"false\" data-controller=\"regionToggle\" aria-controls=\"accordion-toggle-6a079c043056f\">\n\t\t\t\t<div class=\"accordion__section-title\">\u00bfC\u00f3mo puedo controlar las diferencias entre mi factura real y mis costes de Facturaci\u00f3n Presupuestada?<\/div>\n\t\t\t\t<div class=\"accordion__section-icon\"><span class=\"sr-only\"><\/span><i class=\"icon icon-\"><\/i><\/div>\n\t\t\t<\/button>\n\t\t<\/header>\n\t\t<div class=\"accordion__section-content inactive wysiwyg\" id=\"accordion-section-6a079c0430570\" aria-labelledby=\"accordion-toggle-6a079c043056f\" role=\"region\" hidden>\n\t\t\t<p>La diferencia entre estos dos importes se denomina \u201cPresupuesto acumulado de facturaci\u00f3n impagada o saldo acreedor\u201d y aparece en cada extracto de facturaci\u00f3n. Esta cantidad se acumula de mes en mes y muestra si se acumula un cr\u00e9dito o un d\u00e9bito. New Braunfels Utilities revisar\u00e1 el progreso del programa cada seis meses. Si es necesario un ajuste antes de que se completen los 12 meses, se te notificar\u00e1 el nuevo importe de la Facturaci\u00f3n Presupuestada con un mes de antelaci\u00f3n.   <\/p>\n\t\t<\/div>\n\t<\/div>\n\t\t<div class=\"accordion__section\">\n\t\t<header class=\"accordion__section-header\">\n\t\t\t<button class=\"accordion__section-toggle\" data-close-toggle=\".accordion__section-toggle\" data-close-target=\".accordion__section-content\" data-toggle-active=\"#accordion-section-6a079c0430642\" id=\"accordion-toggle-6a079c0430624\" aria-expanded=\"false\" data-controller=\"regionToggle\" aria-controls=\"accordion-toggle-6a079c0430624\">\n\t\t\t\t<div class=\"accordion__section-title\">\u00bfCu\u00e1ndo se liquida mi cuenta?<\/div>\n\t\t\t\t<div class=\"accordion__section-icon\"><span class=\"sr-only\"><\/span><i class=\"icon icon-\"><\/i><\/div>\n\t\t\t<\/button>\n\t\t<\/header>\n\t\t<div class=\"accordion__section-content inactive wysiwyg\" id=\"accordion-section-6a079c0430642\" aria-labelledby=\"accordion-toggle-6a079c0430624\" role=\"region\" hidden>\n\t\t\t<p>Al cabo de 12 meses, examinaremos tu cuenta para ver si necesita un ajuste. El saldo de fin de a\u00f1o (d\u00e9bito o cr\u00e9dito) se transferir\u00e1 al ciclo de Facturaci\u00f3n Presupuestada del a\u00f1o siguiente y se te notificar\u00e1 la diferencia con un mes de antelaci\u00f3n. Puedes optar por darte de baja del programa de Facturaci\u00f3n Presupuestaria en cualquier momento. Te sugerimos que mantengas Budget Billing durante al menos 12 meses para que puedas evaluar las ventajas adecuadamente. Adem\u00e1s, una vez que canceles Budget Billing, deber\u00e1s esperar al menos 12 meses antes de volver a ser elegible.    <\/p>\n\t\t<\/div>\n\t<\/div>\n\t\t<div class=\"accordion__section\">\n\t\t<header class=\"accordion__section-header\">\n\t\t\t<button class=\"accordion__section-toggle\" data-close-toggle=\".accordion__section-toggle\" data-close-target=\".accordion__section-content\" data-toggle-active=\"#accordion-section-6a079c0430711\" id=\"accordion-toggle-6a079c0430710\" aria-expanded=\"false\" data-controller=\"regionToggle\" aria-controls=\"accordion-toggle-6a079c0430710\">\n\t\t\t\t<div class=\"accordion__section-title\">Si tengo un saldo de cr\u00e9dito diferido cualquier mes, \u00bfse sigue girando a mi cuenta ese mes?<\/div>\n\t\t\t\t<div class=\"accordion__section-icon\"><span class=\"sr-only\"><\/span><i class=\"icon icon-\"><\/i><\/div>\n\t\t\t<\/button>\n\t\t<\/header>\n\t\t<div class=\"accordion__section-content inactive wysiwyg\" id=\"accordion-section-6a079c0430711\" aria-labelledby=\"accordion-toggle-6a079c0430710\" role=\"region\" hidden>\n\t\t\t<p>S\u00ed: todos los meses tienes que pagar el importe predeterminado del Presupuesto de Facturaci\u00f3n. Los saldos acreedores no devengan intereses. Ten en cuenta que si recibimos dos avisos de fondos insuficientes en tu cuenta bancaria, el programa de Facturaci\u00f3n Presupuestada puede ser eliminado de tu cuenta de NBU durante un a\u00f1o.  <\/p>\n\t\t<\/div>\n\t<\/div>\n\t\t<div class=\"accordion__section\">\n\t\t<header class=\"accordion__section-header\">\n\t\t\t<button class=\"accordion__section-toggle\" data-close-toggle=\".accordion__section-toggle\" data-close-target=\".accordion__section-content\" data-toggle-active=\"#accordion-section-6a079c04307eb\" id=\"accordion-toggle-6a079c04307ea\" aria-expanded=\"false\" data-controller=\"regionToggle\" aria-controls=\"accordion-toggle-6a079c04307ea\">\n\t\t\t\t<div class=\"accordion__section-title\">\u00bfQui\u00e9n puede optar a la Facturaci\u00f3n Presupuestada?<\/div>\n\t\t\t\t<div class=\"accordion__section-icon\"><span class=\"sr-only\"><\/span><i class=\"icon icon-\"><\/i><\/div>\n\t\t\t<\/button>\n\t\t<\/header>\n\t\t<div class=\"accordion__section-content inactive wysiwyg\" id=\"accordion-section-6a079c04307eb\" aria-labelledby=\"accordion-toggle-6a079c04307ea\" role=\"region\" hidden>\n\t\t\t<p>Cualquier cliente residencial de NBU que no tenga facturas o cargos pendientes de pago puede inscribirse en el programa pasando por nuestra oficina o llamando por tel\u00e9fono, solicitando una carta de Facturaci\u00f3n Presupuestada, firmando la carta y devolviendo el original a NBU. Tambi\u00e9n tendremos que inscribir tu cuenta en el Programa de Giro Autom\u00e1tico. Con el giro autom\u00e1tico, tu pago mensual se deduce autom\u00e1ticamente de tu cuenta bancaria en la fecha de vencimiento real. Eso significa que no hay sellos, ni cheques, ni colas, ni comisiones por retraso.   <\/p>\n\t\t<\/div>\n\t<\/div>\n\t\t<div class=\"accordion__section\">\n\t\t<header class=\"accordion__section-header\">\n\t\t\t<button class=\"accordion__section-toggle\" data-close-toggle=\".accordion__section-toggle\" data-close-target=\".accordion__section-content\" data-toggle-active=\"#accordion-section-6a079c04308a7\" id=\"accordion-toggle-6a079c04308a6\" aria-expanded=\"false\" data-controller=\"regionToggle\" aria-controls=\"accordion-toggle-6a079c04308a6\">\n\t\t\t\t<div class=\"accordion__section-title\">Despu\u00e9s de inscribirme en la Facturaci\u00f3n Presupuestada, \u00bfmi primera factura ser\u00e1 m\u00e1s alta o m\u00e1s baja de lo habitual?  <\/div>\n\t\t\t\t<div class=\"accordion__section-icon\"><span class=\"sr-only\"><\/span><i class=\"icon icon-\"><\/i><\/div>\n\t\t\t<\/button>\n\t\t<\/header>\n\t\t<div class=\"accordion__section-content inactive wysiwyg\" id=\"accordion-section-6a079c04308a7\" aria-labelledby=\"accordion-toggle-6a079c04308a6\" role=\"region\" hidden>\n\t\t\t<p>Eso depende de tu uso t\u00edpico de los servicios p\u00fablicos. Generalmente, los clientes de NBU tienen facturas m\u00e1s altas durante el verano, cuando aumenta el uso del aire acondicionado y del agua. As\u00ed que si tu primer mes con Facturaci\u00f3n Presupuestada es junio, julio o agosto, lo m\u00e1s probable es que tu Factura Presupuestada sea m\u00e1s baja.  <\/p>\n\t\t<\/div>\n\t<\/div>\n\t\t<\/div>\n\n<div class=\"wp-block-buttons is-layout-flex wp-block-buttons-is-layout-flex\"><\/div>\n\t<div class=\"resources\">\n\t\t\t\t<ul class=\"resources__resources\">\n\t\t\n\t\t\t<li class=\"resource\">\n\t\t\t\t<div class=\"resource__wrapper\">\n\t\t\t\t\t\t\t\t\t\t\t<i class=\"resource__icon icon icon-pdf\"><\/i>\n\t\t\t\t\t\t\t\t\t\t<div class=\"resource__content\">\n\t\t\t\t\t\t<p class=\"resource__title\">Folleto de Facturaci\u00f3n Presupuestaria<\/p>\n\t\t\t\t\t\t\t\t\t\t\t\t<a class=\"resource__prompt\" target=\"_blank\" href=\"https:\/\/www.nbutexas.com\/wp-content\/uploads\/2020\/03\/19-12472-BudgetBillingBrochure11x8.5-BEFORE-SERVICE-CONDITIONS-POLICY_Web11_06_2019.pdf\">View PDF<span class=\"sr-only\">: Folleto de Facturaci\u00f3n Presupuestaria<\/span><\/a>\n\t\t\t\t\t<\/div>\n\t\t\t\t<\/div>\n\t\t\t\t\t\t\t<\/li>\n\t\t\t\t<\/ul>\n\t<\/div>\n","protected":false},"excerpt":{"rendered":"<p>La forma sensata de gestionar tus gastos de suministros La Facturaci\u00f3n Presupuestada alivia el impacto de las facturas de servicios\u2026<\/p>\n","protected":false},"author":3,"featured_media":26448,"parent":28993,"menu_order":0,"comment_status":"closed","ping_status":"closed","template":"","meta":{"_acf_changed":false,"footnotes":""},"class_list":["post-29405","page","type-page","status-publish","has-post-thumbnail","hentry"],"acf":[],"yoast_head":"<!-- This site is optimized with the Yoast SEO plugin v27.5 - https:\/\/yoast.com\/product\/yoast-seo-wordpress\/ -->\n<title>Facturaci\u00f3n presupuestaria - New Braunfels Utilities Website<\/title>\n<meta name=\"robots\" content=\"index, follow, max-snippet:-1, max-image-preview:large, max-video-preview:-1\" \/>\n<link rel=\"canonical\" href=\"https:\/\/www.nbutexas.com\/es\/formas-de-pago\/facturacion-presupuestaria\/\" \/>\n<meta property=\"og:locale\" content=\"es_ES\" \/>\n<meta property=\"og:type\" content=\"article\" \/>\n<meta property=\"og:title\" content=\"Facturaci\u00f3n presupuestaria - New Braunfels Utilities Website\" \/>\n<meta property=\"og:description\" content=\"La forma sensata de gestionar tus gastos de suministros La Facturaci\u00f3n Presupuestada alivia el impacto de las facturas de servicios\u2026\" \/>\n<meta property=\"og:url\" content=\"https:\/\/www.nbutexas.com\/es\/formas-de-pago\/facturacion-presupuestaria\/\" \/>\n<meta property=\"og:site_name\" content=\"New Braunfels Utilities Website\" \/>\n<meta property=\"article:modified_time\" content=\"2025-05-29T17:13:50+00:00\" \/>\n<meta property=\"og:image\" content=\"https:\/\/www.nbutexas.com\/wp-content\/uploads\/2020\/07\/paper-bills-using-calculator-close-up-view-picture-id1162624151.jpg\" \/>\n\t<meta property=\"og:image:width\" content=\"1480\" \/>\n\t<meta property=\"og:image:height\" content=\"440\" \/>\n\t<meta property=\"og:image:type\" content=\"image\/jpeg\" \/>\n<meta name=\"twitter:card\" content=\"summary_large_image\" \/>\n<meta name=\"twitter:label1\" content=\"Est. reading time\" \/>\n\t<meta name=\"twitter:data1\" content=\"1 minute\" \/>\n<script type=\"application\/ld+json\" class=\"yoast-schema-graph\">{\"@context\":\"https:\\\/\\\/schema.org\",\"@graph\":[{\"@type\":\"WebPage\",\"@id\":\"https:\\\/\\\/www.nbutexas.com\\\/es\\\/formas-de-pago\\\/facturacion-presupuestaria\\\/\",\"url\":\"https:\\\/\\\/www.nbutexas.com\\\/es\\\/formas-de-pago\\\/facturacion-presupuestaria\\\/\",\"name\":\"Facturaci\u00f3n presupuestaria - New Braunfels Utilities Website\",\"isPartOf\":{\"@id\":\"https:\\\/\\\/www.nbutexas.com\\\/es\\\/#website\"},\"primaryImageOfPage\":{\"@id\":\"https:\\\/\\\/www.nbutexas.com\\\/es\\\/formas-de-pago\\\/facturacion-presupuestaria\\\/#primaryimage\"},\"image\":{\"@id\":\"https:\\\/\\\/www.nbutexas.com\\\/es\\\/formas-de-pago\\\/facturacion-presupuestaria\\\/#primaryimage\"},\"thumbnailUrl\":\"https:\\\/\\\/www.nbutexas.com\\\/wp-content\\\/uploads\\\/2020\\\/07\\\/paper-bills-using-calculator-close-up-view-picture-id1162624151.jpg\",\"datePublished\":\"2020-07-10T19:35:01+00:00\",\"dateModified\":\"2025-05-29T17:13:50+00:00\",\"breadcrumb\":{\"@id\":\"https:\\\/\\\/www.nbutexas.com\\\/es\\\/formas-de-pago\\\/facturacion-presupuestaria\\\/#breadcrumb\"},\"inLanguage\":\"es-ES\",\"potentialAction\":[{\"@type\":\"ReadAction\",\"target\":[\"https:\\\/\\\/www.nbutexas.com\\\/es\\\/formas-de-pago\\\/facturacion-presupuestaria\\\/\"]}]},{\"@type\":\"ImageObject\",\"inLanguage\":\"es-ES\",\"@id\":\"https:\\\/\\\/www.nbutexas.com\\\/es\\\/formas-de-pago\\\/facturacion-presupuestaria\\\/#primaryimage\",\"url\":\"https:\\\/\\\/www.nbutexas.com\\\/wp-content\\\/uploads\\\/2020\\\/07\\\/paper-bills-using-calculator-close-up-view-picture-id1162624151.jpg\",\"contentUrl\":\"https:\\\/\\\/www.nbutexas.com\\\/wp-content\\\/uploads\\\/2020\\\/07\\\/paper-bills-using-calculator-close-up-view-picture-id1162624151.jpg\",\"width\":1480,\"height\":440},{\"@type\":\"BreadcrumbList\",\"@id\":\"https:\\\/\\\/www.nbutexas.com\\\/es\\\/formas-de-pago\\\/facturacion-presupuestaria\\\/#breadcrumb\",\"itemListElement\":[{\"@type\":\"ListItem\",\"position\":1,\"name\":\"Home\",\"item\":\"https:\\\/\\\/www.nbutexas.com\\\/es\\\/servicio-residencial-y-comercial\\\/\"},{\"@type\":\"ListItem\",\"position\":2,\"name\":\"Formas de pago\",\"item\":\"https:\\\/\\\/www.nbutexas.com\\\/es\\\/formas-de-pago\\\/\"},{\"@type\":\"ListItem\",\"position\":3,\"name\":\"Facturaci\u00f3n presupuestaria\"}]},{\"@type\":\"WebSite\",\"@id\":\"https:\\\/\\\/www.nbutexas.com\\\/es\\\/#website\",\"url\":\"https:\\\/\\\/www.nbutexas.com\\\/es\\\/\",\"name\":\"New Braunfels Utilities Website\",\"description\":\"Your Utility&#039;s Site\",\"potentialAction\":[{\"@type\":\"SearchAction\",\"target\":{\"@type\":\"EntryPoint\",\"urlTemplate\":\"https:\\\/\\\/www.nbutexas.com\\\/es\\\/?s={search_term_string}\"},\"query-input\":{\"@type\":\"PropertyValueSpecification\",\"valueRequired\":true,\"valueName\":\"search_term_string\"}}],\"inLanguage\":\"es-ES\"}]}<\/script>\n<!-- \/ Yoast SEO plugin. -->","yoast_head_json":{"title":"Facturaci\u00f3n presupuestaria - New Braunfels Utilities Website","robots":{"index":"index","follow":"follow","max-snippet":"max-snippet:-1","max-image-preview":"max-image-preview:large","max-video-preview":"max-video-preview:-1"},"canonical":"https:\/\/www.nbutexas.com\/es\/formas-de-pago\/facturacion-presupuestaria\/","og_locale":"es_ES","og_type":"article","og_title":"Facturaci\u00f3n presupuestaria - New Braunfels Utilities Website","og_description":"La forma sensata de gestionar tus gastos de suministros La Facturaci\u00f3n Presupuestada alivia el impacto de las facturas de servicios\u2026","og_url":"https:\/\/www.nbutexas.com\/es\/formas-de-pago\/facturacion-presupuestaria\/","og_site_name":"New Braunfels Utilities Website","article_modified_time":"2025-05-29T17:13:50+00:00","og_image":[{"width":1480,"height":440,"url":"https:\/\/www.nbutexas.com\/wp-content\/uploads\/2020\/07\/paper-bills-using-calculator-close-up-view-picture-id1162624151.jpg","type":"image\/jpeg"}],"twitter_card":"summary_large_image","twitter_misc":{"Est. reading time":"1 minute"},"schema":{"@context":"https:\/\/schema.org","@graph":[{"@type":"WebPage","@id":"https:\/\/www.nbutexas.com\/es\/formas-de-pago\/facturacion-presupuestaria\/","url":"https:\/\/www.nbutexas.com\/es\/formas-de-pago\/facturacion-presupuestaria\/","name":"Facturaci\u00f3n presupuestaria - New Braunfels Utilities Website","isPartOf":{"@id":"https:\/\/www.nbutexas.com\/es\/#website"},"primaryImageOfPage":{"@id":"https:\/\/www.nbutexas.com\/es\/formas-de-pago\/facturacion-presupuestaria\/#primaryimage"},"image":{"@id":"https:\/\/www.nbutexas.com\/es\/formas-de-pago\/facturacion-presupuestaria\/#primaryimage"},"thumbnailUrl":"https:\/\/www.nbutexas.com\/wp-content\/uploads\/2020\/07\/paper-bills-using-calculator-close-up-view-picture-id1162624151.jpg","datePublished":"2020-07-10T19:35:01+00:00","dateModified":"2025-05-29T17:13:50+00:00","breadcrumb":{"@id":"https:\/\/www.nbutexas.com\/es\/formas-de-pago\/facturacion-presupuestaria\/#breadcrumb"},"inLanguage":"es-ES","potentialAction":[{"@type":"ReadAction","target":["https:\/\/www.nbutexas.com\/es\/formas-de-pago\/facturacion-presupuestaria\/"]}]},{"@type":"ImageObject","inLanguage":"es-ES","@id":"https:\/\/www.nbutexas.com\/es\/formas-de-pago\/facturacion-presupuestaria\/#primaryimage","url":"https:\/\/www.nbutexas.com\/wp-content\/uploads\/2020\/07\/paper-bills-using-calculator-close-up-view-picture-id1162624151.jpg","contentUrl":"https:\/\/www.nbutexas.com\/wp-content\/uploads\/2020\/07\/paper-bills-using-calculator-close-up-view-picture-id1162624151.jpg","width":1480,"height":440},{"@type":"BreadcrumbList","@id":"https:\/\/www.nbutexas.com\/es\/formas-de-pago\/facturacion-presupuestaria\/#breadcrumb","itemListElement":[{"@type":"ListItem","position":1,"name":"Home","item":"https:\/\/www.nbutexas.com\/es\/servicio-residencial-y-comercial\/"},{"@type":"ListItem","position":2,"name":"Formas de pago","item":"https:\/\/www.nbutexas.com\/es\/formas-de-pago\/"},{"@type":"ListItem","position":3,"name":"Facturaci\u00f3n presupuestaria"}]},{"@type":"WebSite","@id":"https:\/\/www.nbutexas.com\/es\/#website","url":"https:\/\/www.nbutexas.com\/es\/","name":"New Braunfels Utilities Website","description":"Your Utility&#039;s Site","potentialAction":[{"@type":"SearchAction","target":{"@type":"EntryPoint","urlTemplate":"https:\/\/www.nbutexas.com\/es\/?s={search_term_string}"},"query-input":{"@type":"PropertyValueSpecification","valueRequired":true,"valueName":"search_term_string"}}],"inLanguage":"es-ES"}]}},"_links":{"self":[{"href":"https:\/\/www.nbutexas.com\/es\/wp-json\/wp\/v2\/pages\/29405","targetHints":{"allow":["GET"]}}],"collection":[{"href":"https:\/\/www.nbutexas.com\/es\/wp-json\/wp\/v2\/pages"}],"about":[{"href":"https:\/\/www.nbutexas.com\/es\/wp-json\/wp\/v2\/types\/page"}],"author":[{"embeddable":true,"href":"https:\/\/www.nbutexas.com\/es\/wp-json\/wp\/v2\/users\/3"}],"replies":[{"embeddable":true,"href":"https:\/\/www.nbutexas.com\/es\/wp-json\/wp\/v2\/comments?post=29405"}],"version-history":[{"count":1,"href":"https:\/\/www.nbutexas.com\/es\/wp-json\/wp\/v2\/pages\/29405\/revisions"}],"predecessor-version":[{"id":29406,"href":"https:\/\/www.nbutexas.com\/es\/wp-json\/wp\/v2\/pages\/29405\/revisions\/29406"}],"up":[{"embeddable":true,"href":"https:\/\/www.nbutexas.com\/es\/wp-json\/wp\/v2\/pages\/28993"}],"wp:featuredmedia":[{"embeddable":true,"href":"https:\/\/www.nbutexas.com\/es\/wp-json\/wp\/v2\/media\/26448"}],"wp:attachment":[{"href":"https:\/\/www.nbutexas.com\/es\/wp-json\/wp\/v2\/media?parent=29405"}],"curies":[{"name":"wp","href":"https:\/\/api.w.org\/{rel}","templated":true}]}}