{"id":29414,"date":"2020-03-10T13:21:18","date_gmt":"2020-03-10T18:21:18","guid":{"rendered":"https:\/\/www.nbutexas.com\/conservacion-del-riego-y-recursos\/"},"modified":"2025-05-29T12:25:13","modified_gmt":"2025-05-29T17:25:13","slug":"conservacion-del-riego-y-recursos","status":"publish","type":"page","link":"https:\/\/www.nbutexas.com\/es\/conservacion-del-riego-y-recursos\/","title":{"rendered":"Conservaci\u00f3n del riego y recursos"},"content":{"rendered":"\n<h2 class=\"wp-block-heading\">Una familia media puede perder 180 galones a la semana o 9.400 galones de agua al a\u00f1o por fugas dom\u00e9sticas. Esto equivale a la cantidad de agua necesaria para lavar m\u00e1s de 300 coladas. <\/h2>\n\n<p>No dejes que tu dinero se vaya por el desag\u00fce: tomar las medidas necesarias para ahorrar agua te ayudar\u00e1 a reducir el coste de tu factura de servicios p\u00fablicos. Los recursos de riego que encontrar\u00e1s a continuaci\u00f3n pueden ayudarte. <\/p>\n<div class=\"callout-icon\">\n\t<i class=\"callout-icon__icon callout-icon__icon--blue icon icon-water-1\"><\/i>\n\t<div class=\"callout-icon__copy\">\n\t\t\t\t<div class=\"callout-icon__headline\"> Abastecimiento de agua resistente y planificaci\u00f3n de los recursos h\u00eddricos <\/div>\n\t\t\n\t\t\t\t<div class=\"callout-icon__text wysiwyg\"><p>El 8 de agosto de 2022, el ex director general de NBU, Ian Taylor, hizo una presentaci\u00f3n ante el Ayuntamiento de New Braunfels explicando nuestro resistente suministro de agua y c\u00f3mo pensamos satisfacer las necesidades de nuestra comunidad durante generaciones.<\/p>\n<\/div>\n\t\t\n\t\t\t\t\t<a title=\"Ver la presentaci\u00f3n\" href=\"https:\/\/www.nbutexas.com\/wp-content\/uploads\/2022\/08\/Final-2022-August-City-Council-Water-Resource-Plan-IT.pdf\" class=\"callout-icon__link btn btn--yellow btn--3d\">Ver la presentaci\u00f3n<\/a>\t\t\t<\/div>\n<\/div>\n\n<h2 class=\"wp-block-heading\">Los beneficios de dejar que el c\u00e9sped se duerma<\/h2>\n\n<figure class=\"wp-block-embed is-type-video is-provider-youtube wp-block-embed-youtube\"><div class=\"wp-block-embed__wrapper\">\n<div class=\"embed embed--16by9\"><iframe loading=\"lazy\" title=\"Grass Dormancy &amp; Water Conservation\" width=\"500\" height=\"281\" src=\"https:\/\/www.youtube.com\/embed\/WME-36MYb6w?feature=oembed\" frameborder=\"0\" allow=\"accelerometer; autoplay; clipboard-write; encrypted-media; gyroscope; picture-in-picture; web-share\" referrerpolicy=\"strict-origin-when-cross-origin\" allowfullscreen><\/iframe><\/div>\n<\/div><\/figure>\n\n<div class=\"featured-video featured-video--title\">\n\t<div class=\"featured-video__text\">\n\n\t\t\t\t<div class=\"featured-video__block-title\">\n\t\t\t\t\t<\/div>\n\t\t\n\t\t<div class=\"featured-video__title\" id=\"featured-video-title-69f29d5e8d6ef\">\n\t\t\tV\u00eddeo de una fuga en el inodoro de New Braunfels Utilities\t\t<\/div>\n\n\t\t\t\t<div class=\"featured-video__description\">\n\t\t\tLas fugas pueden suponer, por t\u00e9rmino medio, 10.000 galones de agua dom\u00e9stica desperdiciada cada a\u00f1o. Este v\u00eddeo muestra c\u00f3mo puedes determinar r\u00e1pida y f\u00e1cilmente si tienes un inodoro con fugas. \t\t<\/div>\n\t\t\n\t\t\t\t<div class=\"featured-video__watch\">\n\t\t\t<a href=\"#\" class=\"js-modal\"\n\t\t\t\taria-labelledby=\"featured-video-prompt-69f29d5e8d6f1 featured-video-title-69f29d5e8d6ef\"\n\t\t\t\tdata-modal-prefix-class=\"mg-mod\"\n\t\t\t\tdata-modal-content-id=\"featured-video-modal\"\n\t\t\t\tdata-modal-close-text=\"Close modal\"\n\t\t\t\tdata-modal-close-title=\"Close modal\"\n\t\t\t\tdata-modal-focus-id=\"js-modal-close\"\n\t\t\t>\n\t\t\t\tWatch Video\t\t\t<\/a>\n\t\t<\/div>\n\t\t\t<\/div>\n\n\t<div class=\"featured-video__thumbnail\">\n\t\t<a href=\"#\" class=\"js-modal featured-video__play\"\n\t\t\tdata-modal-prefix-class=\"mg-mod\"\n\t\t\tdata-modal-content-id=\"featured-video-modal\"\n\t\t\tdata-modal-close-text=\"Close modal\"\n\t\t\tdata-modal-close-title=\"Close modal\"\n\t\t\tdata-modal-focus-id=\"js-modal-close\"\n\t\t>\n\t\t\t<span id=\"featured-video-prompt-69f29d5e8d6f1\" class=\"sr-only\">Open video in modal:<\/span>\n\t\t\t<img loading=\"lazy\" decoding=\"async\" width=\"576\" height=\"324\" src=\"https:\/\/www.nbutexas.com\/wp-content\/uploads\/2020\/03\/NBU-Toilet-Leak-Thumbnail-576x324.jpg\" class=\"featured-video__img\" alt=\"V\u00eddeo de una fuga en el inodoro de New Braunfels Utilities\" srcset=\"https:\/\/www.nbutexas.com\/wp-content\/uploads\/2020\/03\/NBU-Toilet-Leak-Thumbnail-576x324.jpg 576w, https:\/\/www.nbutexas.com\/wp-content\/uploads\/2020\/03\/NBU-Toilet-Leak-Thumbnail-300x169.jpg 300w, https:\/\/www.nbutexas.com\/wp-content\/uploads\/2020\/03\/NBU-Toilet-Leak-Thumbnail-1024x576.jpg 1024w, https:\/\/www.nbutexas.com\/wp-content\/uploads\/2020\/03\/NBU-Toilet-Leak-Thumbnail-768x432.jpg 768w, https:\/\/www.nbutexas.com\/wp-content\/uploads\/2020\/03\/NBU-Toilet-Leak-Thumbnail-960x540.jpg 960w, https:\/\/www.nbutexas.com\/wp-content\/uploads\/2020\/03\/NBU-Toilet-Leak-Thumbnail-1200x675.jpg 1200w, https:\/\/www.nbutexas.com\/wp-content\/uploads\/2020\/03\/NBU-Toilet-Leak-Thumbnail.jpg 1280w\" sizes=\"auto, (max-width: 576px) 100vw, 576px\" \/>\t\t<\/a>\n\t<\/div>\n<\/div>\n\n<div id=\"featured-video-modal\" class=\"modal modal--video\" style=\"display: none;\">\n\t<div class=\"embed embed--16by9\">\n\t\t<iframe loading=\"lazy\" type=\"text\/html\" class=\"video\" width=\"640\" height=\"360\" src=\"https:\/\/www.youtube.com\/embed\/o-gl37Z_1LQ?http:\/\/autoplay=1&#038;rel=0&#038;origin=https%3A%2F%2Fwww.nbutexas.com%2Fes%2F\" frameborder=\"0\"><\/iframe>\t<\/div>\n<\/div>\n<div class=\"callout-icon\">\n\t<i class=\"callout-icon__icon callout-icon__icon--orange icon icon-calendar\"><\/i>\n\t<div class=\"callout-icon__copy\">\n\t\t\t\t<div class=\"callout-icon__headline\"> Programa una evaluaci\u00f3n gratuita <\/div>\n\t\t\n\t\t\t\t<div class=\"callout-icon__text wysiwyg\"><p>New Braunfels Utilities (NBU) ofrece evaluaciones gratuitas de agua, energ\u00eda y riego a clientes residenciales y comerciales. Haz clic en el bot\u00f3n de abajo para visitar nuestra p\u00e1gina de Evaluaciones y programar tu evaluaci\u00f3n gratuita hoy mismo. <\/p>\n<\/div>\n\t\t\n\t\t\t\t\t<a title=\"Pide una cita para la evaluaci\u00f3n\" href=\"https:\/\/www.nbutexas.com\/assessment\/\" class=\"callout-icon__link btn btn--yellow btn--3d\">Pide una cita para la evaluaci\u00f3n<\/a>\t\t\t<\/div>\n<\/div>\n\t<div class=\"resources\">\n\t\t\t\t<div class=\"resources__title\">Recursos de conservaci\u00f3n<\/div>\n\t\t\t\t<ul class=\"resources__resources\">\n\t\t\n\t\t\t<li class=\"resource\">\n\t\t\t\t<div class=\"resource__wrapper\">\n\t\t\t\t\t\t\t\t\t\t\t<i class=\"resource__icon icon icon-video\"><\/i>\n\t\t\t\t\t\t\t\t\t\t<div class=\"resource__content\">\n\t\t\t\t\t\t<p class=\"resource__title\">Consejos para regar el c\u00e9sped<\/p>\n\t\t\t\t\t\t\t\t\t\t\t\t<a class=\"resource__prompt js-modal\" target=\"\" href=\"#\" aria-label=\"Open modal with video 'Consejos para regar el c\u00e9sped'.\" data-modal-content-id=\"resource-modal-69f29d5e9eab8\" data-modal-prefix-class=\"mg-mod\" data-modal-close-text=\"Close modal\" data-modal-close-title=\"Close modal\" data-modal-focus-id=\"js-modal-close\">Watch Video<span class=\"sr-only\">: Consejos para regar el c\u00e9sped<\/span><\/a>\n\t\t\t\t\t<\/div>\n\t\t\t\t<\/div>\n\t\t\t\t\t\t\t\t\t<div id=\"resource-modal-69f29d5e9eab8\" class=\"modal modal--video\" style=\"display: none;\">\n\t\t\t\t\t\t<div class=\"embed embed--16by9\">\n\t\t\t\t\t\t\t<iframe loading=\"lazy\" title=\"Conservation Commercial\" width=\"500\" height=\"281\" src=\"https:\/\/www.youtube.com\/embed\/BfW4bF70xFQ?feature=oembed\" frameborder=\"0\" allow=\"accelerometer; autoplay; clipboard-write; encrypted-media; gyroscope; picture-in-picture; web-share\" referrerpolicy=\"strict-origin-when-cross-origin\" allowfullscreen><\/iframe>\t\t\t\t\t\t<\/div>\n\t\t\t\t\t<\/div>\n\t\t\t\t\t\t\t<\/li>\n\t\t\n\t\t\t<li class=\"resource\">\n\t\t\t\t<div class=\"resource__wrapper\">\n\t\t\t\t\t\t\t\t\t\t\t<i class=\"resource__icon icon icon-pdf\"><\/i>\n\t\t\t\t\t\t\t\t\t\t<div class=\"resource__content\">\n\t\t\t\t\t\t<p class=\"resource__title\">Consejos para ahorrar agua<\/p>\n\t\t\t\t\t\t\t\t\t\t\t\t<a class=\"resource__prompt\" target=\"_blank\" href=\"https:\/\/www.nbutexas.com\/wp-content\/uploads\/2020\/03\/WaterSavingTips-WaterConservation8.5x11FNL-1.pdf\">View PDF<span class=\"sr-only\">: Consejos para ahorrar agua<\/span><\/a>\n\t\t\t\t\t<\/div>\n\t\t\t\t<\/div>\n\t\t\t\t\t\t\t<\/li>\n\t\t\n\t\t\t<li class=\"resource\">\n\t\t\t\t<div class=\"resource__wrapper\">\n\t\t\t\t\t\t\t\t\t\t\t<i class=\"resource__icon icon icon-document\"><\/i>\n\t\t\t\t\t\t\t\t\t\t<div class=\"resource__content\">\n\t\t\t\t\t\t<p class=\"resource__title\">Estado actual de la restricci\u00f3n de agua<\/p>\n\t\t\t\t\t\t\t\t\t\t\t\t<a class=\"resource__prompt\" target=\"\" href=\"\/current-water-restriction-status\/\">View Page<span class=\"sr-only\">: Estado actual de la restricci\u00f3n de agua<\/span><\/a>\n\t\t\t\t\t<\/div>\n\t\t\t\t<\/div>\n\t\t\t\t\t\t\t<\/li>\n\t\t\n\t\t\t<li class=\"resource\">\n\t\t\t\t<div class=\"resource__wrapper\">\n\t\t\t\t\t\t\t\t\t\t\t<i class=\"resource__icon icon icon-video\"><\/i>\n\t\t\t\t\t\t\t\t\t\t<div class=\"resource__content\">\n\t\t\t\t\t\t<p class=\"resource__title\">C\u00f3mo construir tu propio barril de lluvia<\/p>\n\t\t\t\t\t\t\t\t\t\t\t\t<a class=\"resource__prompt js-modal\" target=\"\" href=\"#\" aria-label=\"Open modal with video 'C\u00f3mo construir tu propio barril de lluvia'.\" data-modal-content-id=\"resource-modal-69f29d5eaa809\" data-modal-prefix-class=\"mg-mod\" data-modal-close-text=\"Close modal\" data-modal-close-title=\"Close modal\" data-modal-focus-id=\"js-modal-close\">Watch Video<span class=\"sr-only\">: C\u00f3mo construir tu propio barril de lluvia<\/span><\/a>\n\t\t\t\t\t<\/div>\n\t\t\t\t<\/div>\n\t\t\t\t\t\t\t\t\t<div id=\"resource-modal-69f29d5eaa809\" class=\"modal modal--video\" style=\"display: none;\">\n\t\t\t\t\t\t<div class=\"embed embed--16by9\">\n\t\t\t\t\t\t\t\t\t\t\t\t\t<\/div>\n\t\t\t\t\t<\/div>\n\t\t\t\t\t\t\t<\/li>\n\t\t\t\t<\/ul>\n\t<\/div>\n\t<div class=\"resources\">\n\t\t\t\t<div class=\"resources__title\">Recursos de conservaci\u00f3n en casa<\/div>\n\t\t\t\t<ul class=\"resources__resources\">\n\t\t\n\t\t\t<li class=\"resource\">\n\t\t\t\t<div class=\"resource__wrapper\">\n\t\t\t\t\t\t\t\t\t\t\t<i class=\"resource__icon icon icon-document\"><\/i>\n\t\t\t\t\t\t\t\t\t\t<div class=\"resource__content\">\n\t\t\t\t\t\t<p class=\"resource__title\">Lista de comprobaci\u00f3n para la detecci\u00f3n de fugas<\/p>\n\t\t\t\t\t\t\t\t\t\t\t\t<a class=\"resource__prompt\" target=\"\" href=\"https:\/\/www.nbutexas.com\/leakchecklist\/\">View Page<span class=\"sr-only\">: Lista de comprobaci\u00f3n para la detecci\u00f3n de fugas<\/span><\/a>\n\t\t\t\t\t<\/div>\n\t\t\t\t<\/div>\n\t\t\t\t\t\t\t<\/li>\n\t\t\n\t\t\t<li class=\"resource\">\n\t\t\t\t<div class=\"resource__wrapper\">\n\t\t\t\t\t\t\t\t\t\t\t<i class=\"resource__icon icon icon-pdf\"><\/i>\n\t\t\t\t\t\t\t\t\t\t<div class=\"resource__content\">\n\t\t\t\t\t\t<p class=\"resource__title\">Lectura de tu contador de agua<\/p>\n\t\t\t\t\t\t\t\t\t\t\t\t<a class=\"resource__prompt\" target=\"_blank\" href=\"https:\/\/www.nbutexas.com\/wp-content\/uploads\/2020\/03\/Water_brochure_for_irrigation_systems_9-08.pdf\">View PDF<span class=\"sr-only\">: Lectura de tu contador de agua<\/span><\/a>\n\t\t\t\t\t<\/div>\n\t\t\t\t<\/div>\n\t\t\t\t\t\t\t<\/li>\n\t\t\n\t\t\t<li class=\"resource\">\n\t\t\t\t<div class=\"resource__wrapper\">\n\t\t\t\t\t\t\t\t\t\t\t<i class=\"resource__icon icon icon-document\"><\/i>\n\t\t\t\t\t\t\t\t\t\t<div class=\"resource__content\">\n\t\t\t\t\t\t<p class=\"resource__title\">Denunciar una infracci\u00f3n de riego<\/p>\n\t\t\t\t\t\t\t\t\t\t\t\t<a class=\"resource__prompt\" target=\"\" href=\"\/report-a-watering-violation\/\">View Page<span class=\"sr-only\">: Denunciar una infracci\u00f3n de riego<\/span><\/a>\n\t\t\t\t\t<\/div>\n\t\t\t\t<\/div>\n\t\t\t\t\t\t\t<\/li>\n\t\t\n\t\t\t<li class=\"resource\">\n\t\t\t\t<div class=\"resource__wrapper\">\n\t\t\t\t\t\t\t\t\t\t\t<i class=\"resource__icon icon icon-video\"><\/i>\n\t\t\t\t\t\t\t\t\t\t<div class=\"resource__content\">\n\t\t\t\t\t\t<p class=\"resource__title\">C\u00f3mo cubrir un \u00e1rbol con mantillo<\/p>\n\t\t\t\t\t\t\t\t\t\t\t\t<a class=\"resource__prompt js-modal\" target=\"\" href=\"#\" aria-label=\"Open modal with video 'C\u00f3mo cubrir un \u00e1rbol con mantillo'.\" data-modal-content-id=\"resource-modal-69f29d5ebccc5\" data-modal-prefix-class=\"mg-mod\" data-modal-close-text=\"Close modal\" data-modal-close-title=\"Close modal\" data-modal-focus-id=\"js-modal-close\">Watch Video<span class=\"sr-only\">: C\u00f3mo cubrir un \u00e1rbol con mantillo<\/span><\/a>\n\t\t\t\t\t<\/div>\n\t\t\t\t<\/div>\n\t\t\t\t\t\t\t\t\t<div id=\"resource-modal-69f29d5ebccc5\" class=\"modal modal--video\" style=\"display: none;\">\n\t\t\t\t\t\t<div class=\"embed embed--16by9\">\n\t\t\t\t\t\t\t<iframe loading=\"lazy\" title=\"How to Mulch a Tree\" width=\"500\" height=\"281\" src=\"https:\/\/www.youtube.com\/embed\/bFHpaULTwsE?feature=oembed\" frameborder=\"0\" allow=\"accelerometer; autoplay; clipboard-write; encrypted-media; gyroscope; picture-in-picture; web-share\" referrerpolicy=\"strict-origin-when-cross-origin\" allowfullscreen><\/iframe>\t\t\t\t\t\t<\/div>\n\t\t\t\t\t<\/div>\n\t\t\t\t\t\t\t<\/li>\n\t\t\n\t\t\t<li class=\"resource\">\n\t\t\t\t<div class=\"resource__wrapper\">\n\t\t\t\t\t\t\t\t\t\t\t<i class=\"resource__icon icon icon-document\"><\/i>\n\t\t\t\t\t\t\t\t\t\t<div class=\"resource__content\">\n\t\t\t\t\t\t<p class=\"resource__title\">Variaci\u00f3n paisaj\u00edstica<\/p>\n\t\t\t\t\t\t\t\t\t\t\t\t<a class=\"resource__prompt\" target=\"\" href=\"\/request-for-variance\/\">View Page<span class=\"sr-only\">: Variaci\u00f3n paisaj\u00edstica<\/span><\/a>\n\t\t\t\t\t<\/div>\n\t\t\t\t<\/div>\n\t\t\t\t\t\t\t<\/li>\n\t\t\n\t\t\t<li class=\"resource\">\n\t\t\t\t<div class=\"resource__wrapper\">\n\t\t\t\t\t\t\t\t\t\t\t<i class=\"resource__icon icon icon-document\"><\/i>\n\t\t\t\t\t\t\t\t\t\t<div class=\"resource__content\">\n\t\t\t\t\t\t<p class=\"resource__title\">Solicitud de Variaci\u00f3n de Riego o Lavado a Presi\u00f3n<\/p>\n\t\t\t\t\t\t\t\t\t\t\t\t<a class=\"resource__prompt\" target=\"\" href=\"\/request-for-variance\/\">View Page<span class=\"sr-only\">: Solicitud de Variaci\u00f3n de Riego o Lavado a Presi\u00f3n<\/span><\/a>\n\t\t\t\t\t<\/div>\n\t\t\t\t<\/div>\n\t\t\t\t\t\t\t<\/li>\n\t\t\n\t\t\t<li class=\"resource\">\n\t\t\t\t<div class=\"resource__wrapper\">\n\t\t\t\t\t\t\t\t\t\t\t<i class=\"resource__icon icon icon-pdf\"><\/i>\n\t\t\t\t\t\t\t\t\t\t<div class=\"resource__content\">\n\t\t\t\t\t\t<p class=\"resource__title\">Plan de Conservaci\u00f3n y Gesti\u00f3n de la Sequ\u00eda<\/p>\n\t\t\t\t\t\t\t\t\t\t\t\t<a class=\"resource__prompt\" target=\"_blank\" href=\"https:\/\/www.nbutexas.com\/wp-content\/uploads\/2020\/03\/Drought_Ordinance_02_28_2019-1.pdf\">View PDF<span class=\"sr-only\">: Plan de Conservaci\u00f3n y Gesti\u00f3n de la Sequ\u00eda<\/span><\/a>\n\t\t\t\t\t<\/div>\n\t\t\t\t<\/div>\n\t\t\t\t\t\t\t<\/li>\n\t\t\n\t\t\t<li class=\"resource\">\n\t\t\t\t<div class=\"resource__wrapper\">\n\t\t\t\t\t\t\t\t\t\t\t<i class=\"resource__icon icon icon-document\"><\/i>\n\t\t\t\t\t\t\t\t\t\t<div class=\"resource__content\">\n\t\t\t\t\t\t<p class=\"resource__title\">Datos sobre el agua dura<\/p>\n\t\t\t\t\t\t\t\t\t\t\t\t<a class=\"resource__prompt\" target=\"\" href=\"\/hard-water-facts\/\">View Page<span class=\"sr-only\">: Datos sobre el agua dura<\/span><\/a>\n\t\t\t\t\t<\/div>\n\t\t\t\t<\/div>\n\t\t\t\t\t\t\t<\/li>\n\t\t\t\t<\/ul>\n\t<\/div>\n\t<div class=\"resources\">\n\t\t\t\t<div class=\"resources__title\">Recursos de Climatizaci\u00f3n<\/div>\n\t\t\t\t<ul class=\"resources__resources\">\n\t\t\n\t\t\t<li class=\"resource\">\n\t\t\t\t<div class=\"resource__wrapper\">\n\t\t\t\t\t\t\t\t\t\t\t<i class=\"resource__icon icon icon-video\"><\/i>\n\t\t\t\t\t\t\t\t\t\t<div class=\"resource__content\">\n\t\t\t\t\t\t<p class=\"resource__title\">C\u00f3mo instalar una tapa aislante para grifos<\/p>\n\t\t\t\t\t\t\t\t\t\t\t\t<a class=\"resource__prompt js-modal\" target=\"\" href=\"#\" aria-label=\"Open modal with video 'C\u00f3mo instalar una tapa aislante para grifos'.\" data-modal-content-id=\"resource-modal-69f29d5eca29e\" data-modal-prefix-class=\"mg-mod\" data-modal-close-text=\"Close modal\" data-modal-close-title=\"Close modal\" data-modal-focus-id=\"js-modal-close\">Watch Video<span class=\"sr-only\">: C\u00f3mo instalar una tapa aislante para grifos<\/span><\/a>\n\t\t\t\t\t<\/div>\n\t\t\t\t<\/div>\n\t\t\t\t\t\t\t\t\t<div id=\"resource-modal-69f29d5eca29e\" class=\"modal modal--video\" style=\"display: none;\">\n\t\t\t\t\t\t<div class=\"embed embed--16by9\">\n\t\t\t\t\t\t\t<iframe loading=\"lazy\" title=\"How to Install an Insulated Faucet Cover\" width=\"500\" height=\"281\" src=\"https:\/\/www.youtube.com\/embed\/E7sHzCvcwk8?feature=oembed\" frameborder=\"0\" allow=\"accelerometer; autoplay; clipboard-write; encrypted-media; gyroscope; picture-in-picture; web-share\" referrerpolicy=\"strict-origin-when-cross-origin\" allowfullscreen><\/iframe>\t\t\t\t\t\t<\/div>\n\t\t\t\t\t<\/div>\n\t\t\t\t\t\t\t<\/li>\n\t\t\n\t\t\t<li class=\"resource\">\n\t\t\t\t<div class=\"resource__wrapper\">\n\t\t\t\t\t\t\t\t\t\t\t<i class=\"resource__icon icon icon-video\"><\/i>\n\t\t\t\t\t\t\t\t\t\t<div class=\"resource__content\">\n\t\t\t\t\t\t<p class=\"resource__title\">C\u00f3mo acondicionar tus tuber\u00edas para el invierno<\/p>\n\t\t\t\t\t\t\t\t\t\t\t\t<a class=\"resource__prompt js-modal\" target=\"\" href=\"#\" aria-label=\"Open modal with video 'C\u00f3mo acondicionar tus tuber\u00edas para el invierno'.\" data-modal-content-id=\"resource-modal-69f29d5ed8bbf\" data-modal-prefix-class=\"mg-mod\" data-modal-close-text=\"Close modal\" data-modal-close-title=\"Close modal\" data-modal-focus-id=\"js-modal-close\">Watch Video<span class=\"sr-only\">: C\u00f3mo acondicionar tus tuber\u00edas para el invierno<\/span><\/a>\n\t\t\t\t\t<\/div>\n\t\t\t\t<\/div>\n\t\t\t\t\t\t\t\t\t<div id=\"resource-modal-69f29d5ed8bbf\" class=\"modal modal--video\" style=\"display: none;\">\n\t\t\t\t\t\t<div class=\"embed embed--16by9\">\n\t\t\t\t\t\t\t<iframe loading=\"lazy\" title=\"Plumbing Tips\" width=\"500\" height=\"281\" src=\"https:\/\/www.youtube.com\/embed\/qOEfjAdNOIM?feature=oembed\" frameborder=\"0\" allow=\"accelerometer; autoplay; clipboard-write; encrypted-media; gyroscope; picture-in-picture; web-share\" referrerpolicy=\"strict-origin-when-cross-origin\" allowfullscreen><\/iframe>\t\t\t\t\t\t<\/div>\n\t\t\t\t\t<\/div>\n\t\t\t\t\t\t\t<\/li>\n\t\t\t\t<\/ul>\n\t<\/div>\n","protected":false},"excerpt":{"rendered":"<p>Una familia media puede perder 180 galones a la semana o 9.400 galones de agua al a\u00f1o por fugas dom\u00e9sticas.\u2026<\/p>\n","protected":false},"author":1,"featured_media":0,"parent":0,"menu_order":0,"comment_status":"closed","ping_status":"closed","template":"","meta":{"_acf_changed":false,"footnotes":""},"class_list":["post-29414","page","type-page","status-publish","hentry"],"acf":[],"yoast_head":"<!-- This site is optimized with the Yoast SEO plugin v27.5 - https:\/\/yoast.com\/product\/yoast-seo-wordpress\/ -->\n<title>Conservaci\u00f3n del riego y recursos - New Braunfels Utilities Website<\/title>\n<meta name=\"robots\" content=\"index, follow, max-snippet:-1, max-image-preview:large, max-video-preview:-1\" \/>\n<link rel=\"canonical\" href=\"https:\/\/www.nbutexas.com\/es\/conservacion-del-riego-y-recursos\/\" \/>\n<meta property=\"og:locale\" content=\"es_ES\" \/>\n<meta property=\"og:type\" content=\"article\" \/>\n<meta property=\"og:title\" content=\"Conservaci\u00f3n del riego y recursos - New Braunfels Utilities Website\" \/>\n<meta property=\"og:description\" content=\"Una familia media puede perder 180 galones a la semana o 9.400 galones de agua al a\u00f1o por fugas dom\u00e9sticas.\u2026\" \/>\n<meta property=\"og:url\" content=\"https:\/\/www.nbutexas.com\/es\/conservacion-del-riego-y-recursos\/\" \/>\n<meta property=\"og:site_name\" content=\"New Braunfels Utilities Website\" \/>\n<meta property=\"article:modified_time\" content=\"2025-05-29T17:25:13+00:00\" \/>\n<meta name=\"twitter:card\" content=\"summary_large_image\" \/>\n<script type=\"application\/ld+json\" class=\"yoast-schema-graph\">{\"@context\":\"https:\\\/\\\/schema.org\",\"@graph\":[{\"@type\":\"WebPage\",\"@id\":\"https:\\\/\\\/www.nbutexas.com\\\/es\\\/conservacion-del-riego-y-recursos\\\/\",\"url\":\"https:\\\/\\\/www.nbutexas.com\\\/es\\\/conservacion-del-riego-y-recursos\\\/\",\"name\":\"Conservaci\u00f3n del riego y recursos - New Braunfels Utilities Website\",\"isPartOf\":{\"@id\":\"https:\\\/\\\/www.nbutexas.com\\\/es\\\/#website\"},\"datePublished\":\"2020-03-10T18:21:18+00:00\",\"dateModified\":\"2025-05-29T17:25:13+00:00\",\"breadcrumb\":{\"@id\":\"https:\\\/\\\/www.nbutexas.com\\\/es\\\/conservacion-del-riego-y-recursos\\\/#breadcrumb\"},\"inLanguage\":\"es-ES\",\"potentialAction\":[{\"@type\":\"ReadAction\",\"target\":[\"https:\\\/\\\/www.nbutexas.com\\\/es\\\/conservacion-del-riego-y-recursos\\\/\"]}]},{\"@type\":\"BreadcrumbList\",\"@id\":\"https:\\\/\\\/www.nbutexas.com\\\/es\\\/conservacion-del-riego-y-recursos\\\/#breadcrumb\",\"itemListElement\":[{\"@type\":\"ListItem\",\"position\":1,\"name\":\"Home\",\"item\":\"https:\\\/\\\/www.nbutexas.com\\\/es\\\/servicio-residencial-y-comercial\\\/\"},{\"@type\":\"ListItem\",\"position\":2,\"name\":\"Conservaci\u00f3n del riego y recursos\"}]},{\"@type\":\"WebSite\",\"@id\":\"https:\\\/\\\/www.nbutexas.com\\\/es\\\/#website\",\"url\":\"https:\\\/\\\/www.nbutexas.com\\\/es\\\/\",\"name\":\"New Braunfels Utilities Website\",\"description\":\"Your Utility&#039;s Site\",\"potentialAction\":[{\"@type\":\"SearchAction\",\"target\":{\"@type\":\"EntryPoint\",\"urlTemplate\":\"https:\\\/\\\/www.nbutexas.com\\\/es\\\/?s={search_term_string}\"},\"query-input\":{\"@type\":\"PropertyValueSpecification\",\"valueRequired\":true,\"valueName\":\"search_term_string\"}}],\"inLanguage\":\"es-ES\"}]}<\/script>\n<!-- \/ Yoast SEO plugin. -->","yoast_head_json":{"title":"Conservaci\u00f3n del riego y recursos - New Braunfels Utilities Website","robots":{"index":"index","follow":"follow","max-snippet":"max-snippet:-1","max-image-preview":"max-image-preview:large","max-video-preview":"max-video-preview:-1"},"canonical":"https:\/\/www.nbutexas.com\/es\/conservacion-del-riego-y-recursos\/","og_locale":"es_ES","og_type":"article","og_title":"Conservaci\u00f3n del riego y recursos - New Braunfels Utilities Website","og_description":"Una familia media puede perder 180 galones a la semana o 9.400 galones de agua al a\u00f1o por fugas dom\u00e9sticas.\u2026","og_url":"https:\/\/www.nbutexas.com\/es\/conservacion-del-riego-y-recursos\/","og_site_name":"New Braunfels Utilities Website","article_modified_time":"2025-05-29T17:25:13+00:00","twitter_card":"summary_large_image","schema":{"@context":"https:\/\/schema.org","@graph":[{"@type":"WebPage","@id":"https:\/\/www.nbutexas.com\/es\/conservacion-del-riego-y-recursos\/","url":"https:\/\/www.nbutexas.com\/es\/conservacion-del-riego-y-recursos\/","name":"Conservaci\u00f3n del riego y recursos - New Braunfels Utilities Website","isPartOf":{"@id":"https:\/\/www.nbutexas.com\/es\/#website"},"datePublished":"2020-03-10T18:21:18+00:00","dateModified":"2025-05-29T17:25:13+00:00","breadcrumb":{"@id":"https:\/\/www.nbutexas.com\/es\/conservacion-del-riego-y-recursos\/#breadcrumb"},"inLanguage":"es-ES","potentialAction":[{"@type":"ReadAction","target":["https:\/\/www.nbutexas.com\/es\/conservacion-del-riego-y-recursos\/"]}]},{"@type":"BreadcrumbList","@id":"https:\/\/www.nbutexas.com\/es\/conservacion-del-riego-y-recursos\/#breadcrumb","itemListElement":[{"@type":"ListItem","position":1,"name":"Home","item":"https:\/\/www.nbutexas.com\/es\/servicio-residencial-y-comercial\/"},{"@type":"ListItem","position":2,"name":"Conservaci\u00f3n del riego y recursos"}]},{"@type":"WebSite","@id":"https:\/\/www.nbutexas.com\/es\/#website","url":"https:\/\/www.nbutexas.com\/es\/","name":"New Braunfels Utilities Website","description":"Your Utility&#039;s Site","potentialAction":[{"@type":"SearchAction","target":{"@type":"EntryPoint","urlTemplate":"https:\/\/www.nbutexas.com\/es\/?s={search_term_string}"},"query-input":{"@type":"PropertyValueSpecification","valueRequired":true,"valueName":"search_term_string"}}],"inLanguage":"es-ES"}]}},"_links":{"self":[{"href":"https:\/\/www.nbutexas.com\/es\/wp-json\/wp\/v2\/pages\/29414","targetHints":{"allow":["GET"]}}],"collection":[{"href":"https:\/\/www.nbutexas.com\/es\/wp-json\/wp\/v2\/pages"}],"about":[{"href":"https:\/\/www.nbutexas.com\/es\/wp-json\/wp\/v2\/types\/page"}],"author":[{"embeddable":true,"href":"https:\/\/www.nbutexas.com\/es\/wp-json\/wp\/v2\/users\/1"}],"replies":[{"embeddable":true,"href":"https:\/\/www.nbutexas.com\/es\/wp-json\/wp\/v2\/comments?post=29414"}],"version-history":[{"count":1,"href":"https:\/\/www.nbutexas.com\/es\/wp-json\/wp\/v2\/pages\/29414\/revisions"}],"predecessor-version":[{"id":29415,"href":"https:\/\/www.nbutexas.com\/es\/wp-json\/wp\/v2\/pages\/29414\/revisions\/29415"}],"wp:attachment":[{"href":"https:\/\/www.nbutexas.com\/es\/wp-json\/wp\/v2\/media?parent=29414"}],"curies":[{"name":"wp","href":"https:\/\/api.w.org\/{rel}","templated":true}]}}