{"id":29420,"date":"2020-03-10T13:22:32","date_gmt":"2020-03-10T18:22:32","guid":{"rendered":"https:\/\/www.nbutexas.com\/conservacion-en-tiempo-caluroso\/"},"modified":"2025-05-29T12:26:08","modified_gmt":"2025-05-29T17:26:08","slug":"conservacion-en-tiempo-caluroso","status":"publish","type":"page","link":"https:\/\/www.nbutexas.com\/es\/conservacion-en-tiempo-caluroso\/","title":{"rendered":"Conservaci\u00f3n en tiempo caluroso"},"content":{"rendered":"\n<h2 class=\"wp-block-heading\">Con la llegada de temperaturas m\u00e1s c\u00e1lidas, utiliza los recursos que se indican a continuaci\u00f3n para ayudarte a reducir el consumo de energ\u00eda y disminuir los costes de tu factura de servicios p\u00fablicos.<\/h2>\n\n<hr class=\"wp-block-separator has-css-opacity is-style-wide\"\/>\n\n<p><\/p>\n\n<h3 class=\"wp-block-heading\">T\u00e9cnicas de conservaci\u00f3n de la energ\u00eda<\/h3>\n<div class=\"wp-block-image is-style-default\">\n<figure class=\"alignleft size-large is-resized\"><img loading=\"lazy\" decoding=\"async\" width=\"102\" height=\"110\" src=\"https:\/\/www.nbutexas.com\/wp-content\/uploads\/2021\/05\/Annotation-2021-05-12-145033.png\" alt=\"\" class=\"wp-image-7532\" style=\"width:91px;height:98px\" \/><\/figure>\n<\/div>\n<p><strong>Ajusta el termostato<\/strong> <strong><a href=\"https:\/\/forms.nbutexas.com\/Forms\/rebate-smart-thermostat-application\" target=\"_blank\" rel=\"noreferrer noopener\">Reembolso disponible<\/a><\/strong><\/p>\n\n<p>&#8211; Para conseguir el m\u00e1ximo confort y eficiencia energ\u00e9tica en tu casa, ajusta el termostato de verano a 78 grados.<\/p>\n\n<p class=\"has-text-align-center\">&#8211; Ahorra energ\u00eda mientras est\u00e1s fuera instalando un termostato inteligente. Algunos termostatos nuevos tambi\u00e9n tienen Wi-Fi y se pueden controlar desde tus dispositivos m\u00f3viles. <\/p>\n<div class=\"wp-block-image is-style-default\">\n<figure class=\"alignleft size-large is-resized\"><img loading=\"lazy\" decoding=\"async\" width=\"102\" height=\"113\" src=\"https:\/\/www.nbutexas.com\/wp-content\/uploads\/2021\/05\/Washer.png\" alt=\"\" class=\"wp-image-7535\" style=\"width:106px;height:117px\" \/><\/figure>\n<\/div>\n<p><strong>Lavadora\/secadora<\/strong> <strong><a href=\"https:\/\/forms.nbutexas.com\/Forms\/rebate-ultra-high-efficiency-washing-application\" target=\"_blank\" rel=\"noreferrer noopener\">Reembolso disponible<\/a><\/strong><\/p>\n\n<p class=\"has-text-align-center\">&#8211; Secar la ropa en la cuerda te ayudar\u00e1 a aumentar la eficiencia energ\u00e9tica y a incrementar el nivel de confort de tu hogar al no tener el calor extra de la secadora calentando la casa.<\/p>\n\n<p><\/p>\n\n<p><\/p>\n<div class=\"wp-block-image is-style-default\">\n<figure class=\"alignleft size-large\"><img loading=\"lazy\" decoding=\"async\" width=\"113\" height=\"101\" src=\"https:\/\/www.nbutexas.com\/wp-content\/uploads\/2021\/05\/Locate-2.png\" alt=\"\" class=\"wp-image-7540\" \/><\/figure>\n<\/div>\n<p><strong>Localizar y eliminar fugas<\/strong><\/p>\n\n<p>&#8211; El aire fr\u00edo o caliente puede escaparse de tu casa por huecos o agujeros. Localiza las fugas y s\u00e9llalas. <\/p>\n\n<p>&#8211; La masilla o los burletes sellar\u00e1n los huecos de puertas y ventanas.<\/p>\n\n<p><\/p>\n<div class=\"wp-block-image is-style-default\">\n<figure class=\"alignleft size-large\"><img loading=\"lazy\" decoding=\"async\" width=\"120\" height=\"135\" src=\"https:\/\/www.nbutexas.com\/wp-content\/uploads\/2021\/05\/Lightbulb.png\" alt=\"\" class=\"wp-image-7541\" \/><\/figure>\n<\/div>\n<p><strong>Luces<\/strong><\/p>\n\n<p>&#8211; Aumenta el nivel de confort de tu casa encendiendo s\u00f3lo las luces que necesites, sobre todo a \u00faltima hora de la tarde, para ahorrar energ\u00eda en las horas m\u00e1s calurosas del d\u00eda.<\/p>\n\n<p>&#8211; Cambiar a luces LED en casa puede ahorrar energ\u00eda, no s\u00f3lo porque consumen menos electricidad que las bombillas tradicionales, \u00a1sino porque tambi\u00e9n producen menos calor!<\/p>\n\n<p><\/p>\n<div class=\"wp-block-image is-style-default\">\n<figure class=\"alignleft size-large is-resized\"><img loading=\"lazy\" decoding=\"async\" width=\"112\" height=\"219\" src=\"https:\/\/www.nbutexas.com\/wp-content\/uploads\/2021\/05\/Adjust-5.png\" alt=\"\" class=\"wp-image-7552\" style=\"width:109px;height:213px\" \/><\/figure>\n<\/div>\n<p class=\"has-text-align-left\"><strong>Ajusta tu calentador de agua<\/strong><\/p>\n\n<p>&#8211; Maximiza la eficiencia energ\u00e9tica de tu calentador de agua ajust\u00e1ndolo a 120 grados e instala<br\/>una manta para calentador de agua.<\/p>\n\n<p class=\"has-text-align-center\">&#8211; Prolonga la vida de tus inversiones dom\u00e9sticas reduciendo el ajuste de temperatura de tu calentador de agua a 120 grados.<\/p>\n\n<p class=\"has-text-align-left\">&#8211; Instala un temporizador del calentador de agua en funci\u00f3n de tus horarios para reducir el consumo de energ\u00eda, evitando que caliente agua cuando no se utiliza.<\/p>\n\n<p><\/p>\n<div class=\"wp-block-image is-style-default\">\n<figure class=\"alignleft size-large\"><img loading=\"lazy\" decoding=\"async\" width=\"103\" height=\"102\" src=\"https:\/\/www.nbutexas.com\/wp-content\/uploads\/2021\/05\/oven-2.png\" alt=\"\" class=\"wp-image-7550\" \/><\/figure>\n<\/div>\n<p><strong>Hornos<\/strong><\/p>\n\n<p>&#8211; Para conservar energ\u00eda, prepara platos fr\u00edos refrescantes, como ensaladas y s\u00e1ndwiches.<\/p>\n\n<p>&#8211; \u00a1Esta noche no hace falta calentar el horno! Mant\u00e9n el calor bajo y ahorra tiempo: \u00a1utiliza el microondas para calentar esas sobras! <\/p>\n<div class=\"wp-block-image is-style-default\">\n<figure class=\"alignleft size-large\"><img loading=\"lazy\" decoding=\"async\" width=\"108\" height=\"84\" src=\"https:\/\/www.nbutexas.com\/wp-content\/uploads\/2021\/05\/AC-Heating.png\" alt=\"\" class=\"wp-image-7553\" \/><\/figure>\n<\/div>\n<p><strong>Sistema de aire acondicionado\/calefacci\u00f3n<\/strong> <strong><a href=\"https:\/\/forms.nbutexas.com\/Forms\/rebate-air-conditioner-and-heat-pump-application\" target=\"_blank\" rel=\"noreferrer noopener\">Reembolso disponible<\/a><\/strong><\/p>\n\n<p>&#8211; Sustituye los filtros una vez al mes, o m\u00e1s a menudo si se ensucian.<\/p>\n\n<p><\/p>\n<div class=\"wp-block-image is-style-default\">\n<figure class=\"alignleft size-large\"><img loading=\"lazy\" decoding=\"async\" width=\"108\" height=\"153\" src=\"https:\/\/www.nbutexas.com\/wp-content\/uploads\/2021\/05\/fan-1.png\" alt=\"\" class=\"wp-image-7555\" \/><\/figure>\n<\/div>\n<p><strong>General<\/strong><\/p>\n\n<p>&#8211; Una de las formas m\u00e1s f\u00e1ciles de reducir el consumo de energ\u00eda en una tarde calurosa es simplemente salir de casa. Prueba un restaurante nuevo, lee un libro en la biblioteca o disfruta de un rato al aire libre. <\/p>\n\n<hr class=\"wp-block-separator has-css-opacity is-style-wide\"\/>\n\t<div class=\"resources\">\n\t\t\t\t<div class=\"resources__title\">Recursos de conservaci\u00f3n<\/div>\n\t\t\t\t<ul class=\"resources__resources\">\n\t\t\n\t\t\t<li class=\"resource\">\n\t\t\t\t<div class=\"resource__wrapper\">\n\t\t\t\t\t\t\t\t\t\t\t<i class=\"resource__icon icon icon-document\"><\/i>\n\t\t\t\t\t\t\t\t\t\t<div class=\"resource__content\">\n\t\t\t\t\t\t<p class=\"resource__title\">Evaluaci\u00f3n Energ\u00e9tica Online<\/p>\n\t\t\t\t\t\t\t\t\t\t\t\t<a class=\"resource__prompt\" target=\"\" href=\"\/online-energy-assessment\/\">View Page<span class=\"sr-only\">: Evaluaci\u00f3n Energ\u00e9tica Online<\/span><\/a>\n\t\t\t\t\t<\/div>\n\t\t\t\t<\/div>\n\t\t\t\t\t\t\t<\/li>\n\t\t\n\t\t\t<li class=\"resource\">\n\t\t\t\t<div class=\"resource__wrapper\">\n\t\t\t\t\t\t\t\t\t\t\t<i class=\"resource__icon icon icon-document\"><\/i>\n\t\t\t\t\t\t\t\t\t\t<div class=\"resource__content\">\n\t\t\t\t\t\t<p class=\"resource__title\">Programar una evaluaci\u00f3n<\/p>\n\t\t\t\t\t\t\t\t\t\t\t\t<a class=\"resource__prompt\" target=\"\" href=\"https:\/\/www.nbutexas.com\/assessment\/\">View Page<span class=\"sr-only\">: Programar una evaluaci\u00f3n<\/span><\/a>\n\t\t\t\t\t<\/div>\n\t\t\t\t<\/div>\n\t\t\t\t\t\t\t<\/li>\n\t\t\n\t\t\t<li class=\"resource\">\n\t\t\t\t<div class=\"resource__wrapper\">\n\t\t\t\t\t\t\t\t\t\t\t<i class=\"resource__icon icon icon-document\"><\/i>\n\t\t\t\t\t\t\t\t\t\t<div class=\"resource__content\">\n\t\t\t\t\t\t<p class=\"resource__title\">Formas de ahorrar energ\u00eda<\/p>\n\t\t\t\t\t\t\t\t\t\t\t\t<a class=\"resource__prompt\" target=\"\" href=\"\/ways-to-save-energy\/\">View Page<span class=\"sr-only\">: Formas de ahorrar energ\u00eda<\/span><\/a>\n\t\t\t\t\t<\/div>\n\t\t\t\t<\/div>\n\t\t\t\t\t\t\t<\/li>\n\t\t\n\t\t\t<li class=\"resource\">\n\t\t\t\t<div class=\"resource__wrapper\">\n\t\t\t\t\t\t\t\t\t\t\t<i class=\"resource__icon icon icon-document\"><\/i>\n\t\t\t\t\t\t\t\t\t\t<div class=\"resource__content\">\n\t\t\t\t\t\t<p class=\"resource__title\">Contadores inteligentes NBU<\/p>\n\t\t\t\t\t\t\t\t\t\t\t\t<a class=\"resource__prompt\" target=\"\" href=\"\/nbu-smart\/\">View Page<span class=\"sr-only\">: Contadores inteligentes NBU<\/span><\/a>\n\t\t\t\t\t<\/div>\n\t\t\t\t<\/div>\n\t\t\t\t\t\t\t<\/li>\n\t\t\t\t<\/ul>\n\t<\/div>\n<div class=\"callout-icon\">\n\t<i class=\"callout-icon__icon callout-icon__icon--orange icon icon-customerservice\"><\/i>\n\t<div class=\"callout-icon__copy\">\n\t\t\t\t<div class=\"callout-icon__headline\"> \u00bfNecesitas m\u00e1s informaci\u00f3n? <\/div>\n\t\t\n\t\t\t\t<div class=\"callout-icon__text wysiwyg\"><p>Ponte en contacto con nuestro equipo de Conservaci\u00f3n y Soluciones al Cliente en <a href=\"tel:+830.608.8925\">el 830.608.8925<\/a> o en <a href=\"mailto:conservation@nbutexas.com\">conservation@nbutexas.com.<\/a><\/p>\n<\/div>\n\t\t\n\t\t\t<\/div>\n<\/div>\n","protected":false},"excerpt":{"rendered":"<p>Con la llegada de temperaturas m\u00e1s c\u00e1lidas, utiliza los recursos que se indican a continuaci\u00f3n para ayudarte a reducir el\u2026<\/p>\n","protected":false},"author":1,"featured_media":0,"parent":0,"menu_order":0,"comment_status":"closed","ping_status":"closed","template":"","meta":{"_acf_changed":false,"footnotes":""},"class_list":["post-29420","page","type-page","status-publish","hentry"],"acf":[],"yoast_head":"<!-- This site is optimized with the Yoast SEO plugin v27.5 - https:\/\/yoast.com\/product\/yoast-seo-wordpress\/ -->\n<title>Conservaci\u00f3n en tiempo caluroso - New Braunfels Utilities Website<\/title>\n<meta name=\"robots\" content=\"index, follow, max-snippet:-1, max-image-preview:large, max-video-preview:-1\" \/>\n<link rel=\"canonical\" href=\"https:\/\/www.nbutexas.com\/es\/conservacion-en-tiempo-caluroso\/\" \/>\n<meta property=\"og:locale\" content=\"es_ES\" \/>\n<meta property=\"og:type\" content=\"article\" \/>\n<meta property=\"og:title\" content=\"Conservaci\u00f3n en tiempo caluroso - New Braunfels Utilities Website\" \/>\n<meta property=\"og:description\" content=\"Con la llegada de temperaturas m\u00e1s c\u00e1lidas, utiliza los recursos que se indican a continuaci\u00f3n para ayudarte a reducir el\u2026\" \/>\n<meta property=\"og:url\" content=\"https:\/\/www.nbutexas.com\/es\/conservacion-en-tiempo-caluroso\/\" \/>\n<meta property=\"og:site_name\" content=\"New Braunfels Utilities Website\" \/>\n<meta property=\"article:modified_time\" content=\"2025-05-29T17:26:08+00:00\" \/>\n<meta property=\"og:image\" content=\"https:\/\/www.nbutexas.com\/wp-content\/uploads\/2021\/05\/Annotation-2021-05-12-145033.png\" \/>\n\t<meta property=\"og:image:width\" content=\"102\" \/>\n\t<meta property=\"og:image:height\" content=\"110\" \/>\n\t<meta property=\"og:image:type\" content=\"image\/png\" \/>\n<meta name=\"twitter:card\" content=\"summary_large_image\" \/>\n<meta name=\"twitter:label1\" content=\"Est. reading time\" \/>\n\t<meta name=\"twitter:data1\" content=\"2 minutes\" \/>\n<script type=\"application\/ld+json\" class=\"yoast-schema-graph\">{\"@context\":\"https:\\\/\\\/schema.org\",\"@graph\":[{\"@type\":\"WebPage\",\"@id\":\"https:\\\/\\\/www.nbutexas.com\\\/es\\\/conservacion-en-tiempo-caluroso\\\/\",\"url\":\"https:\\\/\\\/www.nbutexas.com\\\/es\\\/conservacion-en-tiempo-caluroso\\\/\",\"name\":\"Conservaci\u00f3n en tiempo caluroso - New Braunfels Utilities Website\",\"isPartOf\":{\"@id\":\"https:\\\/\\\/www.nbutexas.com\\\/es\\\/#website\"},\"primaryImageOfPage\":{\"@id\":\"https:\\\/\\\/www.nbutexas.com\\\/es\\\/conservacion-en-tiempo-caluroso\\\/#primaryimage\"},\"image\":{\"@id\":\"https:\\\/\\\/www.nbutexas.com\\\/es\\\/conservacion-en-tiempo-caluroso\\\/#primaryimage\"},\"thumbnailUrl\":\"https:\\\/\\\/www.nbutexas.com\\\/wp-content\\\/uploads\\\/2021\\\/05\\\/Annotation-2021-05-12-145033.png\",\"datePublished\":\"2020-03-10T18:22:32+00:00\",\"dateModified\":\"2025-05-29T17:26:08+00:00\",\"breadcrumb\":{\"@id\":\"https:\\\/\\\/www.nbutexas.com\\\/es\\\/conservacion-en-tiempo-caluroso\\\/#breadcrumb\"},\"inLanguage\":\"es-ES\",\"potentialAction\":[{\"@type\":\"ReadAction\",\"target\":[\"https:\\\/\\\/www.nbutexas.com\\\/es\\\/conservacion-en-tiempo-caluroso\\\/\"]}]},{\"@type\":\"ImageObject\",\"inLanguage\":\"es-ES\",\"@id\":\"https:\\\/\\\/www.nbutexas.com\\\/es\\\/conservacion-en-tiempo-caluroso\\\/#primaryimage\",\"url\":\"https:\\\/\\\/www.nbutexas.com\\\/wp-content\\\/uploads\\\/2021\\\/05\\\/Annotation-2021-05-12-145033.png\",\"contentUrl\":\"https:\\\/\\\/www.nbutexas.com\\\/wp-content\\\/uploads\\\/2021\\\/05\\\/Annotation-2021-05-12-145033.png\"},{\"@type\":\"BreadcrumbList\",\"@id\":\"https:\\\/\\\/www.nbutexas.com\\\/es\\\/conservacion-en-tiempo-caluroso\\\/#breadcrumb\",\"itemListElement\":[{\"@type\":\"ListItem\",\"position\":1,\"name\":\"Home\",\"item\":\"https:\\\/\\\/www.nbutexas.com\\\/es\\\/servicio-residencial-y-comercial\\\/\"},{\"@type\":\"ListItem\",\"position\":2,\"name\":\"Conservaci\u00f3n en tiempo caluroso\"}]},{\"@type\":\"WebSite\",\"@id\":\"https:\\\/\\\/www.nbutexas.com\\\/es\\\/#website\",\"url\":\"https:\\\/\\\/www.nbutexas.com\\\/es\\\/\",\"name\":\"New Braunfels Utilities Website\",\"description\":\"Your Utility&#039;s Site\",\"potentialAction\":[{\"@type\":\"SearchAction\",\"target\":{\"@type\":\"EntryPoint\",\"urlTemplate\":\"https:\\\/\\\/www.nbutexas.com\\\/es\\\/?s={search_term_string}\"},\"query-input\":{\"@type\":\"PropertyValueSpecification\",\"valueRequired\":true,\"valueName\":\"search_term_string\"}}],\"inLanguage\":\"es-ES\"}]}<\/script>\n<!-- \/ Yoast SEO plugin. -->","yoast_head_json":{"title":"Conservaci\u00f3n en tiempo caluroso - New Braunfels Utilities Website","robots":{"index":"index","follow":"follow","max-snippet":"max-snippet:-1","max-image-preview":"max-image-preview:large","max-video-preview":"max-video-preview:-1"},"canonical":"https:\/\/www.nbutexas.com\/es\/conservacion-en-tiempo-caluroso\/","og_locale":"es_ES","og_type":"article","og_title":"Conservaci\u00f3n en tiempo caluroso - New Braunfels Utilities Website","og_description":"Con la llegada de temperaturas m\u00e1s c\u00e1lidas, utiliza los recursos que se indican a continuaci\u00f3n para ayudarte a reducir el\u2026","og_url":"https:\/\/www.nbutexas.com\/es\/conservacion-en-tiempo-caluroso\/","og_site_name":"New Braunfels Utilities Website","article_modified_time":"2025-05-29T17:26:08+00:00","og_image":[{"width":102,"height":110,"url":"https:\/\/www.nbutexas.com\/wp-content\/uploads\/2021\/05\/Annotation-2021-05-12-145033.png","type":"image\/png"}],"twitter_card":"summary_large_image","twitter_misc":{"Est. reading time":"2 minutes"},"schema":{"@context":"https:\/\/schema.org","@graph":[{"@type":"WebPage","@id":"https:\/\/www.nbutexas.com\/es\/conservacion-en-tiempo-caluroso\/","url":"https:\/\/www.nbutexas.com\/es\/conservacion-en-tiempo-caluroso\/","name":"Conservaci\u00f3n en tiempo caluroso - New Braunfels Utilities Website","isPartOf":{"@id":"https:\/\/www.nbutexas.com\/es\/#website"},"primaryImageOfPage":{"@id":"https:\/\/www.nbutexas.com\/es\/conservacion-en-tiempo-caluroso\/#primaryimage"},"image":{"@id":"https:\/\/www.nbutexas.com\/es\/conservacion-en-tiempo-caluroso\/#primaryimage"},"thumbnailUrl":"https:\/\/www.nbutexas.com\/wp-content\/uploads\/2021\/05\/Annotation-2021-05-12-145033.png","datePublished":"2020-03-10T18:22:32+00:00","dateModified":"2025-05-29T17:26:08+00:00","breadcrumb":{"@id":"https:\/\/www.nbutexas.com\/es\/conservacion-en-tiempo-caluroso\/#breadcrumb"},"inLanguage":"es-ES","potentialAction":[{"@type":"ReadAction","target":["https:\/\/www.nbutexas.com\/es\/conservacion-en-tiempo-caluroso\/"]}]},{"@type":"ImageObject","inLanguage":"es-ES","@id":"https:\/\/www.nbutexas.com\/es\/conservacion-en-tiempo-caluroso\/#primaryimage","url":"https:\/\/www.nbutexas.com\/wp-content\/uploads\/2021\/05\/Annotation-2021-05-12-145033.png","contentUrl":"https:\/\/www.nbutexas.com\/wp-content\/uploads\/2021\/05\/Annotation-2021-05-12-145033.png"},{"@type":"BreadcrumbList","@id":"https:\/\/www.nbutexas.com\/es\/conservacion-en-tiempo-caluroso\/#breadcrumb","itemListElement":[{"@type":"ListItem","position":1,"name":"Home","item":"https:\/\/www.nbutexas.com\/es\/servicio-residencial-y-comercial\/"},{"@type":"ListItem","position":2,"name":"Conservaci\u00f3n en tiempo caluroso"}]},{"@type":"WebSite","@id":"https:\/\/www.nbutexas.com\/es\/#website","url":"https:\/\/www.nbutexas.com\/es\/","name":"New Braunfels Utilities Website","description":"Your Utility&#039;s Site","potentialAction":[{"@type":"SearchAction","target":{"@type":"EntryPoint","urlTemplate":"https:\/\/www.nbutexas.com\/es\/?s={search_term_string}"},"query-input":{"@type":"PropertyValueSpecification","valueRequired":true,"valueName":"search_term_string"}}],"inLanguage":"es-ES"}]}},"_links":{"self":[{"href":"https:\/\/www.nbutexas.com\/es\/wp-json\/wp\/v2\/pages\/29420","targetHints":{"allow":["GET"]}}],"collection":[{"href":"https:\/\/www.nbutexas.com\/es\/wp-json\/wp\/v2\/pages"}],"about":[{"href":"https:\/\/www.nbutexas.com\/es\/wp-json\/wp\/v2\/types\/page"}],"author":[{"embeddable":true,"href":"https:\/\/www.nbutexas.com\/es\/wp-json\/wp\/v2\/users\/1"}],"replies":[{"embeddable":true,"href":"https:\/\/www.nbutexas.com\/es\/wp-json\/wp\/v2\/comments?post=29420"}],"version-history":[{"count":1,"href":"https:\/\/www.nbutexas.com\/es\/wp-json\/wp\/v2\/pages\/29420\/revisions"}],"predecessor-version":[{"id":29421,"href":"https:\/\/www.nbutexas.com\/es\/wp-json\/wp\/v2\/pages\/29420\/revisions\/29421"}],"wp:attachment":[{"href":"https:\/\/www.nbutexas.com\/es\/wp-json\/wp\/v2\/media?parent=29420"}],"curies":[{"name":"wp","href":"https:\/\/api.w.org\/{rel}","templated":true}]}}