{"id":30328,"date":"2021-05-14T16:44:56","date_gmt":"2021-05-14T21:44:56","guid":{"rendered":"https:\/\/www.nbutexas.com\/impactos-de-la-construccion-y-cierre-de-carreteras\/"},"modified":"2025-08-11T14:18:31","modified_gmt":"2025-08-11T19:18:31","slug":"impactos-de-la-construccion-y-cierre-de-carreteras","status":"publish","type":"page","link":"https:\/\/www.nbutexas.com\/es\/impactos-de-la-construccion-y-cierre-de-carreteras\/","title":{"rendered":"Impactos de la construcci\u00f3n y cierre de carreteras"},"content":{"rendered":"\n<p>Dado que New Braunfels y el territorio de servicio de NBU siguen experimentando un crecimiento sin precedentes, NBU se ha comprometido a invertir m\u00e1s de 871 millones de d\u00f3lares en 153 proyectos de mejora de capital en los pr\u00f3ximos cinco a\u00f1os. Estos proyectos de mejora garantizar\u00e1n que estemos bien preparados para satisfacer las necesidades de electricidad, agua y aguas residuales de nuestros clientes en las pr\u00f3ximas d\u00e9cadas. <\/p>\n\n<hr class=\"wp-block-separator has-alpha-channel-opacity is-style-wide\"\/>\n\n<h2 class=\"wp-block-heading\">Mapa de avisos de tr\u00e1fico de la NBU<\/h2>\n\n<p>Haz clic en la imagen del mapa para ver informaci\u00f3n sobre los proyectos existentes y los cierres de carreteras o impactos derivados de su construcci\u00f3n. En la secci\u00f3n siguiente se incluye informaci\u00f3n \u00fatil sobre c\u00f3mo utilizar el mapa. <\/p>\n\n<figure class=\"wp-block-image size-large is-style-default\"><a href=\"https:\/\/experience.arcgis.com\/experience\/47a123b4296d49e0b4ad9a34218b9aef#data_s=id%3AdataSource_1-Street_Closures_AGO_9074%3A8096\"><img loading=\"lazy\" decoding=\"async\" width=\"1024\" height=\"598\" src=\"https:\/\/www.nbutexas.com\/wp-content\/uploads\/2023\/01\/image-1024x598.png\" alt=\"\" class=\"wp-image-17525\" srcset=\"https:\/\/www.nbutexas.com\/wp-content\/uploads\/2023\/01\/image-1024x598.png 1024w, https:\/\/www.nbutexas.com\/wp-content\/uploads\/2023\/01\/image-300x175.png 300w, https:\/\/www.nbutexas.com\/wp-content\/uploads\/2023\/01\/image-768x449.png 768w, https:\/\/www.nbutexas.com\/wp-content\/uploads\/2023\/01\/image-1536x897.png 1536w, https:\/\/www.nbutexas.com\/wp-content\/uploads\/2023\/01\/image-1200x701.png 1200w, https:\/\/www.nbutexas.com\/wp-content\/uploads\/2023\/01\/image-576x337.png 576w, https:\/\/www.nbutexas.com\/wp-content\/uploads\/2023\/01\/image.png 1590w\" sizes=\"auto, (max-width: 1024px) 100vw, 1024px\" \/><\/a><\/figure>\n\n<div class=\"wp-block-buttons is-layout-flex wp-block-buttons-is-layout-flex\">\n<div class=\"wp-block-button\"><a class=\"wp-block-button__link wp-element-button\" href=\"https:\/\/experience.arcgis.com\/experience\/47a123b4296d49e0b4ad9a34218b9aef#data_s=id%3AdataSource_1-Street_Closures_AGO_9074%3A8096\">Accede al Mapa de Avisos de Tr\u00e1fico<\/a><\/div>\n<\/div>\n\n<hr class=\"wp-block-separator has-css-opacity aligncenter is-style-wide\"\/>\n\n<h3 class=\"wp-block-heading\">Utilizar el Mapa de Avisos de Tr\u00e1fico de la NBU<\/h3>\n\n<p><strong>1.<\/strong> Haz clic en un icono a la derecha del mapa para empezar a ver los impactos de tr\u00e1fico actuales. Una vez seleccionados, aparecer\u00e1n en el mapa todos los avisos de ese tipo. <\/p>\n\n<figure class=\"wp-block-image size-full is-style-default\"><img loading=\"lazy\" decoding=\"async\" width=\"360\" height=\"293\" src=\"https:\/\/www.nbutexas.com\/wp-content\/uploads\/2023\/01\/image-1.png\" alt=\"\" class=\"wp-image-17528\" \/><\/figure>\n\n<p><strong>2.<\/strong> Para ver detalles sobre cada aviso de tr\u00e1fico e informaci\u00f3n detallada del proyecto, haz clic en las l\u00edneas o s\u00edmbolos naranjas del mapa.  <\/p>\n\n<figure class=\"wp-block-image size-full is-style-default\"><img loading=\"lazy\" decoding=\"async\" width=\"584\" height=\"398\" src=\"https:\/\/www.nbutexas.com\/wp-content\/uploads\/2023\/01\/image-2.png\" alt=\"\" class=\"wp-image-17529\" \/><\/figure>\n\n<hr class=\"wp-block-separator has-css-opacity is-style-wide\"\/>\n<div class=\"callout-icon\">\n\t<i class=\"callout-icon__icon callout-icon__icon--blue icon icon-account\"><\/i>\n\t<div class=\"callout-icon__copy\">\n\t\t\t\t<div class=\"callout-icon__headline\"> Para m\u00e1s preguntas sobre los proyectos actuales <\/div>\n\t\t\n\t\t\t\t<div class=\"callout-icon__text wysiwyg\"><p>Ponte en contacto con nosotros en el <a href=\"tel:830.608.8971\" target=\"_blank\" rel=\"noreferrer noopener\">830.608.8971<\/a> o por <a href=\"mailto:wtrengadmin@nbutexas.com\">correo electr\u00f3nico<\/a>.<\/p>\n<\/div>\n\t\t\n\t\t\t<\/div>\n<\/div>\n","protected":false},"excerpt":{"rendered":"<p>Dado que New Braunfels y el territorio de servicio de NBU siguen experimentando un crecimiento sin precedentes, NBU se ha\u2026<\/p>\n","protected":false},"author":3,"featured_media":0,"parent":0,"menu_order":0,"comment_status":"closed","ping_status":"closed","template":"","meta":{"_acf_changed":false,"footnotes":""},"class_list":["post-30328","page","type-page","status-publish","hentry"],"acf":[],"yoast_head":"<!-- This site is optimized with the Yoast SEO plugin v27.5 - https:\/\/yoast.com\/product\/yoast-seo-wordpress\/ -->\n<title>Impactos de la construcci\u00f3n y cierre de carreteras - New Braunfels Utilities Website<\/title>\n<meta name=\"description\" content=\"Un mapa con los proyectos detallados de mejora de las infraestructuras de New Braunfels Utilities y los impactos programados de la construcci\u00f3n y los cierres de carreteras.\" \/>\n<meta name=\"robots\" content=\"index, follow, max-snippet:-1, max-image-preview:large, max-video-preview:-1\" \/>\n<link rel=\"canonical\" href=\"https:\/\/www.nbutexas.com\/es\/impactos-de-la-construccion-y-cierre-de-carreteras\/\" \/>\n<meta property=\"og:locale\" content=\"es_ES\" \/>\n<meta property=\"og:type\" content=\"article\" \/>\n<meta property=\"og:title\" content=\"Impactos de la construcci\u00f3n y cierre de carreteras - New Braunfels Utilities Website\" \/>\n<meta property=\"og:description\" content=\"Un mapa con los proyectos detallados de mejora de las infraestructuras de New Braunfels Utilities y los impactos programados de la construcci\u00f3n y los cierres de carreteras.\" \/>\n<meta property=\"og:url\" content=\"https:\/\/www.nbutexas.com\/es\/impactos-de-la-construccion-y-cierre-de-carreteras\/\" \/>\n<meta property=\"og:site_name\" content=\"New Braunfels Utilities Website\" \/>\n<meta property=\"article:modified_time\" content=\"2025-08-11T19:18:31+00:00\" \/>\n<meta property=\"og:image\" content=\"https:\/\/www.nbutexas.com\/wp-content\/uploads\/2023\/01\/image.png\" \/>\n\t<meta property=\"og:image:width\" content=\"1590\" \/>\n\t<meta property=\"og:image:height\" content=\"929\" \/>\n\t<meta property=\"og:image:type\" content=\"image\/png\" \/>\n<meta name=\"twitter:card\" content=\"summary_large_image\" \/>\n<meta name=\"twitter:label1\" content=\"Est. reading time\" \/>\n\t<meta name=\"twitter:data1\" content=\"1 minute\" \/>\n<script type=\"application\/ld+json\" class=\"yoast-schema-graph\">{\"@context\":\"https:\\\/\\\/schema.org\",\"@graph\":[{\"@type\":\"WebPage\",\"@id\":\"https:\\\/\\\/www.nbutexas.com\\\/es\\\/impactos-de-la-construccion-y-cierre-de-carreteras\\\/\",\"url\":\"https:\\\/\\\/www.nbutexas.com\\\/es\\\/impactos-de-la-construccion-y-cierre-de-carreteras\\\/\",\"name\":\"Impactos de la construcci\u00f3n y cierre de carreteras - New Braunfels Utilities Website\",\"isPartOf\":{\"@id\":\"https:\\\/\\\/www.nbutexas.com\\\/es\\\/#website\"},\"primaryImageOfPage\":{\"@id\":\"https:\\\/\\\/www.nbutexas.com\\\/es\\\/impactos-de-la-construccion-y-cierre-de-carreteras\\\/#primaryimage\"},\"image\":{\"@id\":\"https:\\\/\\\/www.nbutexas.com\\\/es\\\/impactos-de-la-construccion-y-cierre-de-carreteras\\\/#primaryimage\"},\"thumbnailUrl\":\"https:\\\/\\\/www.nbutexas.com\\\/wp-content\\\/uploads\\\/2023\\\/01\\\/image-1024x598.png\",\"datePublished\":\"2021-05-14T21:44:56+00:00\",\"dateModified\":\"2025-08-11T19:18:31+00:00\",\"description\":\"Un mapa con los proyectos detallados de mejora de las infraestructuras de New Braunfels Utilities y los impactos programados de la construcci\u00f3n y los cierres de carreteras.\",\"breadcrumb\":{\"@id\":\"https:\\\/\\\/www.nbutexas.com\\\/es\\\/impactos-de-la-construccion-y-cierre-de-carreteras\\\/#breadcrumb\"},\"inLanguage\":\"es-ES\",\"potentialAction\":[{\"@type\":\"ReadAction\",\"target\":[\"https:\\\/\\\/www.nbutexas.com\\\/es\\\/impactos-de-la-construccion-y-cierre-de-carreteras\\\/\"]}]},{\"@type\":\"ImageObject\",\"inLanguage\":\"es-ES\",\"@id\":\"https:\\\/\\\/www.nbutexas.com\\\/es\\\/impactos-de-la-construccion-y-cierre-de-carreteras\\\/#primaryimage\",\"url\":\"https:\\\/\\\/www.nbutexas.com\\\/wp-content\\\/uploads\\\/2023\\\/01\\\/image-1024x598.png\",\"contentUrl\":\"https:\\\/\\\/www.nbutexas.com\\\/wp-content\\\/uploads\\\/2023\\\/01\\\/image-1024x598.png\"},{\"@type\":\"BreadcrumbList\",\"@id\":\"https:\\\/\\\/www.nbutexas.com\\\/es\\\/impactos-de-la-construccion-y-cierre-de-carreteras\\\/#breadcrumb\",\"itemListElement\":[{\"@type\":\"ListItem\",\"position\":1,\"name\":\"Home\",\"item\":\"https:\\\/\\\/www.nbutexas.com\\\/es\\\/servicio-residencial-y-comercial\\\/\"},{\"@type\":\"ListItem\",\"position\":2,\"name\":\"Impactos de la construcci\u00f3n y cierre de carreteras\"}]},{\"@type\":\"WebSite\",\"@id\":\"https:\\\/\\\/www.nbutexas.com\\\/es\\\/#website\",\"url\":\"https:\\\/\\\/www.nbutexas.com\\\/es\\\/\",\"name\":\"New Braunfels Utilities Website\",\"description\":\"Your Utility&#039;s Site\",\"potentialAction\":[{\"@type\":\"SearchAction\",\"target\":{\"@type\":\"EntryPoint\",\"urlTemplate\":\"https:\\\/\\\/www.nbutexas.com\\\/es\\\/?s={search_term_string}\"},\"query-input\":{\"@type\":\"PropertyValueSpecification\",\"valueRequired\":true,\"valueName\":\"search_term_string\"}}],\"inLanguage\":\"es-ES\"}]}<\/script>\n<!-- \/ Yoast SEO plugin. -->","yoast_head_json":{"title":"Impactos de la construcci\u00f3n y cierre de carreteras - New Braunfels Utilities Website","description":"Un mapa con los proyectos detallados de mejora de las infraestructuras de New Braunfels Utilities y los impactos programados de la construcci\u00f3n y los cierres de carreteras.","robots":{"index":"index","follow":"follow","max-snippet":"max-snippet:-1","max-image-preview":"max-image-preview:large","max-video-preview":"max-video-preview:-1"},"canonical":"https:\/\/www.nbutexas.com\/es\/impactos-de-la-construccion-y-cierre-de-carreteras\/","og_locale":"es_ES","og_type":"article","og_title":"Impactos de la construcci\u00f3n y cierre de carreteras - New Braunfels Utilities Website","og_description":"Un mapa con los proyectos detallados de mejora de las infraestructuras de New Braunfels Utilities y los impactos programados de la construcci\u00f3n y los cierres de carreteras.","og_url":"https:\/\/www.nbutexas.com\/es\/impactos-de-la-construccion-y-cierre-de-carreteras\/","og_site_name":"New Braunfels Utilities Website","article_modified_time":"2025-08-11T19:18:31+00:00","og_image":[{"width":1590,"height":929,"url":"https:\/\/www.nbutexas.com\/wp-content\/uploads\/2023\/01\/image.png","type":"image\/png"}],"twitter_card":"summary_large_image","twitter_misc":{"Est. reading time":"1 minute"},"schema":{"@context":"https:\/\/schema.org","@graph":[{"@type":"WebPage","@id":"https:\/\/www.nbutexas.com\/es\/impactos-de-la-construccion-y-cierre-de-carreteras\/","url":"https:\/\/www.nbutexas.com\/es\/impactos-de-la-construccion-y-cierre-de-carreteras\/","name":"Impactos de la construcci\u00f3n y cierre de carreteras - New Braunfels Utilities Website","isPartOf":{"@id":"https:\/\/www.nbutexas.com\/es\/#website"},"primaryImageOfPage":{"@id":"https:\/\/www.nbutexas.com\/es\/impactos-de-la-construccion-y-cierre-de-carreteras\/#primaryimage"},"image":{"@id":"https:\/\/www.nbutexas.com\/es\/impactos-de-la-construccion-y-cierre-de-carreteras\/#primaryimage"},"thumbnailUrl":"https:\/\/www.nbutexas.com\/wp-content\/uploads\/2023\/01\/image-1024x598.png","datePublished":"2021-05-14T21:44:56+00:00","dateModified":"2025-08-11T19:18:31+00:00","description":"Un mapa con los proyectos detallados de mejora de las infraestructuras de New Braunfels Utilities y los impactos programados de la construcci\u00f3n y los cierres de carreteras.","breadcrumb":{"@id":"https:\/\/www.nbutexas.com\/es\/impactos-de-la-construccion-y-cierre-de-carreteras\/#breadcrumb"},"inLanguage":"es-ES","potentialAction":[{"@type":"ReadAction","target":["https:\/\/www.nbutexas.com\/es\/impactos-de-la-construccion-y-cierre-de-carreteras\/"]}]},{"@type":"ImageObject","inLanguage":"es-ES","@id":"https:\/\/www.nbutexas.com\/es\/impactos-de-la-construccion-y-cierre-de-carreteras\/#primaryimage","url":"https:\/\/www.nbutexas.com\/wp-content\/uploads\/2023\/01\/image-1024x598.png","contentUrl":"https:\/\/www.nbutexas.com\/wp-content\/uploads\/2023\/01\/image-1024x598.png"},{"@type":"BreadcrumbList","@id":"https:\/\/www.nbutexas.com\/es\/impactos-de-la-construccion-y-cierre-de-carreteras\/#breadcrumb","itemListElement":[{"@type":"ListItem","position":1,"name":"Home","item":"https:\/\/www.nbutexas.com\/es\/servicio-residencial-y-comercial\/"},{"@type":"ListItem","position":2,"name":"Impactos de la construcci\u00f3n y cierre de carreteras"}]},{"@type":"WebSite","@id":"https:\/\/www.nbutexas.com\/es\/#website","url":"https:\/\/www.nbutexas.com\/es\/","name":"New Braunfels Utilities Website","description":"Your Utility&#039;s Site","potentialAction":[{"@type":"SearchAction","target":{"@type":"EntryPoint","urlTemplate":"https:\/\/www.nbutexas.com\/es\/?s={search_term_string}"},"query-input":{"@type":"PropertyValueSpecification","valueRequired":true,"valueName":"search_term_string"}}],"inLanguage":"es-ES"}]}},"_links":{"self":[{"href":"https:\/\/www.nbutexas.com\/es\/wp-json\/wp\/v2\/pages\/30328","targetHints":{"allow":["GET"]}}],"collection":[{"href":"https:\/\/www.nbutexas.com\/es\/wp-json\/wp\/v2\/pages"}],"about":[{"href":"https:\/\/www.nbutexas.com\/es\/wp-json\/wp\/v2\/types\/page"}],"author":[{"embeddable":true,"href":"https:\/\/www.nbutexas.com\/es\/wp-json\/wp\/v2\/users\/3"}],"replies":[{"embeddable":true,"href":"https:\/\/www.nbutexas.com\/es\/wp-json\/wp\/v2\/comments?post=30328"}],"version-history":[{"count":1,"href":"https:\/\/www.nbutexas.com\/es\/wp-json\/wp\/v2\/pages\/30328\/revisions"}],"predecessor-version":[{"id":30329,"href":"https:\/\/www.nbutexas.com\/es\/wp-json\/wp\/v2\/pages\/30328\/revisions\/30329"}],"wp:attachment":[{"href":"https:\/\/www.nbutexas.com\/es\/wp-json\/wp\/v2\/media?parent=30328"}],"curies":[{"name":"wp","href":"https:\/\/api.w.org\/{rel}","templated":true}]}}