{"id":32136,"date":"2021-03-25T15:46:06","date_gmt":"2021-03-25T20:46:06","guid":{"rendered":"https:\/\/www.nbutexas.com\/publicaciones\/"},"modified":"2026-04-01T16:11:04","modified_gmt":"2026-04-01T21:11:04","slug":"publicaciones","status":"publish","type":"page","link":"https:\/\/www.nbutexas.com\/es\/publicaciones\/","title":{"rendered":"Publicaciones"},"content":{"rendered":"<div class=\"latest-news\">\n\t<div class=\"latest-news__title heading--3\">2025 NBU Publicaciones<\/div>\n\t\t<ul class=\"latest-news__items\">\n\t\t\t\t<li class=\"latest-news__item\">\n\t\t\t\t\t\t\t<div class=\"latest-news__date\">October 29, 2025<\/div>\n\t\t\t\t\t\t\t\t\t<a href=\"https:\/\/www.nbutexas.com\/es\/2025-great-blue-survey-results\/\" class=\"latest-news__link\" target=\"_blank\">2025 Great Blue Survey Results<\/a>\n\t\t<\/li>\n\t\t\t\t<\/ul>\n\t\t\t<a class=\"latest-news__cta btn btn--yellow btn--3d\" href=\"https:\/\/www.nbutexas.com\/newsroom\/2025-nbu-publications\/\">View All<\/a>\n\t<\/div>\n<div class=\"latest-news\">\n\t<div class=\"latest-news__title heading--3\">2023 NBU Publicaciones<\/div>\n\t\t<ul class=\"latest-news__items\">\n\t\t\t\t<li class=\"latest-news__item\">\n\t\t\t\t\t\t\t<div class=\"latest-news__date\">October 23, 2023<\/div>\n\t\t\t\t\t\t\t\t\t<a href=\"https:\/\/www.nbutexas.com\/es\/mandated-load-shedding-info\/\" class=\"latest-news__link\" target=\"_blank\">Important Information About Electric Load Shedding and How It May Impact You &#8211; Fall 2023<\/a>\n\t\t<\/li>\n\t\t\t\t\t<li class=\"latest-news__item\">\n\t\t\t\t\t\t\t<div class=\"latest-news__date\">March 3, 2023<\/div>\n\t\t\t\t\t\t\t\t\t<a href=\"https:\/\/www.nbutexas.com\/es\/nbu-utility-update-and-conservation-corner-newsletter-march-2023\/\" class=\"latest-news__link\" target=\"_blank\">NBU Utility Update and Conservation Corner Newsletter &#8211; March 2023<\/a>\n\t\t<\/li>\n\t\t\t\t<\/ul>\n\t\t\t<a class=\"latest-news__cta btn btn--yellow btn--3d\" href=\"https:\/\/www.nbutexas.com\/newsroom\/2023-utility-update-newsletter\/\">View All<\/a>\n\t<\/div>\n<div class=\"latest-news\">\n\t<div class=\"latest-news__title heading--3\">Bolet\u00edn 2022 Utility Update<\/div>\n\t\t<ul class=\"latest-news__items\">\n\t\t\t\t<li class=\"latest-news__item\">\n\t\t\t\t\t\t\t<div class=\"latest-news__date\">October 1, 2022<\/div>\n\t\t\t\t\t\t\t\t\t<a href=\"https:\/\/www.nbutexas.com\/es\/nbu-utility-update-newsletter-october-2022\/\" class=\"latest-news__link\" target=\"_blank\">NBU Utility Update Newsletter \u2013 October 2022<\/a>\n\t\t<\/li>\n\t\t\t\t\t<li class=\"latest-news__item\">\n\t\t\t\t\t\t\t<div class=\"latest-news__date\">April 1, 2022<\/div>\n\t\t\t\t\t\t\t\t\t<a href=\"https:\/\/www.nbutexas.com\/es\/utility-update-newsletter-april-2022\/\" class=\"latest-news__link\" target=\"_blank\">NBU Utility Update Newsletter \u2013 April 2022<\/a>\n\t\t<\/li>\n\t\t\t\t<\/ul>\n\t\t\t<a class=\"latest-news__cta btn btn--yellow btn--3d\" href=\"https:\/\/www.nbutexas.com\/newsroom\/2022-utility-updates\/\">View All<\/a>\n\t<\/div>\n<div class=\"latest-news\">\n\t<div class=\"latest-news__title heading--3\">2021 Bolet\u00edn de informaci\u00f3n sobre servicios p\u00fablicos y el Rinc\u00f3n de la Conservaci\u00f3n<\/div>\n\t\t<ul class=\"latest-news__items\">\n\t\t\t\t<li class=\"latest-news__item\">\n\t\t\t\t\t\t\t<div class=\"latest-news__date\">December 1, 2021<\/div>\n\t\t\t\t\t\t\t\t\t<a href=\"https:\/\/www.nbutexas.com\/es\/nbu-utility-update-and-conservation-corner-newsletter-december-2021\/\" class=\"latest-news__link\" target=\"_blank\">NBU Utility Update and Conservation Corner Newsletter &#8211; December 2021<\/a>\n\t\t<\/li>\n\t\t\t\t\t<li class=\"latest-news__item\">\n\t\t\t\t\t\t\t<div class=\"latest-news__date\">November 1, 2021<\/div>\n\t\t\t\t\t\t\t\t\t<a href=\"https:\/\/www.nbutexas.com\/es\/nbu-utility-update-and-conservation-corner-newsletter-november-2021\/\" class=\"latest-news__link\" target=\"_blank\">NBU Utility Update and Conservation Corner Newsletter &#8211; November 2021<\/a>\n\t\t<\/li>\n\t\t\t\t\t<li class=\"latest-news__item\">\n\t\t\t\t\t\t\t<div class=\"latest-news__date\">October 1, 2021<\/div>\n\t\t\t\t\t\t\t\t\t<a href=\"https:\/\/www.nbutexas.com\/es\/nbu-utility-update-and-conservation-corner-newsletter-october-2021\/\" class=\"latest-news__link\" target=\"_blank\">NBU Utility Update and Conservation Corner Newsletter &#8211; October 2021<\/a>\n\t\t<\/li>\n\t\t\t\t\t<li class=\"latest-news__item\">\n\t\t\t\t\t\t\t<div class=\"latest-news__date\">September 1, 2021<\/div>\n\t\t\t\t\t\t\t\t\t<a href=\"https:\/\/www.nbutexas.com\/es\/nbu-utility-update-and-conservation-corner-newsletter-september-2021\/\" class=\"latest-news__link\" target=\"_blank\">NBU Utility Update and Conservation Corner Newsletter &#8211; September 2021<\/a>\n\t\t<\/li>\n\t\t\t\t\t<li class=\"latest-news__item\">\n\t\t\t\t\t\t\t<div class=\"latest-news__date\">August 1, 2021<\/div>\n\t\t\t\t\t\t\t\t\t<a href=\"https:\/\/www.nbutexas.com\/es\/nbu-utility-update-and-conservation-corner-newsletter-august-2021\/\" class=\"latest-news__link\" target=\"_blank\">NBU Utility Update and Conservation Corner Newsletter &#8211; August 2021<\/a>\n\t\t<\/li>\n\t\t\t\t\t<li class=\"latest-news__item\">\n\t\t\t\t\t\t\t<div class=\"latest-news__date\">July 1, 2021<\/div>\n\t\t\t\t\t\t\t\t\t<a href=\"https:\/\/www.nbutexas.com\/es\/nbu-utility-update-and-conservation-corner-newsletter-july-2021\/\" class=\"latest-news__link\" target=\"_blank\">NBU Utility Update and Conservation Corner Newsletter &#8211;  July 2021<\/a>\n\t\t<\/li>\n\t\t\t\t\t<li class=\"latest-news__item\">\n\t\t\t\t\t\t\t<div class=\"latest-news__date\">June 1, 2021<\/div>\n\t\t\t\t\t\t\t\t\t<a href=\"https:\/\/www.nbutexas.com\/es\/nbu-utility-update-and-conservation-corner-newsletter-june-2021\/\" class=\"latest-news__link\" target=\"_blank\">NBU Utility Update and Conservation Corner Newsletter &#8211; June 2021<\/a>\n\t\t<\/li>\n\t\t\t\t\t<li class=\"latest-news__item\">\n\t\t\t\t\t\t\t<div class=\"latest-news__date\">May 1, 2021<\/div>\n\t\t\t\t\t\t\t\t\t<a href=\"https:\/\/www.nbutexas.com\/es\/nbu-utility-update-and-conservation-corner-newsletter-may-2021\/\" class=\"latest-news__link\" target=\"_blank\">NBU Utility Update and Conservation Corner Newsletter &#8211; May 2021<\/a>\n\t\t<\/li>\n\t\t\t\t<\/ul>\n\t\t\t<a class=\"latest-news__cta btn btn--yellow btn--3d\" href=\"https:\/\/www.nbutexas.com\/newsroom\/publications-monthly-bill-newsletter\/\">View All<\/a>\n\t<\/div>\n<div class=\"latest-news\">\n\t<div class=\"latest-news__title heading--3\">Conexiones NBU<\/div>\n\t\t<ul class=\"latest-news__items\">\n\t\t\t\t<li class=\"latest-news__item\">\n\t\t\t\t\t\t\t<div class=\"latest-news__date\">July 7, 2021<\/div>\n\t\t\t\t\t\t\t\t\t<a href=\"https:\/\/www.nbutexas.com\/es\/nbu-connections-special-edition-summer-2021\/\" class=\"latest-news__link\" target=\"_blank\">NBU Connections Special Edition Summer 2021<\/a>\n\t\t<\/li>\n\t\t\t\t\t<li class=\"latest-news__item\">\n\t\t\t\t\t\t\t<div class=\"latest-news__date\">March 25, 2021<\/div>\n\t\t\t\t\t\t\t\t\t<a href=\"https:\/\/www.nbutexas.com\/es\/nbu-connections-special-edition-spring-2021\/\" class=\"latest-news__link\" target=\"_blank\">NBU Connections Special Edition Spring 2021<\/a>\n\t\t<\/li>\n\t\t\t\t\t<li class=\"latest-news__item\">\n\t\t\t\t\t\t\t<div class=\"latest-news__date\">December 12, 2019<\/div>\n\t\t\t\t\t\t\t\t\t<a href=\"https:\/\/www.nbutexas.com\/es\/nbu-connections-winter-2019\/\" class=\"latest-news__link\" target=\"_blank\">NBU Connections Winter 2019<\/a>\n\t\t<\/li>\n\t\t\t\t\t<li class=\"latest-news__item\">\n\t\t\t\t\t\t\t<div class=\"latest-news__date\">September 20, 2019<\/div>\n\t\t\t\t\t\t\t\t\t<a href=\"https:\/\/www.nbutexas.com\/es\/nbu-connections-fall-2019\/\" class=\"latest-news__link\" target=\"_blank\">NBU Connections Fall 2019<\/a>\n\t\t<\/li>\n\t\t\t\t\t<li class=\"latest-news__item\">\n\t\t\t\t\t\t\t<div class=\"latest-news__date\">June 29, 2019<\/div>\n\t\t\t\t\t\t\t\t\t<a href=\"https:\/\/www.nbutexas.com\/es\/nbu-connections-summer-2019\/\" class=\"latest-news__link\" target=\"_blank\">NBU Connections Summer 2019<\/a>\n\t\t<\/li>\n\t\t\t\t<\/ul>\n\t\t\t<a class=\"latest-news__cta btn btn--yellow btn--3d\" href=\"https:\/\/www.nbutexas.com\/newsroom\/publications\/\">View All<\/a>\n\t<\/div>\n\n<p><\/p>\n","protected":false},"excerpt":{"rendered":"","protected":false},"author":3,"featured_media":0,"parent":0,"menu_order":0,"comment_status":"closed","ping_status":"closed","template":"","meta":{"_acf_changed":false,"footnotes":""},"class_list":["post-32136","page","type-page","status-publish","hentry"],"acf":[],"yoast_head":"<!-- This site is optimized with the Yoast SEO plugin v27.5 - https:\/\/yoast.com\/product\/yoast-seo-wordpress\/ -->\n<title>Publicaciones - New Braunfels Utilities Website<\/title>\n<meta name=\"robots\" content=\"index, follow, max-snippet:-1, max-image-preview:large, max-video-preview:-1\" \/>\n<link rel=\"canonical\" href=\"https:\/\/www.nbutexas.com\/es\/publicaciones\/\" \/>\n<meta property=\"og:locale\" content=\"es_ES\" \/>\n<meta property=\"og:type\" content=\"article\" \/>\n<meta property=\"og:title\" content=\"Publicaciones - New Braunfels Utilities Website\" \/>\n<meta property=\"og:url\" content=\"https:\/\/www.nbutexas.com\/es\/publicaciones\/\" \/>\n<meta property=\"og:site_name\" content=\"New Braunfels Utilities Website\" \/>\n<meta property=\"article:modified_time\" content=\"2026-04-01T21:11:04+00:00\" \/>\n<meta name=\"twitter:card\" content=\"summary_large_image\" \/>\n<script type=\"application\/ld+json\" class=\"yoast-schema-graph\">{\"@context\":\"https:\\\/\\\/schema.org\",\"@graph\":[{\"@type\":\"WebPage\",\"@id\":\"https:\\\/\\\/www.nbutexas.com\\\/es\\\/publicaciones\\\/\",\"url\":\"https:\\\/\\\/www.nbutexas.com\\\/es\\\/publicaciones\\\/\",\"name\":\"Publicaciones - New Braunfels Utilities Website\",\"isPartOf\":{\"@id\":\"https:\\\/\\\/www.nbutexas.com\\\/es\\\/#website\"},\"datePublished\":\"2021-03-25T20:46:06+00:00\",\"dateModified\":\"2026-04-01T21:11:04+00:00\",\"breadcrumb\":{\"@id\":\"https:\\\/\\\/www.nbutexas.com\\\/es\\\/publicaciones\\\/#breadcrumb\"},\"inLanguage\":\"es-ES\",\"potentialAction\":[{\"@type\":\"ReadAction\",\"target\":[\"https:\\\/\\\/www.nbutexas.com\\\/es\\\/publicaciones\\\/\"]}]},{\"@type\":\"BreadcrumbList\",\"@id\":\"https:\\\/\\\/www.nbutexas.com\\\/es\\\/publicaciones\\\/#breadcrumb\",\"itemListElement\":[{\"@type\":\"ListItem\",\"position\":1,\"name\":\"Home\",\"item\":\"https:\\\/\\\/www.nbutexas.com\\\/es\\\/servicio-residencial-y-comercial\\\/\"},{\"@type\":\"ListItem\",\"position\":2,\"name\":\"Publicaciones\"}]},{\"@type\":\"WebSite\",\"@id\":\"https:\\\/\\\/www.nbutexas.com\\\/es\\\/#website\",\"url\":\"https:\\\/\\\/www.nbutexas.com\\\/es\\\/\",\"name\":\"New Braunfels Utilities Website\",\"description\":\"Your Utility&#039;s Site\",\"potentialAction\":[{\"@type\":\"SearchAction\",\"target\":{\"@type\":\"EntryPoint\",\"urlTemplate\":\"https:\\\/\\\/www.nbutexas.com\\\/es\\\/?s={search_term_string}\"},\"query-input\":{\"@type\":\"PropertyValueSpecification\",\"valueRequired\":true,\"valueName\":\"search_term_string\"}}],\"inLanguage\":\"es-ES\"}]}<\/script>\n<!-- \/ Yoast SEO plugin. -->","yoast_head_json":{"title":"Publicaciones - New Braunfels Utilities Website","robots":{"index":"index","follow":"follow","max-snippet":"max-snippet:-1","max-image-preview":"max-image-preview:large","max-video-preview":"max-video-preview:-1"},"canonical":"https:\/\/www.nbutexas.com\/es\/publicaciones\/","og_locale":"es_ES","og_type":"article","og_title":"Publicaciones - New Braunfels Utilities Website","og_url":"https:\/\/www.nbutexas.com\/es\/publicaciones\/","og_site_name":"New Braunfels Utilities Website","article_modified_time":"2026-04-01T21:11:04+00:00","twitter_card":"summary_large_image","schema":{"@context":"https:\/\/schema.org","@graph":[{"@type":"WebPage","@id":"https:\/\/www.nbutexas.com\/es\/publicaciones\/","url":"https:\/\/www.nbutexas.com\/es\/publicaciones\/","name":"Publicaciones - New Braunfels Utilities Website","isPartOf":{"@id":"https:\/\/www.nbutexas.com\/es\/#website"},"datePublished":"2021-03-25T20:46:06+00:00","dateModified":"2026-04-01T21:11:04+00:00","breadcrumb":{"@id":"https:\/\/www.nbutexas.com\/es\/publicaciones\/#breadcrumb"},"inLanguage":"es-ES","potentialAction":[{"@type":"ReadAction","target":["https:\/\/www.nbutexas.com\/es\/publicaciones\/"]}]},{"@type":"BreadcrumbList","@id":"https:\/\/www.nbutexas.com\/es\/publicaciones\/#breadcrumb","itemListElement":[{"@type":"ListItem","position":1,"name":"Home","item":"https:\/\/www.nbutexas.com\/es\/servicio-residencial-y-comercial\/"},{"@type":"ListItem","position":2,"name":"Publicaciones"}]},{"@type":"WebSite","@id":"https:\/\/www.nbutexas.com\/es\/#website","url":"https:\/\/www.nbutexas.com\/es\/","name":"New Braunfels Utilities Website","description":"Your Utility&#039;s Site","potentialAction":[{"@type":"SearchAction","target":{"@type":"EntryPoint","urlTemplate":"https:\/\/www.nbutexas.com\/es\/?s={search_term_string}"},"query-input":{"@type":"PropertyValueSpecification","valueRequired":true,"valueName":"search_term_string"}}],"inLanguage":"es-ES"}]}},"_links":{"self":[{"href":"https:\/\/www.nbutexas.com\/es\/wp-json\/wp\/v2\/pages\/32136","targetHints":{"allow":["GET"]}}],"collection":[{"href":"https:\/\/www.nbutexas.com\/es\/wp-json\/wp\/v2\/pages"}],"about":[{"href":"https:\/\/www.nbutexas.com\/es\/wp-json\/wp\/v2\/types\/page"}],"author":[{"embeddable":true,"href":"https:\/\/www.nbutexas.com\/es\/wp-json\/wp\/v2\/users\/3"}],"replies":[{"embeddable":true,"href":"https:\/\/www.nbutexas.com\/es\/wp-json\/wp\/v2\/comments?post=32136"}],"version-history":[{"count":1,"href":"https:\/\/www.nbutexas.com\/es\/wp-json\/wp\/v2\/pages\/32136\/revisions"}],"predecessor-version":[{"id":32137,"href":"https:\/\/www.nbutexas.com\/es\/wp-json\/wp\/v2\/pages\/32136\/revisions\/32137"}],"wp:attachment":[{"href":"https:\/\/www.nbutexas.com\/es\/wp-json\/wp\/v2\/media?parent=32136"}],"curies":[{"name":"wp","href":"https:\/\/api.w.org\/{rel}","templated":true}]}}