{"id":32278,"date":"2026-04-18T18:05:47","date_gmt":"2026-04-18T23:05:47","guid":{"rendered":"https:\/\/www.nbutexas.com\/aviso-sobre-el-agua\/"},"modified":"2026-04-19T11:55:13","modified_gmt":"2026-04-19T16:55:13","slug":"aviso-sobre-el-agua","status":"publish","type":"page","link":"https:\/\/www.nbutexas.com\/es\/aviso-sobre-el-agua\/","title":{"rendered":"Aviso sobre el agua"},"content":{"rendered":"\n<h2 class=\"wp-block-heading\">NBU ha emitido un AVISO DE AGUA &#8211; 19 de abril de 2026<\/h2>\n\n<p>Las pruebas rutinarias identificaron la presencia de bacterias coliformes y E. coli en una muestra de agua tomada directamente de un pozo, agua bruta, antes de que el agua entre en nuestro sistema de distribuci\u00f3n a los clientes. Es importante se\u00f1alar que esta agua bruta siempre se desinfecta como parte de nuestro proceso de tratamiento est\u00e1ndar antes de ser suministrada a hogares y empresas. <\/p>\n\n<p>Por precauci\u00f3n, los pozos afectados se desconectaron inmediatamente y se desinfectar\u00e1n por completo. Se realizar\u00e1n las pruebas necesarias antes de volver a poner en servicio los pozos. <\/p>\n\n<p><strong>El agua suministrada a nuestros clientes sigue cumpliendo todas las normas reglamentarias y es segura para que los clientes la usen y la beban.<\/strong> <strong>Esto NO es un aviso de hervir el agua.  <\/strong>No son necesarias medidas adicionales antes de su uso o consumo.<\/p>\n\n<div class=\"wp-block-buttons is-layout-flex wp-block-buttons-is-layout-flex\">\n<div class=\"wp-block-button\"><a class=\"wp-block-button__link wp-element-button\" href=\"https:\/\/www.nbutexas.com\/wp-content\/uploads\/2026\/04\/NBU-Water-Notice-041920262.pdf\" target=\"_blank\" rel=\"noreferrer noopener\">Aviso Oficial del Agua PDF<\/a><\/div>\n<\/div>\n\t<div class=\"accordion\">\n\t\t\t\t\t<div class=\"accordion__title heading--6\">Preguntas frecuentes<\/div>\n\t\t\t\t<div class=\"accordion__section\">\n\t\t<header class=\"accordion__section-header\">\n\t\t\t<button class=\"accordion__section-toggle\" data-close-toggle=\".accordion__section-toggle\" data-close-target=\".accordion__section-content\" data-toggle-active=\"#accordion-section-69e5a9c0185b8\" id=\"accordion-toggle-69e5a9c0185b6\" aria-expanded=\"false\" data-controller=\"regionToggle\" aria-controls=\"accordion-toggle-69e5a9c0185b6\">\n\t\t\t\t<div class=\"accordion__section-title\">\u00bfDe qu\u00e9 trata este aviso?<\/div>\n\t\t\t\t<div class=\"accordion__section-icon\"><span class=\"sr-only\"><\/span><i class=\"icon icon-\"><\/i><\/div>\n\t\t\t<\/button>\n\t\t<\/header>\n\t\t<div class=\"accordion__section-content inactive wysiwyg\" id=\"accordion-section-69e5a9c0185b8\" aria-labelledby=\"accordion-toggle-69e5a9c0185b6\" role=\"region\" hidden>\n\t\t\t<p>New Braunfels Utilities emiti\u00f3 un aviso p\u00fablico obligatorio el 19 de abril de 2026, de acuerdo con la Comisi\u00f3n de Calidad Medioambiental de Texas (TCEQ).<\/p>\n<p>Las pruebas rutinarias identificaron la presencia de bacterias coliformes y E. coli en una <strong>muestra de agua bruta tomada directamente de un pozo antes del tratamiento.<\/strong><\/p>\n\t\t<\/div>\n\t<\/div>\n\t\t<div class=\"accordion__section\">\n\t\t<header class=\"accordion__section-header\">\n\t\t\t<button class=\"accordion__section-toggle\" data-close-toggle=\".accordion__section-toggle\" data-close-target=\".accordion__section-content\" data-toggle-active=\"#accordion-section-69e5a9c0187f0\" id=\"accordion-toggle-69e5a9c0187ef\" aria-expanded=\"false\" data-controller=\"regionToggle\" aria-controls=\"accordion-toggle-69e5a9c0187ef\">\n\t\t\t\t<div class=\"accordion__section-title\">\u00bfEs segura el agua que bebo?<\/div>\n\t\t\t\t<div class=\"accordion__section-icon\"><span class=\"sr-only\"><\/span><i class=\"icon icon-\"><\/i><\/div>\n\t\t\t<\/button>\n\t\t<\/header>\n\t\t<div class=\"accordion__section-content inactive wysiwyg\" id=\"accordion-section-69e5a9c0187f0\" aria-labelledby=\"accordion-toggle-69e5a9c0187ef\" role=\"region\" hidden>\n\t\t\t<p><strong>S\u00ed.<\/strong> El agua suministrada a nuestros clientes sigue cumpliendo todas las normas reglamentarias y es <strong>segura para usar y beber.<\/strong><\/p>\n<p>La muestra en cuesti\u00f3n se tom\u00f3 <strong>antes de que<\/strong> el agua entrara en el proceso de tratamiento. La NBU desinfecta las aguas subterr\u00e1neas brutas como parte de las operaciones est\u00e1ndar antes de suministrar el agua a los clientes. <\/p>\n\t\t<\/div>\n\t<\/div>\n\t\t<div class=\"accordion__section\">\n\t\t<header class=\"accordion__section-header\">\n\t\t\t<button class=\"accordion__section-toggle\" data-close-toggle=\".accordion__section-toggle\" data-close-target=\".accordion__section-content\" data-toggle-active=\"#accordion-section-69e5a9c01897d\" id=\"accordion-toggle-69e5a9c01897c\" aria-expanded=\"false\" data-controller=\"regionToggle\" aria-controls=\"accordion-toggle-69e5a9c01897c\">\n\t\t\t\t<div class=\"accordion__section-title\">\u00bfSe encontraron bacterias en el agua potable de los clientes?<\/div>\n\t\t\t\t<div class=\"accordion__section-icon\"><span class=\"sr-only\"><\/span><i class=\"icon icon-\"><\/i><\/div>\n\t\t\t<\/button>\n\t\t<\/header>\n\t\t<div class=\"accordion__section-content inactive wysiwyg\" id=\"accordion-section-69e5a9c01897d\" aria-labelledby=\"accordion-toggle-69e5a9c01897c\" role=\"region\" hidden>\n\t\t\t<p><strong>No.<\/strong> Las bacterias se identificaron en una <strong>muestra de agua bruta<\/strong> recogida directamente de un pozo antes del tratamiento.<\/p>\n<p>Esto <strong>no<\/strong> significa que se encontraran bacterias en el agua potable tratada que se suministra a los clientes.<\/p>\n\t\t<\/div>\n\t<\/div>\n\t\t<div class=\"accordion__section\">\n\t\t<header class=\"accordion__section-header\">\n\t\t\t<button class=\"accordion__section-toggle\" data-close-toggle=\".accordion__section-toggle\" data-close-target=\".accordion__section-content\" data-toggle-active=\"#accordion-section-69e5a9c018a95\" id=\"accordion-toggle-69e5a9c018a94\" aria-expanded=\"false\" data-controller=\"regionToggle\" aria-controls=\"accordion-toggle-69e5a9c018a94\">\n\t\t\t\t<div class=\"accordion__section-title\">\u00bfPor qu\u00e9 NBU emiti\u00f3 este aviso?<\/div>\n\t\t\t\t<div class=\"accordion__section-icon\"><span class=\"sr-only\"><\/span><i class=\"icon icon-\"><\/i><\/div>\n\t\t\t<\/button>\n\t\t<\/header>\n\t\t<div class=\"accordion__section-content inactive wysiwyg\" id=\"accordion-section-69e5a9c018a95\" aria-labelledby=\"accordion-toggle-69e5a9c018a94\" role=\"region\" hidden>\n\t\t\t<p>La TCEQ exige este aviso siempre que se produzcan determinados resultados de las pruebas, aunque el agua potable tratada siga cumpliendo todas las normas.<\/p>\n<p>Proporcionar informaci\u00f3n transparente y puntual a los clientes es importante para NBU.<\/p>\n\t\t<\/div>\n\t<\/div>\n\t\t<div class=\"accordion__section\">\n\t\t<header class=\"accordion__section-header\">\n\t\t\t<button class=\"accordion__section-toggle\" data-close-toggle=\".accordion__section-toggle\" data-close-target=\".accordion__section-content\" data-toggle-active=\"#accordion-section-69e5a9c018b5c\" id=\"accordion-toggle-69e5a9c018b5b\" aria-expanded=\"false\" data-controller=\"regionToggle\" aria-controls=\"accordion-toggle-69e5a9c018b5b\">\n\t\t\t\t<div class=\"accordion__section-title\">\u00bfQu\u00e9 acciones ha emprendido NBU?<\/div>\n\t\t\t\t<div class=\"accordion__section-icon\"><span class=\"sr-only\"><\/span><i class=\"icon icon-\"><\/i><\/div>\n\t\t\t<\/button>\n\t\t<\/header>\n\t\t<div class=\"accordion__section-content inactive wysiwyg\" id=\"accordion-section-69e5a9c018b5c\" aria-labelledby=\"accordion-toggle-69e5a9c018b5b\" role=\"region\" hidden>\n\t\t\t<p>Por exceso de precauci\u00f3n, NBU inmediatamente:<\/p>\n<ul>\n<li>Desconect\u00f3 los pozos afectados<\/li>\n<li>Inicio de los procedimientos de desinfecci\u00f3n completa<\/li>\n<li>Completar\u00e1 todas las pruebas de seguimiento requeridas<\/li>\n<li>S\u00f3lo devolver\u00e1 los pozos al servicio cuando se cumplan los requisitos reglamentarios<\/li>\n<\/ul>\n\t\t<\/div>\n\t<\/div>\n\t\t<div class=\"accordion__section\">\n\t\t<header class=\"accordion__section-header\">\n\t\t\t<button class=\"accordion__section-toggle\" data-close-toggle=\".accordion__section-toggle\" data-close-target=\".accordion__section-content\" data-toggle-active=\"#accordion-section-69e5a9c018ce1\" id=\"accordion-toggle-69e5a9c018ce0\" aria-expanded=\"false\" data-controller=\"regionToggle\" aria-controls=\"accordion-toggle-69e5a9c018ce0\">\n\t\t\t\t<div class=\"accordion__section-title\">\u00bfSabemos d\u00f3nde se encuentra el pozo?<\/div>\n\t\t\t\t<div class=\"accordion__section-icon\"><span class=\"sr-only\"><\/span><i class=\"icon icon-\"><\/i><\/div>\n\t\t\t<\/button>\n\t\t<\/header>\n\t\t<div class=\"accordion__section-content inactive wysiwyg\" id=\"accordion-section-69e5a9c018ce1\" aria-labelledby=\"accordion-toggle-69e5a9c018ce0\" role=\"region\" hidden>\n\t\t\t<p><span data-teams=\"true\">S\u00ed. El pozo est\u00e1 situado en nuestro pozo de 333 E. Klingemann St., New Braunfels, TX 78130.  <\/span><\/p>\n\t\t<\/div>\n\t<\/div>\n\t\t<div class=\"accordion__section\">\n\t\t<header class=\"accordion__section-header\">\n\t\t\t<button class=\"accordion__section-toggle\" data-close-toggle=\".accordion__section-toggle\" data-close-target=\".accordion__section-content\" data-toggle-active=\"#accordion-section-69e5a9c018dc7\" id=\"accordion-toggle-69e5a9c018dc6\" aria-expanded=\"false\" data-controller=\"regionToggle\" aria-controls=\"accordion-toggle-69e5a9c018dc6\">\n\t\t\t\t<div class=\"accordion__section-title\">\u00bfTengo que hervir el agua?<\/div>\n\t\t\t\t<div class=\"accordion__section-icon\"><span class=\"sr-only\"><\/span><i class=\"icon icon-\"><\/i><\/div>\n\t\t\t<\/button>\n\t\t<\/header>\n\t\t<div class=\"accordion__section-content inactive wysiwyg\" id=\"accordion-section-69e5a9c018dc7\" aria-labelledby=\"accordion-toggle-69e5a9c018dc6\" role=\"region\" hidden>\n\t\t\t<p><strong>No<\/strong> <strong>.<\/strong> <strong>No<\/strong> se trata de un aviso de agua hirviendo.<\/p>\n<p>El agua suministrada a los clientes sigue siendo segura para usar y beber.<\/p>\n\t\t<\/div>\n\t<\/div>\n\t\t<div class=\"accordion__section\">\n\t\t<header class=\"accordion__section-header\">\n\t\t\t<button class=\"accordion__section-toggle\" data-close-toggle=\".accordion__section-toggle\" data-close-target=\".accordion__section-content\" data-toggle-active=\"#accordion-section-69e5a9c018ec9\" id=\"accordion-toggle-69e5a9c018ec8\" aria-expanded=\"false\" data-controller=\"regionToggle\" aria-controls=\"accordion-toggle-69e5a9c018ec8\">\n\t\t\t\t<div class=\"accordion__section-title\">\u00bfPuedo seguir cocinando, duch\u00e1ndome, lavando la ropa y cepill\u00e1ndome los dientes?<\/div>\n\t\t\t\t<div class=\"accordion__section-icon\"><span class=\"sr-only\"><\/span><i class=\"icon icon-\"><\/i><\/div>\n\t\t\t<\/button>\n\t\t<\/header>\n\t\t<div class=\"accordion__section-content inactive wysiwyg\" id=\"accordion-section-69e5a9c018ec9\" aria-labelledby=\"accordion-toggle-69e5a9c018ec8\" role=\"region\" hidden>\n\t\t\t<p><strong>S\u00ed.<\/strong>  Los clientes pueden seguir haciendo un uso normal del agua.<\/p>\n\t\t<\/div>\n\t<\/div>\n\t\t<div class=\"accordion__section\">\n\t\t<header class=\"accordion__section-header\">\n\t\t\t<button class=\"accordion__section-toggle\" data-close-toggle=\".accordion__section-toggle\" data-close-target=\".accordion__section-content\" data-toggle-active=\"#accordion-section-69e5a9c018f96\" id=\"accordion-toggle-69e5a9c018f95\" aria-expanded=\"false\" data-controller=\"regionToggle\" aria-controls=\"accordion-toggle-69e5a9c018f95\">\n\t\t\t\t<div class=\"accordion__section-title\">\u00bfPor qu\u00e9 se emiti\u00f3 un aviso p\u00fablico en lugar de un aviso de hervir el agua?<\/div>\n\t\t\t\t<div class=\"accordion__section-icon\"><span class=\"sr-only\"><\/span><i class=\"icon icon-\"><\/i><\/div>\n\t\t\t<\/button>\n\t\t<\/header>\n\t\t<div class=\"accordion__section-content inactive wysiwyg\" id=\"accordion-section-69e5a9c018f96\" aria-labelledby=\"accordion-toggle-69e5a9c018f95\" role=\"region\" hidden>\n\t\t\t<p>Se emite un aviso de agua hirviendo cuando hay pruebas de que el agua potable tratada en el sistema de distribuci\u00f3n puede ser insegura o no cumplir las normas sanitarias exigidas. En este caso, las bacterias se identificaron en una muestra de agua bruta tomada antes del tratamiento, no en el agua tratada suministrada a los clientes. Como el agua suministrada a los clientes sigue cumpliendo todas las normas reglamentarias y sigue siendo segura para beber y consumir, no fue necesario un aviso de agua hirviendo.  <\/p>\n\t\t<\/div>\n\t<\/div>\n\t\t<div class=\"accordion__section\">\n\t\t<header class=\"accordion__section-header\">\n\t\t\t<button class=\"accordion__section-toggle\" data-close-toggle=\".accordion__section-toggle\" data-close-target=\".accordion__section-content\" data-toggle-active=\"#accordion-section-69e5a9c019076\" id=\"accordion-toggle-69e5a9c019075\" aria-expanded=\"false\" data-controller=\"regionToggle\" aria-controls=\"accordion-toggle-69e5a9c019075\">\n\t\t\t\t<div class=\"accordion__section-title\">\u00bfC\u00f3mo protege NBU el agua potable?<\/div>\n\t\t\t\t<div class=\"accordion__section-icon\"><span class=\"sr-only\"><\/span><i class=\"icon icon-\"><\/i><\/div>\n\t\t\t<\/button>\n\t\t<\/header>\n\t\t<div class=\"accordion__section-content inactive wysiwyg\" id=\"accordion-section-69e5a9c019076\" aria-labelledby=\"accordion-toggle-69e5a9c019075\" role=\"region\" hidden>\n\t\t\t<p>El agua subterr\u00e1nea bruta pasa por un proceso de desinfecci\u00f3n antes de entrar en el sistema de distribuci\u00f3n. Este tratamiento est\u00e1 dise\u00f1ado para garantizar que el agua suministrada a los clientes cumple las normas estatales y federales sobre agua potable. <\/p>\n\t\t<\/div>\n\t<\/div>\n\t\t<\/div>\n\n<p><\/p>\n","protected":false},"excerpt":{"rendered":"<p>NBU ha emitido un AVISO DE AGUA &#8211; 19 de abril de 2026 Las pruebas rutinarias identificaron la presencia de\u2026<\/p>\n","protected":false},"author":30,"featured_media":0,"parent":0,"menu_order":0,"comment_status":"closed","ping_status":"closed","template":"","meta":{"_acf_changed":false,"footnotes":""},"class_list":["post-32278","page","type-page","status-publish","hentry"],"acf":[],"yoast_head":"<!-- This site is optimized with the Yoast SEO plugin v27.2 - https:\/\/yoast.com\/product\/yoast-seo-wordpress\/ -->\n<title>Aviso sobre el agua - New Braunfels Utilities Website<\/title>\n<meta name=\"robots\" content=\"index, follow, max-snippet:-1, max-image-preview:large, max-video-preview:-1\" \/>\n<link rel=\"canonical\" href=\"https:\/\/www.nbutexas.com\/es\/aviso-sobre-el-agua\/\" \/>\n<meta property=\"og:locale\" content=\"es_ES\" \/>\n<meta property=\"og:type\" content=\"article\" \/>\n<meta property=\"og:title\" content=\"Aviso sobre el agua - New Braunfels Utilities Website\" \/>\n<meta property=\"og:description\" content=\"NBU ha emitido un AVISO DE AGUA &#8211; 19 de abril de 2026 Las pruebas rutinarias identificaron la presencia de\u2026\" \/>\n<meta property=\"og:url\" content=\"https:\/\/www.nbutexas.com\/es\/aviso-sobre-el-agua\/\" \/>\n<meta property=\"og:site_name\" content=\"New Braunfels Utilities Website\" \/>\n<meta property=\"article:modified_time\" content=\"2026-04-19T16:55:13+00:00\" \/>\n<meta name=\"twitter:card\" content=\"summary_large_image\" \/>\n<meta name=\"twitter:label1\" content=\"Est. reading time\" \/>\n\t<meta name=\"twitter:data1\" content=\"1 minute\" \/>\n<script type=\"application\/ld+json\" class=\"yoast-schema-graph\">{\"@context\":\"https:\/\/schema.org\",\"@graph\":[{\"@type\":\"WebPage\",\"@id\":\"https:\/\/www.nbutexas.com\/es\/aviso-sobre-el-agua\/\",\"url\":\"https:\/\/www.nbutexas.com\/es\/aviso-sobre-el-agua\/\",\"name\":\"Aviso sobre el agua - New Braunfels Utilities Website\",\"isPartOf\":{\"@id\":\"https:\/\/www.nbutexas.com\/es\/#website\"},\"datePublished\":\"2026-04-18T23:05:47+00:00\",\"dateModified\":\"2026-04-19T16:55:13+00:00\",\"breadcrumb\":{\"@id\":\"https:\/\/www.nbutexas.com\/es\/aviso-sobre-el-agua\/#breadcrumb\"},\"inLanguage\":\"es-ES\",\"potentialAction\":[{\"@type\":\"ReadAction\",\"target\":[\"https:\/\/www.nbutexas.com\/es\/aviso-sobre-el-agua\/\"]}]},{\"@type\":\"BreadcrumbList\",\"@id\":\"https:\/\/www.nbutexas.com\/es\/aviso-sobre-el-agua\/#breadcrumb\",\"itemListElement\":[{\"@type\":\"ListItem\",\"position\":1,\"name\":\"Home\",\"item\":\"https:\/\/www.nbutexas.com\/es\/servicio-residencial-y-comercial\/\"},{\"@type\":\"ListItem\",\"position\":2,\"name\":\"Aviso sobre el agua\"}]},{\"@type\":\"WebSite\",\"@id\":\"https:\/\/www.nbutexas.com\/es\/#website\",\"url\":\"https:\/\/www.nbutexas.com\/es\/\",\"name\":\"New Braunfels Utilities Website\",\"description\":\"Your Utility&#039;s Site\",\"potentialAction\":[{\"@type\":\"SearchAction\",\"target\":{\"@type\":\"EntryPoint\",\"urlTemplate\":\"https:\/\/www.nbutexas.com\/es\/?s={search_term_string}\"},\"query-input\":{\"@type\":\"PropertyValueSpecification\",\"valueRequired\":true,\"valueName\":\"search_term_string\"}}],\"inLanguage\":\"es-ES\"}]}<\/script>\n<!-- \/ Yoast SEO plugin. -->","yoast_head_json":{"title":"Aviso sobre el agua - New Braunfels Utilities Website","robots":{"index":"index","follow":"follow","max-snippet":"max-snippet:-1","max-image-preview":"max-image-preview:large","max-video-preview":"max-video-preview:-1"},"canonical":"https:\/\/www.nbutexas.com\/es\/aviso-sobre-el-agua\/","og_locale":"es_ES","og_type":"article","og_title":"Aviso sobre el agua - New Braunfels Utilities Website","og_description":"NBU ha emitido un AVISO DE AGUA &#8211; 19 de abril de 2026 Las pruebas rutinarias identificaron la presencia de\u2026","og_url":"https:\/\/www.nbutexas.com\/es\/aviso-sobre-el-agua\/","og_site_name":"New Braunfels Utilities Website","article_modified_time":"2026-04-19T16:55:13+00:00","twitter_card":"summary_large_image","twitter_misc":{"Est. reading time":"1 minute"},"schema":{"@context":"https:\/\/schema.org","@graph":[{"@type":"WebPage","@id":"https:\/\/www.nbutexas.com\/es\/aviso-sobre-el-agua\/","url":"https:\/\/www.nbutexas.com\/es\/aviso-sobre-el-agua\/","name":"Aviso sobre el agua - New Braunfels Utilities Website","isPartOf":{"@id":"https:\/\/www.nbutexas.com\/es\/#website"},"datePublished":"2026-04-18T23:05:47+00:00","dateModified":"2026-04-19T16:55:13+00:00","breadcrumb":{"@id":"https:\/\/www.nbutexas.com\/es\/aviso-sobre-el-agua\/#breadcrumb"},"inLanguage":"es-ES","potentialAction":[{"@type":"ReadAction","target":["https:\/\/www.nbutexas.com\/es\/aviso-sobre-el-agua\/"]}]},{"@type":"BreadcrumbList","@id":"https:\/\/www.nbutexas.com\/es\/aviso-sobre-el-agua\/#breadcrumb","itemListElement":[{"@type":"ListItem","position":1,"name":"Home","item":"https:\/\/www.nbutexas.com\/es\/servicio-residencial-y-comercial\/"},{"@type":"ListItem","position":2,"name":"Aviso sobre el agua"}]},{"@type":"WebSite","@id":"https:\/\/www.nbutexas.com\/es\/#website","url":"https:\/\/www.nbutexas.com\/es\/","name":"New Braunfels Utilities Website","description":"Your Utility&#039;s Site","potentialAction":[{"@type":"SearchAction","target":{"@type":"EntryPoint","urlTemplate":"https:\/\/www.nbutexas.com\/es\/?s={search_term_string}"},"query-input":{"@type":"PropertyValueSpecification","valueRequired":true,"valueName":"search_term_string"}}],"inLanguage":"es-ES"}]}},"_links":{"self":[{"href":"https:\/\/www.nbutexas.com\/es\/wp-json\/wp\/v2\/pages\/32278","targetHints":{"allow":["GET"]}}],"collection":[{"href":"https:\/\/www.nbutexas.com\/es\/wp-json\/wp\/v2\/pages"}],"about":[{"href":"https:\/\/www.nbutexas.com\/es\/wp-json\/wp\/v2\/types\/page"}],"author":[{"embeddable":true,"href":"https:\/\/www.nbutexas.com\/es\/wp-json\/wp\/v2\/users\/30"}],"replies":[{"embeddable":true,"href":"https:\/\/www.nbutexas.com\/es\/wp-json\/wp\/v2\/comments?post=32278"}],"version-history":[{"count":5,"href":"https:\/\/www.nbutexas.com\/es\/wp-json\/wp\/v2\/pages\/32278\/revisions"}],"predecessor-version":[{"id":32299,"href":"https:\/\/www.nbutexas.com\/es\/wp-json\/wp\/v2\/pages\/32278\/revisions\/32299"}],"wp:attachment":[{"href":"https:\/\/www.nbutexas.com\/es\/wp-json\/wp\/v2\/media?parent=32278"}],"curies":[{"name":"wp","href":"https:\/\/api.w.org\/{rel}","templated":true}]}}